{"id":9998,"date":"2025-03-25T06:23:45","date_gmt":"2025-03-25T06:23:45","guid":{"rendered":"https:\/\/fuego-international.com\/AL\/produkt\/nutriblender-fuego-wbl-005h\/"},"modified":"2025-04-05T01:54:23","modified_gmt":"2025-04-04T23:54:23","slug":"nutriblender-fuego-wbl-005h","status":"publish","type":"product","link":"https:\/\/fuego-international.com\/KS\/?product=nutriblender-fuego-wbl-005h","title":{"rendered":"NUTRIBLENDER FUEGO WBL-005H"},"content":{"rendered":"<p>* Fuqia: 1000 W<br \/>\n* Lloji i prer\u00ebseve: 6 brisqe \u00c7elik<br \/>\n* Aksesor\u00eb shtes\u00eb: Blender i vog\u00ebl<br \/>\n* Ngjyra: Inox &#038; E zez\u00eb<\/p>\n","protected":false},"excerpt":{"rendered":"<p>* Fuqia: 1000W<br \/>\n* Lloji i prer\u00ebseve: 6 brisqe \u00c7elik<br \/>\n* Aksesore shtes\u00eb: Gote plastike 1000ml &#038; 800ml<br \/>\n* Ngjyra: Inox &#038; E zez\u00eb<\/p>\n","protected":false},"featured_media":10813,"comment_status":"closed","ping_status":"closed","template":"","meta":[],"product_brand":[],"product_cat":[196],"product_tag":[],"class_list":{"0":"post-9998","1":"product","2":"type-product","3":"status-publish","4":"has-post-thumbnail","6":"product_cat-blender","8":"first","9":"instock","10":"product-type-simple"},"yoast_head":"<!-- This site is optimized with the Yoast SEO Premium plugin v24.8 (Yoast SEO v24.8.1) - https:\/\/yoast.com\/wordpress\/plugins\/seo\/ -->\n<title>NUTRIBLENDER FUEGO WBL-005H - Fuego<\/title>\n<meta name=\"robots\" content=\"index, follow, max-snippet:-1, max-image-preview:large, max-video-preview:-1\" \/>\n<link rel=\"canonical\" href=\"https:\/\/fuego-international.com\/KS\/?product=nutriblender-fuego-wbl-005h\" \/>\n<meta property=\"og:locale\" content=\"sq_AL\" \/>\n<meta property=\"og:type\" content=\"article\" \/>\n<meta property=\"og:title\" content=\"NUTRIBLENDER FUEGO WBL-005H\" \/>\n<meta property=\"og:description\" content=\"* Fuqia: 1000W * Lloji i prer\u00ebseve: 6 brisqe \u00c7elik * Aksesore shtes\u00eb: Gote plastike 1000ml &amp; 800ml * Ngjyra: Inox &amp; E zez\u00eb\" \/>\n<meta property=\"og:url\" content=\"https:\/\/fuego-international.com\/KS\/?product=nutriblender-fuego-wbl-005h\" \/>\n<meta property=\"og:site_name\" content=\"Fuego\" \/>\n<meta property=\"article:modified_time\" content=\"2025-04-04T23:54:23+00:00\" \/>\n<meta property=\"og:image\" content=\"https:\/\/fuego-international.com\/KS\/wp-content\/uploads\/2025\/03\/WBL005H.jpg\" \/>\n\t<meta property=\"og:image:width\" content=\"1000\" \/>\n\t<meta property=\"og:image:height\" content=\"1000\" \/>\n\t<meta property=\"og:image:type\" content=\"image\/jpeg\" \/>\n<meta name=\"twitter:card\" content=\"summary_large_image\" \/>\n<script type=\"application\/ld+json\" class=\"yoast-schema-graph\">{\"@context\":\"https:\/\/schema.org\",\"@graph\":[{\"@type\":\"WebPage\",\"@id\":\"https:\/\/fuego-international.com\/KS\/?product=nutriblender-fuego-wbl-005h\",\"url\":\"https:\/\/fuego-international.com\/KS\/?product=nutriblender-fuego-wbl-005h\",\"name\":\"NUTRIBLENDER FUEGO WBL-005H - Fuego\",\"isPartOf\":{\"@id\":\"https:\/\/fuego-international.com\/KS\/#website\"},\"primaryImageOfPage\":{\"@id\":\"https:\/\/fuego-international.com\/KS\/?product=nutriblender-fuego-wbl-005h#primaryimage\"},\"image\":{\"@id\":\"https:\/\/fuego-international.com\/KS\/?product=nutriblender-fuego-wbl-005h#primaryimage\"},\"thumbnailUrl\":\"https:\/\/fuego-international.com\/KS\/wp-content\/uploads\/2025\/03\/WBL005H.jpg\",\"datePublished\":\"2025-03-25T06:23:45+00:00\",\"dateModified\":\"2025-04-04T23:54:23+00:00\",\"breadcrumb\":{\"@id\":\"https:\/\/fuego-international.com\/KS\/?product=nutriblender-fuego-wbl-005h#breadcrumb\"},\"inLanguage\":\"sq\",\"potentialAction\":[{\"@type\":\"ReadAction\",\"target\":[\"https:\/\/fuego-international.com\/KS\/?product=nutriblender-fuego-wbl-005h\"]}]},{\"@type\":\"ImageObject\",\"inLanguage\":\"sq\",\"@id\":\"https:\/\/fuego-international.com\/KS\/?product=nutriblender-fuego-wbl-005h#primaryimage\",\"url\":\"https:\/\/fuego-international.com\/KS\/wp-content\/uploads\/2025\/03\/WBL005H.jpg\",\"contentUrl\":\"https:\/\/fuego-international.com\/KS\/wp-content\/uploads\/2025\/03\/WBL005H.jpg\",\"width\":1000,\"height\":1000},{\"@type\":\"BreadcrumbList\",\"@id\":\"https:\/\/fuego-international.com\/KS\/?product=nutriblender-fuego-wbl-005h#breadcrumb\",\"itemListElement\":[{\"@type\":\"ListItem\",\"position\":1,\"name\":\"Home\",\"item\":\"https:\/\/fuego-international.com\/KS\/\"},{\"@type\":\"ListItem\",\"position\":2,\"name\":\"Produktet\",\"item\":\"https:\/\/fuego-international.com\/KS\/?page_id=7\"},{\"@type\":\"ListItem\",\"position\":3,\"name\":\"NUTRIBLENDER FUEGO WBL-005H\"}]},{\"@type\":\"WebSite\",\"@id\":\"https:\/\/fuego-international.com\/KS\/#website\",\"url\":\"https:\/\/fuego-international.com\/KS\/\",\"name\":\"Fuego\",\"description\":\"\",\"publisher\":{\"@id\":\"https:\/\/fuego-international.com\/KS\/#organization\"},\"potentialAction\":[{\"@type\":\"SearchAction\",\"target\":{\"@type\":\"EntryPoint\",\"urlTemplate\":\"https:\/\/fuego-international.com\/KS\/?s={search_term_string}\"},\"query-input\":{\"@type\":\"PropertyValueSpecification\",\"valueRequired\":true,\"valueName\":\"search_term_string\"}}],\"inLanguage\":\"sq\"},{\"@type\":\"Organization\",\"@id\":\"https:\/\/fuego-international.com\/KS\/#organization\",\"name\":\"Fuego\",\"url\":\"https:\/\/fuego-international.com\/KS\/\",\"logo\":{\"@type\":\"ImageObject\",\"inLanguage\":\"sq\",\"@id\":\"https:\/\/fuego-international.com\/KS\/#\/schema\/logo\/image\/\",\"url\":\"https:\/\/fuego-international.com\/KS\/wp-content\/uploads\/2025\/03\/images.png\",\"contentUrl\":\"https:\/\/fuego-international.com\/KS\/wp-content\/uploads\/2025\/03\/images.png\",\"width\":225,\"height\":225,\"caption\":\"Fuego\"},\"image\":{\"@id\":\"https:\/\/fuego-international.com\/KS\/#\/schema\/logo\/image\/\"}}]}<\/script>\n<!-- \/ Yoast SEO Premium plugin. -->","yoast_head_json":{"title":"NUTRIBLENDER FUEGO WBL-005H - Fuego","robots":{"index":"index","follow":"follow","max-snippet":"max-snippet:-1","max-image-preview":"max-image-preview:large","max-video-preview":"max-video-preview:-1"},"canonical":"https:\/\/fuego-international.com\/KS\/?product=nutriblender-fuego-wbl-005h","og_locale":"sq_AL","og_type":"article","og_title":"NUTRIBLENDER FUEGO WBL-005H","og_description":"* Fuqia: 1000W * Lloji i prer\u00ebseve: 6 brisqe \u00c7elik * Aksesore shtes\u00eb: Gote plastike 1000ml & 800ml * Ngjyra: Inox & E zez\u00eb","og_url":"https:\/\/fuego-international.com\/KS\/?product=nutriblender-fuego-wbl-005h","og_site_name":"Fuego","article_modified_time":"2025-04-04T23:54:23+00:00","og_image":[{"width":1000,"height":1000,"url":"https:\/\/fuego-international.com\/KS\/wp-content\/uploads\/2025\/03\/WBL005H.jpg","type":"image\/jpeg"}],"twitter_card":"summary_large_image","schema":{"@context":"https:\/\/schema.org","@graph":[{"@type":"WebPage","@id":"https:\/\/fuego-international.com\/KS\/?product=nutriblender-fuego-wbl-005h","url":"https:\/\/fuego-international.com\/KS\/?product=nutriblender-fuego-wbl-005h","name":"NUTRIBLENDER FUEGO WBL-005H - Fuego","isPartOf":{"@id":"https:\/\/fuego-international.com\/KS\/#website"},"primaryImageOfPage":{"@id":"https:\/\/fuego-international.com\/KS\/?product=nutriblender-fuego-wbl-005h#primaryimage"},"image":{"@id":"https:\/\/fuego-international.com\/KS\/?product=nutriblender-fuego-wbl-005h#primaryimage"},"thumbnailUrl":"https:\/\/fuego-international.com\/KS\/wp-content\/uploads\/2025\/03\/WBL005H.jpg","datePublished":"2025-03-25T06:23:45+00:00","dateModified":"2025-04-04T23:54:23+00:00","breadcrumb":{"@id":"https:\/\/fuego-international.com\/KS\/?product=nutriblender-fuego-wbl-005h#breadcrumb"},"inLanguage":"sq","potentialAction":[{"@type":"ReadAction","target":["https:\/\/fuego-international.com\/KS\/?product=nutriblender-fuego-wbl-005h"]}]},{"@type":"ImageObject","inLanguage":"sq","@id":"https:\/\/fuego-international.com\/KS\/?product=nutriblender-fuego-wbl-005h#primaryimage","url":"https:\/\/fuego-international.com\/KS\/wp-content\/uploads\/2025\/03\/WBL005H.jpg","contentUrl":"https:\/\/fuego-international.com\/KS\/wp-content\/uploads\/2025\/03\/WBL005H.jpg","width":1000,"height":1000},{"@type":"BreadcrumbList","@id":"https:\/\/fuego-international.com\/KS\/?product=nutriblender-fuego-wbl-005h#breadcrumb","itemListElement":[{"@type":"ListItem","position":1,"name":"Home","item":"https:\/\/fuego-international.com\/KS\/"},{"@type":"ListItem","position":2,"name":"Produktet","item":"https:\/\/fuego-international.com\/KS\/?page_id=7"},{"@type":"ListItem","position":3,"name":"NUTRIBLENDER FUEGO WBL-005H"}]},{"@type":"WebSite","@id":"https:\/\/fuego-international.com\/KS\/#website","url":"https:\/\/fuego-international.com\/KS\/","name":"Fuego","description":"","publisher":{"@id":"https:\/\/fuego-international.com\/KS\/#organization"},"potentialAction":[{"@type":"SearchAction","target":{"@type":"EntryPoint","urlTemplate":"https:\/\/fuego-international.com\/KS\/?s={search_term_string}"},"query-input":{"@type":"PropertyValueSpecification","valueRequired":true,"valueName":"search_term_string"}}],"inLanguage":"sq"},{"@type":"Organization","@id":"https:\/\/fuego-international.com\/KS\/#organization","name":"Fuego","url":"https:\/\/fuego-international.com\/KS\/","logo":{"@type":"ImageObject","inLanguage":"sq","@id":"https:\/\/fuego-international.com\/KS\/#\/schema\/logo\/image\/","url":"https:\/\/fuego-international.com\/KS\/wp-content\/uploads\/2025\/03\/images.png","contentUrl":"https:\/\/fuego-international.com\/KS\/wp-content\/uploads\/2025\/03\/images.png","width":225,"height":225,"caption":"Fuego"},"image":{"@id":"https:\/\/fuego-international.com\/KS\/#\/schema\/logo\/image\/"}}]}},"_links":{"self":[{"href":"https:\/\/fuego-international.com\/KS\/index.php?rest_route=\/wp\/v2\/product\/9998","targetHints":{"allow":["GET"]}}],"collection":[{"href":"https:\/\/fuego-international.com\/KS\/index.php?rest_route=\/wp\/v2\/product"}],"about":[{"href":"https:\/\/fuego-international.com\/KS\/index.php?rest_route=\/wp\/v2\/types\/product"}],"replies":[{"embeddable":true,"href":"https:\/\/fuego-international.com\/KS\/index.php?rest_route=%2Fwp%2Fv2%2Fcomments&post=9998"}],"wp:featuredmedia":[{"embeddable":true,"href":"https:\/\/fuego-international.com\/KS\/index.php?rest_route=\/wp\/v2\/media\/10813"}],"wp:attachment":[{"href":"https:\/\/fuego-international.com\/KS\/index.php?rest_route=%2Fwp%2Fv2%2Fmedia&parent=9998"}],"wp:term":[{"taxonomy":"product_brand","embeddable":true,"href":"https:\/\/fuego-international.com\/KS\/index.php?rest_route=%2Fwp%2Fv2%2Fproduct_brand&post=9998"},{"taxonomy":"product_cat","embeddable":true,"href":"https:\/\/fuego-international.com\/KS\/index.php?rest_route=%2Fwp%2Fv2%2Fproduct_cat&post=9998"},{"taxonomy":"product_tag","embeddable":true,"href":"https:\/\/fuego-international.com\/KS\/index.php?rest_route=%2Fwp%2Fv2%2Fproduct_tag&post=9998"}],"curies":[{"name":"wp","href":"https:\/\/api.w.org\/{rel}","templated":true}]}}