{"id":11312,"date":"2025-09-15T09:55:29","date_gmt":"2025-09-15T07:55:29","guid":{"rendered":"https:\/\/fuego-international.com\/KS\/?post_type=product&#038;p=11312"},"modified":"2025-09-15T09:56:27","modified_gmt":"2025-09-15T07:56:27","slug":"tharese-flokesh-fuego-essential-hdfgco3149dg","status":"publish","type":"product","link":"https:\/\/fuego-international.com\/KS\/?product=tharese-flokesh-fuego-essential-hdfgco3149dg","title":{"rendered":"THARESE FLOKESH FUEGO ESSENTIAL HDFGCO3149DG"},"content":{"rendered":"<p>Fuqia: 1600\u20131800W (220\u2013230V, 50Hz)<br \/>\nLloji i motorit: Motor DC jet\u00ebgjat\u00eb<br \/>\nKontrolli i shpejt\u00ebsis\u00eb: Rrot\u00eb (pa shkall\u00eb fikse)<br \/>\nNivelet e temperatur\u00ebs: E lart\u00eb \/ E ul\u00ebt \/ E ftoht\u00eb<br \/>\nMbrojtje nga mbinxehja: Po<br \/>\nAksesori: 1 (p\u00ebrqendrues)<\/p>\n","protected":false},"excerpt":{"rendered":"<p>Fuqia: 1600\u20131800W (220\u2013230V, 50Hz)<br \/>\nLloji i motorit: Motor DC jet\u00ebgjat\u00eb<br \/>\nKontrolli i shpejt\u00ebsis\u00eb: Rrot\u00eb (pa shkall\u00eb fikse)<br \/>\nNivelet e temperatur\u00ebs: E lart\u00eb \/ E ul\u00ebt \/ E ftoht\u00eb<br \/>\nMbrojtje nga mbinxehja: Po<br \/>\nAksesori: 1 (p\u00ebrqendrues)<\/p>\n","protected":false},"featured_media":11313,"comment_status":"closed","ping_status":"closed","template":"","meta":[],"product_brand":[],"product_cat":[216],"product_tag":[],"class_list":{"0":"post-11312","1":"product","2":"type-product","3":"status-publish","4":"has-post-thumbnail","6":"product_cat-tharese-flokesh","8":"first","9":"instock","10":"product-type-simple"},"yoast_head":"<!-- This site is optimized with the Yoast SEO Premium plugin v24.8 (Yoast SEO v24.8.1) - https:\/\/yoast.com\/wordpress\/plugins\/seo\/ -->\n<title>THARESE FLOKESH FUEGO ESSENTIAL HDFGCO3149DG - Fuego<\/title>\n<meta name=\"robots\" content=\"index, follow, max-snippet:-1, max-image-preview:large, max-video-preview:-1\" \/>\n<link rel=\"canonical\" href=\"https:\/\/fuego-international.com\/KS\/?product=tharese-flokesh-fuego-essential-hdfgco3149dg\" \/>\n<meta property=\"og:locale\" content=\"sq_AL\" \/>\n<meta property=\"og:type\" content=\"article\" \/>\n<meta property=\"og:title\" content=\"THARESE FLOKESH FUEGO ESSENTIAL HDFGCO3149DG\" \/>\n<meta property=\"og:description\" content=\"Fuqia: 1600\u20131800W (220\u2013230V, 50Hz) Lloji i motorit: Motor DC jet\u00ebgjat\u00eb Kontrolli i shpejt\u00ebsis\u00eb: Rrot\u00eb (pa shkall\u00eb fikse) Nivelet e temperatur\u00ebs: E lart\u00eb \/ E ul\u00ebt \/ E ftoht\u00eb Mbrojtje nga mbinxehja: Po Aksesori: 1 (p\u00ebrqendrues)\" \/>\n<meta property=\"og:url\" content=\"https:\/\/fuego-international.com\/KS\/?product=tharese-flokesh-fuego-essential-hdfgco3149dg\" \/>\n<meta property=\"og:site_name\" content=\"Fuego\" \/>\n<meta property=\"article:modified_time\" content=\"2025-09-15T07:56:27+00:00\" \/>\n<meta property=\"og:image\" content=\"https:\/\/fuego-international.com\/KS\/wp-content\/uploads\/2025\/09\/HDFGCO3149DG.jpg\" \/>\n\t<meta property=\"og:image:width\" content=\"1000\" \/>\n\t<meta property=\"og:image:height\" content=\"1000\" \/>\n\t<meta property=\"og:image:type\" content=\"image\/jpeg\" \/>\n<meta name=\"twitter:card\" content=\"summary_large_image\" \/>\n<meta name=\"twitter:label1\" content=\"Est. reading time\" \/>\n\t<meta name=\"twitter:data1\" content=\"1 minut\u00eb\" \/>\n<script type=\"application\/ld+json\" class=\"yoast-schema-graph\">{\"@context\":\"https:\/\/schema.org\",\"@graph\":[{\"@type\":\"WebPage\",\"@id\":\"https:\/\/fuego-international.com\/KS\/?product=tharese-flokesh-fuego-essential-hdfgco3149dg\",\"url\":\"https:\/\/fuego-international.com\/KS\/?product=tharese-flokesh-fuego-essential-hdfgco3149dg\",\"name\":\"THARESE FLOKESH FUEGO ESSENTIAL HDFGCO3149DG - Fuego\",\"isPartOf\":{\"@id\":\"https:\/\/fuego-international.com\/KS\/#website\"},\"primaryImageOfPage\":{\"@id\":\"https:\/\/fuego-international.com\/KS\/?product=tharese-flokesh-fuego-essential-hdfgco3149dg#primaryimage\"},\"image\":{\"@id\":\"https:\/\/fuego-international.com\/KS\/?product=tharese-flokesh-fuego-essential-hdfgco3149dg#primaryimage\"},\"thumbnailUrl\":\"https:\/\/fuego-international.com\/KS\/wp-content\/uploads\/2025\/09\/HDFGCO3149DG.jpg\",\"datePublished\":\"2025-09-15T07:55:29+00:00\",\"dateModified\":\"2025-09-15T07:56:27+00:00\",\"breadcrumb\":{\"@id\":\"https:\/\/fuego-international.com\/KS\/?product=tharese-flokesh-fuego-essential-hdfgco3149dg#breadcrumb\"},\"inLanguage\":\"sq\",\"potentialAction\":[{\"@type\":\"ReadAction\",\"target\":[\"https:\/\/fuego-international.com\/KS\/?product=tharese-flokesh-fuego-essential-hdfgco3149dg\"]}]},{\"@type\":\"ImageObject\",\"inLanguage\":\"sq\",\"@id\":\"https:\/\/fuego-international.com\/KS\/?product=tharese-flokesh-fuego-essential-hdfgco3149dg#primaryimage\",\"url\":\"https:\/\/fuego-international.com\/KS\/wp-content\/uploads\/2025\/09\/HDFGCO3149DG.jpg\",\"contentUrl\":\"https:\/\/fuego-international.com\/KS\/wp-content\/uploads\/2025\/09\/HDFGCO3149DG.jpg\",\"width\":1000,\"height\":1000},{\"@type\":\"BreadcrumbList\",\"@id\":\"https:\/\/fuego-international.com\/KS\/?product=tharese-flokesh-fuego-essential-hdfgco3149dg#breadcrumb\",\"itemListElement\":[{\"@type\":\"ListItem\",\"position\":1,\"name\":\"Home\",\"item\":\"https:\/\/fuego-international.com\/KS\/\"},{\"@type\":\"ListItem\",\"position\":2,\"name\":\"Produktet\",\"item\":\"https:\/\/fuego-international.com\/KS\/?page_id=7\"},{\"@type\":\"ListItem\",\"position\":3,\"name\":\"THARESE FLOKESH FUEGO ESSENTIAL HDFGCO3149DG\"}]},{\"@type\":\"WebSite\",\"@id\":\"https:\/\/fuego-international.com\/KS\/#website\",\"url\":\"https:\/\/fuego-international.com\/KS\/\",\"name\":\"Fuego\",\"description\":\"\",\"publisher\":{\"@id\":\"https:\/\/fuego-international.com\/KS\/#organization\"},\"potentialAction\":[{\"@type\":\"SearchAction\",\"target\":{\"@type\":\"EntryPoint\",\"urlTemplate\":\"https:\/\/fuego-international.com\/KS\/?s={search_term_string}\"},\"query-input\":{\"@type\":\"PropertyValueSpecification\",\"valueRequired\":true,\"valueName\":\"search_term_string\"}}],\"inLanguage\":\"sq\"},{\"@type\":\"Organization\",\"@id\":\"https:\/\/fuego-international.com\/KS\/#organization\",\"name\":\"Fuego\",\"url\":\"https:\/\/fuego-international.com\/KS\/\",\"logo\":{\"@type\":\"ImageObject\",\"inLanguage\":\"sq\",\"@id\":\"https:\/\/fuego-international.com\/KS\/#\/schema\/logo\/image\/\",\"url\":\"https:\/\/fuego-international.com\/KS\/wp-content\/uploads\/2025\/03\/images.png\",\"contentUrl\":\"https:\/\/fuego-international.com\/KS\/wp-content\/uploads\/2025\/03\/images.png\",\"width\":225,\"height\":225,\"caption\":\"Fuego\"},\"image\":{\"@id\":\"https:\/\/fuego-international.com\/KS\/#\/schema\/logo\/image\/\"}}]}<\/script>\n<!-- \/ Yoast SEO Premium plugin. -->","yoast_head_json":{"title":"THARESE FLOKESH FUEGO ESSENTIAL HDFGCO3149DG - Fuego","robots":{"index":"index","follow":"follow","max-snippet":"max-snippet:-1","max-image-preview":"max-image-preview:large","max-video-preview":"max-video-preview:-1"},"canonical":"https:\/\/fuego-international.com\/KS\/?product=tharese-flokesh-fuego-essential-hdfgco3149dg","og_locale":"sq_AL","og_type":"article","og_title":"THARESE FLOKESH FUEGO ESSENTIAL HDFGCO3149DG","og_description":"Fuqia: 1600\u20131800W (220\u2013230V, 50Hz) Lloji i motorit: Motor DC jet\u00ebgjat\u00eb Kontrolli i shpejt\u00ebsis\u00eb: Rrot\u00eb (pa shkall\u00eb fikse) Nivelet e temperatur\u00ebs: E lart\u00eb \/ E ul\u00ebt \/ E ftoht\u00eb Mbrojtje nga mbinxehja: Po Aksesori: 1 (p\u00ebrqendrues)","og_url":"https:\/\/fuego-international.com\/KS\/?product=tharese-flokesh-fuego-essential-hdfgco3149dg","og_site_name":"Fuego","article_modified_time":"2025-09-15T07:56:27+00:00","og_image":[{"width":1000,"height":1000,"url":"https:\/\/fuego-international.com\/KS\/wp-content\/uploads\/2025\/09\/HDFGCO3149DG.jpg","type":"image\/jpeg"}],"twitter_card":"summary_large_image","twitter_misc":{"Est. reading time":"1 minut\u00eb"},"schema":{"@context":"https:\/\/schema.org","@graph":[{"@type":"WebPage","@id":"https:\/\/fuego-international.com\/KS\/?product=tharese-flokesh-fuego-essential-hdfgco3149dg","url":"https:\/\/fuego-international.com\/KS\/?product=tharese-flokesh-fuego-essential-hdfgco3149dg","name":"THARESE FLOKESH FUEGO ESSENTIAL HDFGCO3149DG - Fuego","isPartOf":{"@id":"https:\/\/fuego-international.com\/KS\/#website"},"primaryImageOfPage":{"@id":"https:\/\/fuego-international.com\/KS\/?product=tharese-flokesh-fuego-essential-hdfgco3149dg#primaryimage"},"image":{"@id":"https:\/\/fuego-international.com\/KS\/?product=tharese-flokesh-fuego-essential-hdfgco3149dg#primaryimage"},"thumbnailUrl":"https:\/\/fuego-international.com\/KS\/wp-content\/uploads\/2025\/09\/HDFGCO3149DG.jpg","datePublished":"2025-09-15T07:55:29+00:00","dateModified":"2025-09-15T07:56:27+00:00","breadcrumb":{"@id":"https:\/\/fuego-international.com\/KS\/?product=tharese-flokesh-fuego-essential-hdfgco3149dg#breadcrumb"},"inLanguage":"sq","potentialAction":[{"@type":"ReadAction","target":["https:\/\/fuego-international.com\/KS\/?product=tharese-flokesh-fuego-essential-hdfgco3149dg"]}]},{"@type":"ImageObject","inLanguage":"sq","@id":"https:\/\/fuego-international.com\/KS\/?product=tharese-flokesh-fuego-essential-hdfgco3149dg#primaryimage","url":"https:\/\/fuego-international.com\/KS\/wp-content\/uploads\/2025\/09\/HDFGCO3149DG.jpg","contentUrl":"https:\/\/fuego-international.com\/KS\/wp-content\/uploads\/2025\/09\/HDFGCO3149DG.jpg","width":1000,"height":1000},{"@type":"BreadcrumbList","@id":"https:\/\/fuego-international.com\/KS\/?product=tharese-flokesh-fuego-essential-hdfgco3149dg#breadcrumb","itemListElement":[{"@type":"ListItem","position":1,"name":"Home","item":"https:\/\/fuego-international.com\/KS\/"},{"@type":"ListItem","position":2,"name":"Produktet","item":"https:\/\/fuego-international.com\/KS\/?page_id=7"},{"@type":"ListItem","position":3,"name":"THARESE FLOKESH FUEGO ESSENTIAL HDFGCO3149DG"}]},{"@type":"WebSite","@id":"https:\/\/fuego-international.com\/KS\/#website","url":"https:\/\/fuego-international.com\/KS\/","name":"Fuego","description":"","publisher":{"@id":"https:\/\/fuego-international.com\/KS\/#organization"},"potentialAction":[{"@type":"SearchAction","target":{"@type":"EntryPoint","urlTemplate":"https:\/\/fuego-international.com\/KS\/?s={search_term_string}"},"query-input":{"@type":"PropertyValueSpecification","valueRequired":true,"valueName":"search_term_string"}}],"inLanguage":"sq"},{"@type":"Organization","@id":"https:\/\/fuego-international.com\/KS\/#organization","name":"Fuego","url":"https:\/\/fuego-international.com\/KS\/","logo":{"@type":"ImageObject","inLanguage":"sq","@id":"https:\/\/fuego-international.com\/KS\/#\/schema\/logo\/image\/","url":"https:\/\/fuego-international.com\/KS\/wp-content\/uploads\/2025\/03\/images.png","contentUrl":"https:\/\/fuego-international.com\/KS\/wp-content\/uploads\/2025\/03\/images.png","width":225,"height":225,"caption":"Fuego"},"image":{"@id":"https:\/\/fuego-international.com\/KS\/#\/schema\/logo\/image\/"}}]}},"_links":{"self":[{"href":"https:\/\/fuego-international.com\/KS\/index.php?rest_route=\/wp\/v2\/product\/11312","targetHints":{"allow":["GET"]}}],"collection":[{"href":"https:\/\/fuego-international.com\/KS\/index.php?rest_route=\/wp\/v2\/product"}],"about":[{"href":"https:\/\/fuego-international.com\/KS\/index.php?rest_route=\/wp\/v2\/types\/product"}],"replies":[{"embeddable":true,"href":"https:\/\/fuego-international.com\/KS\/index.php?rest_route=%2Fwp%2Fv2%2Fcomments&post=11312"}],"wp:featuredmedia":[{"embeddable":true,"href":"https:\/\/fuego-international.com\/KS\/index.php?rest_route=\/wp\/v2\/media\/11313"}],"wp:attachment":[{"href":"https:\/\/fuego-international.com\/KS\/index.php?rest_route=%2Fwp%2Fv2%2Fmedia&parent=11312"}],"wp:term":[{"taxonomy":"product_brand","embeddable":true,"href":"https:\/\/fuego-international.com\/KS\/index.php?rest_route=%2Fwp%2Fv2%2Fproduct_brand&post=11312"},{"taxonomy":"product_cat","embeddable":true,"href":"https:\/\/fuego-international.com\/KS\/index.php?rest_route=%2Fwp%2Fv2%2Fproduct_cat&post=11312"},{"taxonomy":"product_tag","embeddable":true,"href":"https:\/\/fuego-international.com\/KS\/index.php?rest_route=%2Fwp%2Fv2%2Fproduct_tag&post=11312"}],"curies":[{"name":"wp","href":"https:\/\/api.w.org\/{rel}","templated":true}]}}