{"id":11307,"date":"2025-07-28T15:44:06","date_gmt":"2025-07-28T13:44:06","guid":{"rendered":"https:\/\/fuego-international.com\/KS\/?post_type=product&#038;p=11307"},"modified":"2025-07-28T15:52:11","modified_gmt":"2025-07-28T13:52:11","slug":"tv-fuego-led-43elu720gtv","status":"publish","type":"product","link":"https:\/\/fuego-international.com\/KS\/?product=tv-fuego-led-43elu720gtv","title":{"rendered":"TV FUEGO LED 43ELU720GTV"},"content":{"rendered":"<table border=\"1\">\n<tbody>\n<tr>\n<th>Karakteristika<\/th>\n<th>Detaje<\/th>\n<\/tr>\n<tr>\n<td><b>Madh\u00ebsia e ekranit<\/b><\/td>\n<td>43&#8243; (109cm) DLED 4K UHD Smart TV<\/td>\n<\/tr>\n<tr>\n<td><b>Rezolucioni<\/b><\/td>\n<td>3.840 x 2.160<\/td>\n<\/tr>\n<tr>\n<td><b>Ndri\u00e7imi<\/b><\/td>\n<td>230cd\/m\u00b2<\/td>\n<\/tr>\n<tr>\n<td><b>Kontrasti<\/b><\/td>\n<td>3000:1<\/td>\n<\/tr>\n<tr>\n<td><b>K\u00ebndi i shikimit<\/b><\/td>\n<td>178\u00b0 x 178\u00b0<\/td>\n<\/tr>\n<tr>\n<td><b>Ngjyrat e mb\u00ebshtetura<\/b><\/td>\n<td>1.07 miliard\u00eb<\/td>\n<\/tr>\n<tr>\n<td><b>Koha e p\u00ebrgjigjes<\/b><\/td>\n<td>6.5ms<\/td>\n<\/tr>\n<tr>\n<td><b>Dalja e z\u00ebrit (RMS)<\/b><\/td>\n<td>2\u00d78W (8\u03a910W altoparlant\u00eb)<\/td>\n<\/tr>\n<tr>\n<td><b>Wi-Fi<\/b><\/td>\n<td>IEEE 802.11a\/b\/g\/n\/ac<\/td>\n<\/tr>\n<tr>\n<td><b>Bluetooth<\/b><\/td>\n<td>5.1<\/td>\n<\/tr>\n<tr>\n<td><b>Sistemi operativ<\/b><\/td>\n<td>Android 11<\/td>\n<\/tr>\n<tr>\n<td><b>Procesori<\/b><\/td>\n<td>ARM CA53 Quad core (Max 1.5GHz)<\/td>\n<\/tr>\n<tr>\n<td><b>Grafika<\/b><\/td>\n<td>G52MC1<\/td>\n<\/tr>\n<tr>\n<td><b>Aplikacionet<\/b><\/td>\n<td>Youtube, Google Play, Netflix 7.x*<\/td>\n<\/tr>\n<tr>\n<td><b>Funksione shtes\u00eb<\/b><\/td>\n<td>Asistent i integruar Google, HBBTV 1.5, Live TV, Multimedia lokale, Chromecast i integruar<\/td>\n<\/tr>\n<tr>\n<td><b>Portet dhe lidhjet<\/b><\/td>\n<td>\n<ul>\n<li>1 x RJ45<\/li>\n<li>1 x OPTICAL<\/li>\n<li>4 x HDMI2.0<\/li>\n<li>1 x AV IN<\/li>\n<li>1 x TV (DVB-S\/S2)<\/li>\n<li>1 x TV (DVB-C\/T\/T2)<\/li>\n<li>2 x USB2.0<\/li>\n<li>1 x CI<\/li>\n<\/ul>\n<\/td>\n<\/tr>\n<tr>\n<td><b>DVB<\/b><\/td>\n<td>DVB-T\/T2\/C\/S\/S2<\/td>\n<\/tr>\n<\/tbody>\n<\/table>\n<p>&nbsp;<\/p>\n","protected":false},"excerpt":{"rendered":"<table border=\"1\">\n<tbody>\n<tr>\n<th>Karakteristika<\/th>\n<th>Detaje<\/th>\n<\/tr>\n<tr>\n<td><b>Madh\u00ebsia<\/b><\/td>\n<td>43&#8243; (109cm) DLED 4K UHD Smart TV<\/td>\n<\/tr>\n<tr>\n<td><b>Rezolucioni<\/b><\/td>\n<td>3.840 x 2.160<\/td>\n<\/tr>\n<tr>\n<td><b>Procesori<\/b><\/td>\n<td>ARM CA53 me kat\u00ebr b\u00ebrthama<\/td>\n<\/tr>\n<tr>\n<td><b>Lidhshm\u00ebria<\/b><\/td>\n<td>Wi-Fi i integruar, Bluetooth v5.1<\/td>\n<\/tr>\n<tr>\n<td><b>Tuneri<\/b><\/td>\n<td>DVB-T\/T2\/C\/S\/S2<\/td>\n<\/tr>\n<\/tbody>\n<\/table>\n","protected":false},"featured_media":11308,"comment_status":"closed","ping_status":"closed","template":"","meta":[],"product_brand":[],"product_cat":[218],"product_tag":[],"class_list":{"0":"post-11307","1":"product","2":"type-product","3":"status-publish","4":"has-post-thumbnail","6":"product_cat-te-gjithe-tv","8":"first","9":"instock","10":"product-type-simple"},"yoast_head":"<!-- This site is optimized with the Yoast SEO Premium plugin v24.8 (Yoast SEO v24.8.1) - https:\/\/yoast.com\/wordpress\/plugins\/seo\/ -->\n<title>TV FUEGO LED 43ELU720GTV - Fuego<\/title>\n<meta name=\"robots\" content=\"index, follow, max-snippet:-1, max-image-preview:large, max-video-preview:-1\" \/>\n<link rel=\"canonical\" href=\"https:\/\/fuego-international.com\/KS\/?product=tv-fuego-led-43elu720gtv\" \/>\n<meta property=\"og:locale\" content=\"sq_AL\" \/>\n<meta property=\"og:type\" content=\"article\" \/>\n<meta property=\"og:title\" content=\"TV FUEGO LED 43ELU720GTV\" \/>\n<meta property=\"og:description\" content=\"Karakteristika Detaje   Madh\u00ebsia 43&quot; (109cm) DLED 4K UHD Smart TV   Rezolucioni 3.840 x 2.160   Procesori ARM CA53 me kat\u00ebr b\u00ebrthama   Lidhshm\u00ebria Wi-Fi i integruar, Bluetooth v5.1   Tuneri DVB-T\/T2\/C\/S\/S2\" \/>\n<meta property=\"og:url\" content=\"https:\/\/fuego-international.com\/KS\/?product=tv-fuego-led-43elu720gtv\" \/>\n<meta property=\"og:site_name\" content=\"Fuego\" \/>\n<meta property=\"article:modified_time\" content=\"2025-07-28T13:52:11+00:00\" \/>\n<meta property=\"og:image\" content=\"https:\/\/fuego-international.com\/KS\/wp-content\/uploads\/2025\/07\/FG001136-700x700-1.jpg\" \/>\n\t<meta property=\"og:image:width\" content=\"700\" \/>\n\t<meta property=\"og:image:height\" content=\"700\" \/>\n\t<meta property=\"og:image:type\" content=\"image\/jpeg\" \/>\n<meta name=\"twitter:card\" content=\"summary_large_image\" \/>\n<meta name=\"twitter:label1\" content=\"Est. reading time\" \/>\n\t<meta name=\"twitter:data1\" content=\"2 minuta\" \/>\n<script type=\"application\/ld+json\" class=\"yoast-schema-graph\">{\"@context\":\"https:\/\/schema.org\",\"@graph\":[{\"@type\":\"WebPage\",\"@id\":\"https:\/\/fuego-international.com\/KS\/?product=tv-fuego-led-43elu720gtv\",\"url\":\"https:\/\/fuego-international.com\/KS\/?product=tv-fuego-led-43elu720gtv\",\"name\":\"TV FUEGO LED 43ELU720GTV - Fuego\",\"isPartOf\":{\"@id\":\"https:\/\/fuego-international.com\/KS\/#website\"},\"primaryImageOfPage\":{\"@id\":\"https:\/\/fuego-international.com\/KS\/?product=tv-fuego-led-43elu720gtv#primaryimage\"},\"image\":{\"@id\":\"https:\/\/fuego-international.com\/KS\/?product=tv-fuego-led-43elu720gtv#primaryimage\"},\"thumbnailUrl\":\"https:\/\/fuego-international.com\/KS\/wp-content\/uploads\/2025\/07\/FG001136-700x700-1.jpg\",\"datePublished\":\"2025-07-28T13:44:06+00:00\",\"dateModified\":\"2025-07-28T13:52:11+00:00\",\"breadcrumb\":{\"@id\":\"https:\/\/fuego-international.com\/KS\/?product=tv-fuego-led-43elu720gtv#breadcrumb\"},\"inLanguage\":\"sq\",\"potentialAction\":[{\"@type\":\"ReadAction\",\"target\":[\"https:\/\/fuego-international.com\/KS\/?product=tv-fuego-led-43elu720gtv\"]}]},{\"@type\":\"ImageObject\",\"inLanguage\":\"sq\",\"@id\":\"https:\/\/fuego-international.com\/KS\/?product=tv-fuego-led-43elu720gtv#primaryimage\",\"url\":\"https:\/\/fuego-international.com\/KS\/wp-content\/uploads\/2025\/07\/FG001136-700x700-1.jpg\",\"contentUrl\":\"https:\/\/fuego-international.com\/KS\/wp-content\/uploads\/2025\/07\/FG001136-700x700-1.jpg\",\"width\":700,\"height\":700},{\"@type\":\"BreadcrumbList\",\"@id\":\"https:\/\/fuego-international.com\/KS\/?product=tv-fuego-led-43elu720gtv#breadcrumb\",\"itemListElement\":[{\"@type\":\"ListItem\",\"position\":1,\"name\":\"Home\",\"item\":\"https:\/\/fuego-international.com\/KS\/\"},{\"@type\":\"ListItem\",\"position\":2,\"name\":\"Produktet\",\"item\":\"https:\/\/fuego-international.com\/KS\/?page_id=7\"},{\"@type\":\"ListItem\",\"position\":3,\"name\":\"TV FUEGO LED 43ELU720GTV\"}]},{\"@type\":\"WebSite\",\"@id\":\"https:\/\/fuego-international.com\/KS\/#website\",\"url\":\"https:\/\/fuego-international.com\/KS\/\",\"name\":\"Fuego\",\"description\":\"\",\"publisher\":{\"@id\":\"https:\/\/fuego-international.com\/KS\/#organization\"},\"potentialAction\":[{\"@type\":\"SearchAction\",\"target\":{\"@type\":\"EntryPoint\",\"urlTemplate\":\"https:\/\/fuego-international.com\/KS\/?s={search_term_string}\"},\"query-input\":{\"@type\":\"PropertyValueSpecification\",\"valueRequired\":true,\"valueName\":\"search_term_string\"}}],\"inLanguage\":\"sq\"},{\"@type\":\"Organization\",\"@id\":\"https:\/\/fuego-international.com\/KS\/#organization\",\"name\":\"Fuego\",\"url\":\"https:\/\/fuego-international.com\/KS\/\",\"logo\":{\"@type\":\"ImageObject\",\"inLanguage\":\"sq\",\"@id\":\"https:\/\/fuego-international.com\/KS\/#\/schema\/logo\/image\/\",\"url\":\"https:\/\/fuego-international.com\/KS\/wp-content\/uploads\/2025\/03\/images.png\",\"contentUrl\":\"https:\/\/fuego-international.com\/KS\/wp-content\/uploads\/2025\/03\/images.png\",\"width\":225,\"height\":225,\"caption\":\"Fuego\"},\"image\":{\"@id\":\"https:\/\/fuego-international.com\/KS\/#\/schema\/logo\/image\/\"}}]}<\/script>\n<!-- \/ Yoast SEO Premium plugin. -->","yoast_head_json":{"title":"TV FUEGO LED 43ELU720GTV - Fuego","robots":{"index":"index","follow":"follow","max-snippet":"max-snippet:-1","max-image-preview":"max-image-preview:large","max-video-preview":"max-video-preview:-1"},"canonical":"https:\/\/fuego-international.com\/KS\/?product=tv-fuego-led-43elu720gtv","og_locale":"sq_AL","og_type":"article","og_title":"TV FUEGO LED 43ELU720GTV","og_description":"Karakteristika Detaje   Madh\u00ebsia 43\" (109cm) DLED 4K UHD Smart TV   Rezolucioni 3.840 x 2.160   Procesori ARM CA53 me kat\u00ebr b\u00ebrthama   Lidhshm\u00ebria Wi-Fi i integruar, Bluetooth v5.1   Tuneri DVB-T\/T2\/C\/S\/S2","og_url":"https:\/\/fuego-international.com\/KS\/?product=tv-fuego-led-43elu720gtv","og_site_name":"Fuego","article_modified_time":"2025-07-28T13:52:11+00:00","og_image":[{"width":700,"height":700,"url":"https:\/\/fuego-international.com\/KS\/wp-content\/uploads\/2025\/07\/FG001136-700x700-1.jpg","type":"image\/jpeg"}],"twitter_card":"summary_large_image","twitter_misc":{"Est. reading time":"2 minuta"},"schema":{"@context":"https:\/\/schema.org","@graph":[{"@type":"WebPage","@id":"https:\/\/fuego-international.com\/KS\/?product=tv-fuego-led-43elu720gtv","url":"https:\/\/fuego-international.com\/KS\/?product=tv-fuego-led-43elu720gtv","name":"TV FUEGO LED 43ELU720GTV - Fuego","isPartOf":{"@id":"https:\/\/fuego-international.com\/KS\/#website"},"primaryImageOfPage":{"@id":"https:\/\/fuego-international.com\/KS\/?product=tv-fuego-led-43elu720gtv#primaryimage"},"image":{"@id":"https:\/\/fuego-international.com\/KS\/?product=tv-fuego-led-43elu720gtv#primaryimage"},"thumbnailUrl":"https:\/\/fuego-international.com\/KS\/wp-content\/uploads\/2025\/07\/FG001136-700x700-1.jpg","datePublished":"2025-07-28T13:44:06+00:00","dateModified":"2025-07-28T13:52:11+00:00","breadcrumb":{"@id":"https:\/\/fuego-international.com\/KS\/?product=tv-fuego-led-43elu720gtv#breadcrumb"},"inLanguage":"sq","potentialAction":[{"@type":"ReadAction","target":["https:\/\/fuego-international.com\/KS\/?product=tv-fuego-led-43elu720gtv"]}]},{"@type":"ImageObject","inLanguage":"sq","@id":"https:\/\/fuego-international.com\/KS\/?product=tv-fuego-led-43elu720gtv#primaryimage","url":"https:\/\/fuego-international.com\/KS\/wp-content\/uploads\/2025\/07\/FG001136-700x700-1.jpg","contentUrl":"https:\/\/fuego-international.com\/KS\/wp-content\/uploads\/2025\/07\/FG001136-700x700-1.jpg","width":700,"height":700},{"@type":"BreadcrumbList","@id":"https:\/\/fuego-international.com\/KS\/?product=tv-fuego-led-43elu720gtv#breadcrumb","itemListElement":[{"@type":"ListItem","position":1,"name":"Home","item":"https:\/\/fuego-international.com\/KS\/"},{"@type":"ListItem","position":2,"name":"Produktet","item":"https:\/\/fuego-international.com\/KS\/?page_id=7"},{"@type":"ListItem","position":3,"name":"TV FUEGO LED 43ELU720GTV"}]},{"@type":"WebSite","@id":"https:\/\/fuego-international.com\/KS\/#website","url":"https:\/\/fuego-international.com\/KS\/","name":"Fuego","description":"","publisher":{"@id":"https:\/\/fuego-international.com\/KS\/#organization"},"potentialAction":[{"@type":"SearchAction","target":{"@type":"EntryPoint","urlTemplate":"https:\/\/fuego-international.com\/KS\/?s={search_term_string}"},"query-input":{"@type":"PropertyValueSpecification","valueRequired":true,"valueName":"search_term_string"}}],"inLanguage":"sq"},{"@type":"Organization","@id":"https:\/\/fuego-international.com\/KS\/#organization","name":"Fuego","url":"https:\/\/fuego-international.com\/KS\/","logo":{"@type":"ImageObject","inLanguage":"sq","@id":"https:\/\/fuego-international.com\/KS\/#\/schema\/logo\/image\/","url":"https:\/\/fuego-international.com\/KS\/wp-content\/uploads\/2025\/03\/images.png","contentUrl":"https:\/\/fuego-international.com\/KS\/wp-content\/uploads\/2025\/03\/images.png","width":225,"height":225,"caption":"Fuego"},"image":{"@id":"https:\/\/fuego-international.com\/KS\/#\/schema\/logo\/image\/"}}]}},"_links":{"self":[{"href":"https:\/\/fuego-international.com\/KS\/index.php?rest_route=\/wp\/v2\/product\/11307","targetHints":{"allow":["GET"]}}],"collection":[{"href":"https:\/\/fuego-international.com\/KS\/index.php?rest_route=\/wp\/v2\/product"}],"about":[{"href":"https:\/\/fuego-international.com\/KS\/index.php?rest_route=\/wp\/v2\/types\/product"}],"replies":[{"embeddable":true,"href":"https:\/\/fuego-international.com\/KS\/index.php?rest_route=%2Fwp%2Fv2%2Fcomments&post=11307"}],"wp:featuredmedia":[{"embeddable":true,"href":"https:\/\/fuego-international.com\/KS\/index.php?rest_route=\/wp\/v2\/media\/11308"}],"wp:attachment":[{"href":"https:\/\/fuego-international.com\/KS\/index.php?rest_route=%2Fwp%2Fv2%2Fmedia&parent=11307"}],"wp:term":[{"taxonomy":"product_brand","embeddable":true,"href":"https:\/\/fuego-international.com\/KS\/index.php?rest_route=%2Fwp%2Fv2%2Fproduct_brand&post=11307"},{"taxonomy":"product_cat","embeddable":true,"href":"https:\/\/fuego-international.com\/KS\/index.php?rest_route=%2Fwp%2Fv2%2Fproduct_cat&post=11307"},{"taxonomy":"product_tag","embeddable":true,"href":"https:\/\/fuego-international.com\/KS\/index.php?rest_route=%2Fwp%2Fv2%2Fproduct_tag&post=11307"}],"curies":[{"name":"wp","href":"https:\/\/api.w.org\/{rel}","templated":true}]}}