{"id":10388,"date":"2025-03-25T06:25:47","date_gmt":"2025-03-25T06:25:47","guid":{"rendered":"https:\/\/fuego-international.com\/AL\/produkt\/makine-rroje-fuego-rsm-1503a\/"},"modified":"2025-04-05T02:00:03","modified_gmt":"2025-04-05T00:00:03","slug":"makine-rroje-fuego-rsm-1503a","status":"publish","type":"product","link":"https:\/\/fuego-international.com\/KS\/?product=makine-rroje-fuego-rsm-1503a","title":{"rendered":"MAKINE RROJE FUEGO RSM-1503A"},"content":{"rendered":"<p>* 3 koka rrotulluese<br \/>* Qeth&euml;s i integruar per detaje<br \/>* P&euml;rdorim n&euml; l&euml;kur&euml; t&euml; that&euml; dhe t&euml; lag&euml;sht<br \/>* Lloji i bateris: LI-ON<br \/>* 1.5 or&euml; mbushje e shpejt<br \/>* Lloji i p&euml;rdorimit:Pa kabllo &amp; me kabllo<br \/>* Aksesor&euml;: Kapak mbrojt&euml;s,furce pastrimi<\/p>\n","protected":false},"excerpt":{"rendered":"<p>* 3 koka rrotulluese<br \/>\n* Qeth\u00ebs i integruar per detaje<br \/>\n* P\u00ebrdorim n\u00eb l\u00ebkur\u00eb t\u00eb that\u00eb dhe t\u00eb lag\u00ebsht<br \/>\n* Lloji i bateris: LI-ON <br \/>\n* 1.5 or\u00eb mbushje e shpejt<br \/>\n* Lloji i p\u00ebrdorimit:Pa kabllo &#038; me kabllo<br \/>\n* Aksesor\u00eb: Kapak mbrojt\u00ebs,furce pastrimi<\/p>\n","protected":false},"featured_media":10712,"comment_status":"closed","ping_status":"closed","template":"","meta":[],"product_brand":[],"product_cat":[248],"product_tag":[],"class_list":{"0":"post-10388","1":"product","2":"type-product","3":"status-publish","4":"has-post-thumbnail","6":"product_cat-makina-rroje","8":"first","9":"instock","10":"product-type-simple"},"yoast_head":"<!-- This site is optimized with the Yoast SEO Premium plugin v24.8 (Yoast SEO v24.8.1) - https:\/\/yoast.com\/wordpress\/plugins\/seo\/ -->\n<title>MAKINE RROJE FUEGO RSM-1503A - Fuego<\/title>\n<meta name=\"robots\" content=\"index, follow, max-snippet:-1, max-image-preview:large, max-video-preview:-1\" \/>\n<link rel=\"canonical\" href=\"https:\/\/fuego-international.com\/KS\/?product=makine-rroje-fuego-rsm-1503a\" \/>\n<meta property=\"og:locale\" content=\"sq_AL\" \/>\n<meta property=\"og:type\" content=\"article\" \/>\n<meta property=\"og:title\" content=\"MAKINE RROJE FUEGO RSM-1503A\" \/>\n<meta property=\"og:description\" content=\"* 3 koka rrotulluese * Qeth\u00ebs i integruar per detaje * P\u00ebrdorim n\u00eb l\u00ebkur\u00eb t\u00eb that\u00eb dhe t\u00eb lag\u00ebsht * Lloji i bateris: LI-ON * 1.5 or\u00eb mbushje e shpejt * Lloji i p\u00ebrdorimit:Pa kabllo &amp; me kabllo * Aksesor\u00eb: Kapak mbrojt\u00ebs,furce pastrimi\" \/>\n<meta property=\"og:url\" content=\"https:\/\/fuego-international.com\/KS\/?product=makine-rroje-fuego-rsm-1503a\" \/>\n<meta property=\"og:site_name\" content=\"Fuego\" \/>\n<meta property=\"article:modified_time\" content=\"2025-04-05T00:00:03+00:00\" \/>\n<meta property=\"og:image\" content=\"https:\/\/fuego-international.com\/KS\/wp-content\/uploads\/2025\/03\/FUEGO-RSM-1503A.jpg\" \/>\n\t<meta property=\"og:image:width\" content=\"1000\" \/>\n\t<meta property=\"og:image:height\" content=\"1000\" \/>\n\t<meta property=\"og:image:type\" content=\"image\/jpeg\" \/>\n<meta name=\"twitter:card\" content=\"summary_large_image\" \/>\n<script type=\"application\/ld+json\" class=\"yoast-schema-graph\">{\"@context\":\"https:\/\/schema.org\",\"@graph\":[{\"@type\":\"WebPage\",\"@id\":\"https:\/\/fuego-international.com\/KS\/?product=makine-rroje-fuego-rsm-1503a\",\"url\":\"https:\/\/fuego-international.com\/KS\/?product=makine-rroje-fuego-rsm-1503a\",\"name\":\"MAKINE RROJE FUEGO RSM-1503A - Fuego\",\"isPartOf\":{\"@id\":\"https:\/\/fuego-international.com\/KS\/#website\"},\"primaryImageOfPage\":{\"@id\":\"https:\/\/fuego-international.com\/KS\/?product=makine-rroje-fuego-rsm-1503a#primaryimage\"},\"image\":{\"@id\":\"https:\/\/fuego-international.com\/KS\/?product=makine-rroje-fuego-rsm-1503a#primaryimage\"},\"thumbnailUrl\":\"https:\/\/fuego-international.com\/KS\/wp-content\/uploads\/2025\/03\/FUEGO-RSM-1503A.jpg\",\"datePublished\":\"2025-03-25T06:25:47+00:00\",\"dateModified\":\"2025-04-05T00:00:03+00:00\",\"breadcrumb\":{\"@id\":\"https:\/\/fuego-international.com\/KS\/?product=makine-rroje-fuego-rsm-1503a#breadcrumb\"},\"inLanguage\":\"sq\",\"potentialAction\":[{\"@type\":\"ReadAction\",\"target\":[\"https:\/\/fuego-international.com\/KS\/?product=makine-rroje-fuego-rsm-1503a\"]}]},{\"@type\":\"ImageObject\",\"inLanguage\":\"sq\",\"@id\":\"https:\/\/fuego-international.com\/KS\/?product=makine-rroje-fuego-rsm-1503a#primaryimage\",\"url\":\"https:\/\/fuego-international.com\/KS\/wp-content\/uploads\/2025\/03\/FUEGO-RSM-1503A.jpg\",\"contentUrl\":\"https:\/\/fuego-international.com\/KS\/wp-content\/uploads\/2025\/03\/FUEGO-RSM-1503A.jpg\",\"width\":1000,\"height\":1000},{\"@type\":\"BreadcrumbList\",\"@id\":\"https:\/\/fuego-international.com\/KS\/?product=makine-rroje-fuego-rsm-1503a#breadcrumb\",\"itemListElement\":[{\"@type\":\"ListItem\",\"position\":1,\"name\":\"Home\",\"item\":\"https:\/\/fuego-international.com\/KS\/\"},{\"@type\":\"ListItem\",\"position\":2,\"name\":\"Produktet\",\"item\":\"https:\/\/fuego-international.com\/KS\/?page_id=7\"},{\"@type\":\"ListItem\",\"position\":3,\"name\":\"MAKINE RROJE FUEGO RSM-1503A\"}]},{\"@type\":\"WebSite\",\"@id\":\"https:\/\/fuego-international.com\/KS\/#website\",\"url\":\"https:\/\/fuego-international.com\/KS\/\",\"name\":\"Fuego\",\"description\":\"\",\"publisher\":{\"@id\":\"https:\/\/fuego-international.com\/KS\/#organization\"},\"potentialAction\":[{\"@type\":\"SearchAction\",\"target\":{\"@type\":\"EntryPoint\",\"urlTemplate\":\"https:\/\/fuego-international.com\/KS\/?s={search_term_string}\"},\"query-input\":{\"@type\":\"PropertyValueSpecification\",\"valueRequired\":true,\"valueName\":\"search_term_string\"}}],\"inLanguage\":\"sq\"},{\"@type\":\"Organization\",\"@id\":\"https:\/\/fuego-international.com\/KS\/#organization\",\"name\":\"Fuego\",\"url\":\"https:\/\/fuego-international.com\/KS\/\",\"logo\":{\"@type\":\"ImageObject\",\"inLanguage\":\"sq\",\"@id\":\"https:\/\/fuego-international.com\/KS\/#\/schema\/logo\/image\/\",\"url\":\"https:\/\/fuego-international.com\/KS\/wp-content\/uploads\/2025\/03\/images.png\",\"contentUrl\":\"https:\/\/fuego-international.com\/KS\/wp-content\/uploads\/2025\/03\/images.png\",\"width\":225,\"height\":225,\"caption\":\"Fuego\"},\"image\":{\"@id\":\"https:\/\/fuego-international.com\/KS\/#\/schema\/logo\/image\/\"}}]}<\/script>\n<!-- \/ Yoast SEO Premium plugin. -->","yoast_head_json":{"title":"MAKINE RROJE FUEGO RSM-1503A - Fuego","robots":{"index":"index","follow":"follow","max-snippet":"max-snippet:-1","max-image-preview":"max-image-preview:large","max-video-preview":"max-video-preview:-1"},"canonical":"https:\/\/fuego-international.com\/KS\/?product=makine-rroje-fuego-rsm-1503a","og_locale":"sq_AL","og_type":"article","og_title":"MAKINE RROJE FUEGO RSM-1503A","og_description":"* 3 koka rrotulluese * Qeth\u00ebs i integruar per detaje * P\u00ebrdorim n\u00eb l\u00ebkur\u00eb t\u00eb that\u00eb dhe t\u00eb lag\u00ebsht * Lloji i bateris: LI-ON * 1.5 or\u00eb mbushje e shpejt * Lloji i p\u00ebrdorimit:Pa kabllo & me kabllo * Aksesor\u00eb: Kapak mbrojt\u00ebs,furce pastrimi","og_url":"https:\/\/fuego-international.com\/KS\/?product=makine-rroje-fuego-rsm-1503a","og_site_name":"Fuego","article_modified_time":"2025-04-05T00:00:03+00:00","og_image":[{"width":1000,"height":1000,"url":"https:\/\/fuego-international.com\/KS\/wp-content\/uploads\/2025\/03\/FUEGO-RSM-1503A.jpg","type":"image\/jpeg"}],"twitter_card":"summary_large_image","schema":{"@context":"https:\/\/schema.org","@graph":[{"@type":"WebPage","@id":"https:\/\/fuego-international.com\/KS\/?product=makine-rroje-fuego-rsm-1503a","url":"https:\/\/fuego-international.com\/KS\/?product=makine-rroje-fuego-rsm-1503a","name":"MAKINE RROJE FUEGO RSM-1503A - Fuego","isPartOf":{"@id":"https:\/\/fuego-international.com\/KS\/#website"},"primaryImageOfPage":{"@id":"https:\/\/fuego-international.com\/KS\/?product=makine-rroje-fuego-rsm-1503a#primaryimage"},"image":{"@id":"https:\/\/fuego-international.com\/KS\/?product=makine-rroje-fuego-rsm-1503a#primaryimage"},"thumbnailUrl":"https:\/\/fuego-international.com\/KS\/wp-content\/uploads\/2025\/03\/FUEGO-RSM-1503A.jpg","datePublished":"2025-03-25T06:25:47+00:00","dateModified":"2025-04-05T00:00:03+00:00","breadcrumb":{"@id":"https:\/\/fuego-international.com\/KS\/?product=makine-rroje-fuego-rsm-1503a#breadcrumb"},"inLanguage":"sq","potentialAction":[{"@type":"ReadAction","target":["https:\/\/fuego-international.com\/KS\/?product=makine-rroje-fuego-rsm-1503a"]}]},{"@type":"ImageObject","inLanguage":"sq","@id":"https:\/\/fuego-international.com\/KS\/?product=makine-rroje-fuego-rsm-1503a#primaryimage","url":"https:\/\/fuego-international.com\/KS\/wp-content\/uploads\/2025\/03\/FUEGO-RSM-1503A.jpg","contentUrl":"https:\/\/fuego-international.com\/KS\/wp-content\/uploads\/2025\/03\/FUEGO-RSM-1503A.jpg","width":1000,"height":1000},{"@type":"BreadcrumbList","@id":"https:\/\/fuego-international.com\/KS\/?product=makine-rroje-fuego-rsm-1503a#breadcrumb","itemListElement":[{"@type":"ListItem","position":1,"name":"Home","item":"https:\/\/fuego-international.com\/KS\/"},{"@type":"ListItem","position":2,"name":"Produktet","item":"https:\/\/fuego-international.com\/KS\/?page_id=7"},{"@type":"ListItem","position":3,"name":"MAKINE RROJE FUEGO RSM-1503A"}]},{"@type":"WebSite","@id":"https:\/\/fuego-international.com\/KS\/#website","url":"https:\/\/fuego-international.com\/KS\/","name":"Fuego","description":"","publisher":{"@id":"https:\/\/fuego-international.com\/KS\/#organization"},"potentialAction":[{"@type":"SearchAction","target":{"@type":"EntryPoint","urlTemplate":"https:\/\/fuego-international.com\/KS\/?s={search_term_string}"},"query-input":{"@type":"PropertyValueSpecification","valueRequired":true,"valueName":"search_term_string"}}],"inLanguage":"sq"},{"@type":"Organization","@id":"https:\/\/fuego-international.com\/KS\/#organization","name":"Fuego","url":"https:\/\/fuego-international.com\/KS\/","logo":{"@type":"ImageObject","inLanguage":"sq","@id":"https:\/\/fuego-international.com\/KS\/#\/schema\/logo\/image\/","url":"https:\/\/fuego-international.com\/KS\/wp-content\/uploads\/2025\/03\/images.png","contentUrl":"https:\/\/fuego-international.com\/KS\/wp-content\/uploads\/2025\/03\/images.png","width":225,"height":225,"caption":"Fuego"},"image":{"@id":"https:\/\/fuego-international.com\/KS\/#\/schema\/logo\/image\/"}}]}},"_links":{"self":[{"href":"https:\/\/fuego-international.com\/KS\/index.php?rest_route=\/wp\/v2\/product\/10388","targetHints":{"allow":["GET"]}}],"collection":[{"href":"https:\/\/fuego-international.com\/KS\/index.php?rest_route=\/wp\/v2\/product"}],"about":[{"href":"https:\/\/fuego-international.com\/KS\/index.php?rest_route=\/wp\/v2\/types\/product"}],"replies":[{"embeddable":true,"href":"https:\/\/fuego-international.com\/KS\/index.php?rest_route=%2Fwp%2Fv2%2Fcomments&post=10388"}],"wp:featuredmedia":[{"embeddable":true,"href":"https:\/\/fuego-international.com\/KS\/index.php?rest_route=\/wp\/v2\/media\/10712"}],"wp:attachment":[{"href":"https:\/\/fuego-international.com\/KS\/index.php?rest_route=%2Fwp%2Fv2%2Fmedia&parent=10388"}],"wp:term":[{"taxonomy":"product_brand","embeddable":true,"href":"https:\/\/fuego-international.com\/KS\/index.php?rest_route=%2Fwp%2Fv2%2Fproduct_brand&post=10388"},{"taxonomy":"product_cat","embeddable":true,"href":"https:\/\/fuego-international.com\/KS\/index.php?rest_route=%2Fwp%2Fv2%2Fproduct_cat&post=10388"},{"taxonomy":"product_tag","embeddable":true,"href":"https:\/\/fuego-international.com\/KS\/index.php?rest_route=%2Fwp%2Fv2%2Fproduct_tag&post=10388"}],"curies":[{"name":"wp","href":"https:\/\/api.w.org\/{rel}","templated":true}]}}