{"id":10176,"date":"2025-03-25T06:24:41","date_gmt":"2025-03-25T06:24:41","guid":{"rendered":"https:\/\/fuego-international.com\/AL\/produkt\/blender-fuego-gs-632\/"},"modified":"2025-04-05T02:00:54","modified_gmt":"2025-04-05T00:00:54","slug":"blender-fuego-gs-632","status":"publish","type":"product","link":"https:\/\/fuego-international.com\/KS\/?product=blender-fuego-gs-632","title":{"rendered":"BLENDER FUEGO GS-632"},"content":{"rendered":"","protected":false},"excerpt":{"rendered":"<p>* Fuqia: 350 W<br \/>\n* Kapaciteti i enes: 0.6 L<br \/>\n* Materiali i en\u00ebs: Plastik<br \/>\n* Butonin e kontrollit<br \/>\n* Lloji i prer\u00ebseve: \u00c7elik<br \/>\n* Aksesor\u00eb shtes\u00eb: Shishe p\u00ebr udh\u00ebtim 600ml<br \/>\n* Ngjyra: E bardh\u00eb &#038; Hiri<\/p>\n","protected":false},"featured_media":10814,"comment_status":"closed","ping_status":"closed","template":"","meta":[],"product_brand":[],"product_cat":[196],"product_tag":[],"class_list":{"0":"post-10176","1":"product","2":"type-product","3":"status-publish","4":"has-post-thumbnail","6":"product_cat-blender","8":"first","9":"instock","10":"product-type-simple"},"yoast_head":"<!-- This site is optimized with the Yoast SEO Premium plugin v24.8 (Yoast SEO v24.8.1) - https:\/\/yoast.com\/wordpress\/plugins\/seo\/ -->\n<title>BLENDER FUEGO GS-632 - Fuego<\/title>\n<meta name=\"robots\" content=\"index, follow, max-snippet:-1, max-image-preview:large, max-video-preview:-1\" \/>\n<link rel=\"canonical\" href=\"https:\/\/fuego-international.com\/KS\/?product=blender-fuego-gs-632\" \/>\n<meta property=\"og:locale\" content=\"sq_AL\" \/>\n<meta property=\"og:type\" content=\"article\" \/>\n<meta property=\"og:title\" content=\"BLENDER FUEGO GS-632\" \/>\n<meta property=\"og:description\" content=\"* Fuqia: 350 W * Kapaciteti i enes: 0.6 L * Materiali i en\u00ebs: Plastik * Butonin e kontrollit * Lloji i prer\u00ebseve: \u00c7elik * Aksesor\u00eb shtes\u00eb: Shishe p\u00ebr udh\u00ebtim 600ml * Ngjyra: E bardh\u00eb &amp; Hiri\" \/>\n<meta property=\"og:url\" content=\"https:\/\/fuego-international.com\/KS\/?product=blender-fuego-gs-632\" \/>\n<meta property=\"og:site_name\" content=\"Fuego\" \/>\n<meta property=\"article:modified_time\" content=\"2025-04-05T00:00:54+00:00\" \/>\n<meta property=\"og:image\" content=\"https:\/\/fuego-international.com\/KS\/wp-content\/uploads\/2025\/03\/GS-632.jpg\" \/>\n\t<meta property=\"og:image:width\" content=\"1000\" \/>\n\t<meta property=\"og:image:height\" content=\"1000\" \/>\n\t<meta property=\"og:image:type\" content=\"image\/jpeg\" \/>\n<meta name=\"twitter:card\" content=\"summary_large_image\" \/>\n<script type=\"application\/ld+json\" class=\"yoast-schema-graph\">{\"@context\":\"https:\/\/schema.org\",\"@graph\":[{\"@type\":\"WebPage\",\"@id\":\"https:\/\/fuego-international.com\/KS\/?product=blender-fuego-gs-632\",\"url\":\"https:\/\/fuego-international.com\/KS\/?product=blender-fuego-gs-632\",\"name\":\"BLENDER FUEGO GS-632 - Fuego\",\"isPartOf\":{\"@id\":\"https:\/\/fuego-international.com\/KS\/#website\"},\"primaryImageOfPage\":{\"@id\":\"https:\/\/fuego-international.com\/KS\/?product=blender-fuego-gs-632#primaryimage\"},\"image\":{\"@id\":\"https:\/\/fuego-international.com\/KS\/?product=blender-fuego-gs-632#primaryimage\"},\"thumbnailUrl\":\"https:\/\/fuego-international.com\/KS\/wp-content\/uploads\/2025\/03\/GS-632.jpg\",\"datePublished\":\"2025-03-25T06:24:41+00:00\",\"dateModified\":\"2025-04-05T00:00:54+00:00\",\"breadcrumb\":{\"@id\":\"https:\/\/fuego-international.com\/KS\/?product=blender-fuego-gs-632#breadcrumb\"},\"inLanguage\":\"sq\",\"potentialAction\":[{\"@type\":\"ReadAction\",\"target\":[\"https:\/\/fuego-international.com\/KS\/?product=blender-fuego-gs-632\"]}]},{\"@type\":\"ImageObject\",\"inLanguage\":\"sq\",\"@id\":\"https:\/\/fuego-international.com\/KS\/?product=blender-fuego-gs-632#primaryimage\",\"url\":\"https:\/\/fuego-international.com\/KS\/wp-content\/uploads\/2025\/03\/GS-632.jpg\",\"contentUrl\":\"https:\/\/fuego-international.com\/KS\/wp-content\/uploads\/2025\/03\/GS-632.jpg\",\"width\":1000,\"height\":1000},{\"@type\":\"BreadcrumbList\",\"@id\":\"https:\/\/fuego-international.com\/KS\/?product=blender-fuego-gs-632#breadcrumb\",\"itemListElement\":[{\"@type\":\"ListItem\",\"position\":1,\"name\":\"Home\",\"item\":\"https:\/\/fuego-international.com\/KS\/\"},{\"@type\":\"ListItem\",\"position\":2,\"name\":\"Produktet\",\"item\":\"https:\/\/fuego-international.com\/KS\/?page_id=7\"},{\"@type\":\"ListItem\",\"position\":3,\"name\":\"BLENDER FUEGO GS-632\"}]},{\"@type\":\"WebSite\",\"@id\":\"https:\/\/fuego-international.com\/KS\/#website\",\"url\":\"https:\/\/fuego-international.com\/KS\/\",\"name\":\"Fuego\",\"description\":\"\",\"publisher\":{\"@id\":\"https:\/\/fuego-international.com\/KS\/#organization\"},\"potentialAction\":[{\"@type\":\"SearchAction\",\"target\":{\"@type\":\"EntryPoint\",\"urlTemplate\":\"https:\/\/fuego-international.com\/KS\/?s={search_term_string}\"},\"query-input\":{\"@type\":\"PropertyValueSpecification\",\"valueRequired\":true,\"valueName\":\"search_term_string\"}}],\"inLanguage\":\"sq\"},{\"@type\":\"Organization\",\"@id\":\"https:\/\/fuego-international.com\/KS\/#organization\",\"name\":\"Fuego\",\"url\":\"https:\/\/fuego-international.com\/KS\/\",\"logo\":{\"@type\":\"ImageObject\",\"inLanguage\":\"sq\",\"@id\":\"https:\/\/fuego-international.com\/KS\/#\/schema\/logo\/image\/\",\"url\":\"https:\/\/fuego-international.com\/KS\/wp-content\/uploads\/2025\/03\/images.png\",\"contentUrl\":\"https:\/\/fuego-international.com\/KS\/wp-content\/uploads\/2025\/03\/images.png\",\"width\":225,\"height\":225,\"caption\":\"Fuego\"},\"image\":{\"@id\":\"https:\/\/fuego-international.com\/KS\/#\/schema\/logo\/image\/\"}}]}<\/script>\n<!-- \/ Yoast SEO Premium plugin. -->","yoast_head_json":{"title":"BLENDER FUEGO GS-632 - Fuego","robots":{"index":"index","follow":"follow","max-snippet":"max-snippet:-1","max-image-preview":"max-image-preview:large","max-video-preview":"max-video-preview:-1"},"canonical":"https:\/\/fuego-international.com\/KS\/?product=blender-fuego-gs-632","og_locale":"sq_AL","og_type":"article","og_title":"BLENDER FUEGO GS-632","og_description":"* Fuqia: 350 W * Kapaciteti i enes: 0.6 L * Materiali i en\u00ebs: Plastik * Butonin e kontrollit * Lloji i prer\u00ebseve: \u00c7elik * Aksesor\u00eb shtes\u00eb: Shishe p\u00ebr udh\u00ebtim 600ml * Ngjyra: E bardh\u00eb & Hiri","og_url":"https:\/\/fuego-international.com\/KS\/?product=blender-fuego-gs-632","og_site_name":"Fuego","article_modified_time":"2025-04-05T00:00:54+00:00","og_image":[{"width":1000,"height":1000,"url":"https:\/\/fuego-international.com\/KS\/wp-content\/uploads\/2025\/03\/GS-632.jpg","type":"image\/jpeg"}],"twitter_card":"summary_large_image","schema":{"@context":"https:\/\/schema.org","@graph":[{"@type":"WebPage","@id":"https:\/\/fuego-international.com\/KS\/?product=blender-fuego-gs-632","url":"https:\/\/fuego-international.com\/KS\/?product=blender-fuego-gs-632","name":"BLENDER FUEGO GS-632 - Fuego","isPartOf":{"@id":"https:\/\/fuego-international.com\/KS\/#website"},"primaryImageOfPage":{"@id":"https:\/\/fuego-international.com\/KS\/?product=blender-fuego-gs-632#primaryimage"},"image":{"@id":"https:\/\/fuego-international.com\/KS\/?product=blender-fuego-gs-632#primaryimage"},"thumbnailUrl":"https:\/\/fuego-international.com\/KS\/wp-content\/uploads\/2025\/03\/GS-632.jpg","datePublished":"2025-03-25T06:24:41+00:00","dateModified":"2025-04-05T00:00:54+00:00","breadcrumb":{"@id":"https:\/\/fuego-international.com\/KS\/?product=blender-fuego-gs-632#breadcrumb"},"inLanguage":"sq","potentialAction":[{"@type":"ReadAction","target":["https:\/\/fuego-international.com\/KS\/?product=blender-fuego-gs-632"]}]},{"@type":"ImageObject","inLanguage":"sq","@id":"https:\/\/fuego-international.com\/KS\/?product=blender-fuego-gs-632#primaryimage","url":"https:\/\/fuego-international.com\/KS\/wp-content\/uploads\/2025\/03\/GS-632.jpg","contentUrl":"https:\/\/fuego-international.com\/KS\/wp-content\/uploads\/2025\/03\/GS-632.jpg","width":1000,"height":1000},{"@type":"BreadcrumbList","@id":"https:\/\/fuego-international.com\/KS\/?product=blender-fuego-gs-632#breadcrumb","itemListElement":[{"@type":"ListItem","position":1,"name":"Home","item":"https:\/\/fuego-international.com\/KS\/"},{"@type":"ListItem","position":2,"name":"Produktet","item":"https:\/\/fuego-international.com\/KS\/?page_id=7"},{"@type":"ListItem","position":3,"name":"BLENDER FUEGO GS-632"}]},{"@type":"WebSite","@id":"https:\/\/fuego-international.com\/KS\/#website","url":"https:\/\/fuego-international.com\/KS\/","name":"Fuego","description":"","publisher":{"@id":"https:\/\/fuego-international.com\/KS\/#organization"},"potentialAction":[{"@type":"SearchAction","target":{"@type":"EntryPoint","urlTemplate":"https:\/\/fuego-international.com\/KS\/?s={search_term_string}"},"query-input":{"@type":"PropertyValueSpecification","valueRequired":true,"valueName":"search_term_string"}}],"inLanguage":"sq"},{"@type":"Organization","@id":"https:\/\/fuego-international.com\/KS\/#organization","name":"Fuego","url":"https:\/\/fuego-international.com\/KS\/","logo":{"@type":"ImageObject","inLanguage":"sq","@id":"https:\/\/fuego-international.com\/KS\/#\/schema\/logo\/image\/","url":"https:\/\/fuego-international.com\/KS\/wp-content\/uploads\/2025\/03\/images.png","contentUrl":"https:\/\/fuego-international.com\/KS\/wp-content\/uploads\/2025\/03\/images.png","width":225,"height":225,"caption":"Fuego"},"image":{"@id":"https:\/\/fuego-international.com\/KS\/#\/schema\/logo\/image\/"}}]}},"_links":{"self":[{"href":"https:\/\/fuego-international.com\/KS\/index.php?rest_route=\/wp\/v2\/product\/10176","targetHints":{"allow":["GET"]}}],"collection":[{"href":"https:\/\/fuego-international.com\/KS\/index.php?rest_route=\/wp\/v2\/product"}],"about":[{"href":"https:\/\/fuego-international.com\/KS\/index.php?rest_route=\/wp\/v2\/types\/product"}],"replies":[{"embeddable":true,"href":"https:\/\/fuego-international.com\/KS\/index.php?rest_route=%2Fwp%2Fv2%2Fcomments&post=10176"}],"wp:featuredmedia":[{"embeddable":true,"href":"https:\/\/fuego-international.com\/KS\/index.php?rest_route=\/wp\/v2\/media\/10814"}],"wp:attachment":[{"href":"https:\/\/fuego-international.com\/KS\/index.php?rest_route=%2Fwp%2Fv2%2Fmedia&parent=10176"}],"wp:term":[{"taxonomy":"product_brand","embeddable":true,"href":"https:\/\/fuego-international.com\/KS\/index.php?rest_route=%2Fwp%2Fv2%2Fproduct_brand&post=10176"},{"taxonomy":"product_cat","embeddable":true,"href":"https:\/\/fuego-international.com\/KS\/index.php?rest_route=%2Fwp%2Fv2%2Fproduct_cat&post=10176"},{"taxonomy":"product_tag","embeddable":true,"href":"https:\/\/fuego-international.com\/KS\/index.php?rest_route=%2Fwp%2Fv2%2Fproduct_tag&post=10176"}],"curies":[{"name":"wp","href":"https:\/\/api.w.org\/{rel}","templated":true}]}}