{"id":10824,"date":"2026-03-07T17:02:12","date_gmt":"2026-03-07T15:02:12","guid":{"rendered":"https:\/\/fuego-international.com\/BA\/?post_type=product&#038;p=10824"},"modified":"2026-03-07T17:03:28","modified_gmt":"2026-03-07T15:03:28","slug":"masina-za-pranje-fuego-wmfgtc81216dd-8-kg","status":"publish","type":"product","link":"https:\/\/fuego-international.com\/BA\/produkt\/masina-za-pranje-fuego-wmfgtc81216dd-8-kg\/","title":{"rendered":"Ma\u0161ina za pranje FUEGO WMFGTC81216DD, 8\u202fkg"},"content":{"rendered":"<ul>\n<li>Tip: Ma\u0161ina za pranje sa DirectDrive motorom<br \/>\n\u2022 Kapacitet: 8\u202fkg<br \/>\n\u2022 Broj obrtaja: 1200 rpm<br \/>\n\u2022 Energetska klasa: A+++<br \/>\n\u2022 Godi\u0161nja potro\u0161nja energije: 186\u202fkWh<br \/>\n\u2022 Nivo buke: 62\u201376\u202fdB<br \/>\n\u2022 Kapacitet bubnja: 49\u202fL<br \/>\n\u2022 LED displej<br \/>\n\u2022 Kontrola na dodir<br \/>\n\u2022 Odlo\u017eeni start: 3\u201324h<br \/>\n\u2022 Door Lock \/ Child Lock<br \/>\n\u2022 Anti Foam kontrola<\/li>\n<\/ul>\n<p><strong>Programi (16):<\/strong><br \/>\nMix, Super Quick 15\u2019, Cotton, Bedding, Allergy Care, Shirt, Down, Jeans, Wool, Silk, Underwear, Colors, Pasteurization, Rinse+Spin, Spin, Drum Clean<\/p>\n<p><strong>Dimenzije (\u0160\u00d7D\u00d7V):<\/strong> 595 \u00d7 550 \u00d7 850\u202fmm<\/p>\n","protected":false},"excerpt":{"rendered":"<p>\u2022 Tip: Ma\u0161ina za pranje sa DirectDrive motorom<br \/>\n\u2022 Kapacitet: 8\u202fkg<br \/>\n\u2022 Broj obrtaja: 1200 rpm<br \/>\n\u2022 Energetska klasa: A+++<br \/>\n\u2022 Godi\u0161nja potro\u0161nja energije: 186\u202fkWh<br \/>\n\u2022 Nivo buke: 62\u201376\u202fdB<\/p>\n","protected":false},"featured_media":10823,"comment_status":"open","ping_status":"closed","template":"","meta":[],"product_brand":[],"product_cat":[52],"product_tag":[],"class_list":{"0":"post-10824","1":"product","2":"type-product","3":"status-publish","4":"has-post-thumbnail","6":"product_cat-masine-za-pranje-vesa","8":"first","9":"instock","10":"shipping-taxable","11":"product-type-simple"},"yoast_head":"<!-- This site is optimized with the Yoast SEO plugin v24.7 - https:\/\/yoast.com\/wordpress\/plugins\/seo\/ -->\n<title>Ma\u0161ina za pranje FUEGO WMFGTC81216DD, 8\u202fkg - Fuego<\/title>\n<meta name=\"robots\" content=\"index, follow, max-snippet:-1, max-image-preview:large, max-video-preview:-1\" \/>\n<link rel=\"canonical\" href=\"https:\/\/fuego-international.com\/BA\/produkt\/masina-za-pranje-fuego-wmfgtc81216dd-8-kg\/\" \/>\n<meta property=\"og:locale\" content=\"bs_BA\" \/>\n<meta property=\"og:type\" content=\"article\" \/>\n<meta property=\"og:title\" content=\"Ma\u0161ina za pranje FUEGO WMFGTC81216DD, 8\u202fkg - Fuego\" \/>\n<meta property=\"og:description\" content=\"\u2022 Tip: Ma\u0161ina za pranje sa DirectDrive motorom \u2022 Kapacitet: 8\u202fkg \u2022 Broj obrtaja: 1200 rpm \u2022 Energetska klasa: A+++ \u2022 Godi\u0161nja potro\u0161nja energije: 186\u202fkWh \u2022 Nivo buke: 62\u201376\u202fdB\" \/>\n<meta property=\"og:url\" content=\"https:\/\/fuego-international.com\/BA\/produkt\/masina-za-pranje-fuego-wmfgtc81216dd-8-kg\/\" \/>\n<meta property=\"og:site_name\" content=\"Fuego\" \/>\n<meta property=\"article:modified_time\" content=\"2026-03-07T15:03:28+00:00\" \/>\n<meta property=\"og:image\" content=\"https:\/\/fuego-international.com\/BA\/wp-content\/uploads\/2026\/03\/FUEGO-WMFGTC81216DD.jpg\" \/>\n\t<meta property=\"og:image:width\" content=\"1000\" \/>\n\t<meta property=\"og:image:height\" content=\"1000\" \/>\n\t<meta property=\"og:image:type\" content=\"image\/jpeg\" \/>\n<meta name=\"twitter:card\" content=\"summary_large_image\" \/>\n<meta name=\"twitter:label1\" content=\"Est. reading time\" \/>\n\t<meta name=\"twitter:data1\" content=\"1 minuta\" \/>\n<script type=\"application\/ld+json\" class=\"yoast-schema-graph\">{\"@context\":\"https:\/\/schema.org\",\"@graph\":[{\"@type\":\"WebPage\",\"@id\":\"https:\/\/fuego-international.com\/BA\/produkt\/masina-za-pranje-fuego-wmfgtc81216dd-8-kg\/\",\"url\":\"https:\/\/fuego-international.com\/BA\/produkt\/masina-za-pranje-fuego-wmfgtc81216dd-8-kg\/\",\"name\":\"Ma\u0161ina za pranje FUEGO WMFGTC81216DD, 8\u202fkg - Fuego\",\"isPartOf\":{\"@id\":\"https:\/\/fuego-international.com\/BA\/#website\"},\"primaryImageOfPage\":{\"@id\":\"https:\/\/fuego-international.com\/BA\/produkt\/masina-za-pranje-fuego-wmfgtc81216dd-8-kg\/#primaryimage\"},\"image\":{\"@id\":\"https:\/\/fuego-international.com\/BA\/produkt\/masina-za-pranje-fuego-wmfgtc81216dd-8-kg\/#primaryimage\"},\"thumbnailUrl\":\"https:\/\/fuego-international.com\/BA\/wp-content\/uploads\/2026\/03\/FUEGO-WMFGTC81216DD.jpg\",\"datePublished\":\"2026-03-07T15:02:12+00:00\",\"dateModified\":\"2026-03-07T15:03:28+00:00\",\"breadcrumb\":{\"@id\":\"https:\/\/fuego-international.com\/BA\/produkt\/masina-za-pranje-fuego-wmfgtc81216dd-8-kg\/#breadcrumb\"},\"inLanguage\":\"bs-BA\",\"potentialAction\":[{\"@type\":\"ReadAction\",\"target\":[\"https:\/\/fuego-international.com\/BA\/produkt\/masina-za-pranje-fuego-wmfgtc81216dd-8-kg\/\"]}]},{\"@type\":\"ImageObject\",\"inLanguage\":\"bs-BA\",\"@id\":\"https:\/\/fuego-international.com\/BA\/produkt\/masina-za-pranje-fuego-wmfgtc81216dd-8-kg\/#primaryimage\",\"url\":\"https:\/\/fuego-international.com\/BA\/wp-content\/uploads\/2026\/03\/FUEGO-WMFGTC81216DD.jpg\",\"contentUrl\":\"https:\/\/fuego-international.com\/BA\/wp-content\/uploads\/2026\/03\/FUEGO-WMFGTC81216DD.jpg\",\"width\":1000,\"height\":1000},{\"@type\":\"BreadcrumbList\",\"@id\":\"https:\/\/fuego-international.com\/BA\/produkt\/masina-za-pranje-fuego-wmfgtc81216dd-8-kg\/#breadcrumb\",\"itemListElement\":[{\"@type\":\"ListItem\",\"position\":1,\"name\":\"Home\",\"item\":\"https:\/\/fuego-international.com\/BA\/\"},{\"@type\":\"ListItem\",\"position\":2,\"name\":\"Proizvodi\",\"item\":\"https:\/\/fuego-international.com\/BA\/shop\/\"},{\"@type\":\"ListItem\",\"position\":3,\"name\":\"Ma\u0161ina za pranje FUEGO WMFGTC81216DD, 8\u202fkg\"}]},{\"@type\":\"WebSite\",\"@id\":\"https:\/\/fuego-international.com\/BA\/#website\",\"url\":\"https:\/\/fuego-international.com\/BA\/\",\"name\":\"Fuego\",\"description\":\"\",\"potentialAction\":[{\"@type\":\"SearchAction\",\"target\":{\"@type\":\"EntryPoint\",\"urlTemplate\":\"https:\/\/fuego-international.com\/BA\/?s={search_term_string}\"},\"query-input\":{\"@type\":\"PropertyValueSpecification\",\"valueRequired\":true,\"valueName\":\"search_term_string\"}}],\"inLanguage\":\"bs-BA\"}]}<\/script>\n<!-- \/ Yoast SEO plugin. -->","yoast_head_json":{"title":"Ma\u0161ina za pranje FUEGO WMFGTC81216DD, 8\u202fkg - Fuego","robots":{"index":"index","follow":"follow","max-snippet":"max-snippet:-1","max-image-preview":"max-image-preview:large","max-video-preview":"max-video-preview:-1"},"canonical":"https:\/\/fuego-international.com\/BA\/produkt\/masina-za-pranje-fuego-wmfgtc81216dd-8-kg\/","og_locale":"bs_BA","og_type":"article","og_title":"Ma\u0161ina za pranje FUEGO WMFGTC81216DD, 8\u202fkg - Fuego","og_description":"\u2022 Tip: Ma\u0161ina za pranje sa DirectDrive motorom \u2022 Kapacitet: 8\u202fkg \u2022 Broj obrtaja: 1200 rpm \u2022 Energetska klasa: A+++ \u2022 Godi\u0161nja potro\u0161nja energije: 186\u202fkWh \u2022 Nivo buke: 62\u201376\u202fdB","og_url":"https:\/\/fuego-international.com\/BA\/produkt\/masina-za-pranje-fuego-wmfgtc81216dd-8-kg\/","og_site_name":"Fuego","article_modified_time":"2026-03-07T15:03:28+00:00","og_image":[{"width":1000,"height":1000,"url":"https:\/\/fuego-international.com\/BA\/wp-content\/uploads\/2026\/03\/FUEGO-WMFGTC81216DD.jpg","type":"image\/jpeg"}],"twitter_card":"summary_large_image","twitter_misc":{"Est. reading time":"1 minuta"},"schema":{"@context":"https:\/\/schema.org","@graph":[{"@type":"WebPage","@id":"https:\/\/fuego-international.com\/BA\/produkt\/masina-za-pranje-fuego-wmfgtc81216dd-8-kg\/","url":"https:\/\/fuego-international.com\/BA\/produkt\/masina-za-pranje-fuego-wmfgtc81216dd-8-kg\/","name":"Ma\u0161ina za pranje FUEGO WMFGTC81216DD, 8\u202fkg - Fuego","isPartOf":{"@id":"https:\/\/fuego-international.com\/BA\/#website"},"primaryImageOfPage":{"@id":"https:\/\/fuego-international.com\/BA\/produkt\/masina-za-pranje-fuego-wmfgtc81216dd-8-kg\/#primaryimage"},"image":{"@id":"https:\/\/fuego-international.com\/BA\/produkt\/masina-za-pranje-fuego-wmfgtc81216dd-8-kg\/#primaryimage"},"thumbnailUrl":"https:\/\/fuego-international.com\/BA\/wp-content\/uploads\/2026\/03\/FUEGO-WMFGTC81216DD.jpg","datePublished":"2026-03-07T15:02:12+00:00","dateModified":"2026-03-07T15:03:28+00:00","breadcrumb":{"@id":"https:\/\/fuego-international.com\/BA\/produkt\/masina-za-pranje-fuego-wmfgtc81216dd-8-kg\/#breadcrumb"},"inLanguage":"bs-BA","potentialAction":[{"@type":"ReadAction","target":["https:\/\/fuego-international.com\/BA\/produkt\/masina-za-pranje-fuego-wmfgtc81216dd-8-kg\/"]}]},{"@type":"ImageObject","inLanguage":"bs-BA","@id":"https:\/\/fuego-international.com\/BA\/produkt\/masina-za-pranje-fuego-wmfgtc81216dd-8-kg\/#primaryimage","url":"https:\/\/fuego-international.com\/BA\/wp-content\/uploads\/2026\/03\/FUEGO-WMFGTC81216DD.jpg","contentUrl":"https:\/\/fuego-international.com\/BA\/wp-content\/uploads\/2026\/03\/FUEGO-WMFGTC81216DD.jpg","width":1000,"height":1000},{"@type":"BreadcrumbList","@id":"https:\/\/fuego-international.com\/BA\/produkt\/masina-za-pranje-fuego-wmfgtc81216dd-8-kg\/#breadcrumb","itemListElement":[{"@type":"ListItem","position":1,"name":"Home","item":"https:\/\/fuego-international.com\/BA\/"},{"@type":"ListItem","position":2,"name":"Proizvodi","item":"https:\/\/fuego-international.com\/BA\/shop\/"},{"@type":"ListItem","position":3,"name":"Ma\u0161ina za pranje FUEGO WMFGTC81216DD, 8\u202fkg"}]},{"@type":"WebSite","@id":"https:\/\/fuego-international.com\/BA\/#website","url":"https:\/\/fuego-international.com\/BA\/","name":"Fuego","description":"","potentialAction":[{"@type":"SearchAction","target":{"@type":"EntryPoint","urlTemplate":"https:\/\/fuego-international.com\/BA\/?s={search_term_string}"},"query-input":{"@type":"PropertyValueSpecification","valueRequired":true,"valueName":"search_term_string"}}],"inLanguage":"bs-BA"}]}},"_links":{"self":[{"href":"https:\/\/fuego-international.com\/BA\/wp-json\/wp\/v2\/product\/10824","targetHints":{"allow":["GET"]}}],"collection":[{"href":"https:\/\/fuego-international.com\/BA\/wp-json\/wp\/v2\/product"}],"about":[{"href":"https:\/\/fuego-international.com\/BA\/wp-json\/wp\/v2\/types\/product"}],"replies":[{"embeddable":true,"href":"https:\/\/fuego-international.com\/BA\/wp-json\/wp\/v2\/comments?post=10824"}],"wp:featuredmedia":[{"embeddable":true,"href":"https:\/\/fuego-international.com\/BA\/wp-json\/wp\/v2\/media\/10823"}],"wp:attachment":[{"href":"https:\/\/fuego-international.com\/BA\/wp-json\/wp\/v2\/media?parent=10824"}],"wp:term":[{"taxonomy":"product_brand","embeddable":true,"href":"https:\/\/fuego-international.com\/BA\/wp-json\/wp\/v2\/product_brand?post=10824"},{"taxonomy":"product_cat","embeddable":true,"href":"https:\/\/fuego-international.com\/BA\/wp-json\/wp\/v2\/product_cat?post=10824"},{"taxonomy":"product_tag","embeddable":true,"href":"https:\/\/fuego-international.com\/BA\/wp-json\/wp\/v2\/product_tag?post=10824"}],"curies":[{"name":"wp","href":"https:\/\/api.w.org\/{rel}","templated":true}]}}