{"id":10768,"date":"2025-09-15T10:16:17","date_gmt":"2025-09-15T08:16:17","guid":{"rendered":"https:\/\/fuego-international.com\/BA\/?post_type=product&#038;p=10768"},"modified":"2025-09-15T10:17:04","modified_gmt":"2025-09-15T08:17:04","slug":"fen-za-kosu-fuego-classic-hdfgco16w","status":"publish","type":"product","link":"https:\/\/fuego-international.com\/BA\/produkt\/fen-za-kosu-fuego-classic-hdfgco16w\/","title":{"rendered":"Fen za kosu FUEGO CLASSIC HDFGCO16W"},"content":{"rendered":"<p>Snaga: 1600 W (220\u2013240 V, 50\/60 Hz)<br \/>\nTip motora: BLDC (bez \u010detkica, 110.000 o\/min)<br \/>\nTemperature: Hladno \/ Toplo \/ Vru\u0107e<br \/>\nBrzina: Visoka \/ Niska<br \/>\nAutomatsko \u010di\u0161\u0107enje: Da \u2013 jednostavno \u010di\u0161\u0107enje zadnjeg filtera<br \/>\nTermostat: Inteligentna kontrola temperature<br \/>\nSmanjenje buke: Da \u2013 profesionalni dizajn<br \/>\nKontrola: Dugme UKLJU\u010cENO\/ISKLJU\u010cENO<br \/>\nDodatak: 1 (koncentrator)<\/p>\n","protected":false},"excerpt":{"rendered":"<p>Snaga: 1600 W (220\u2013240 V, 50\/60 Hz)<br \/>\nTip motora: BLDC (bez \u010detkica, 110.000 o\/min)<br \/>\nTemperature: Hladno \/ Toplo \/ Vru\u0107e<br \/>\nBrzina: Visoka \/ Niska<br \/>\nAutomatsko \u010di\u0161\u0107enje: Da \u2013 jednostavno \u010di\u0161\u0107enje zadnjeg filtera<br \/>\nTermostat: Inteligentna kontrola temperature<br \/>\nSmanjenje buke: Da \u2013 profesionalni dizajn<br \/>\nKontrola: Dugme UKLJU\u010cENO\/ISKLJU\u010cENO<br \/>\nDodatak: 1 (koncentrator)<\/p>\n","protected":false},"featured_media":10769,"comment_status":"open","ping_status":"closed","template":"","meta":[],"product_brand":[],"product_cat":[82],"product_tag":[],"class_list":{"0":"post-10768","1":"product","2":"type-product","3":"status-publish","4":"has-post-thumbnail","6":"product_cat-fenovi-za-kosu","8":"first","9":"instock","10":"shipping-taxable","11":"product-type-simple"},"yoast_head":"<!-- This site is optimized with the Yoast SEO plugin v24.7 - https:\/\/yoast.com\/wordpress\/plugins\/seo\/ -->\n<title>Fen za kosu FUEGO CLASSIC HDFGCO16W - Fuego<\/title>\n<meta name=\"robots\" content=\"index, follow, max-snippet:-1, max-image-preview:large, max-video-preview:-1\" \/>\n<link rel=\"canonical\" href=\"https:\/\/fuego-international.com\/BA\/produkt\/fen-za-kosu-fuego-classic-hdfgco16w\/\" \/>\n<meta property=\"og:locale\" content=\"bs_BA\" \/>\n<meta property=\"og:type\" content=\"article\" \/>\n<meta property=\"og:title\" content=\"Fen za kosu FUEGO CLASSIC HDFGCO16W - Fuego\" \/>\n<meta property=\"og:description\" content=\"Snaga: 1600 W (220\u2013240 V, 50\/60 Hz) Tip motora: BLDC (bez \u010detkica, 110.000 o\/min) Temperature: Hladno \/ Toplo \/ Vru\u0107e Brzina: Visoka \/ Niska Automatsko \u010di\u0161\u0107enje: Da \u2013 jednostavno \u010di\u0161\u0107enje zadnjeg filtera Termostat: Inteligentna kontrola temperature Smanjenje buke: Da \u2013 profesionalni dizajn Kontrola: Dugme UKLJU\u010cENO\/ISKLJU\u010cENO Dodatak: 1 (koncentrator)\" \/>\n<meta property=\"og:url\" content=\"https:\/\/fuego-international.com\/BA\/produkt\/fen-za-kosu-fuego-classic-hdfgco16w\/\" \/>\n<meta property=\"og:site_name\" content=\"Fuego\" \/>\n<meta property=\"article:modified_time\" content=\"2025-09-15T08:17:04+00:00\" \/>\n<meta property=\"og:image\" content=\"https:\/\/fuego-international.com\/BA\/wp-content\/uploads\/2025\/09\/HDFGCO16W.jpg\" \/>\n\t<meta property=\"og:image:width\" content=\"1000\" \/>\n\t<meta property=\"og:image:height\" content=\"1000\" \/>\n\t<meta property=\"og:image:type\" content=\"image\/jpeg\" \/>\n<meta name=\"twitter:card\" content=\"summary_large_image\" \/>\n<meta name=\"twitter:label1\" content=\"Est. reading time\" \/>\n\t<meta name=\"twitter:data1\" content=\"1 minuta\" \/>\n<script type=\"application\/ld+json\" class=\"yoast-schema-graph\">{\"@context\":\"https:\/\/schema.org\",\"@graph\":[{\"@type\":\"WebPage\",\"@id\":\"https:\/\/fuego-international.com\/BA\/produkt\/fen-za-kosu-fuego-classic-hdfgco16w\/\",\"url\":\"https:\/\/fuego-international.com\/BA\/produkt\/fen-za-kosu-fuego-classic-hdfgco16w\/\",\"name\":\"Fen za kosu FUEGO CLASSIC HDFGCO16W - Fuego\",\"isPartOf\":{\"@id\":\"https:\/\/fuego-international.com\/BA\/#website\"},\"primaryImageOfPage\":{\"@id\":\"https:\/\/fuego-international.com\/BA\/produkt\/fen-za-kosu-fuego-classic-hdfgco16w\/#primaryimage\"},\"image\":{\"@id\":\"https:\/\/fuego-international.com\/BA\/produkt\/fen-za-kosu-fuego-classic-hdfgco16w\/#primaryimage\"},\"thumbnailUrl\":\"https:\/\/fuego-international.com\/BA\/wp-content\/uploads\/2025\/09\/HDFGCO16W.jpg\",\"datePublished\":\"2025-09-15T08:16:17+00:00\",\"dateModified\":\"2025-09-15T08:17:04+00:00\",\"breadcrumb\":{\"@id\":\"https:\/\/fuego-international.com\/BA\/produkt\/fen-za-kosu-fuego-classic-hdfgco16w\/#breadcrumb\"},\"inLanguage\":\"bs-BA\",\"potentialAction\":[{\"@type\":\"ReadAction\",\"target\":[\"https:\/\/fuego-international.com\/BA\/produkt\/fen-za-kosu-fuego-classic-hdfgco16w\/\"]}]},{\"@type\":\"ImageObject\",\"inLanguage\":\"bs-BA\",\"@id\":\"https:\/\/fuego-international.com\/BA\/produkt\/fen-za-kosu-fuego-classic-hdfgco16w\/#primaryimage\",\"url\":\"https:\/\/fuego-international.com\/BA\/wp-content\/uploads\/2025\/09\/HDFGCO16W.jpg\",\"contentUrl\":\"https:\/\/fuego-international.com\/BA\/wp-content\/uploads\/2025\/09\/HDFGCO16W.jpg\",\"width\":1000,\"height\":1000},{\"@type\":\"BreadcrumbList\",\"@id\":\"https:\/\/fuego-international.com\/BA\/produkt\/fen-za-kosu-fuego-classic-hdfgco16w\/#breadcrumb\",\"itemListElement\":[{\"@type\":\"ListItem\",\"position\":1,\"name\":\"Home\",\"item\":\"https:\/\/fuego-international.com\/BA\/\"},{\"@type\":\"ListItem\",\"position\":2,\"name\":\"Proizvodi\",\"item\":\"https:\/\/fuego-international.com\/BA\/shop\/\"},{\"@type\":\"ListItem\",\"position\":3,\"name\":\"Fen za kosu FUEGO CLASSIC HDFGCO16W\"}]},{\"@type\":\"WebSite\",\"@id\":\"https:\/\/fuego-international.com\/BA\/#website\",\"url\":\"https:\/\/fuego-international.com\/BA\/\",\"name\":\"Fuego\",\"description\":\"\",\"potentialAction\":[{\"@type\":\"SearchAction\",\"target\":{\"@type\":\"EntryPoint\",\"urlTemplate\":\"https:\/\/fuego-international.com\/BA\/?s={search_term_string}\"},\"query-input\":{\"@type\":\"PropertyValueSpecification\",\"valueRequired\":true,\"valueName\":\"search_term_string\"}}],\"inLanguage\":\"bs-BA\"}]}<\/script>\n<!-- \/ Yoast SEO plugin. -->","yoast_head_json":{"title":"Fen za kosu FUEGO CLASSIC HDFGCO16W - Fuego","robots":{"index":"index","follow":"follow","max-snippet":"max-snippet:-1","max-image-preview":"max-image-preview:large","max-video-preview":"max-video-preview:-1"},"canonical":"https:\/\/fuego-international.com\/BA\/produkt\/fen-za-kosu-fuego-classic-hdfgco16w\/","og_locale":"bs_BA","og_type":"article","og_title":"Fen za kosu FUEGO CLASSIC HDFGCO16W - Fuego","og_description":"Snaga: 1600 W (220\u2013240 V, 50\/60 Hz) Tip motora: BLDC (bez \u010detkica, 110.000 o\/min) Temperature: Hladno \/ Toplo \/ Vru\u0107e Brzina: Visoka \/ Niska Automatsko \u010di\u0161\u0107enje: Da \u2013 jednostavno \u010di\u0161\u0107enje zadnjeg filtera Termostat: Inteligentna kontrola temperature Smanjenje buke: Da \u2013 profesionalni dizajn Kontrola: Dugme UKLJU\u010cENO\/ISKLJU\u010cENO Dodatak: 1 (koncentrator)","og_url":"https:\/\/fuego-international.com\/BA\/produkt\/fen-za-kosu-fuego-classic-hdfgco16w\/","og_site_name":"Fuego","article_modified_time":"2025-09-15T08:17:04+00:00","og_image":[{"width":1000,"height":1000,"url":"https:\/\/fuego-international.com\/BA\/wp-content\/uploads\/2025\/09\/HDFGCO16W.jpg","type":"image\/jpeg"}],"twitter_card":"summary_large_image","twitter_misc":{"Est. reading time":"1 minuta"},"schema":{"@context":"https:\/\/schema.org","@graph":[{"@type":"WebPage","@id":"https:\/\/fuego-international.com\/BA\/produkt\/fen-za-kosu-fuego-classic-hdfgco16w\/","url":"https:\/\/fuego-international.com\/BA\/produkt\/fen-za-kosu-fuego-classic-hdfgco16w\/","name":"Fen za kosu FUEGO CLASSIC HDFGCO16W - Fuego","isPartOf":{"@id":"https:\/\/fuego-international.com\/BA\/#website"},"primaryImageOfPage":{"@id":"https:\/\/fuego-international.com\/BA\/produkt\/fen-za-kosu-fuego-classic-hdfgco16w\/#primaryimage"},"image":{"@id":"https:\/\/fuego-international.com\/BA\/produkt\/fen-za-kosu-fuego-classic-hdfgco16w\/#primaryimage"},"thumbnailUrl":"https:\/\/fuego-international.com\/BA\/wp-content\/uploads\/2025\/09\/HDFGCO16W.jpg","datePublished":"2025-09-15T08:16:17+00:00","dateModified":"2025-09-15T08:17:04+00:00","breadcrumb":{"@id":"https:\/\/fuego-international.com\/BA\/produkt\/fen-za-kosu-fuego-classic-hdfgco16w\/#breadcrumb"},"inLanguage":"bs-BA","potentialAction":[{"@type":"ReadAction","target":["https:\/\/fuego-international.com\/BA\/produkt\/fen-za-kosu-fuego-classic-hdfgco16w\/"]}]},{"@type":"ImageObject","inLanguage":"bs-BA","@id":"https:\/\/fuego-international.com\/BA\/produkt\/fen-za-kosu-fuego-classic-hdfgco16w\/#primaryimage","url":"https:\/\/fuego-international.com\/BA\/wp-content\/uploads\/2025\/09\/HDFGCO16W.jpg","contentUrl":"https:\/\/fuego-international.com\/BA\/wp-content\/uploads\/2025\/09\/HDFGCO16W.jpg","width":1000,"height":1000},{"@type":"BreadcrumbList","@id":"https:\/\/fuego-international.com\/BA\/produkt\/fen-za-kosu-fuego-classic-hdfgco16w\/#breadcrumb","itemListElement":[{"@type":"ListItem","position":1,"name":"Home","item":"https:\/\/fuego-international.com\/BA\/"},{"@type":"ListItem","position":2,"name":"Proizvodi","item":"https:\/\/fuego-international.com\/BA\/shop\/"},{"@type":"ListItem","position":3,"name":"Fen za kosu FUEGO CLASSIC HDFGCO16W"}]},{"@type":"WebSite","@id":"https:\/\/fuego-international.com\/BA\/#website","url":"https:\/\/fuego-international.com\/BA\/","name":"Fuego","description":"","potentialAction":[{"@type":"SearchAction","target":{"@type":"EntryPoint","urlTemplate":"https:\/\/fuego-international.com\/BA\/?s={search_term_string}"},"query-input":{"@type":"PropertyValueSpecification","valueRequired":true,"valueName":"search_term_string"}}],"inLanguage":"bs-BA"}]}},"_links":{"self":[{"href":"https:\/\/fuego-international.com\/BA\/wp-json\/wp\/v2\/product\/10768","targetHints":{"allow":["GET"]}}],"collection":[{"href":"https:\/\/fuego-international.com\/BA\/wp-json\/wp\/v2\/product"}],"about":[{"href":"https:\/\/fuego-international.com\/BA\/wp-json\/wp\/v2\/types\/product"}],"replies":[{"embeddable":true,"href":"https:\/\/fuego-international.com\/BA\/wp-json\/wp\/v2\/comments?post=10768"}],"wp:featuredmedia":[{"embeddable":true,"href":"https:\/\/fuego-international.com\/BA\/wp-json\/wp\/v2\/media\/10769"}],"wp:attachment":[{"href":"https:\/\/fuego-international.com\/BA\/wp-json\/wp\/v2\/media?parent=10768"}],"wp:term":[{"taxonomy":"product_brand","embeddable":true,"href":"https:\/\/fuego-international.com\/BA\/wp-json\/wp\/v2\/product_brand?post=10768"},{"taxonomy":"product_cat","embeddable":true,"href":"https:\/\/fuego-international.com\/BA\/wp-json\/wp\/v2\/product_cat?post=10768"},{"taxonomy":"product_tag","embeddable":true,"href":"https:\/\/fuego-international.com\/BA\/wp-json\/wp\/v2\/product_tag?post=10768"}],"curies":[{"name":"wp","href":"https:\/\/api.w.org\/{rel}","templated":true}]}}