{"id":10764,"date":"2025-09-15T10:06:47","date_gmt":"2025-09-15T08:06:47","guid":{"rendered":"https:\/\/fuego-international.com\/BA\/?post_type=product&#038;p=10764"},"modified":"2025-09-15T10:07:39","modified_gmt":"2025-09-15T08:07:39","slug":"fen-za-kosu-fuego-high-end-hdfgco2blu","status":"publish","type":"product","link":"https:\/\/fuego-international.com\/BA\/produkt\/fen-za-kosu-fuego-high-end-hdfgco2blu\/","title":{"rendered":"Fen za kosu FUEGO HIGH-END HDFGCO2BLU"},"content":{"rendered":"<p>Snaga: 1500W (220\u2013240V, 50Hz)<br \/>\nTip motora: BLDC (bez \u010detkica, 110.000 o\/min)<br \/>\nTemperatura: Hladno \/ Toplo \/ Vru\u0107e<br \/>\nBrzina: Visoko \/ Nisko<br \/>\nAutomatsko \u010di\u0161\u0107enje: Da &#8211; lako \u010di\u0161\u0107enje zadnjeg filtera<br \/>\nTermostat: Inteligentna kontrola termostata<br \/>\nIonizacija: Da<br \/>\nUklju\u010deni pribor: Magnetna mlaznica, difuzor<br \/>\nOpcioni pribor: \u010ce\u0161alj za kosu protiv letenja \/ funkcionalni koncentrator aminokiselina<br \/>\nKontrola: Dugme za uklju\u010divanje\/isklju\u010divanje<\/p>\n","protected":false},"excerpt":{"rendered":"<p>Snaga: 1500W (220\u2013240V, 50Hz)<br \/>\nTip motora: BLDC (bez \u010detkica, 110.000 o\/min)<br \/>\nTemperatura: Hladno \/ Toplo \/ Vru\u0107e<br \/>\nBrzina: Visoko \/ Nisko<br \/>\nAutomatsko \u010di\u0161\u0107enje: Da &#8211; lako \u010di\u0161\u0107enje zadnjeg filtera<br \/>\nTermostat: Inteligentna kontrola termostata<br \/>\nIonizacija: Da<br \/>\nUklju\u010deni pribor: Magnetna mlaznica, difuzor<br \/>\nOpcioni pribor: \u010ce\u0161alj za kosu protiv letenja \/ funkcionalni koncentrator aminokiselina<br \/>\nKontrola: Dugme za uklju\u010divanje\/isklju\u010divanje<\/p>\n","protected":false},"featured_media":10765,"comment_status":"open","ping_status":"closed","template":"","meta":[],"product_brand":[],"product_cat":[82],"product_tag":[],"class_list":{"0":"post-10764","1":"product","2":"type-product","3":"status-publish","4":"has-post-thumbnail","6":"product_cat-fenovi-za-kosu","8":"first","9":"instock","10":"shipping-taxable","11":"product-type-simple"},"yoast_head":"<!-- This site is optimized with the Yoast SEO plugin v24.7 - https:\/\/yoast.com\/wordpress\/plugins\/seo\/ -->\n<title>Fen za kosu FUEGO HIGH-END HDFGCO2BLU - Fuego<\/title>\n<meta name=\"robots\" content=\"index, follow, max-snippet:-1, max-image-preview:large, max-video-preview:-1\" \/>\n<link rel=\"canonical\" href=\"https:\/\/fuego-international.com\/BA\/produkt\/fen-za-kosu-fuego-high-end-hdfgco2blu\/\" \/>\n<meta property=\"og:locale\" content=\"bs_BA\" \/>\n<meta property=\"og:type\" content=\"article\" \/>\n<meta property=\"og:title\" content=\"Fen za kosu FUEGO HIGH-END HDFGCO2BLU - Fuego\" \/>\n<meta property=\"og:description\" content=\"Snaga: 1500W (220\u2013240V, 50Hz) Tip motora: BLDC (bez \u010detkica, 110.000 o\/min) Temperatura: Hladno \/ Toplo \/ Vru\u0107e Brzina: Visoko \/ Nisko Automatsko \u010di\u0161\u0107enje: Da - lako \u010di\u0161\u0107enje zadnjeg filtera Termostat: Inteligentna kontrola termostata Ionizacija: Da Uklju\u010deni pribor: Magnetna mlaznica, difuzor Opcioni pribor: \u010ce\u0161alj za kosu protiv letenja \/ funkcionalni koncentrator aminokiselina Kontrola: Dugme za uklju\u010divanje\/isklju\u010divanje\" \/>\n<meta property=\"og:url\" content=\"https:\/\/fuego-international.com\/BA\/produkt\/fen-za-kosu-fuego-high-end-hdfgco2blu\/\" \/>\n<meta property=\"og:site_name\" content=\"Fuego\" \/>\n<meta property=\"article:modified_time\" content=\"2025-09-15T08:07:39+00:00\" \/>\n<meta property=\"og:image\" content=\"https:\/\/fuego-international.com\/BA\/wp-content\/uploads\/2025\/09\/HDFGCO2BLU.jpg\" \/>\n\t<meta property=\"og:image:width\" content=\"1000\" \/>\n\t<meta property=\"og:image:height\" content=\"1000\" \/>\n\t<meta property=\"og:image:type\" content=\"image\/jpeg\" \/>\n<meta name=\"twitter:card\" content=\"summary_large_image\" \/>\n<meta name=\"twitter:label1\" content=\"Est. reading time\" \/>\n\t<meta name=\"twitter:data1\" content=\"1 minuta\" \/>\n<script type=\"application\/ld+json\" class=\"yoast-schema-graph\">{\"@context\":\"https:\/\/schema.org\",\"@graph\":[{\"@type\":\"WebPage\",\"@id\":\"https:\/\/fuego-international.com\/BA\/produkt\/fen-za-kosu-fuego-high-end-hdfgco2blu\/\",\"url\":\"https:\/\/fuego-international.com\/BA\/produkt\/fen-za-kosu-fuego-high-end-hdfgco2blu\/\",\"name\":\"Fen za kosu FUEGO HIGH-END HDFGCO2BLU - Fuego\",\"isPartOf\":{\"@id\":\"https:\/\/fuego-international.com\/BA\/#website\"},\"primaryImageOfPage\":{\"@id\":\"https:\/\/fuego-international.com\/BA\/produkt\/fen-za-kosu-fuego-high-end-hdfgco2blu\/#primaryimage\"},\"image\":{\"@id\":\"https:\/\/fuego-international.com\/BA\/produkt\/fen-za-kosu-fuego-high-end-hdfgco2blu\/#primaryimage\"},\"thumbnailUrl\":\"https:\/\/fuego-international.com\/BA\/wp-content\/uploads\/2025\/09\/HDFGCO2BLU.jpg\",\"datePublished\":\"2025-09-15T08:06:47+00:00\",\"dateModified\":\"2025-09-15T08:07:39+00:00\",\"breadcrumb\":{\"@id\":\"https:\/\/fuego-international.com\/BA\/produkt\/fen-za-kosu-fuego-high-end-hdfgco2blu\/#breadcrumb\"},\"inLanguage\":\"bs-BA\",\"potentialAction\":[{\"@type\":\"ReadAction\",\"target\":[\"https:\/\/fuego-international.com\/BA\/produkt\/fen-za-kosu-fuego-high-end-hdfgco2blu\/\"]}]},{\"@type\":\"ImageObject\",\"inLanguage\":\"bs-BA\",\"@id\":\"https:\/\/fuego-international.com\/BA\/produkt\/fen-za-kosu-fuego-high-end-hdfgco2blu\/#primaryimage\",\"url\":\"https:\/\/fuego-international.com\/BA\/wp-content\/uploads\/2025\/09\/HDFGCO2BLU.jpg\",\"contentUrl\":\"https:\/\/fuego-international.com\/BA\/wp-content\/uploads\/2025\/09\/HDFGCO2BLU.jpg\",\"width\":1000,\"height\":1000},{\"@type\":\"BreadcrumbList\",\"@id\":\"https:\/\/fuego-international.com\/BA\/produkt\/fen-za-kosu-fuego-high-end-hdfgco2blu\/#breadcrumb\",\"itemListElement\":[{\"@type\":\"ListItem\",\"position\":1,\"name\":\"Home\",\"item\":\"https:\/\/fuego-international.com\/BA\/\"},{\"@type\":\"ListItem\",\"position\":2,\"name\":\"Proizvodi\",\"item\":\"https:\/\/fuego-international.com\/BA\/shop\/\"},{\"@type\":\"ListItem\",\"position\":3,\"name\":\"Fen za kosu FUEGO HIGH-END HDFGCO2BLU\"}]},{\"@type\":\"WebSite\",\"@id\":\"https:\/\/fuego-international.com\/BA\/#website\",\"url\":\"https:\/\/fuego-international.com\/BA\/\",\"name\":\"Fuego\",\"description\":\"\",\"potentialAction\":[{\"@type\":\"SearchAction\",\"target\":{\"@type\":\"EntryPoint\",\"urlTemplate\":\"https:\/\/fuego-international.com\/BA\/?s={search_term_string}\"},\"query-input\":{\"@type\":\"PropertyValueSpecification\",\"valueRequired\":true,\"valueName\":\"search_term_string\"}}],\"inLanguage\":\"bs-BA\"}]}<\/script>\n<!-- \/ Yoast SEO plugin. -->","yoast_head_json":{"title":"Fen za kosu FUEGO HIGH-END HDFGCO2BLU - Fuego","robots":{"index":"index","follow":"follow","max-snippet":"max-snippet:-1","max-image-preview":"max-image-preview:large","max-video-preview":"max-video-preview:-1"},"canonical":"https:\/\/fuego-international.com\/BA\/produkt\/fen-za-kosu-fuego-high-end-hdfgco2blu\/","og_locale":"bs_BA","og_type":"article","og_title":"Fen za kosu FUEGO HIGH-END HDFGCO2BLU - Fuego","og_description":"Snaga: 1500W (220\u2013240V, 50Hz) Tip motora: BLDC (bez \u010detkica, 110.000 o\/min) Temperatura: Hladno \/ Toplo \/ Vru\u0107e Brzina: Visoko \/ Nisko Automatsko \u010di\u0161\u0107enje: Da - lako \u010di\u0161\u0107enje zadnjeg filtera Termostat: Inteligentna kontrola termostata Ionizacija: Da Uklju\u010deni pribor: Magnetna mlaznica, difuzor Opcioni pribor: \u010ce\u0161alj za kosu protiv letenja \/ funkcionalni koncentrator aminokiselina Kontrola: Dugme za uklju\u010divanje\/isklju\u010divanje","og_url":"https:\/\/fuego-international.com\/BA\/produkt\/fen-za-kosu-fuego-high-end-hdfgco2blu\/","og_site_name":"Fuego","article_modified_time":"2025-09-15T08:07:39+00:00","og_image":[{"width":1000,"height":1000,"url":"https:\/\/fuego-international.com\/BA\/wp-content\/uploads\/2025\/09\/HDFGCO2BLU.jpg","type":"image\/jpeg"}],"twitter_card":"summary_large_image","twitter_misc":{"Est. reading time":"1 minuta"},"schema":{"@context":"https:\/\/schema.org","@graph":[{"@type":"WebPage","@id":"https:\/\/fuego-international.com\/BA\/produkt\/fen-za-kosu-fuego-high-end-hdfgco2blu\/","url":"https:\/\/fuego-international.com\/BA\/produkt\/fen-za-kosu-fuego-high-end-hdfgco2blu\/","name":"Fen za kosu FUEGO HIGH-END HDFGCO2BLU - Fuego","isPartOf":{"@id":"https:\/\/fuego-international.com\/BA\/#website"},"primaryImageOfPage":{"@id":"https:\/\/fuego-international.com\/BA\/produkt\/fen-za-kosu-fuego-high-end-hdfgco2blu\/#primaryimage"},"image":{"@id":"https:\/\/fuego-international.com\/BA\/produkt\/fen-za-kosu-fuego-high-end-hdfgco2blu\/#primaryimage"},"thumbnailUrl":"https:\/\/fuego-international.com\/BA\/wp-content\/uploads\/2025\/09\/HDFGCO2BLU.jpg","datePublished":"2025-09-15T08:06:47+00:00","dateModified":"2025-09-15T08:07:39+00:00","breadcrumb":{"@id":"https:\/\/fuego-international.com\/BA\/produkt\/fen-za-kosu-fuego-high-end-hdfgco2blu\/#breadcrumb"},"inLanguage":"bs-BA","potentialAction":[{"@type":"ReadAction","target":["https:\/\/fuego-international.com\/BA\/produkt\/fen-za-kosu-fuego-high-end-hdfgco2blu\/"]}]},{"@type":"ImageObject","inLanguage":"bs-BA","@id":"https:\/\/fuego-international.com\/BA\/produkt\/fen-za-kosu-fuego-high-end-hdfgco2blu\/#primaryimage","url":"https:\/\/fuego-international.com\/BA\/wp-content\/uploads\/2025\/09\/HDFGCO2BLU.jpg","contentUrl":"https:\/\/fuego-international.com\/BA\/wp-content\/uploads\/2025\/09\/HDFGCO2BLU.jpg","width":1000,"height":1000},{"@type":"BreadcrumbList","@id":"https:\/\/fuego-international.com\/BA\/produkt\/fen-za-kosu-fuego-high-end-hdfgco2blu\/#breadcrumb","itemListElement":[{"@type":"ListItem","position":1,"name":"Home","item":"https:\/\/fuego-international.com\/BA\/"},{"@type":"ListItem","position":2,"name":"Proizvodi","item":"https:\/\/fuego-international.com\/BA\/shop\/"},{"@type":"ListItem","position":3,"name":"Fen za kosu FUEGO HIGH-END HDFGCO2BLU"}]},{"@type":"WebSite","@id":"https:\/\/fuego-international.com\/BA\/#website","url":"https:\/\/fuego-international.com\/BA\/","name":"Fuego","description":"","potentialAction":[{"@type":"SearchAction","target":{"@type":"EntryPoint","urlTemplate":"https:\/\/fuego-international.com\/BA\/?s={search_term_string}"},"query-input":{"@type":"PropertyValueSpecification","valueRequired":true,"valueName":"search_term_string"}}],"inLanguage":"bs-BA"}]}},"_links":{"self":[{"href":"https:\/\/fuego-international.com\/BA\/wp-json\/wp\/v2\/product\/10764","targetHints":{"allow":["GET"]}}],"collection":[{"href":"https:\/\/fuego-international.com\/BA\/wp-json\/wp\/v2\/product"}],"about":[{"href":"https:\/\/fuego-international.com\/BA\/wp-json\/wp\/v2\/types\/product"}],"replies":[{"embeddable":true,"href":"https:\/\/fuego-international.com\/BA\/wp-json\/wp\/v2\/comments?post=10764"}],"wp:featuredmedia":[{"embeddable":true,"href":"https:\/\/fuego-international.com\/BA\/wp-json\/wp\/v2\/media\/10765"}],"wp:attachment":[{"href":"https:\/\/fuego-international.com\/BA\/wp-json\/wp\/v2\/media?parent=10764"}],"wp:term":[{"taxonomy":"product_brand","embeddable":true,"href":"https:\/\/fuego-international.com\/BA\/wp-json\/wp\/v2\/product_brand?post=10764"},{"taxonomy":"product_cat","embeddable":true,"href":"https:\/\/fuego-international.com\/BA\/wp-json\/wp\/v2\/product_cat?post=10764"},{"taxonomy":"product_tag","embeddable":true,"href":"https:\/\/fuego-international.com\/BA\/wp-json\/wp\/v2\/product_tag?post=10764"}],"curies":[{"name":"wp","href":"https:\/\/api.w.org\/{rel}","templated":true}]}}