{"id":332,"date":"2023-10-31T14:56:51","date_gmt":"2023-10-31T14:56:51","guid":{"rendered":"http:\/\/sw-themes.com\/porto_dummy\/?page_id=332"},"modified":"2025-07-28T17:15:34","modified_gmt":"2025-07-28T15:15:34","slug":"about-us","status":"publish","type":"page","link":"https:\/\/fuego-international.com\/BA\/about-us\/","title":{"rendered":"O nama"},"content":{"rendered":"<div class=\"wpb-content-wrapper\"><p>[vc_row wrap_container=&#8221;yes&#8221; el_class=&#8221;z-index-1 position-relative&#8221; css=&#8221;.vc_custom_1732274138284{margin-top: 30px !important;}&#8221; conditional_render=&#8221;%5B%7B%22value_role%22%3A%22administrator%22%7D%5D&#8221; woodmart_css_id=&#8221;674067d0b482b&#8221; responsive_spacing=&#8221;eyJwYXJhbV90eXBlIjoid29vZG1hcnRfcmVzcG9uc2l2ZV9zcGFjaW5nIiwic2VsZWN0b3JfaWQiOiI2NzQwNjdkMGI0ODJiIiwic2hvcnRjb2RlIjoidmNfcm93IiwiZGF0YSI6eyJ0YWJsZXQiOnt9LCJtb2JpbGUiOnt9fX0=&#8221; mobile_bg_img_hidden=&#8221;no&#8221; tablet_bg_img_hidden=&#8221;no&#8221; woodmart_parallax=&#8221;0&#8221; woodmart_gradient_switch=&#8221;no&#8221; woodmart_box_shadow=&#8221;no&#8221; wd_z_index=&#8221;no&#8221; woodmart_disable_overflow=&#8221;0&#8221; row_reverse_mobile=&#8221;0&#8221; row_reverse_tablet=&#8221;0&#8221;][vc_column css=&#8221;.vc_custom_1732274092080{padding-top: 70px !important;padding-bottom: 70px !important;background-color: #ffffff !important;}&#8221; conditional_render=&#8221;%5B%7B%22value_role%22%3A%22administrator%22%7D%5D&#8221; el_class=&#8221;px-lg-5 mb-1&#8221; woodmart_css_id=&#8221;674067a694fb2&#8221; parallax_scroll=&#8221;no&#8221; woodmart_sticky_column=&#8221;false&#8221; wd_collapsible_content_switcher=&#8221;no&#8221; wd_column_role_offcanvas_desktop=&#8221;no&#8221; wd_column_role_offcanvas_tablet=&#8221;no&#8221; wd_column_role_offcanvas_mobile=&#8221;no&#8221; wd_column_role_content_desktop=&#8221;no&#8221; wd_column_role_content_tablet=&#8221;no&#8221; wd_column_role_content_mobile=&#8221;no&#8221; mobile_bg_img_hidden=&#8221;no&#8221; tablet_bg_img_hidden=&#8221;no&#8221; woodmart_parallax=&#8221;0&#8221; woodmart_box_shadow=&#8221;no&#8221; responsive_spacing=&#8221;eyJwYXJhbV90eXBlIjoid29vZG1hcnRfcmVzcG9uc2l2ZV9zcGFjaW5nIiwic2VsZWN0b3JfaWQiOiI2NzQwNjdhNjk0ZmIyIiwic2hvcnRjb2RlIjoidmNfY29sdW1uIiwiZGF0YSI6eyJ0YWJsZXQiOnt9LCJtb2JpbGUiOnt9fX0=&#8221; mobile_reset_margin=&#8221;no&#8221; tablet_reset_margin=&#8221;no&#8221; wd_z_index=&#8221;no&#8221;][vc_row_inner el_class=&#8221;px-lg-3 py-4&#8221;][vc_column_inner el_class=&#8221;mb-5 mb-lg-0&#8221; offset=&#8221;vc_col-md-6&#8221;][vc_single_image image=&#8221;1138&#8221; img_size=&#8221;full&#8221; css=&#8221;&#8221; el_class=&#8221;custom-border-radius-1 overflow-hidden mb-0&#8221; label=&#8221;&#8221; css_params=&#8221;&#8221;][\/vc_column_inner][vc_column_inner el_class=&#8221;ps-lg-4&#8221; offset=&#8221;vc_col-md-6&#8221;][vc_custom_heading text=&#8221;Vo\u0111eni potrebom za inovacijom i odr\u017eavanjem bliskog odnosa s na\u0161im klijentima, trudimo se da govorimo toplim, ljudskim jezikom \u2013 bez tehni\u010dkih izraza, bez distance i bez nepotrebne komplikacije.<\/p>\n<p>Vjerujemo u na\u0161 brend, njegovu jednostavnost i pouzdanost, ali \u0161to je najva\u017enije \u2013 vjerujemo u sposobnost na\u0161ih proizvoda da va\u0161 \u017eivot i \u017eivot va\u0161e porodice u\u010dine ugodnijim i lak\u0161im.<\/p>\n<p>Bilo da pripremate ukusno jelo za porodi\u010dno okupljanje, perete odje\u0107u za posebnu priliku, odr\u017eavate besprekoran dom ili se jednostavno \u017eelite opustiti uz omiljenu TV emisiju \u2013 mi smo uz vas, dr\u017eimo vas za ruku i vodimo vas na svakom koraku. Mo\u017eete sjesti, opustiti se i osloniti se na na\u0161u brigu i kvalitet kako bismo vam dan u\u010dinili besprijekornim.<br \/>\n&#8221; font_container=&#8221;tag:p|font_size:1.2em|text_align:left|color:%23777777|line_height:1.7&#8221; use_theme_fonts=&#8221;yes&#8221; css=&#8221;&#8221; letter_spacing=&#8221;0&#8221; css_params=&#8221;&#8221;][vc_btn title=&#8221;Kontaktirajte nas!&#8221; shape=&#8221;square&#8221; align=&#8221;left&#8221; i_align=&#8221;right&#8221; i_icon_fontawesome=&#8221;&#8221; css=&#8221;&#8221; add_icon=&#8221;true&#8221; skin=&#8221;primary&#8221; btn_fs=&#8221;14px&#8221; btn_fw=&#8221;600&#8221; btn_ls=&#8221;0&#8221; el_cls=&#8221;px-2 py-1 text-dark text-capitalize&#8221; animation_delay=&#8221;300&#8221; link=&#8221;url:http%3A%2F%2Ffuego-international.com\/MK%2F%3Fpage_id%3D391|title:%D0%9A%D0%BE%D0%BD%D1%82%D0%B0%D0%BA%D1%82&#8221; btn_icon_size=&#8221;{&#8220;xl&#8220;:&#8220;14&#8220;,&#8220;unit&#8220;:&#8220;&#8220;,&#8220;xs&#8220;:&#8220;&#8220;,&#8220;sm&#8220;:&#8220;&#8220;,&#8220;md&#8220;:&#8220;&#8220;,&#8220;lg&#8220;:&#8220;&#8220;}&#8221; btn_icon_spacing=&#8221;{&#8220;xl&#8220;:&#8220;8&#8220;,&#8220;unit&#8220;:&#8220;&#8220;,&#8220;xs&#8220;:&#8220;&#8220;,&#8220;sm&#8220;:&#8220;&#8220;,&#8220;md&#8220;:&#8220;&#8220;,&#8220;lg&#8220;:&#8220;&#8220;}&#8221; el_class=&#8221;mb-0 rotate-45-icon pt-4&#8221; animation_type=&#8221;fadeIn&#8221; css_params=&#8221;&#8221;][\/vc_column_inner][\/vc_row_inner][vc_custom_heading text=&#8221;\ud835\uddd9\ud835\udde8\ud835\uddd8\ud835\uddda\ud835\udde2 \u2013 pametan izbor!&#8221; font_container=&#8221;tag:h1|font_size:4em|text_align:center|color:var(&#8211;porto-secondary-color)|line_height:1.7&#8221; use_theme_fonts=&#8221;yes&#8221; css=&#8221;&#8221; letter_spacing=&#8221;0&#8221; css_params=&#8221;&#8221;][\/vc_column][\/vc_row]<\/p>\n<\/div>","protected":false},"excerpt":{"rendered":"<p>[vc_row wrap_container=&#8221;yes&#8221; el_class=&#8221;z-index-1 position-relative&#8221; css=&#8221;.vc_custom_1732274138284{margin-top: 30px !important;}&#8221; conditional_render=&#8221;%5B%7B%22value_role%22%3A%22administrator%22%7D%5D&#8221; woodmart_css_id=&#8221;674067d0b482b&#8221; responsive_spacing=&#8221;eyJwYXJhbV90eXBlIjoid29vZG1hcnRfcmVzcG9uc2l2ZV9zcGFjaW5nIiwic2VsZWN0b3JfaWQiOiI2NzQwNjdkMGI0ODJiIiwic2hvcnRjb2RlIjoidmNfcm93IiwiZGF0YSI6eyJ0YWJsZXQiOnt9LCJtb2JpbGUiOnt9fX0=&#8221; mobile_bg_img_hidden=&#8221;no&#8221; tablet_bg_img_hidden=&#8221;no&#8221; woodmart_parallax=&#8221;0&#8221; woodmart_gradient_switch=&#8221;no&#8221; woodmart_box_shadow=&#8221;no&#8221; wd_z_index=&#8221;no&#8221; woodmart_disable_overflow=&#8221;0&#8221; row_reverse_mobile=&#8221;0&#8221; row_reverse_tablet=&#8221;0&#8221;][vc_column css=&#8221;.vc_custom_1732274092080{padding-top:<\/p>\n","protected":false},"author":1,"featured_media":0,"parent":0,"menu_order":0,"comment_status":"closed","ping_status":"closed","template":"","meta":{"footnotes":""},"class_list":["post-332","page","type-page","status-publish","hentry"],"yoast_head":"<!-- This site is optimized with the Yoast SEO plugin v24.7 - https:\/\/yoast.com\/wordpress\/plugins\/seo\/ -->\n<title>O nama - Fuego<\/title>\n<meta name=\"robots\" content=\"index, follow, max-snippet:-1, max-image-preview:large, max-video-preview:-1\" \/>\n<link rel=\"canonical\" href=\"https:\/\/fuego-international.com\/BA\/about-us\/\" \/>\n<meta property=\"og:locale\" content=\"bs_BA\" \/>\n<meta property=\"og:type\" content=\"article\" \/>\n<meta property=\"og:title\" content=\"O nama - Fuego\" \/>\n<meta property=\"og:description\" content=\"[vc_row wrap_container=&#8221;yes&#8221; el_class=&#8221;z-index-1 position-relative&#8221; css=&#8221;.vc_custom_1732274138284{margin-top: 30px !important;}&#8221; conditional_render=&#8221;%5B%7B%22value_role%22%3A%22administrator%22%7D%5D&#8221; woodmart_css_id=&#8221;674067d0b482b&#8221; responsive_spacing=&#8221;eyJwYXJhbV90eXBlIjoid29vZG1hcnRfcmVzcG9uc2l2ZV9zcGFjaW5nIiwic2VsZWN0b3JfaWQiOiI2NzQwNjdkMGI0ODJiIiwic2hvcnRjb2RlIjoidmNfcm93IiwiZGF0YSI6eyJ0YWJsZXQiOnt9LCJtb2JpbGUiOnt9fX0=&#8221; mobile_bg_img_hidden=&#8221;no&#8221; tablet_bg_img_hidden=&#8221;no&#8221; woodmart_parallax=&#8221;0&#8221; woodmart_gradient_switch=&#8221;no&#8221; woodmart_box_shadow=&#8221;no&#8221; wd_z_index=&#8221;no&#8221; woodmart_disable_overflow=&#8221;0&#8221; row_reverse_mobile=&#8221;0&#8221; row_reverse_tablet=&#8221;0&#8221;][vc_column css=&#8221;.vc_custom_1732274092080{padding-top:\" \/>\n<meta property=\"og:url\" content=\"https:\/\/fuego-international.com\/BA\/about-us\/\" \/>\n<meta property=\"og:site_name\" content=\"Fuego\" \/>\n<meta property=\"article:modified_time\" content=\"2025-07-28T15:15:34+00:00\" \/>\n<meta name=\"twitter:card\" content=\"summary_large_image\" \/>\n<meta name=\"twitter:label1\" content=\"Est. reading time\" \/>\n\t<meta name=\"twitter:data1\" content=\"2 minute\" \/>\n<script type=\"application\/ld+json\" class=\"yoast-schema-graph\">{\"@context\":\"https:\/\/schema.org\",\"@graph\":[{\"@type\":\"WebPage\",\"@id\":\"https:\/\/fuego-international.com\/BA\/about-us\/\",\"url\":\"https:\/\/fuego-international.com\/BA\/about-us\/\",\"name\":\"O nama - Fuego\",\"isPartOf\":{\"@id\":\"https:\/\/fuego-international.com\/BA\/#website\"},\"datePublished\":\"2023-10-31T14:56:51+00:00\",\"dateModified\":\"2025-07-28T15:15:34+00:00\",\"breadcrumb\":{\"@id\":\"https:\/\/fuego-international.com\/BA\/about-us\/#breadcrumb\"},\"inLanguage\":\"bs-BA\",\"potentialAction\":[{\"@type\":\"ReadAction\",\"target\":[\"https:\/\/fuego-international.com\/BA\/about-us\/\"]}]},{\"@type\":\"BreadcrumbList\",\"@id\":\"https:\/\/fuego-international.com\/BA\/about-us\/#breadcrumb\",\"itemListElement\":[{\"@type\":\"ListItem\",\"position\":1,\"name\":\"Home\",\"item\":\"https:\/\/fuego-international.com\/BA\/\"},{\"@type\":\"ListItem\",\"position\":2,\"name\":\"O nama\"}]},{\"@type\":\"WebSite\",\"@id\":\"https:\/\/fuego-international.com\/BA\/#website\",\"url\":\"https:\/\/fuego-international.com\/BA\/\",\"name\":\"Fuego\",\"description\":\"\",\"potentialAction\":[{\"@type\":\"SearchAction\",\"target\":{\"@type\":\"EntryPoint\",\"urlTemplate\":\"https:\/\/fuego-international.com\/BA\/?s={search_term_string}\"},\"query-input\":{\"@type\":\"PropertyValueSpecification\",\"valueRequired\":true,\"valueName\":\"search_term_string\"}}],\"inLanguage\":\"bs-BA\"}]}<\/script>\n<!-- \/ Yoast SEO plugin. -->","yoast_head_json":{"title":"O nama - Fuego","robots":{"index":"index","follow":"follow","max-snippet":"max-snippet:-1","max-image-preview":"max-image-preview:large","max-video-preview":"max-video-preview:-1"},"canonical":"https:\/\/fuego-international.com\/BA\/about-us\/","og_locale":"bs_BA","og_type":"article","og_title":"O nama - Fuego","og_description":"[vc_row wrap_container=&#8221;yes&#8221; el_class=&#8221;z-index-1 position-relative&#8221; css=&#8221;.vc_custom_1732274138284{margin-top: 30px !important;}&#8221; conditional_render=&#8221;%5B%7B%22value_role%22%3A%22administrator%22%7D%5D&#8221; woodmart_css_id=&#8221;674067d0b482b&#8221; responsive_spacing=&#8221;eyJwYXJhbV90eXBlIjoid29vZG1hcnRfcmVzcG9uc2l2ZV9zcGFjaW5nIiwic2VsZWN0b3JfaWQiOiI2NzQwNjdkMGI0ODJiIiwic2hvcnRjb2RlIjoidmNfcm93IiwiZGF0YSI6eyJ0YWJsZXQiOnt9LCJtb2JpbGUiOnt9fX0=&#8221; mobile_bg_img_hidden=&#8221;no&#8221; tablet_bg_img_hidden=&#8221;no&#8221; woodmart_parallax=&#8221;0&#8221; woodmart_gradient_switch=&#8221;no&#8221; woodmart_box_shadow=&#8221;no&#8221; wd_z_index=&#8221;no&#8221; woodmart_disable_overflow=&#8221;0&#8221; row_reverse_mobile=&#8221;0&#8221; row_reverse_tablet=&#8221;0&#8221;][vc_column css=&#8221;.vc_custom_1732274092080{padding-top:","og_url":"https:\/\/fuego-international.com\/BA\/about-us\/","og_site_name":"Fuego","article_modified_time":"2025-07-28T15:15:34+00:00","twitter_card":"summary_large_image","twitter_misc":{"Est. reading time":"2 minute"},"schema":{"@context":"https:\/\/schema.org","@graph":[{"@type":"WebPage","@id":"https:\/\/fuego-international.com\/BA\/about-us\/","url":"https:\/\/fuego-international.com\/BA\/about-us\/","name":"O nama - Fuego","isPartOf":{"@id":"https:\/\/fuego-international.com\/BA\/#website"},"datePublished":"2023-10-31T14:56:51+00:00","dateModified":"2025-07-28T15:15:34+00:00","breadcrumb":{"@id":"https:\/\/fuego-international.com\/BA\/about-us\/#breadcrumb"},"inLanguage":"bs-BA","potentialAction":[{"@type":"ReadAction","target":["https:\/\/fuego-international.com\/BA\/about-us\/"]}]},{"@type":"BreadcrumbList","@id":"https:\/\/fuego-international.com\/BA\/about-us\/#breadcrumb","itemListElement":[{"@type":"ListItem","position":1,"name":"Home","item":"https:\/\/fuego-international.com\/BA\/"},{"@type":"ListItem","position":2,"name":"O nama"}]},{"@type":"WebSite","@id":"https:\/\/fuego-international.com\/BA\/#website","url":"https:\/\/fuego-international.com\/BA\/","name":"Fuego","description":"","potentialAction":[{"@type":"SearchAction","target":{"@type":"EntryPoint","urlTemplate":"https:\/\/fuego-international.com\/BA\/?s={search_term_string}"},"query-input":{"@type":"PropertyValueSpecification","valueRequired":true,"valueName":"search_term_string"}}],"inLanguage":"bs-BA"}]}},"_links":{"self":[{"href":"https:\/\/fuego-international.com\/BA\/wp-json\/wp\/v2\/pages\/332","targetHints":{"allow":["GET"]}}],"collection":[{"href":"https:\/\/fuego-international.com\/BA\/wp-json\/wp\/v2\/pages"}],"about":[{"href":"https:\/\/fuego-international.com\/BA\/wp-json\/wp\/v2\/types\/page"}],"author":[{"embeddable":true,"href":"https:\/\/fuego-international.com\/BA\/wp-json\/wp\/v2\/users\/1"}],"replies":[{"embeddable":true,"href":"https:\/\/fuego-international.com\/BA\/wp-json\/wp\/v2\/comments?post=332"}],"version-history":[{"count":2,"href":"https:\/\/fuego-international.com\/BA\/wp-json\/wp\/v2\/pages\/332\/revisions"}],"predecessor-version":[{"id":10675,"href":"https:\/\/fuego-international.com\/BA\/wp-json\/wp\/v2\/pages\/332\/revisions\/10675"}],"wp:attachment":[{"href":"https:\/\/fuego-international.com\/BA\/wp-json\/wp\/v2\/media?parent=332"}],"curies":[{"name":"wp","href":"https:\/\/api.w.org\/{rel}","templated":true}]}}