{"id":11132,"date":"2026-03-07T16:57:22","date_gmt":"2026-03-07T14:57:22","guid":{"rendered":"https:\/\/fuego-international.com\/AL\/?post_type=product&#038;p=11132"},"modified":"2026-03-07T16:59:34","modified_gmt":"2026-03-07T14:59:34","slug":"makina-larese-fuego-wmfgtc81216dd-8-kg","status":"publish","type":"product","link":"https:\/\/fuego-international.com\/AL\/?product=makina-larese-fuego-wmfgtc81216dd-8-kg","title":{"rendered":"Makina lar\u00ebse FUEGO WMFGTC81216DD, 8\u202fkg"},"content":{"rendered":"<table border=\"1\">\n<tbody>\n<tr>\n<th>Karakteristika<\/th>\n<th>Detajet<\/th>\n<\/tr>\n<tr>\n<td>Lloji<\/td>\n<td>Makina lar\u00ebse me motor DirectDrive<\/td>\n<\/tr>\n<tr>\n<td>Kapaciteti<\/td>\n<td>8 kg<\/td>\n<\/tr>\n<tr>\n<td>Rrotullime<\/td>\n<td>1200 rpm<\/td>\n<\/tr>\n<tr>\n<td>Klasa energjetike<\/td>\n<td>A+++<\/td>\n<\/tr>\n<tr>\n<td>Konsumi vjetor i energjis\u00eb<\/td>\n<td>186 kWh<\/td>\n<\/tr>\n<tr>\n<td>Niveli i zhurm\u00ebs<\/td>\n<td>62\u201376 dB<\/td>\n<\/tr>\n<tr>\n<td>Kapaciteti i tamburit<\/td>\n<td>49 L<\/td>\n<\/tr>\n<tr>\n<td>Ekran LED<\/td>\n<td>Po<\/td>\n<\/tr>\n<tr>\n<td>Kontroll me prekje<\/td>\n<td>Po<\/td>\n<\/tr>\n<tr>\n<td>Start i shtyr\u00eb<\/td>\n<td>3\u201324h<\/td>\n<\/tr>\n<tr>\n<td>Door Lock \/ Child Lock<\/td>\n<td>Po<\/td>\n<\/tr>\n<tr>\n<td>Kontroll Anti Foam<\/td>\n<td>Po<\/td>\n<\/tr>\n<tr>\n<td>Programet<\/td>\n<td>16 programe: Mix, Super Quick 15\u2019, Cotton, Bedding, Allergy Care, Shirt, Down, Jeans, Wool, Silk, Underwear, Colors, Pasteurization, Rinse+Spin, Spin, Drum Clean<\/td>\n<\/tr>\n<tr>\n<td>Dimensionet (G\u00d7D\u00d7L)<\/td>\n<td>595 \u00d7 550 \u00d7 850 mm<\/td>\n<\/tr>\n<\/tbody>\n<\/table>\n","protected":false},"excerpt":{"rendered":"<table border=\"1\">\n<tbody>\n<tr>\n<th>Karakteristika<\/th>\n<th>Detajet<\/th>\n<\/tr>\n<tr>\n<td>Lloji<\/td>\n<td>Makina lar\u00ebse me motor DirectDrive<\/td>\n<\/tr>\n<tr>\n<td>Kapaciteti<\/td>\n<td>8 kg<\/td>\n<\/tr>\n<tr>\n<td>Rrotullime<\/td>\n<td>1200 rpm<\/td>\n<\/tr>\n<tr>\n<td>Klasa energjetike<\/td>\n<td>A+++<\/td>\n<\/tr>\n<tr>\n<td>Konsumi vjetor i energjis\u00eb<\/td>\n<td>186 kWh<\/td>\n<\/tr>\n<tr>\n<td>Niveli i zhurm\u00ebs<\/td>\n<td>62\u201376 dB<\/td>\n<\/tr>\n<\/tbody>\n<\/table>\n","protected":false},"featured_media":11131,"comment_status":"closed","ping_status":"closed","template":"","meta":[],"product_brand":[],"product_cat":[206],"product_tag":[],"class_list":{"0":"post-11132","1":"product","2":"type-product","3":"status-publish","4":"has-post-thumbnail","6":"product_cat-lavatrice","8":"first","9":"instock","10":"product-type-simple"},"yoast_head":"<!-- This site is optimized with the Yoast SEO Premium plugin v24.8 (Yoast SEO v24.8.1) - https:\/\/yoast.com\/wordpress\/plugins\/seo\/ -->\n<title>Makina lar\u00ebse FUEGO WMFGTC81216DD, 8\u202fkg - Fuego<\/title>\n<meta name=\"robots\" content=\"index, follow, max-snippet:-1, max-image-preview:large, max-video-preview:-1\" \/>\n<link rel=\"canonical\" href=\"https:\/\/fuego-international.com\/AL\/?product=makina-larese-fuego-wmfgtc81216dd-8-kg\" \/>\n<meta property=\"og:locale\" content=\"sq_AL\" \/>\n<meta property=\"og:type\" content=\"article\" \/>\n<meta property=\"og:title\" content=\"Makina lar\u00ebse FUEGO WMFGTC81216DD, 8\u202fkg\" \/>\n<meta property=\"og:description\" content=\"Karakteristika Detajet   Lloji Makina lar\u00ebse me motor DirectDrive   Kapaciteti 8 kg   Rrotullime 1200 rpm   Klasa energjetike A+++   Konsumi vjetor i energjis\u00eb 186 kWh   Niveli i zhurm\u00ebs 62\u201376 dB\" \/>\n<meta property=\"og:url\" content=\"https:\/\/fuego-international.com\/AL\/?product=makina-larese-fuego-wmfgtc81216dd-8-kg\" \/>\n<meta property=\"og:site_name\" content=\"Fuego\" \/>\n<meta property=\"article:modified_time\" content=\"2026-03-07T14:59:34+00:00\" \/>\n<meta property=\"og:image\" content=\"https:\/\/fuego-international.com\/AL\/wp-content\/uploads\/2026\/03\/FUEGO-WMFGTC81216DD.jpg\" \/>\n\t<meta property=\"og:image:width\" content=\"1000\" \/>\n\t<meta property=\"og:image:height\" content=\"1000\" \/>\n\t<meta property=\"og:image:type\" content=\"image\/jpeg\" \/>\n<meta name=\"twitter:card\" content=\"summary_large_image\" \/>\n<meta name=\"twitter:label1\" content=\"Est. reading time\" \/>\n\t<meta name=\"twitter:data1\" content=\"1 minut\u00eb\" \/>\n<script type=\"application\/ld+json\" class=\"yoast-schema-graph\">{\"@context\":\"https:\/\/schema.org\",\"@graph\":[{\"@type\":\"WebPage\",\"@id\":\"https:\/\/fuego-international.com\/AL\/?product=makina-larese-fuego-wmfgtc81216dd-8-kg\",\"url\":\"https:\/\/fuego-international.com\/AL\/?product=makina-larese-fuego-wmfgtc81216dd-8-kg\",\"name\":\"Makina lar\u00ebse FUEGO WMFGTC81216DD, 8\u202fkg - Fuego\",\"isPartOf\":{\"@id\":\"https:\/\/fuego-international.com\/AL\/#website\"},\"primaryImageOfPage\":{\"@id\":\"https:\/\/fuego-international.com\/AL\/?product=makina-larese-fuego-wmfgtc81216dd-8-kg#primaryimage\"},\"image\":{\"@id\":\"https:\/\/fuego-international.com\/AL\/?product=makina-larese-fuego-wmfgtc81216dd-8-kg#primaryimage\"},\"thumbnailUrl\":\"https:\/\/fuego-international.com\/AL\/wp-content\/uploads\/2026\/03\/FUEGO-WMFGTC81216DD.jpg\",\"datePublished\":\"2026-03-07T14:57:22+00:00\",\"dateModified\":\"2026-03-07T14:59:34+00:00\",\"breadcrumb\":{\"@id\":\"https:\/\/fuego-international.com\/AL\/?product=makina-larese-fuego-wmfgtc81216dd-8-kg#breadcrumb\"},\"inLanguage\":\"sq\",\"potentialAction\":[{\"@type\":\"ReadAction\",\"target\":[\"https:\/\/fuego-international.com\/AL\/?product=makina-larese-fuego-wmfgtc81216dd-8-kg\"]}]},{\"@type\":\"ImageObject\",\"inLanguage\":\"sq\",\"@id\":\"https:\/\/fuego-international.com\/AL\/?product=makina-larese-fuego-wmfgtc81216dd-8-kg#primaryimage\",\"url\":\"https:\/\/fuego-international.com\/AL\/wp-content\/uploads\/2026\/03\/FUEGO-WMFGTC81216DD.jpg\",\"contentUrl\":\"https:\/\/fuego-international.com\/AL\/wp-content\/uploads\/2026\/03\/FUEGO-WMFGTC81216DD.jpg\",\"width\":1000,\"height\":1000},{\"@type\":\"BreadcrumbList\",\"@id\":\"https:\/\/fuego-international.com\/AL\/?product=makina-larese-fuego-wmfgtc81216dd-8-kg#breadcrumb\",\"itemListElement\":[{\"@type\":\"ListItem\",\"position\":1,\"name\":\"Home\",\"item\":\"https:\/\/fuego-international.com\/AL\/\"},{\"@type\":\"ListItem\",\"position\":2,\"name\":\"Produktet\",\"item\":\"https:\/\/fuego-international.com\/AL\/?page_id=7\"},{\"@type\":\"ListItem\",\"position\":3,\"name\":\"Makina lar\u00ebse FUEGO WMFGTC81216DD, 8\u202fkg\"}]},{\"@type\":\"WebSite\",\"@id\":\"https:\/\/fuego-international.com\/AL\/#website\",\"url\":\"https:\/\/fuego-international.com\/AL\/\",\"name\":\"Fuego\",\"description\":\"\",\"potentialAction\":[{\"@type\":\"SearchAction\",\"target\":{\"@type\":\"EntryPoint\",\"urlTemplate\":\"https:\/\/fuego-international.com\/AL\/?s={search_term_string}\"},\"query-input\":{\"@type\":\"PropertyValueSpecification\",\"valueRequired\":true,\"valueName\":\"search_term_string\"}}],\"inLanguage\":\"sq\"}]}<\/script>\n<!-- \/ Yoast SEO Premium plugin. -->","yoast_head_json":{"title":"Makina lar\u00ebse FUEGO WMFGTC81216DD, 8\u202fkg - Fuego","robots":{"index":"index","follow":"follow","max-snippet":"max-snippet:-1","max-image-preview":"max-image-preview:large","max-video-preview":"max-video-preview:-1"},"canonical":"https:\/\/fuego-international.com\/AL\/?product=makina-larese-fuego-wmfgtc81216dd-8-kg","og_locale":"sq_AL","og_type":"article","og_title":"Makina lar\u00ebse FUEGO WMFGTC81216DD, 8\u202fkg","og_description":"Karakteristika Detajet   Lloji Makina lar\u00ebse me motor DirectDrive   Kapaciteti 8 kg   Rrotullime 1200 rpm   Klasa energjetike A+++   Konsumi vjetor i energjis\u00eb 186 kWh   Niveli i zhurm\u00ebs 62\u201376 dB","og_url":"https:\/\/fuego-international.com\/AL\/?product=makina-larese-fuego-wmfgtc81216dd-8-kg","og_site_name":"Fuego","article_modified_time":"2026-03-07T14:59:34+00:00","og_image":[{"width":1000,"height":1000,"url":"https:\/\/fuego-international.com\/AL\/wp-content\/uploads\/2026\/03\/FUEGO-WMFGTC81216DD.jpg","type":"image\/jpeg"}],"twitter_card":"summary_large_image","twitter_misc":{"Est. reading time":"1 minut\u00eb"},"schema":{"@context":"https:\/\/schema.org","@graph":[{"@type":"WebPage","@id":"https:\/\/fuego-international.com\/AL\/?product=makina-larese-fuego-wmfgtc81216dd-8-kg","url":"https:\/\/fuego-international.com\/AL\/?product=makina-larese-fuego-wmfgtc81216dd-8-kg","name":"Makina lar\u00ebse FUEGO WMFGTC81216DD, 8\u202fkg - Fuego","isPartOf":{"@id":"https:\/\/fuego-international.com\/AL\/#website"},"primaryImageOfPage":{"@id":"https:\/\/fuego-international.com\/AL\/?product=makina-larese-fuego-wmfgtc81216dd-8-kg#primaryimage"},"image":{"@id":"https:\/\/fuego-international.com\/AL\/?product=makina-larese-fuego-wmfgtc81216dd-8-kg#primaryimage"},"thumbnailUrl":"https:\/\/fuego-international.com\/AL\/wp-content\/uploads\/2026\/03\/FUEGO-WMFGTC81216DD.jpg","datePublished":"2026-03-07T14:57:22+00:00","dateModified":"2026-03-07T14:59:34+00:00","breadcrumb":{"@id":"https:\/\/fuego-international.com\/AL\/?product=makina-larese-fuego-wmfgtc81216dd-8-kg#breadcrumb"},"inLanguage":"sq","potentialAction":[{"@type":"ReadAction","target":["https:\/\/fuego-international.com\/AL\/?product=makina-larese-fuego-wmfgtc81216dd-8-kg"]}]},{"@type":"ImageObject","inLanguage":"sq","@id":"https:\/\/fuego-international.com\/AL\/?product=makina-larese-fuego-wmfgtc81216dd-8-kg#primaryimage","url":"https:\/\/fuego-international.com\/AL\/wp-content\/uploads\/2026\/03\/FUEGO-WMFGTC81216DD.jpg","contentUrl":"https:\/\/fuego-international.com\/AL\/wp-content\/uploads\/2026\/03\/FUEGO-WMFGTC81216DD.jpg","width":1000,"height":1000},{"@type":"BreadcrumbList","@id":"https:\/\/fuego-international.com\/AL\/?product=makina-larese-fuego-wmfgtc81216dd-8-kg#breadcrumb","itemListElement":[{"@type":"ListItem","position":1,"name":"Home","item":"https:\/\/fuego-international.com\/AL\/"},{"@type":"ListItem","position":2,"name":"Produktet","item":"https:\/\/fuego-international.com\/AL\/?page_id=7"},{"@type":"ListItem","position":3,"name":"Makina lar\u00ebse FUEGO WMFGTC81216DD, 8\u202fkg"}]},{"@type":"WebSite","@id":"https:\/\/fuego-international.com\/AL\/#website","url":"https:\/\/fuego-international.com\/AL\/","name":"Fuego","description":"","potentialAction":[{"@type":"SearchAction","target":{"@type":"EntryPoint","urlTemplate":"https:\/\/fuego-international.com\/AL\/?s={search_term_string}"},"query-input":{"@type":"PropertyValueSpecification","valueRequired":true,"valueName":"search_term_string"}}],"inLanguage":"sq"}]}},"_links":{"self":[{"href":"https:\/\/fuego-international.com\/AL\/index.php?rest_route=\/wp\/v2\/product\/11132","targetHints":{"allow":["GET"]}}],"collection":[{"href":"https:\/\/fuego-international.com\/AL\/index.php?rest_route=\/wp\/v2\/product"}],"about":[{"href":"https:\/\/fuego-international.com\/AL\/index.php?rest_route=\/wp\/v2\/types\/product"}],"replies":[{"embeddable":true,"href":"https:\/\/fuego-international.com\/AL\/index.php?rest_route=%2Fwp%2Fv2%2Fcomments&post=11132"}],"wp:featuredmedia":[{"embeddable":true,"href":"https:\/\/fuego-international.com\/AL\/index.php?rest_route=\/wp\/v2\/media\/11131"}],"wp:attachment":[{"href":"https:\/\/fuego-international.com\/AL\/index.php?rest_route=%2Fwp%2Fv2%2Fmedia&parent=11132"}],"wp:term":[{"taxonomy":"product_brand","embeddable":true,"href":"https:\/\/fuego-international.com\/AL\/index.php?rest_route=%2Fwp%2Fv2%2Fproduct_brand&post=11132"},{"taxonomy":"product_cat","embeddable":true,"href":"https:\/\/fuego-international.com\/AL\/index.php?rest_route=%2Fwp%2Fv2%2Fproduct_cat&post=11132"},{"taxonomy":"product_tag","embeddable":true,"href":"https:\/\/fuego-international.com\/AL\/index.php?rest_route=%2Fwp%2Fv2%2Fproduct_tag&post=11132"}],"curies":[{"name":"wp","href":"https:\/\/api.w.org\/{rel}","templated":true}]}}