{"id":11127,"date":"2026-03-07T16:10:23","date_gmt":"2026-03-07T14:10:23","guid":{"rendered":"https:\/\/fuego-international.com\/AL\/?post_type=product&#038;p=11127"},"modified":"2026-03-07T16:11:18","modified_gmt":"2026-03-07T14:11:18","slug":"bojler-fuego-fgvw-80vhdh-80l","status":"publish","type":"product","link":"https:\/\/fuego-international.com\/AL\/?product=bojler-fuego-fgvw-80vhdh-80l","title":{"rendered":"Bojler FUEGO FGVW 80VHDH, 80L"},"content":{"rendered":"<table border=\"1\">\n<tbody>\n<tr>\n<th>Karakteristika<\/th>\n<th>Detajet<\/th>\n<\/tr>\n<tr>\n<td>Kapaciteti<\/td>\n<td>80L<\/td>\n<\/tr>\n<tr>\n<td>Rezervuari<\/td>\n<td>Rezervuar i emaluar<\/td>\n<\/tr>\n<tr>\n<td>Ngroh\u00ebsi<\/td>\n<td>\u00c7elik inox 310S me mbrojtje t\u00eb emaluar<\/td>\n<\/tr>\n<tr>\n<td>Anoda<\/td>\n<td>Anod\u00eb magnezi<\/td>\n<\/tr>\n<tr>\n<td>Termostat<\/td>\n<td>Rregullim i vazhduesh\u00ebm i temperatur\u00ebs<\/td>\n<\/tr>\n<tr>\n<td>Mbrojtje nga mbinxehja<\/td>\n<td>Po<\/td>\n<\/tr>\n<tr>\n<td>Izolim<\/td>\n<td>Shtres\u00eb e plot\u00eb izoluese<\/td>\n<\/tr>\n<tr>\n<td>Valvula e siguris\u00eb<\/td>\n<td>Po<\/td>\n<\/tr>\n<tr>\n<td>Certifikimi<\/td>\n<td>Miratim CE<\/td>\n<\/tr>\n<tr>\n<td>Instalimi<\/td>\n<td>Vertikal ose horizontal<\/td>\n<\/tr>\n<tr>\n<td>Efikasiteti energjetik<\/td>\n<td>Klasa ERP C<\/td>\n<\/tr>\n<tr>\n<td>Kontrolli<\/td>\n<td>Buton mekanik<\/td>\n<\/tr>\n<\/tbody>\n<\/table>\n","protected":false},"excerpt":{"rendered":"<table border=\"1\">\n<tbody>\n<tr>\n<th>Karakteristika<\/th>\n<th>Detajet<\/th>\n<\/tr>\n<tr>\n<td>Kapaciteti<\/td>\n<td>80L<\/td>\n<\/tr>\n<tr>\n<td>Rezervuari<\/td>\n<td>Rezervuar i emaluar<\/td>\n<\/tr>\n<tr>\n<td>Ngroh\u00ebsi<\/td>\n<td>\u00c7elik inox 310S me mbrojtje t\u00eb emaluar<\/td>\n<\/tr>\n<tr>\n<td>Anoda<\/td>\n<td>Anod\u00eb magnezi<\/td>\n<\/tr>\n<tr>\n<td>Termostat<\/td>\n<td>Rregullim i vazhduesh\u00ebm i temperatur\u00ebs<\/td>\n<\/tr>\n<tr>\n<td>Mbrojtje nga mbinxehja<\/td>\n<td>Po<\/td>\n<\/tr>\n<tr>\n<td>Izolim<\/td>\n<td>Shtres\u00eb e plot\u00eb izoluese<\/td>\n<\/tr>\n<\/tbody>\n<\/table>\n","protected":false},"featured_media":11123,"comment_status":"open","ping_status":"closed","template":"","meta":[],"product_brand":[],"product_cat":[256],"product_tag":[],"class_list":{"0":"post-11127","1":"product","2":"type-product","3":"status-publish","4":"has-post-thumbnail","6":"product_cat-bojler","8":"first","9":"instock","10":"shipping-taxable","11":"product-type-simple"},"yoast_head":"<!-- This site is optimized with the Yoast SEO Premium plugin v24.8 (Yoast SEO v24.8.1) - https:\/\/yoast.com\/wordpress\/plugins\/seo\/ -->\n<title>Bojler FUEGO FGVW 80VHDH, 80L - Fuego<\/title>\n<meta name=\"robots\" content=\"index, follow, max-snippet:-1, max-image-preview:large, max-video-preview:-1\" \/>\n<link rel=\"canonical\" href=\"https:\/\/fuego-international.com\/AL\/?product=bojler-fuego-fgvw-80vhdh-80l\" \/>\n<meta property=\"og:locale\" content=\"sq_AL\" \/>\n<meta property=\"og:type\" content=\"article\" \/>\n<meta property=\"og:title\" content=\"Bojler FUEGO FGVW 80VHDH, 80L\" \/>\n<meta property=\"og:description\" content=\"Karakteristika Detajet   Kapaciteti 80L   Rezervuari Rezervuar i emaluar   Ngroh\u00ebsi \u00c7elik inox 310S me mbrojtje t\u00eb emaluar   Anoda Anod\u00eb magnezi   Termostat Rregullim i vazhduesh\u00ebm i temperatur\u00ebs   Mbrojtje nga mbinxehja Po   Izolim Shtres\u00eb e plot\u00eb izoluese\" \/>\n<meta property=\"og:url\" content=\"https:\/\/fuego-international.com\/AL\/?product=bojler-fuego-fgvw-80vhdh-80l\" \/>\n<meta property=\"og:site_name\" content=\"Fuego\" \/>\n<meta property=\"article:modified_time\" content=\"2026-03-07T14:11:18+00:00\" \/>\n<meta property=\"og:image\" content=\"https:\/\/fuego-international.com\/AL\/wp-content\/uploads\/2026\/03\/FUEGO-FGVW-50VH.jpg\" \/>\n\t<meta property=\"og:image:width\" content=\"1000\" \/>\n\t<meta property=\"og:image:height\" content=\"1000\" \/>\n\t<meta property=\"og:image:type\" content=\"image\/jpeg\" \/>\n<meta name=\"twitter:card\" content=\"summary_large_image\" \/>\n<meta name=\"twitter:label1\" content=\"Est. reading time\" \/>\n\t<meta name=\"twitter:data1\" content=\"1 minut\u00eb\" \/>\n<script type=\"application\/ld+json\" class=\"yoast-schema-graph\">{\"@context\":\"https:\/\/schema.org\",\"@graph\":[{\"@type\":\"WebPage\",\"@id\":\"https:\/\/fuego-international.com\/AL\/?product=bojler-fuego-fgvw-80vhdh-80l\",\"url\":\"https:\/\/fuego-international.com\/AL\/?product=bojler-fuego-fgvw-80vhdh-80l\",\"name\":\"Bojler FUEGO FGVW 80VHDH, 80L - Fuego\",\"isPartOf\":{\"@id\":\"https:\/\/fuego-international.com\/AL\/#website\"},\"primaryImageOfPage\":{\"@id\":\"https:\/\/fuego-international.com\/AL\/?product=bojler-fuego-fgvw-80vhdh-80l#primaryimage\"},\"image\":{\"@id\":\"https:\/\/fuego-international.com\/AL\/?product=bojler-fuego-fgvw-80vhdh-80l#primaryimage\"},\"thumbnailUrl\":\"https:\/\/fuego-international.com\/AL\/wp-content\/uploads\/2026\/03\/FUEGO-FGVW-50VH.jpg\",\"datePublished\":\"2026-03-07T14:10:23+00:00\",\"dateModified\":\"2026-03-07T14:11:18+00:00\",\"breadcrumb\":{\"@id\":\"https:\/\/fuego-international.com\/AL\/?product=bojler-fuego-fgvw-80vhdh-80l#breadcrumb\"},\"inLanguage\":\"sq\",\"potentialAction\":[{\"@type\":\"ReadAction\",\"target\":[\"https:\/\/fuego-international.com\/AL\/?product=bojler-fuego-fgvw-80vhdh-80l\"]}]},{\"@type\":\"ImageObject\",\"inLanguage\":\"sq\",\"@id\":\"https:\/\/fuego-international.com\/AL\/?product=bojler-fuego-fgvw-80vhdh-80l#primaryimage\",\"url\":\"https:\/\/fuego-international.com\/AL\/wp-content\/uploads\/2026\/03\/FUEGO-FGVW-50VH.jpg\",\"contentUrl\":\"https:\/\/fuego-international.com\/AL\/wp-content\/uploads\/2026\/03\/FUEGO-FGVW-50VH.jpg\",\"width\":1000,\"height\":1000},{\"@type\":\"BreadcrumbList\",\"@id\":\"https:\/\/fuego-international.com\/AL\/?product=bojler-fuego-fgvw-80vhdh-80l#breadcrumb\",\"itemListElement\":[{\"@type\":\"ListItem\",\"position\":1,\"name\":\"Home\",\"item\":\"https:\/\/fuego-international.com\/AL\/\"},{\"@type\":\"ListItem\",\"position\":2,\"name\":\"Produktet\",\"item\":\"https:\/\/fuego-international.com\/AL\/?page_id=7\"},{\"@type\":\"ListItem\",\"position\":3,\"name\":\"Bojler FUEGO FGVW 80VHDH, 80L\"}]},{\"@type\":\"WebSite\",\"@id\":\"https:\/\/fuego-international.com\/AL\/#website\",\"url\":\"https:\/\/fuego-international.com\/AL\/\",\"name\":\"Fuego\",\"description\":\"\",\"potentialAction\":[{\"@type\":\"SearchAction\",\"target\":{\"@type\":\"EntryPoint\",\"urlTemplate\":\"https:\/\/fuego-international.com\/AL\/?s={search_term_string}\"},\"query-input\":{\"@type\":\"PropertyValueSpecification\",\"valueRequired\":true,\"valueName\":\"search_term_string\"}}],\"inLanguage\":\"sq\"}]}<\/script>\n<!-- \/ Yoast SEO Premium plugin. -->","yoast_head_json":{"title":"Bojler FUEGO FGVW 80VHDH, 80L - Fuego","robots":{"index":"index","follow":"follow","max-snippet":"max-snippet:-1","max-image-preview":"max-image-preview:large","max-video-preview":"max-video-preview:-1"},"canonical":"https:\/\/fuego-international.com\/AL\/?product=bojler-fuego-fgvw-80vhdh-80l","og_locale":"sq_AL","og_type":"article","og_title":"Bojler FUEGO FGVW 80VHDH, 80L","og_description":"Karakteristika Detajet   Kapaciteti 80L   Rezervuari Rezervuar i emaluar   Ngroh\u00ebsi \u00c7elik inox 310S me mbrojtje t\u00eb emaluar   Anoda Anod\u00eb magnezi   Termostat Rregullim i vazhduesh\u00ebm i temperatur\u00ebs   Mbrojtje nga mbinxehja Po   Izolim Shtres\u00eb e plot\u00eb izoluese","og_url":"https:\/\/fuego-international.com\/AL\/?product=bojler-fuego-fgvw-80vhdh-80l","og_site_name":"Fuego","article_modified_time":"2026-03-07T14:11:18+00:00","og_image":[{"width":1000,"height":1000,"url":"https:\/\/fuego-international.com\/AL\/wp-content\/uploads\/2026\/03\/FUEGO-FGVW-50VH.jpg","type":"image\/jpeg"}],"twitter_card":"summary_large_image","twitter_misc":{"Est. reading time":"1 minut\u00eb"},"schema":{"@context":"https:\/\/schema.org","@graph":[{"@type":"WebPage","@id":"https:\/\/fuego-international.com\/AL\/?product=bojler-fuego-fgvw-80vhdh-80l","url":"https:\/\/fuego-international.com\/AL\/?product=bojler-fuego-fgvw-80vhdh-80l","name":"Bojler FUEGO FGVW 80VHDH, 80L - Fuego","isPartOf":{"@id":"https:\/\/fuego-international.com\/AL\/#website"},"primaryImageOfPage":{"@id":"https:\/\/fuego-international.com\/AL\/?product=bojler-fuego-fgvw-80vhdh-80l#primaryimage"},"image":{"@id":"https:\/\/fuego-international.com\/AL\/?product=bojler-fuego-fgvw-80vhdh-80l#primaryimage"},"thumbnailUrl":"https:\/\/fuego-international.com\/AL\/wp-content\/uploads\/2026\/03\/FUEGO-FGVW-50VH.jpg","datePublished":"2026-03-07T14:10:23+00:00","dateModified":"2026-03-07T14:11:18+00:00","breadcrumb":{"@id":"https:\/\/fuego-international.com\/AL\/?product=bojler-fuego-fgvw-80vhdh-80l#breadcrumb"},"inLanguage":"sq","potentialAction":[{"@type":"ReadAction","target":["https:\/\/fuego-international.com\/AL\/?product=bojler-fuego-fgvw-80vhdh-80l"]}]},{"@type":"ImageObject","inLanguage":"sq","@id":"https:\/\/fuego-international.com\/AL\/?product=bojler-fuego-fgvw-80vhdh-80l#primaryimage","url":"https:\/\/fuego-international.com\/AL\/wp-content\/uploads\/2026\/03\/FUEGO-FGVW-50VH.jpg","contentUrl":"https:\/\/fuego-international.com\/AL\/wp-content\/uploads\/2026\/03\/FUEGO-FGVW-50VH.jpg","width":1000,"height":1000},{"@type":"BreadcrumbList","@id":"https:\/\/fuego-international.com\/AL\/?product=bojler-fuego-fgvw-80vhdh-80l#breadcrumb","itemListElement":[{"@type":"ListItem","position":1,"name":"Home","item":"https:\/\/fuego-international.com\/AL\/"},{"@type":"ListItem","position":2,"name":"Produktet","item":"https:\/\/fuego-international.com\/AL\/?page_id=7"},{"@type":"ListItem","position":3,"name":"Bojler FUEGO FGVW 80VHDH, 80L"}]},{"@type":"WebSite","@id":"https:\/\/fuego-international.com\/AL\/#website","url":"https:\/\/fuego-international.com\/AL\/","name":"Fuego","description":"","potentialAction":[{"@type":"SearchAction","target":{"@type":"EntryPoint","urlTemplate":"https:\/\/fuego-international.com\/AL\/?s={search_term_string}"},"query-input":{"@type":"PropertyValueSpecification","valueRequired":true,"valueName":"search_term_string"}}],"inLanguage":"sq"}]}},"_links":{"self":[{"href":"https:\/\/fuego-international.com\/AL\/index.php?rest_route=\/wp\/v2\/product\/11127","targetHints":{"allow":["GET"]}}],"collection":[{"href":"https:\/\/fuego-international.com\/AL\/index.php?rest_route=\/wp\/v2\/product"}],"about":[{"href":"https:\/\/fuego-international.com\/AL\/index.php?rest_route=\/wp\/v2\/types\/product"}],"replies":[{"embeddable":true,"href":"https:\/\/fuego-international.com\/AL\/index.php?rest_route=%2Fwp%2Fv2%2Fcomments&post=11127"}],"wp:featuredmedia":[{"embeddable":true,"href":"https:\/\/fuego-international.com\/AL\/index.php?rest_route=\/wp\/v2\/media\/11123"}],"wp:attachment":[{"href":"https:\/\/fuego-international.com\/AL\/index.php?rest_route=%2Fwp%2Fv2%2Fmedia&parent=11127"}],"wp:term":[{"taxonomy":"product_brand","embeddable":true,"href":"https:\/\/fuego-international.com\/AL\/index.php?rest_route=%2Fwp%2Fv2%2Fproduct_brand&post=11127"},{"taxonomy":"product_cat","embeddable":true,"href":"https:\/\/fuego-international.com\/AL\/index.php?rest_route=%2Fwp%2Fv2%2Fproduct_cat&post=11127"},{"taxonomy":"product_tag","embeddable":true,"href":"https:\/\/fuego-international.com\/AL\/index.php?rest_route=%2Fwp%2Fv2%2Fproduct_tag&post=11127"}],"curies":[{"name":"wp","href":"https:\/\/api.w.org\/{rel}","templated":true}]}}