{"id":11118,"date":"2026-03-07T16:03:24","date_gmt":"2026-03-07T14:03:24","guid":{"rendered":"https:\/\/fuego-international.com\/AL\/?post_type=product&#038;p=11118"},"modified":"2026-03-07T16:03:25","modified_gmt":"2026-03-07T14:03:25","slug":"bojler-fuego-fgvw-80dd","status":"publish","type":"product","link":"https:\/\/fuego-international.com\/AL\/?product=bojler-fuego-fgvw-80dd","title":{"rendered":"Bojler FUEGO FGVW 80DD"},"content":{"rendered":"<table border=\"1\">\n<tbody>\n<tr>\n<th>Karakteristika<\/th>\n<th>Detajet<\/th>\n<\/tr>\n<tr>\n<td>Kapaciteti<\/td>\n<td>80L nominal (66L aktiv)<\/td>\n<\/tr>\n<tr>\n<td>Kontrolli<\/td>\n<td>Kontroll elektronik me prekje (touch) + ekran digjital<\/td>\n<\/tr>\n<tr>\n<td>WiFi<\/td>\n<td>WiFi i integruar<\/td>\n<\/tr>\n<tr>\n<td>Rezervuari<\/td>\n<td>Rezervuar i dyfisht\u00eb tandem i emaluar<\/td>\n<\/tr>\n<tr>\n<td>Teknologjia<\/td>\n<td>Teknologji AI Adaptive Water Control<\/td>\n<\/tr>\n<tr>\n<td>Mbrojtje kund\u00ebr korrozionit<\/td>\n<td>Anod\u00eb magnezi me cil\u00ebsi t\u00eb lart\u00eb<\/td>\n<\/tr>\n<tr>\n<td>Izolimi<\/td>\n<td>Shkum\u00eb me densitet t\u00eb lart\u00eb, trash\u00ebsi 50 mm<\/td>\n<\/tr>\n<tr>\n<td>Klasa energjetike<\/td>\n<td>ERP B<\/td>\n<\/tr>\n<tr>\n<td>Certifikimi<\/td>\n<td>Certifikat\u00eb CE<\/td>\n<\/tr>\n<\/tbody>\n<\/table>\n","protected":false},"excerpt":{"rendered":"<table border=\"1\">\n<tbody>\n<tr>\n<th>Karakteristika<\/th>\n<th>Detajet<\/th>\n<\/tr>\n<tr>\n<td>Kapaciteti<\/td>\n<td>80L nominal (66L aktiv)<\/td>\n<\/tr>\n<tr>\n<td>Kontrolli<\/td>\n<td>Kontroll elektronik me prekje (touch) + ekran digjital<\/td>\n<\/tr>\n<tr>\n<td>WiFi<\/td>\n<td>WiFi i integruar<\/td>\n<\/tr>\n<tr>\n<td>Rezervuari<\/td>\n<td>Rezervuar i dyfisht\u00eb tandem i emaluar<\/td>\n<\/tr>\n<tr>\n<td>Teknologjia<\/td>\n<td>Teknologji AI Adaptive Water Control<\/td>\n<\/tr>\n<tr>\n<td>Mbrojtje kund\u00ebr korrozionit<\/td>\n<td>Anod\u00eb magnezi me cil\u00ebsi t\u00eb lart\u00eb<\/td>\n<\/tr>\n<tr>\n<td>Izolimi<\/td>\n<td>Shkum\u00eb me densitet t\u00eb lart\u00eb, trash\u00ebsi 50 mm<\/td>\n<\/tr>\n<tr>\n<td>Klasa energjetike<\/td>\n<td>ERP B<\/td>\n<\/tr>\n<tr>\n<td>Certifikimi<\/td>\n<td>Certifikat\u00eb CE<\/td>\n<\/tr>\n<\/tbody>\n<\/table>\n","protected":false},"featured_media":11120,"comment_status":"open","ping_status":"closed","template":"","meta":[],"product_brand":[],"product_cat":[256],"product_tag":[],"class_list":{"0":"post-11118","1":"product","2":"type-product","3":"status-publish","4":"has-post-thumbnail","6":"product_cat-bojler","8":"first","9":"instock","10":"shipping-taxable","11":"product-type-simple"},"yoast_head":"<!-- This site is optimized with the Yoast SEO Premium plugin v24.8 (Yoast SEO v24.8.1) - https:\/\/yoast.com\/wordpress\/plugins\/seo\/ -->\n<title>Bojler FUEGO FGVW 80DD - Fuego<\/title>\n<meta name=\"robots\" content=\"index, follow, max-snippet:-1, max-image-preview:large, max-video-preview:-1\" \/>\n<link rel=\"canonical\" href=\"https:\/\/fuego-international.com\/AL\/?product=bojler-fuego-fgvw-80dd\" \/>\n<meta property=\"og:locale\" content=\"sq_AL\" \/>\n<meta property=\"og:type\" content=\"article\" \/>\n<meta property=\"og:title\" content=\"Bojler FUEGO FGVW 80DD\" \/>\n<meta property=\"og:description\" content=\"Karakteristika Detajet   Kapaciteti 80L nominal (66L aktiv)   Kontrolli Kontroll elektronik me prekje (touch) + ekran digjital   WiFi WiFi i integruar   Rezervuari Rezervuar i dyfisht\u00eb tandem i emaluar   Teknologjia Teknologji AI Adaptive Water Control   Mbrojtje kund\u00ebr korrozionit Anod\u00eb magnezi me cil\u00ebsi t\u00eb lart\u00eb   Izolimi Shkum\u00eb me densitet t\u00eb lart\u00eb, trash\u00ebsi 50 mm   Klasa energjetike ERP B   Certifikimi Certifikat\u00eb CE\" \/>\n<meta property=\"og:url\" content=\"https:\/\/fuego-international.com\/AL\/?product=bojler-fuego-fgvw-80dd\" \/>\n<meta property=\"og:site_name\" content=\"Fuego\" \/>\n<meta property=\"article:modified_time\" content=\"2026-03-07T14:03:25+00:00\" \/>\n<meta property=\"og:image\" content=\"https:\/\/fuego-international.com\/AL\/wp-content\/uploads\/2026\/03\/FUEGO-FGVW-80DD.jpg\" \/>\n\t<meta property=\"og:image:width\" content=\"1000\" \/>\n\t<meta property=\"og:image:height\" content=\"1000\" \/>\n\t<meta property=\"og:image:type\" content=\"image\/jpeg\" \/>\n<meta name=\"twitter:card\" content=\"summary_large_image\" \/>\n<meta name=\"twitter:label1\" content=\"Est. reading time\" \/>\n\t<meta name=\"twitter:data1\" content=\"1 minut\u00eb\" \/>\n<script type=\"application\/ld+json\" class=\"yoast-schema-graph\">{\"@context\":\"https:\/\/schema.org\",\"@graph\":[{\"@type\":\"WebPage\",\"@id\":\"https:\/\/fuego-international.com\/AL\/?product=bojler-fuego-fgvw-80dd\",\"url\":\"https:\/\/fuego-international.com\/AL\/?product=bojler-fuego-fgvw-80dd\",\"name\":\"Bojler FUEGO FGVW 80DD - Fuego\",\"isPartOf\":{\"@id\":\"https:\/\/fuego-international.com\/AL\/#website\"},\"primaryImageOfPage\":{\"@id\":\"https:\/\/fuego-international.com\/AL\/?product=bojler-fuego-fgvw-80dd#primaryimage\"},\"image\":{\"@id\":\"https:\/\/fuego-international.com\/AL\/?product=bojler-fuego-fgvw-80dd#primaryimage\"},\"thumbnailUrl\":\"https:\/\/fuego-international.com\/AL\/wp-content\/uploads\/2026\/03\/FUEGO-FGVW-80DD.jpg\",\"datePublished\":\"2026-03-07T14:03:24+00:00\",\"dateModified\":\"2026-03-07T14:03:25+00:00\",\"breadcrumb\":{\"@id\":\"https:\/\/fuego-international.com\/AL\/?product=bojler-fuego-fgvw-80dd#breadcrumb\"},\"inLanguage\":\"sq\",\"potentialAction\":[{\"@type\":\"ReadAction\",\"target\":[\"https:\/\/fuego-international.com\/AL\/?product=bojler-fuego-fgvw-80dd\"]}]},{\"@type\":\"ImageObject\",\"inLanguage\":\"sq\",\"@id\":\"https:\/\/fuego-international.com\/AL\/?product=bojler-fuego-fgvw-80dd#primaryimage\",\"url\":\"https:\/\/fuego-international.com\/AL\/wp-content\/uploads\/2026\/03\/FUEGO-FGVW-80DD.jpg\",\"contentUrl\":\"https:\/\/fuego-international.com\/AL\/wp-content\/uploads\/2026\/03\/FUEGO-FGVW-80DD.jpg\",\"width\":1000,\"height\":1000},{\"@type\":\"BreadcrumbList\",\"@id\":\"https:\/\/fuego-international.com\/AL\/?product=bojler-fuego-fgvw-80dd#breadcrumb\",\"itemListElement\":[{\"@type\":\"ListItem\",\"position\":1,\"name\":\"Home\",\"item\":\"https:\/\/fuego-international.com\/AL\/\"},{\"@type\":\"ListItem\",\"position\":2,\"name\":\"Produktet\",\"item\":\"https:\/\/fuego-international.com\/AL\/?page_id=7\"},{\"@type\":\"ListItem\",\"position\":3,\"name\":\"Bojler FUEGO FGVW 80DD\"}]},{\"@type\":\"WebSite\",\"@id\":\"https:\/\/fuego-international.com\/AL\/#website\",\"url\":\"https:\/\/fuego-international.com\/AL\/\",\"name\":\"Fuego\",\"description\":\"\",\"potentialAction\":[{\"@type\":\"SearchAction\",\"target\":{\"@type\":\"EntryPoint\",\"urlTemplate\":\"https:\/\/fuego-international.com\/AL\/?s={search_term_string}\"},\"query-input\":{\"@type\":\"PropertyValueSpecification\",\"valueRequired\":true,\"valueName\":\"search_term_string\"}}],\"inLanguage\":\"sq\"}]}<\/script>\n<!-- \/ Yoast SEO Premium plugin. -->","yoast_head_json":{"title":"Bojler FUEGO FGVW 80DD - Fuego","robots":{"index":"index","follow":"follow","max-snippet":"max-snippet:-1","max-image-preview":"max-image-preview:large","max-video-preview":"max-video-preview:-1"},"canonical":"https:\/\/fuego-international.com\/AL\/?product=bojler-fuego-fgvw-80dd","og_locale":"sq_AL","og_type":"article","og_title":"Bojler FUEGO FGVW 80DD","og_description":"Karakteristika Detajet   Kapaciteti 80L nominal (66L aktiv)   Kontrolli Kontroll elektronik me prekje (touch) + ekran digjital   WiFi WiFi i integruar   Rezervuari Rezervuar i dyfisht\u00eb tandem i emaluar   Teknologjia Teknologji AI Adaptive Water Control   Mbrojtje kund\u00ebr korrozionit Anod\u00eb magnezi me cil\u00ebsi t\u00eb lart\u00eb   Izolimi Shkum\u00eb me densitet t\u00eb lart\u00eb, trash\u00ebsi 50 mm   Klasa energjetike ERP B   Certifikimi Certifikat\u00eb CE","og_url":"https:\/\/fuego-international.com\/AL\/?product=bojler-fuego-fgvw-80dd","og_site_name":"Fuego","article_modified_time":"2026-03-07T14:03:25+00:00","og_image":[{"width":1000,"height":1000,"url":"https:\/\/fuego-international.com\/AL\/wp-content\/uploads\/2026\/03\/FUEGO-FGVW-80DD.jpg","type":"image\/jpeg"}],"twitter_card":"summary_large_image","twitter_misc":{"Est. reading time":"1 minut\u00eb"},"schema":{"@context":"https:\/\/schema.org","@graph":[{"@type":"WebPage","@id":"https:\/\/fuego-international.com\/AL\/?product=bojler-fuego-fgvw-80dd","url":"https:\/\/fuego-international.com\/AL\/?product=bojler-fuego-fgvw-80dd","name":"Bojler FUEGO FGVW 80DD - Fuego","isPartOf":{"@id":"https:\/\/fuego-international.com\/AL\/#website"},"primaryImageOfPage":{"@id":"https:\/\/fuego-international.com\/AL\/?product=bojler-fuego-fgvw-80dd#primaryimage"},"image":{"@id":"https:\/\/fuego-international.com\/AL\/?product=bojler-fuego-fgvw-80dd#primaryimage"},"thumbnailUrl":"https:\/\/fuego-international.com\/AL\/wp-content\/uploads\/2026\/03\/FUEGO-FGVW-80DD.jpg","datePublished":"2026-03-07T14:03:24+00:00","dateModified":"2026-03-07T14:03:25+00:00","breadcrumb":{"@id":"https:\/\/fuego-international.com\/AL\/?product=bojler-fuego-fgvw-80dd#breadcrumb"},"inLanguage":"sq","potentialAction":[{"@type":"ReadAction","target":["https:\/\/fuego-international.com\/AL\/?product=bojler-fuego-fgvw-80dd"]}]},{"@type":"ImageObject","inLanguage":"sq","@id":"https:\/\/fuego-international.com\/AL\/?product=bojler-fuego-fgvw-80dd#primaryimage","url":"https:\/\/fuego-international.com\/AL\/wp-content\/uploads\/2026\/03\/FUEGO-FGVW-80DD.jpg","contentUrl":"https:\/\/fuego-international.com\/AL\/wp-content\/uploads\/2026\/03\/FUEGO-FGVW-80DD.jpg","width":1000,"height":1000},{"@type":"BreadcrumbList","@id":"https:\/\/fuego-international.com\/AL\/?product=bojler-fuego-fgvw-80dd#breadcrumb","itemListElement":[{"@type":"ListItem","position":1,"name":"Home","item":"https:\/\/fuego-international.com\/AL\/"},{"@type":"ListItem","position":2,"name":"Produktet","item":"https:\/\/fuego-international.com\/AL\/?page_id=7"},{"@type":"ListItem","position":3,"name":"Bojler FUEGO FGVW 80DD"}]},{"@type":"WebSite","@id":"https:\/\/fuego-international.com\/AL\/#website","url":"https:\/\/fuego-international.com\/AL\/","name":"Fuego","description":"","potentialAction":[{"@type":"SearchAction","target":{"@type":"EntryPoint","urlTemplate":"https:\/\/fuego-international.com\/AL\/?s={search_term_string}"},"query-input":{"@type":"PropertyValueSpecification","valueRequired":true,"valueName":"search_term_string"}}],"inLanguage":"sq"}]}},"_links":{"self":[{"href":"https:\/\/fuego-international.com\/AL\/index.php?rest_route=\/wp\/v2\/product\/11118","targetHints":{"allow":["GET"]}}],"collection":[{"href":"https:\/\/fuego-international.com\/AL\/index.php?rest_route=\/wp\/v2\/product"}],"about":[{"href":"https:\/\/fuego-international.com\/AL\/index.php?rest_route=\/wp\/v2\/types\/product"}],"replies":[{"embeddable":true,"href":"https:\/\/fuego-international.com\/AL\/index.php?rest_route=%2Fwp%2Fv2%2Fcomments&post=11118"}],"wp:featuredmedia":[{"embeddable":true,"href":"https:\/\/fuego-international.com\/AL\/index.php?rest_route=\/wp\/v2\/media\/11120"}],"wp:attachment":[{"href":"https:\/\/fuego-international.com\/AL\/index.php?rest_route=%2Fwp%2Fv2%2Fmedia&parent=11118"}],"wp:term":[{"taxonomy":"product_brand","embeddable":true,"href":"https:\/\/fuego-international.com\/AL\/index.php?rest_route=%2Fwp%2Fv2%2Fproduct_brand&post=11118"},{"taxonomy":"product_cat","embeddable":true,"href":"https:\/\/fuego-international.com\/AL\/index.php?rest_route=%2Fwp%2Fv2%2Fproduct_cat&post=11118"},{"taxonomy":"product_tag","embeddable":true,"href":"https:\/\/fuego-international.com\/AL\/index.php?rest_route=%2Fwp%2Fv2%2Fproduct_tag&post=11118"}],"curies":[{"name":"wp","href":"https:\/\/api.w.org\/{rel}","templated":true}]}}