{"id":11078,"date":"2025-09-15T10:28:39","date_gmt":"2025-09-15T08:28:39","guid":{"rendered":"https:\/\/fuego-international.com\/AL\/?post_type=product&#038;p=11078"},"modified":"2025-09-15T10:32:55","modified_gmt":"2025-09-15T08:32:55","slug":"tharese-fuego-power-hdfgco4brb","status":"publish","type":"product","link":"https:\/\/fuego-international.com\/AL\/?product=tharese-fuego-power-hdfgco4brb","title":{"rendered":"THARESE FUEGO POWER HDFGCO4BRB"},"content":{"rendered":"<p>Fuqia: 1600\u20131900W (220\u2013240V, 50Hz)<\/p>\n<p>Lloji i motorit: BLDC (motor pa fur\u00e7a)<br \/>\nShpejt\u00ebsia maksimale: 110,000 rpm<br \/>\nDoreza: E palosshme<br \/>\nNivelet e shpejt\u00ebsis\u00eb: E lart\u00eb \/ Mesatare \/ E ul\u00ebt<br \/>\nNivelet e temperatur\u00ebs: E nxeht\u00eb (drit\u00eb e kuqe), E ngroht\u00eb (roz\u00eb), E ftoht\u00eb (blu)<br \/>\nKontrolli: \u00c7el\u00ebsi rr\u00ebshqit\u00ebs i ndezjes\/fikjes + butonat e shpejt\u00ebsis\u00eb dhe temperatur\u00ebs<br \/>\nAj\u00ebr i ftoht\u00eb: Po<br \/>\nPastrimi automatik: Kur butoni i ajrit t\u00eb ftoht\u00eb mbahet shtypur gjat\u00eb ndezjes, motori rrotullohet prapa p\u00ebr 10 sekonda p\u00ebr t\u00eb pastruar mbules\u00ebn e pasme<br \/>\nAksesori: Difuzues<\/p>\n","protected":false},"excerpt":{"rendered":"<p>Fuqia: 1600\u20131900W (220\u2013240V, 50Hz)<\/p>\n<p>Lloji i motorit: BLDC (motor pa fur\u00e7a)<br \/>\nShpejt\u00ebsia maksimale: 110,000 rpm<br \/>\nDoreza: E palosshme<br \/>\nNivelet e shpejt\u00ebsis\u00eb: E lart\u00eb \/ Mesatare \/ E ul\u00ebt<br \/>\nNivelet e temperatur\u00ebs: E nxeht\u00eb (drit\u00eb e kuqe), E ngroht\u00eb (roz\u00eb), E ftoht\u00eb (blu)<br \/>\nKontrolli: \u00c7el\u00ebsi rr\u00ebshqit\u00ebs i ndezjes\/fikjes + butonat e shpejt\u00ebsis\u00eb dhe temperatur\u00ebs<br \/>\nAj\u00ebr i ftoht\u00eb: Po<br \/>\nPastrimi automatik: Kur butoni i ajrit t\u00eb ftoht\u00eb mbahet shtypur gjat\u00eb ndezjes, motori rrotullohet prapa p\u00ebr 10 sekonda p\u00ebr t\u00eb pastruar mbules\u00ebn e pasme<br \/>\nAksesori: Difuzues<\/p>\n","protected":false},"featured_media":11080,"comment_status":"closed","ping_status":"closed","template":"","meta":[],"product_brand":[],"product_cat":[216],"product_tag":[],"class_list":{"0":"post-11078","1":"product","2":"type-product","3":"status-publish","4":"has-post-thumbnail","6":"product_cat-tharese-flokesh","8":"first","9":"instock","10":"product-type-simple"},"yoast_head":"<!-- This site is optimized with the Yoast SEO Premium plugin v24.8 (Yoast SEO v24.8.1) - https:\/\/yoast.com\/wordpress\/plugins\/seo\/ -->\n<title>THARESE FUEGO POWER HDFGCO4BRB - Fuego<\/title>\n<meta name=\"robots\" content=\"index, follow, max-snippet:-1, max-image-preview:large, max-video-preview:-1\" \/>\n<link rel=\"canonical\" href=\"https:\/\/fuego-international.com\/AL\/?product=tharese-fuego-power-hdfgco4brb\" \/>\n<meta property=\"og:locale\" content=\"sq_AL\" \/>\n<meta property=\"og:type\" content=\"article\" \/>\n<meta property=\"og:title\" content=\"THARESE FUEGO POWER HDFGCO4BRB\" \/>\n<meta property=\"og:description\" content=\"Fuqia: 1600\u20131900W (220\u2013240V, 50Hz)  Lloji i motorit: BLDC (motor pa fur\u00e7a) Shpejt\u00ebsia maksimale: 110,000 rpm Doreza: E palosshme Nivelet e shpejt\u00ebsis\u00eb: E lart\u00eb \/ Mesatare \/ E ul\u00ebt Nivelet e temperatur\u00ebs: E nxeht\u00eb (drit\u00eb e kuqe), E ngroht\u00eb (roz\u00eb), E ftoht\u00eb (blu) Kontrolli: \u00c7el\u00ebsi rr\u00ebshqit\u00ebs i ndezjes\/fikjes + butonat e shpejt\u00ebsis\u00eb dhe temperatur\u00ebs Aj\u00ebr i ftoht\u00eb: Po Pastrimi automatik: Kur butoni i ajrit t\u00eb ftoht\u00eb mbahet shtypur gjat\u00eb ndezjes, motori rrotullohet prapa p\u00ebr 10 sekonda p\u00ebr t\u00eb pastruar mbules\u00ebn e pasme Aksesori: Difuzues\" \/>\n<meta property=\"og:url\" content=\"https:\/\/fuego-international.com\/AL\/?product=tharese-fuego-power-hdfgco4brb\" \/>\n<meta property=\"og:site_name\" content=\"Fuego\" \/>\n<meta property=\"article:modified_time\" content=\"2025-09-15T08:32:55+00:00\" \/>\n<meta property=\"og:image\" content=\"https:\/\/fuego-international.com\/AL\/wp-content\/uploads\/2025\/09\/HDFGCO4BRB.jpg\" \/>\n\t<meta property=\"og:image:width\" content=\"1000\" \/>\n\t<meta property=\"og:image:height\" content=\"1000\" \/>\n\t<meta property=\"og:image:type\" content=\"image\/jpeg\" \/>\n<meta name=\"twitter:card\" content=\"summary_large_image\" \/>\n<meta name=\"twitter:label1\" content=\"Est. reading time\" \/>\n\t<meta name=\"twitter:data1\" content=\"1 minut\u00eb\" \/>\n<script type=\"application\/ld+json\" class=\"yoast-schema-graph\">{\"@context\":\"https:\/\/schema.org\",\"@graph\":[{\"@type\":\"WebPage\",\"@id\":\"https:\/\/fuego-international.com\/AL\/?product=tharese-fuego-power-hdfgco4brb\",\"url\":\"https:\/\/fuego-international.com\/AL\/?product=tharese-fuego-power-hdfgco4brb\",\"name\":\"THARESE FUEGO POWER HDFGCO4BRB - Fuego\",\"isPartOf\":{\"@id\":\"https:\/\/fuego-international.com\/AL\/#website\"},\"primaryImageOfPage\":{\"@id\":\"https:\/\/fuego-international.com\/AL\/?product=tharese-fuego-power-hdfgco4brb#primaryimage\"},\"image\":{\"@id\":\"https:\/\/fuego-international.com\/AL\/?product=tharese-fuego-power-hdfgco4brb#primaryimage\"},\"thumbnailUrl\":\"https:\/\/fuego-international.com\/AL\/wp-content\/uploads\/2025\/09\/HDFGCO4BRB.jpg\",\"datePublished\":\"2025-09-15T08:28:39+00:00\",\"dateModified\":\"2025-09-15T08:32:55+00:00\",\"breadcrumb\":{\"@id\":\"https:\/\/fuego-international.com\/AL\/?product=tharese-fuego-power-hdfgco4brb#breadcrumb\"},\"inLanguage\":\"sq\",\"potentialAction\":[{\"@type\":\"ReadAction\",\"target\":[\"https:\/\/fuego-international.com\/AL\/?product=tharese-fuego-power-hdfgco4brb\"]}]},{\"@type\":\"ImageObject\",\"inLanguage\":\"sq\",\"@id\":\"https:\/\/fuego-international.com\/AL\/?product=tharese-fuego-power-hdfgco4brb#primaryimage\",\"url\":\"https:\/\/fuego-international.com\/AL\/wp-content\/uploads\/2025\/09\/HDFGCO4BRB.jpg\",\"contentUrl\":\"https:\/\/fuego-international.com\/AL\/wp-content\/uploads\/2025\/09\/HDFGCO4BRB.jpg\",\"width\":1000,\"height\":1000},{\"@type\":\"BreadcrumbList\",\"@id\":\"https:\/\/fuego-international.com\/AL\/?product=tharese-fuego-power-hdfgco4brb#breadcrumb\",\"itemListElement\":[{\"@type\":\"ListItem\",\"position\":1,\"name\":\"Home\",\"item\":\"https:\/\/fuego-international.com\/AL\/\"},{\"@type\":\"ListItem\",\"position\":2,\"name\":\"Produktet\",\"item\":\"https:\/\/fuego-international.com\/AL\/?page_id=7\"},{\"@type\":\"ListItem\",\"position\":3,\"name\":\"THARESE FUEGO POWER HDFGCO4BRB\"}]},{\"@type\":\"WebSite\",\"@id\":\"https:\/\/fuego-international.com\/AL\/#website\",\"url\":\"https:\/\/fuego-international.com\/AL\/\",\"name\":\"Fuego\",\"description\":\"\",\"potentialAction\":[{\"@type\":\"SearchAction\",\"target\":{\"@type\":\"EntryPoint\",\"urlTemplate\":\"https:\/\/fuego-international.com\/AL\/?s={search_term_string}\"},\"query-input\":{\"@type\":\"PropertyValueSpecification\",\"valueRequired\":true,\"valueName\":\"search_term_string\"}}],\"inLanguage\":\"sq\"}]}<\/script>\n<!-- \/ Yoast SEO Premium plugin. -->","yoast_head_json":{"title":"THARESE FUEGO POWER HDFGCO4BRB - Fuego","robots":{"index":"index","follow":"follow","max-snippet":"max-snippet:-1","max-image-preview":"max-image-preview:large","max-video-preview":"max-video-preview:-1"},"canonical":"https:\/\/fuego-international.com\/AL\/?product=tharese-fuego-power-hdfgco4brb","og_locale":"sq_AL","og_type":"article","og_title":"THARESE FUEGO POWER HDFGCO4BRB","og_description":"Fuqia: 1600\u20131900W (220\u2013240V, 50Hz)  Lloji i motorit: BLDC (motor pa fur\u00e7a) Shpejt\u00ebsia maksimale: 110,000 rpm Doreza: E palosshme Nivelet e shpejt\u00ebsis\u00eb: E lart\u00eb \/ Mesatare \/ E ul\u00ebt Nivelet e temperatur\u00ebs: E nxeht\u00eb (drit\u00eb e kuqe), E ngroht\u00eb (roz\u00eb), E ftoht\u00eb (blu) Kontrolli: \u00c7el\u00ebsi rr\u00ebshqit\u00ebs i ndezjes\/fikjes + butonat e shpejt\u00ebsis\u00eb dhe temperatur\u00ebs Aj\u00ebr i ftoht\u00eb: Po Pastrimi automatik: Kur butoni i ajrit t\u00eb ftoht\u00eb mbahet shtypur gjat\u00eb ndezjes, motori rrotullohet prapa p\u00ebr 10 sekonda p\u00ebr t\u00eb pastruar mbules\u00ebn e pasme Aksesori: Difuzues","og_url":"https:\/\/fuego-international.com\/AL\/?product=tharese-fuego-power-hdfgco4brb","og_site_name":"Fuego","article_modified_time":"2025-09-15T08:32:55+00:00","og_image":[{"width":1000,"height":1000,"url":"https:\/\/fuego-international.com\/AL\/wp-content\/uploads\/2025\/09\/HDFGCO4BRB.jpg","type":"image\/jpeg"}],"twitter_card":"summary_large_image","twitter_misc":{"Est. reading time":"1 minut\u00eb"},"schema":{"@context":"https:\/\/schema.org","@graph":[{"@type":"WebPage","@id":"https:\/\/fuego-international.com\/AL\/?product=tharese-fuego-power-hdfgco4brb","url":"https:\/\/fuego-international.com\/AL\/?product=tharese-fuego-power-hdfgco4brb","name":"THARESE FUEGO POWER HDFGCO4BRB - Fuego","isPartOf":{"@id":"https:\/\/fuego-international.com\/AL\/#website"},"primaryImageOfPage":{"@id":"https:\/\/fuego-international.com\/AL\/?product=tharese-fuego-power-hdfgco4brb#primaryimage"},"image":{"@id":"https:\/\/fuego-international.com\/AL\/?product=tharese-fuego-power-hdfgco4brb#primaryimage"},"thumbnailUrl":"https:\/\/fuego-international.com\/AL\/wp-content\/uploads\/2025\/09\/HDFGCO4BRB.jpg","datePublished":"2025-09-15T08:28:39+00:00","dateModified":"2025-09-15T08:32:55+00:00","breadcrumb":{"@id":"https:\/\/fuego-international.com\/AL\/?product=tharese-fuego-power-hdfgco4brb#breadcrumb"},"inLanguage":"sq","potentialAction":[{"@type":"ReadAction","target":["https:\/\/fuego-international.com\/AL\/?product=tharese-fuego-power-hdfgco4brb"]}]},{"@type":"ImageObject","inLanguage":"sq","@id":"https:\/\/fuego-international.com\/AL\/?product=tharese-fuego-power-hdfgco4brb#primaryimage","url":"https:\/\/fuego-international.com\/AL\/wp-content\/uploads\/2025\/09\/HDFGCO4BRB.jpg","contentUrl":"https:\/\/fuego-international.com\/AL\/wp-content\/uploads\/2025\/09\/HDFGCO4BRB.jpg","width":1000,"height":1000},{"@type":"BreadcrumbList","@id":"https:\/\/fuego-international.com\/AL\/?product=tharese-fuego-power-hdfgco4brb#breadcrumb","itemListElement":[{"@type":"ListItem","position":1,"name":"Home","item":"https:\/\/fuego-international.com\/AL\/"},{"@type":"ListItem","position":2,"name":"Produktet","item":"https:\/\/fuego-international.com\/AL\/?page_id=7"},{"@type":"ListItem","position":3,"name":"THARESE FUEGO POWER HDFGCO4BRB"}]},{"@type":"WebSite","@id":"https:\/\/fuego-international.com\/AL\/#website","url":"https:\/\/fuego-international.com\/AL\/","name":"Fuego","description":"","potentialAction":[{"@type":"SearchAction","target":{"@type":"EntryPoint","urlTemplate":"https:\/\/fuego-international.com\/AL\/?s={search_term_string}"},"query-input":{"@type":"PropertyValueSpecification","valueRequired":true,"valueName":"search_term_string"}}],"inLanguage":"sq"}]}},"_links":{"self":[{"href":"https:\/\/fuego-international.com\/AL\/index.php?rest_route=\/wp\/v2\/product\/11078","targetHints":{"allow":["GET"]}}],"collection":[{"href":"https:\/\/fuego-international.com\/AL\/index.php?rest_route=\/wp\/v2\/product"}],"about":[{"href":"https:\/\/fuego-international.com\/AL\/index.php?rest_route=\/wp\/v2\/types\/product"}],"replies":[{"embeddable":true,"href":"https:\/\/fuego-international.com\/AL\/index.php?rest_route=%2Fwp%2Fv2%2Fcomments&post=11078"}],"wp:featuredmedia":[{"embeddable":true,"href":"https:\/\/fuego-international.com\/AL\/index.php?rest_route=\/wp\/v2\/media\/11080"}],"wp:attachment":[{"href":"https:\/\/fuego-international.com\/AL\/index.php?rest_route=%2Fwp%2Fv2%2Fmedia&parent=11078"}],"wp:term":[{"taxonomy":"product_brand","embeddable":true,"href":"https:\/\/fuego-international.com\/AL\/index.php?rest_route=%2Fwp%2Fv2%2Fproduct_brand&post=11078"},{"taxonomy":"product_cat","embeddable":true,"href":"https:\/\/fuego-international.com\/AL\/index.php?rest_route=%2Fwp%2Fv2%2Fproduct_cat&post=11078"},{"taxonomy":"product_tag","embeddable":true,"href":"https:\/\/fuego-international.com\/AL\/index.php?rest_route=%2Fwp%2Fv2%2Fproduct_tag&post=11078"}],"curies":[{"name":"wp","href":"https:\/\/api.w.org\/{rel}","templated":true}]}}