{"id":11076,"date":"2025-09-15T10:17:55","date_gmt":"2025-09-15T08:17:55","guid":{"rendered":"https:\/\/fuego-international.com\/AL\/?post_type=product&#038;p=11076"},"modified":"2025-09-15T10:23:11","modified_gmt":"2025-09-15T08:23:11","slug":"tharese-flokesh-fuego-flow-hdfgco3dg","status":"publish","type":"product","link":"https:\/\/fuego-international.com\/AL\/?product=tharese-flokesh-fuego-flow-hdfgco3dg","title":{"rendered":"THARESE FLOKESH FUEGO FLOW HDFGCO3DG"},"content":{"rendered":"<p>Fuqia: 1500\u20131800W (220\u2013240V, 50Hz)<br \/>\nLloji i motorit: BLDC, 110,000 rpm, me 13 tehe alumini<br \/>\nShpejt\u00ebsia e ajrit: Deri n\u00eb 24 m\/s<br \/>\nTemperaturat: Ftoht\u00eb \/ Ngroht\u00eb \/ Nxeht\u00eb<br \/>\nShpejt\u00ebsit\u00eb: E lart\u00eb \/ Mesatare \/ E ul\u00ebt<br \/>\nM\u00ebnyrat e funksionimit: 9 kombinime<br \/>\nQarkullimi: Alternativ\u00eb p\u00ebr kujdesin e skalpit dhe flok\u00ebve<br \/>\nPastrimi automatik: Po \u2013 10 sekonda + fikje automatike<br \/>\nUlja e zhurm\u00ebs: Dizajn profesional<br \/>\nP\u00ebrfshir\u00eb: Lidh\u00ebse magnetike e dyfisht\u00eb kund\u00ebr djegies<\/p>\n","protected":false},"excerpt":{"rendered":"<p>Fuqia: 1500\u20131800W (220\u2013240V, 50Hz)<br \/>\nLloji i motorit: BLDC, 110,000 rpm, me 13 tehe alumini<br \/>\nShpejt\u00ebsia e ajrit: Deri n\u00eb 24 m\/s<br \/>\nTemperaturat: Ftoht\u00eb \/ Ngroht\u00eb \/ Nxeht\u00eb<br \/>\nShpejt\u00ebsit\u00eb: E lart\u00eb \/ Mesatare \/ E ul\u00ebt<br \/>\nM\u00ebnyrat e funksionimit: 9 kombinime<br \/>\nQarkullimi: Alternativ\u00eb p\u00ebr kujdesin e skalpit dhe flok\u00ebve<br \/>\nPastrimi automatik: Po \u2013 10 sekonda + fikje automatike<br \/>\nUlja e zhurm\u00ebs: Dizajn profesional<br \/>\nP\u00ebrfshir\u00eb: Lidh\u00ebse magnetike e dyfisht\u00eb kund\u00ebr djegies<\/p>\n","protected":false},"featured_media":11077,"comment_status":"closed","ping_status":"closed","template":"","meta":[],"product_brand":[],"product_cat":[216],"product_tag":[],"class_list":{"0":"post-11076","1":"product","2":"type-product","3":"status-publish","4":"has-post-thumbnail","6":"product_cat-tharese-flokesh","8":"first","9":"instock","10":"product-type-simple"},"yoast_head":"<!-- This site is optimized with the Yoast SEO Premium plugin v24.8 (Yoast SEO v24.8.1) - https:\/\/yoast.com\/wordpress\/plugins\/seo\/ -->\n<title>THARESE FLOKESH FUEGO FLOW HDFGCO3DG - Fuego<\/title>\n<meta name=\"robots\" content=\"index, follow, max-snippet:-1, max-image-preview:large, max-video-preview:-1\" \/>\n<link rel=\"canonical\" href=\"https:\/\/fuego-international.com\/AL\/?product=tharese-flokesh-fuego-flow-hdfgco3dg\" \/>\n<meta property=\"og:locale\" content=\"sq_AL\" \/>\n<meta property=\"og:type\" content=\"article\" \/>\n<meta property=\"og:title\" content=\"THARESE FLOKESH FUEGO FLOW HDFGCO3DG\" \/>\n<meta property=\"og:description\" content=\"Fuqia: 1500\u20131800W (220\u2013240V, 50Hz) Lloji i motorit: BLDC, 110,000 rpm, me 13 tehe alumini Shpejt\u00ebsia e ajrit: Deri n\u00eb 24 m\/s Temperaturat: Ftoht\u00eb \/ Ngroht\u00eb \/ Nxeht\u00eb Shpejt\u00ebsit\u00eb: E lart\u00eb \/ Mesatare \/ E ul\u00ebt M\u00ebnyrat e funksionimit: 9 kombinime Qarkullimi: Alternativ\u00eb p\u00ebr kujdesin e skalpit dhe flok\u00ebve Pastrimi automatik: Po \u2013 10 sekonda + fikje automatike Ulja e zhurm\u00ebs: Dizajn profesional P\u00ebrfshir\u00eb: Lidh\u00ebse magnetike e dyfisht\u00eb kund\u00ebr djegies\" \/>\n<meta property=\"og:url\" content=\"https:\/\/fuego-international.com\/AL\/?product=tharese-flokesh-fuego-flow-hdfgco3dg\" \/>\n<meta property=\"og:site_name\" content=\"Fuego\" \/>\n<meta property=\"article:modified_time\" content=\"2025-09-15T08:23:11+00:00\" \/>\n<meta property=\"og:image\" content=\"https:\/\/fuego-international.com\/AL\/wp-content\/uploads\/2025\/09\/HDFGCO3DG.jpg\" \/>\n\t<meta property=\"og:image:width\" content=\"1000\" \/>\n\t<meta property=\"og:image:height\" content=\"1000\" \/>\n\t<meta property=\"og:image:type\" content=\"image\/jpeg\" \/>\n<meta name=\"twitter:card\" content=\"summary_large_image\" \/>\n<meta name=\"twitter:label1\" content=\"Est. reading time\" \/>\n\t<meta name=\"twitter:data1\" content=\"1 minut\u00eb\" \/>\n<script type=\"application\/ld+json\" class=\"yoast-schema-graph\">{\"@context\":\"https:\/\/schema.org\",\"@graph\":[{\"@type\":\"WebPage\",\"@id\":\"https:\/\/fuego-international.com\/AL\/?product=tharese-flokesh-fuego-flow-hdfgco3dg\",\"url\":\"https:\/\/fuego-international.com\/AL\/?product=tharese-flokesh-fuego-flow-hdfgco3dg\",\"name\":\"THARESE FLOKESH FUEGO FLOW HDFGCO3DG - Fuego\",\"isPartOf\":{\"@id\":\"https:\/\/fuego-international.com\/AL\/#website\"},\"primaryImageOfPage\":{\"@id\":\"https:\/\/fuego-international.com\/AL\/?product=tharese-flokesh-fuego-flow-hdfgco3dg#primaryimage\"},\"image\":{\"@id\":\"https:\/\/fuego-international.com\/AL\/?product=tharese-flokesh-fuego-flow-hdfgco3dg#primaryimage\"},\"thumbnailUrl\":\"https:\/\/fuego-international.com\/AL\/wp-content\/uploads\/2025\/09\/HDFGCO3DG.jpg\",\"datePublished\":\"2025-09-15T08:17:55+00:00\",\"dateModified\":\"2025-09-15T08:23:11+00:00\",\"breadcrumb\":{\"@id\":\"https:\/\/fuego-international.com\/AL\/?product=tharese-flokesh-fuego-flow-hdfgco3dg#breadcrumb\"},\"inLanguage\":\"sq\",\"potentialAction\":[{\"@type\":\"ReadAction\",\"target\":[\"https:\/\/fuego-international.com\/AL\/?product=tharese-flokesh-fuego-flow-hdfgco3dg\"]}]},{\"@type\":\"ImageObject\",\"inLanguage\":\"sq\",\"@id\":\"https:\/\/fuego-international.com\/AL\/?product=tharese-flokesh-fuego-flow-hdfgco3dg#primaryimage\",\"url\":\"https:\/\/fuego-international.com\/AL\/wp-content\/uploads\/2025\/09\/HDFGCO3DG.jpg\",\"contentUrl\":\"https:\/\/fuego-international.com\/AL\/wp-content\/uploads\/2025\/09\/HDFGCO3DG.jpg\",\"width\":1000,\"height\":1000},{\"@type\":\"BreadcrumbList\",\"@id\":\"https:\/\/fuego-international.com\/AL\/?product=tharese-flokesh-fuego-flow-hdfgco3dg#breadcrumb\",\"itemListElement\":[{\"@type\":\"ListItem\",\"position\":1,\"name\":\"Home\",\"item\":\"https:\/\/fuego-international.com\/AL\/\"},{\"@type\":\"ListItem\",\"position\":2,\"name\":\"Produktet\",\"item\":\"https:\/\/fuego-international.com\/AL\/?page_id=7\"},{\"@type\":\"ListItem\",\"position\":3,\"name\":\"THARESE FLOKESH FUEGO FLOW HDFGCO3DG\"}]},{\"@type\":\"WebSite\",\"@id\":\"https:\/\/fuego-international.com\/AL\/#website\",\"url\":\"https:\/\/fuego-international.com\/AL\/\",\"name\":\"Fuego\",\"description\":\"\",\"potentialAction\":[{\"@type\":\"SearchAction\",\"target\":{\"@type\":\"EntryPoint\",\"urlTemplate\":\"https:\/\/fuego-international.com\/AL\/?s={search_term_string}\"},\"query-input\":{\"@type\":\"PropertyValueSpecification\",\"valueRequired\":true,\"valueName\":\"search_term_string\"}}],\"inLanguage\":\"sq\"}]}<\/script>\n<!-- \/ Yoast SEO Premium plugin. -->","yoast_head_json":{"title":"THARESE FLOKESH FUEGO FLOW HDFGCO3DG - Fuego","robots":{"index":"index","follow":"follow","max-snippet":"max-snippet:-1","max-image-preview":"max-image-preview:large","max-video-preview":"max-video-preview:-1"},"canonical":"https:\/\/fuego-international.com\/AL\/?product=tharese-flokesh-fuego-flow-hdfgco3dg","og_locale":"sq_AL","og_type":"article","og_title":"THARESE FLOKESH FUEGO FLOW HDFGCO3DG","og_description":"Fuqia: 1500\u20131800W (220\u2013240V, 50Hz) Lloji i motorit: BLDC, 110,000 rpm, me 13 tehe alumini Shpejt\u00ebsia e ajrit: Deri n\u00eb 24 m\/s Temperaturat: Ftoht\u00eb \/ Ngroht\u00eb \/ Nxeht\u00eb Shpejt\u00ebsit\u00eb: E lart\u00eb \/ Mesatare \/ E ul\u00ebt M\u00ebnyrat e funksionimit: 9 kombinime Qarkullimi: Alternativ\u00eb p\u00ebr kujdesin e skalpit dhe flok\u00ebve Pastrimi automatik: Po \u2013 10 sekonda + fikje automatike Ulja e zhurm\u00ebs: Dizajn profesional P\u00ebrfshir\u00eb: Lidh\u00ebse magnetike e dyfisht\u00eb kund\u00ebr djegies","og_url":"https:\/\/fuego-international.com\/AL\/?product=tharese-flokesh-fuego-flow-hdfgco3dg","og_site_name":"Fuego","article_modified_time":"2025-09-15T08:23:11+00:00","og_image":[{"width":1000,"height":1000,"url":"https:\/\/fuego-international.com\/AL\/wp-content\/uploads\/2025\/09\/HDFGCO3DG.jpg","type":"image\/jpeg"}],"twitter_card":"summary_large_image","twitter_misc":{"Est. reading time":"1 minut\u00eb"},"schema":{"@context":"https:\/\/schema.org","@graph":[{"@type":"WebPage","@id":"https:\/\/fuego-international.com\/AL\/?product=tharese-flokesh-fuego-flow-hdfgco3dg","url":"https:\/\/fuego-international.com\/AL\/?product=tharese-flokesh-fuego-flow-hdfgco3dg","name":"THARESE FLOKESH FUEGO FLOW HDFGCO3DG - Fuego","isPartOf":{"@id":"https:\/\/fuego-international.com\/AL\/#website"},"primaryImageOfPage":{"@id":"https:\/\/fuego-international.com\/AL\/?product=tharese-flokesh-fuego-flow-hdfgco3dg#primaryimage"},"image":{"@id":"https:\/\/fuego-international.com\/AL\/?product=tharese-flokesh-fuego-flow-hdfgco3dg#primaryimage"},"thumbnailUrl":"https:\/\/fuego-international.com\/AL\/wp-content\/uploads\/2025\/09\/HDFGCO3DG.jpg","datePublished":"2025-09-15T08:17:55+00:00","dateModified":"2025-09-15T08:23:11+00:00","breadcrumb":{"@id":"https:\/\/fuego-international.com\/AL\/?product=tharese-flokesh-fuego-flow-hdfgco3dg#breadcrumb"},"inLanguage":"sq","potentialAction":[{"@type":"ReadAction","target":["https:\/\/fuego-international.com\/AL\/?product=tharese-flokesh-fuego-flow-hdfgco3dg"]}]},{"@type":"ImageObject","inLanguage":"sq","@id":"https:\/\/fuego-international.com\/AL\/?product=tharese-flokesh-fuego-flow-hdfgco3dg#primaryimage","url":"https:\/\/fuego-international.com\/AL\/wp-content\/uploads\/2025\/09\/HDFGCO3DG.jpg","contentUrl":"https:\/\/fuego-international.com\/AL\/wp-content\/uploads\/2025\/09\/HDFGCO3DG.jpg","width":1000,"height":1000},{"@type":"BreadcrumbList","@id":"https:\/\/fuego-international.com\/AL\/?product=tharese-flokesh-fuego-flow-hdfgco3dg#breadcrumb","itemListElement":[{"@type":"ListItem","position":1,"name":"Home","item":"https:\/\/fuego-international.com\/AL\/"},{"@type":"ListItem","position":2,"name":"Produktet","item":"https:\/\/fuego-international.com\/AL\/?page_id=7"},{"@type":"ListItem","position":3,"name":"THARESE FLOKESH FUEGO FLOW HDFGCO3DG"}]},{"@type":"WebSite","@id":"https:\/\/fuego-international.com\/AL\/#website","url":"https:\/\/fuego-international.com\/AL\/","name":"Fuego","description":"","potentialAction":[{"@type":"SearchAction","target":{"@type":"EntryPoint","urlTemplate":"https:\/\/fuego-international.com\/AL\/?s={search_term_string}"},"query-input":{"@type":"PropertyValueSpecification","valueRequired":true,"valueName":"search_term_string"}}],"inLanguage":"sq"}]}},"_links":{"self":[{"href":"https:\/\/fuego-international.com\/AL\/index.php?rest_route=\/wp\/v2\/product\/11076","targetHints":{"allow":["GET"]}}],"collection":[{"href":"https:\/\/fuego-international.com\/AL\/index.php?rest_route=\/wp\/v2\/product"}],"about":[{"href":"https:\/\/fuego-international.com\/AL\/index.php?rest_route=\/wp\/v2\/types\/product"}],"replies":[{"embeddable":true,"href":"https:\/\/fuego-international.com\/AL\/index.php?rest_route=%2Fwp%2Fv2%2Fcomments&post=11076"}],"wp:featuredmedia":[{"embeddable":true,"href":"https:\/\/fuego-international.com\/AL\/index.php?rest_route=\/wp\/v2\/media\/11077"}],"wp:attachment":[{"href":"https:\/\/fuego-international.com\/AL\/index.php?rest_route=%2Fwp%2Fv2%2Fmedia&parent=11076"}],"wp:term":[{"taxonomy":"product_brand","embeddable":true,"href":"https:\/\/fuego-international.com\/AL\/index.php?rest_route=%2Fwp%2Fv2%2Fproduct_brand&post=11076"},{"taxonomy":"product_cat","embeddable":true,"href":"https:\/\/fuego-international.com\/AL\/index.php?rest_route=%2Fwp%2Fv2%2Fproduct_cat&post=11076"},{"taxonomy":"product_tag","embeddable":true,"href":"https:\/\/fuego-international.com\/AL\/index.php?rest_route=%2Fwp%2Fv2%2Fproduct_tag&post=11076"}],"curies":[{"name":"wp","href":"https:\/\/api.w.org\/{rel}","templated":true}]}}