{"id":11057,"date":"2025-06-26T17:32:07","date_gmt":"2025-06-26T15:32:07","guid":{"rendered":"https:\/\/fuego-international.com\/AL\/?post_type=product&#038;p=11057"},"modified":"2025-06-26T17:37:50","modified_gmt":"2025-06-26T15:37:50","slug":"fuego-grfgpabg20-300a","status":"publish","type":"product","link":"https:\/\/fuego-international.com\/AL\/?product=fuego-grfgpabg20-300a","title":{"rendered":"FUEGO GRFGPABG20-300A"},"content":{"rendered":"<ul>\n<li>Fuqia: 8.07 kW<br \/>\n\u2022 Sip\u00ebrfaqja kryesore e gatimit: 700 \u00d7 355 mm<br \/>\n\u2022 Kapaku: Alumini i derdhur<br \/>\n\u2022 Termometri: \u00c7elik inox<br \/>\n\u2022 Dhoma e djegies: Alumini i derdhur<br \/>\n\u2022 Djeg\u00ebs kryesor: \u00c7elik inox #304 \u00d7 3<br \/>\n\u2022 Paneli i kontrollit: PA (poliamid)<br \/>\n\u2022 Rafti an\u00ebsor: PA (poliamid)<br \/>\n\u2022 Grila p\u00ebr gatim: Gril\u00eb hekuri e derdhur me smalt \u00d7 3<br \/>\n\u2022 Rrotat: PVC<\/li>\n<\/ul>\n","protected":false},"excerpt":{"rendered":"<p>\u2022 Fuqia: 8.07 kW<br \/>\n\u2022 Sip\u00ebrfaqja kryesore e gatimit: 700 \u00d7 355 mm<br \/>\n\u2022 Dhoma e djegies: Alumini i derdhur<br \/>\n\u2022 Ndezja: Ndezje pjezoelektrike<br \/>\n\u2022 Termometri: \u00c7elik inox<\/p>\n","protected":false},"featured_media":11058,"comment_status":"open","ping_status":"closed","template":"","meta":[],"product_brand":[],"product_cat":[255],"product_tag":[],"class_list":{"0":"post-11057","1":"product","2":"type-product","3":"status-publish","4":"has-post-thumbnail","6":"product_cat-skara-dhe-makinat-e-bukes","8":"first","9":"instock","10":"shipping-taxable","11":"product-type-simple"},"yoast_head":"<!-- This site is optimized with the Yoast SEO Premium plugin v24.8 (Yoast SEO v24.8.1) - https:\/\/yoast.com\/wordpress\/plugins\/seo\/ -->\n<title>FUEGO GRFGPABG20-300A - Fuego<\/title>\n<meta name=\"robots\" content=\"index, follow, max-snippet:-1, max-image-preview:large, max-video-preview:-1\" \/>\n<link rel=\"canonical\" href=\"https:\/\/fuego-international.com\/AL\/?product=fuego-grfgpabg20-300a\" \/>\n<meta property=\"og:locale\" content=\"sq_AL\" \/>\n<meta property=\"og:type\" content=\"article\" \/>\n<meta property=\"og:title\" content=\"FUEGO GRFGPABG20-300A\" \/>\n<meta property=\"og:description\" content=\"\u2022 Fuqia: 8.07 kW \u2022 Sip\u00ebrfaqja kryesore e gatimit: 700 \u00d7 355 mm \u2022 Dhoma e djegies: Alumini i derdhur \u2022 Ndezja: Ndezje pjezoelektrike \u2022 Termometri: \u00c7elik inox\" \/>\n<meta property=\"og:url\" content=\"https:\/\/fuego-international.com\/AL\/?product=fuego-grfgpabg20-300a\" \/>\n<meta property=\"og:site_name\" content=\"Fuego\" \/>\n<meta property=\"article:modified_time\" content=\"2025-06-26T15:37:50+00:00\" \/>\n<meta property=\"og:image\" content=\"https:\/\/fuego-international.com\/AL\/wp-content\/uploads\/2025\/06\/300.jpg\" \/>\n\t<meta property=\"og:image:width\" content=\"1000\" \/>\n\t<meta property=\"og:image:height\" content=\"1000\" \/>\n\t<meta property=\"og:image:type\" content=\"image\/jpeg\" \/>\n<meta name=\"twitter:card\" content=\"summary_large_image\" \/>\n<meta name=\"twitter:label1\" content=\"Est. reading time\" \/>\n\t<meta name=\"twitter:data1\" content=\"1 minut\u00eb\" \/>\n<script type=\"application\/ld+json\" class=\"yoast-schema-graph\">{\"@context\":\"https:\/\/schema.org\",\"@graph\":[{\"@type\":\"WebPage\",\"@id\":\"https:\/\/fuego-international.com\/AL\/?product=fuego-grfgpabg20-300a\",\"url\":\"https:\/\/fuego-international.com\/AL\/?product=fuego-grfgpabg20-300a\",\"name\":\"FUEGO GRFGPABG20-300A - Fuego\",\"isPartOf\":{\"@id\":\"https:\/\/fuego-international.com\/AL\/#website\"},\"primaryImageOfPage\":{\"@id\":\"https:\/\/fuego-international.com\/AL\/?product=fuego-grfgpabg20-300a#primaryimage\"},\"image\":{\"@id\":\"https:\/\/fuego-international.com\/AL\/?product=fuego-grfgpabg20-300a#primaryimage\"},\"thumbnailUrl\":\"https:\/\/fuego-international.com\/AL\/wp-content\/uploads\/2025\/06\/300.jpg\",\"datePublished\":\"2025-06-26T15:32:07+00:00\",\"dateModified\":\"2025-06-26T15:37:50+00:00\",\"breadcrumb\":{\"@id\":\"https:\/\/fuego-international.com\/AL\/?product=fuego-grfgpabg20-300a#breadcrumb\"},\"inLanguage\":\"sq\",\"potentialAction\":[{\"@type\":\"ReadAction\",\"target\":[\"https:\/\/fuego-international.com\/AL\/?product=fuego-grfgpabg20-300a\"]}]},{\"@type\":\"ImageObject\",\"inLanguage\":\"sq\",\"@id\":\"https:\/\/fuego-international.com\/AL\/?product=fuego-grfgpabg20-300a#primaryimage\",\"url\":\"https:\/\/fuego-international.com\/AL\/wp-content\/uploads\/2025\/06\/300.jpg\",\"contentUrl\":\"https:\/\/fuego-international.com\/AL\/wp-content\/uploads\/2025\/06\/300.jpg\",\"width\":1000,\"height\":1000},{\"@type\":\"BreadcrumbList\",\"@id\":\"https:\/\/fuego-international.com\/AL\/?product=fuego-grfgpabg20-300a#breadcrumb\",\"itemListElement\":[{\"@type\":\"ListItem\",\"position\":1,\"name\":\"Home\",\"item\":\"https:\/\/fuego-international.com\/AL\/\"},{\"@type\":\"ListItem\",\"position\":2,\"name\":\"Produktet\",\"item\":\"https:\/\/fuego-international.com\/AL\/?page_id=7\"},{\"@type\":\"ListItem\",\"position\":3,\"name\":\"FUEGO GRFGPABG20-300A\"}]},{\"@type\":\"WebSite\",\"@id\":\"https:\/\/fuego-international.com\/AL\/#website\",\"url\":\"https:\/\/fuego-international.com\/AL\/\",\"name\":\"Fuego\",\"description\":\"\",\"potentialAction\":[{\"@type\":\"SearchAction\",\"target\":{\"@type\":\"EntryPoint\",\"urlTemplate\":\"https:\/\/fuego-international.com\/AL\/?s={search_term_string}\"},\"query-input\":{\"@type\":\"PropertyValueSpecification\",\"valueRequired\":true,\"valueName\":\"search_term_string\"}}],\"inLanguage\":\"sq\"}]}<\/script>\n<!-- \/ Yoast SEO Premium plugin. -->","yoast_head_json":{"title":"FUEGO GRFGPABG20-300A - Fuego","robots":{"index":"index","follow":"follow","max-snippet":"max-snippet:-1","max-image-preview":"max-image-preview:large","max-video-preview":"max-video-preview:-1"},"canonical":"https:\/\/fuego-international.com\/AL\/?product=fuego-grfgpabg20-300a","og_locale":"sq_AL","og_type":"article","og_title":"FUEGO GRFGPABG20-300A","og_description":"\u2022 Fuqia: 8.07 kW \u2022 Sip\u00ebrfaqja kryesore e gatimit: 700 \u00d7 355 mm \u2022 Dhoma e djegies: Alumini i derdhur \u2022 Ndezja: Ndezje pjezoelektrike \u2022 Termometri: \u00c7elik inox","og_url":"https:\/\/fuego-international.com\/AL\/?product=fuego-grfgpabg20-300a","og_site_name":"Fuego","article_modified_time":"2025-06-26T15:37:50+00:00","og_image":[{"width":1000,"height":1000,"url":"https:\/\/fuego-international.com\/AL\/wp-content\/uploads\/2025\/06\/300.jpg","type":"image\/jpeg"}],"twitter_card":"summary_large_image","twitter_misc":{"Est. reading time":"1 minut\u00eb"},"schema":{"@context":"https:\/\/schema.org","@graph":[{"@type":"WebPage","@id":"https:\/\/fuego-international.com\/AL\/?product=fuego-grfgpabg20-300a","url":"https:\/\/fuego-international.com\/AL\/?product=fuego-grfgpabg20-300a","name":"FUEGO GRFGPABG20-300A - Fuego","isPartOf":{"@id":"https:\/\/fuego-international.com\/AL\/#website"},"primaryImageOfPage":{"@id":"https:\/\/fuego-international.com\/AL\/?product=fuego-grfgpabg20-300a#primaryimage"},"image":{"@id":"https:\/\/fuego-international.com\/AL\/?product=fuego-grfgpabg20-300a#primaryimage"},"thumbnailUrl":"https:\/\/fuego-international.com\/AL\/wp-content\/uploads\/2025\/06\/300.jpg","datePublished":"2025-06-26T15:32:07+00:00","dateModified":"2025-06-26T15:37:50+00:00","breadcrumb":{"@id":"https:\/\/fuego-international.com\/AL\/?product=fuego-grfgpabg20-300a#breadcrumb"},"inLanguage":"sq","potentialAction":[{"@type":"ReadAction","target":["https:\/\/fuego-international.com\/AL\/?product=fuego-grfgpabg20-300a"]}]},{"@type":"ImageObject","inLanguage":"sq","@id":"https:\/\/fuego-international.com\/AL\/?product=fuego-grfgpabg20-300a#primaryimage","url":"https:\/\/fuego-international.com\/AL\/wp-content\/uploads\/2025\/06\/300.jpg","contentUrl":"https:\/\/fuego-international.com\/AL\/wp-content\/uploads\/2025\/06\/300.jpg","width":1000,"height":1000},{"@type":"BreadcrumbList","@id":"https:\/\/fuego-international.com\/AL\/?product=fuego-grfgpabg20-300a#breadcrumb","itemListElement":[{"@type":"ListItem","position":1,"name":"Home","item":"https:\/\/fuego-international.com\/AL\/"},{"@type":"ListItem","position":2,"name":"Produktet","item":"https:\/\/fuego-international.com\/AL\/?page_id=7"},{"@type":"ListItem","position":3,"name":"FUEGO GRFGPABG20-300A"}]},{"@type":"WebSite","@id":"https:\/\/fuego-international.com\/AL\/#website","url":"https:\/\/fuego-international.com\/AL\/","name":"Fuego","description":"","potentialAction":[{"@type":"SearchAction","target":{"@type":"EntryPoint","urlTemplate":"https:\/\/fuego-international.com\/AL\/?s={search_term_string}"},"query-input":{"@type":"PropertyValueSpecification","valueRequired":true,"valueName":"search_term_string"}}],"inLanguage":"sq"}]}},"_links":{"self":[{"href":"https:\/\/fuego-international.com\/AL\/index.php?rest_route=\/wp\/v2\/product\/11057","targetHints":{"allow":["GET"]}}],"collection":[{"href":"https:\/\/fuego-international.com\/AL\/index.php?rest_route=\/wp\/v2\/product"}],"about":[{"href":"https:\/\/fuego-international.com\/AL\/index.php?rest_route=\/wp\/v2\/types\/product"}],"replies":[{"embeddable":true,"href":"https:\/\/fuego-international.com\/AL\/index.php?rest_route=%2Fwp%2Fv2%2Fcomments&post=11057"}],"wp:featuredmedia":[{"embeddable":true,"href":"https:\/\/fuego-international.com\/AL\/index.php?rest_route=\/wp\/v2\/media\/11058"}],"wp:attachment":[{"href":"https:\/\/fuego-international.com\/AL\/index.php?rest_route=%2Fwp%2Fv2%2Fmedia&parent=11057"}],"wp:term":[{"taxonomy":"product_brand","embeddable":true,"href":"https:\/\/fuego-international.com\/AL\/index.php?rest_route=%2Fwp%2Fv2%2Fproduct_brand&post=11057"},{"taxonomy":"product_cat","embeddable":true,"href":"https:\/\/fuego-international.com\/AL\/index.php?rest_route=%2Fwp%2Fv2%2Fproduct_cat&post=11057"},{"taxonomy":"product_tag","embeddable":true,"href":"https:\/\/fuego-international.com\/AL\/index.php?rest_route=%2Fwp%2Fv2%2Fproduct_tag&post=11057"}],"curies":[{"name":"wp","href":"https:\/\/api.w.org\/{rel}","templated":true}]}}