{"id":10440,"date":"2025-03-25T06:29:17","date_gmt":"2025-03-25T06:29:17","guid":{"rendered":"https:\/\/fuego-international.com\/AL\/produkt\/sobe-fuego-fgfsf-6040-x\/"},"modified":"2025-04-04T22:15:03","modified_gmt":"2025-04-04T21:15:03","slug":"sobe-fuego-fgfsf-6040-x","status":"publish","type":"product","link":"https:\/\/fuego-international.com\/AL\/?product=sobe-fuego-fgfsf-6040-x","title":{"rendered":"SOBE FUEGO FGFSF 6040 X"},"content":{"rendered":"","protected":false},"excerpt":{"rendered":"<ul>\n<li><strong>Kategoria:<\/strong> Sobe<\/li>\n<li><strong>Marka:<\/strong> FUEGO<\/li>\n<li><strong>Numri i programeve t\u00eb gatimit:<\/strong> 6<\/li>\n<li><strong>Garanci Shtes\u00eb:<\/strong> GA0013-3990 LEK<\/li>\n<li><strong>Garancia normale:<\/strong> 24 muaj<\/li>\n<li><strong>Ean Code:<\/strong> 2074141811250<\/li>\n<li><strong>Gjer\u00ebsia:<\/strong> 59.8 cm<\/li>\n<li><strong>Lart\u00ebsia:<\/strong> 85.3 cm<\/li>\n<li><strong>Thell\u00ebsia:<\/strong> 59.8 cm<\/li>\n<li><strong>Numri i plitkave me korent:<\/strong> 4<\/li>\n<li><strong>Numri i plitkave me gaz:<\/strong><\/li>\n<li><strong>Ekran LCD:<\/strong><\/li>\n<li><strong>Valvul sigurie p\u00ebr gazin:<\/strong><\/li>\n<li><strong>Klasa e energjis\u00eb:<\/strong> A<\/li>\n<li><strong>M\u00ebnyra e pjekjes:<\/strong><\/li>\n<li><strong>Koh\u00ebmat\u00ebs:<\/strong><\/li>\n<li><strong>Vet\u00ebpastrim:<\/strong><\/li>\n<li><strong>Materiali \/ Ngjyra:<\/strong> Gri \/ E zez\u00eb<\/li>\n<li><strong>\u00c7entil p\u00ebr gazin:<\/strong><\/li>\n<li><strong>Paneli i kontrollit:<\/strong> Mekanik<\/li>\n<li><strong>P\u00ebrmasat:<\/strong> 59.8 x 56.7 x 8 cm<\/li>\n<\/ul>\n","protected":false},"featured_media":10931,"comment_status":"closed","ping_status":"closed","template":"","meta":[],"product_brand":[],"product_cat":[239],"product_tag":[],"class_list":{"0":"post-10440","1":"product","2":"type-product","3":"status-publish","4":"has-post-thumbnail","6":"product_cat-soba","8":"first","9":"instock","10":"product-type-simple"},"yoast_head":"<!-- This site is optimized with the Yoast SEO Premium plugin v24.8 (Yoast SEO v24.8.1) - https:\/\/yoast.com\/wordpress\/plugins\/seo\/ -->\n<title>SOBE FUEGO FGFSF 6040 X - Fuego<\/title>\n<meta name=\"robots\" content=\"index, follow, max-snippet:-1, max-image-preview:large, max-video-preview:-1\" \/>\n<link rel=\"canonical\" href=\"https:\/\/fuego-international.com\/AL\/?product=sobe-fuego-fgfsf-6040-x\" \/>\n<meta property=\"og:locale\" content=\"sq_AL\" \/>\n<meta property=\"og:type\" content=\"article\" \/>\n<meta property=\"og:title\" content=\"SOBE FUEGO FGFSF 6040 X\" \/>\n<meta property=\"og:description\" content=\"Kategoria: Sobe  Marka: FUEGO  Numri i programeve t\u00eb gatimit: 6  Garanci Shtes\u00eb: GA0013-3990 LEK  Garancia normale: 24 muaj  Ean Code: 2074141811250  Gjer\u00ebsia: 59.8 cm  Lart\u00ebsia: 85.3 cm  Thell\u00ebsia: 59.8 cm  Numri i plitkave me korent: 4  Numri i plitkave me gaz:  Ekran LCD:  Valvul sigurie p\u00ebr gazin:  Klasa e energjis\u00eb: A  M\u00ebnyra e pjekjes:  Koh\u00ebmat\u00ebs:  Vet\u00ebpastrim:  Materiali \/ Ngjyra: Gri \/ E zez\u00eb  \u00c7entil p\u00ebr gazin:  Paneli i kontrollit: Mekanik  P\u00ebrmasat: 59.8 x 56.7 x 8 cm\" \/>\n<meta property=\"og:url\" content=\"https:\/\/fuego-international.com\/AL\/?product=sobe-fuego-fgfsf-6040-x\" \/>\n<meta property=\"og:site_name\" content=\"Fuego\" \/>\n<meta property=\"article:modified_time\" content=\"2025-04-04T21:15:03+00:00\" \/>\n<meta property=\"og:image\" content=\"https:\/\/fuego-international.com\/AL\/wp-content\/uploads\/2025\/03\/FUEGO-FGFSF-6040-X.jpg\" \/>\n\t<meta property=\"og:image:width\" content=\"1000\" \/>\n\t<meta property=\"og:image:height\" content=\"1000\" \/>\n\t<meta property=\"og:image:type\" content=\"image\/jpeg\" \/>\n<meta name=\"twitter:card\" content=\"summary_large_image\" \/>\n<script type=\"application\/ld+json\" class=\"yoast-schema-graph\">{\"@context\":\"https:\/\/schema.org\",\"@graph\":[{\"@type\":\"WebPage\",\"@id\":\"https:\/\/fuego-international.com\/AL\/?product=sobe-fuego-fgfsf-6040-x\",\"url\":\"https:\/\/fuego-international.com\/AL\/?product=sobe-fuego-fgfsf-6040-x\",\"name\":\"SOBE FUEGO FGFSF 6040 X - Fuego\",\"isPartOf\":{\"@id\":\"https:\/\/fuego-international.com\/AL\/#website\"},\"primaryImageOfPage\":{\"@id\":\"https:\/\/fuego-international.com\/AL\/?product=sobe-fuego-fgfsf-6040-x#primaryimage\"},\"image\":{\"@id\":\"https:\/\/fuego-international.com\/AL\/?product=sobe-fuego-fgfsf-6040-x#primaryimage\"},\"thumbnailUrl\":\"https:\/\/fuego-international.com\/AL\/wp-content\/uploads\/2025\/03\/FUEGO-FGFSF-6040-X.jpg\",\"datePublished\":\"2025-03-25T06:29:17+00:00\",\"dateModified\":\"2025-04-04T21:15:03+00:00\",\"breadcrumb\":{\"@id\":\"https:\/\/fuego-international.com\/AL\/?product=sobe-fuego-fgfsf-6040-x#breadcrumb\"},\"inLanguage\":\"sq\",\"potentialAction\":[{\"@type\":\"ReadAction\",\"target\":[\"https:\/\/fuego-international.com\/AL\/?product=sobe-fuego-fgfsf-6040-x\"]}]},{\"@type\":\"ImageObject\",\"inLanguage\":\"sq\",\"@id\":\"https:\/\/fuego-international.com\/AL\/?product=sobe-fuego-fgfsf-6040-x#primaryimage\",\"url\":\"https:\/\/fuego-international.com\/AL\/wp-content\/uploads\/2025\/03\/FUEGO-FGFSF-6040-X.jpg\",\"contentUrl\":\"https:\/\/fuego-international.com\/AL\/wp-content\/uploads\/2025\/03\/FUEGO-FGFSF-6040-X.jpg\",\"width\":1000,\"height\":1000},{\"@type\":\"BreadcrumbList\",\"@id\":\"https:\/\/fuego-international.com\/AL\/?product=sobe-fuego-fgfsf-6040-x#breadcrumb\",\"itemListElement\":[{\"@type\":\"ListItem\",\"position\":1,\"name\":\"Home\",\"item\":\"https:\/\/fuego-international.com\/AL\/\"},{\"@type\":\"ListItem\",\"position\":2,\"name\":\"Produktet\",\"item\":\"https:\/\/fuego-international.com\/AL\/?page_id=7\"},{\"@type\":\"ListItem\",\"position\":3,\"name\":\"SOBE FUEGO FGFSF 6040 X\"}]},{\"@type\":\"WebSite\",\"@id\":\"https:\/\/fuego-international.com\/AL\/#website\",\"url\":\"https:\/\/fuego-international.com\/AL\/\",\"name\":\"Fuego\",\"description\":\"\",\"potentialAction\":[{\"@type\":\"SearchAction\",\"target\":{\"@type\":\"EntryPoint\",\"urlTemplate\":\"https:\/\/fuego-international.com\/AL\/?s={search_term_string}\"},\"query-input\":{\"@type\":\"PropertyValueSpecification\",\"valueRequired\":true,\"valueName\":\"search_term_string\"}}],\"inLanguage\":\"sq\"}]}<\/script>\n<!-- \/ Yoast SEO Premium plugin. -->","yoast_head_json":{"title":"SOBE FUEGO FGFSF 6040 X - Fuego","robots":{"index":"index","follow":"follow","max-snippet":"max-snippet:-1","max-image-preview":"max-image-preview:large","max-video-preview":"max-video-preview:-1"},"canonical":"https:\/\/fuego-international.com\/AL\/?product=sobe-fuego-fgfsf-6040-x","og_locale":"sq_AL","og_type":"article","og_title":"SOBE FUEGO FGFSF 6040 X","og_description":"Kategoria: Sobe  Marka: FUEGO  Numri i programeve t\u00eb gatimit: 6  Garanci Shtes\u00eb: GA0013-3990 LEK  Garancia normale: 24 muaj  Ean Code: 2074141811250  Gjer\u00ebsia: 59.8 cm  Lart\u00ebsia: 85.3 cm  Thell\u00ebsia: 59.8 cm  Numri i plitkave me korent: 4  Numri i plitkave me gaz:  Ekran LCD:  Valvul sigurie p\u00ebr gazin:  Klasa e energjis\u00eb: A  M\u00ebnyra e pjekjes:  Koh\u00ebmat\u00ebs:  Vet\u00ebpastrim:  Materiali \/ Ngjyra: Gri \/ E zez\u00eb  \u00c7entil p\u00ebr gazin:  Paneli i kontrollit: Mekanik  P\u00ebrmasat: 59.8 x 56.7 x 8 cm","og_url":"https:\/\/fuego-international.com\/AL\/?product=sobe-fuego-fgfsf-6040-x","og_site_name":"Fuego","article_modified_time":"2025-04-04T21:15:03+00:00","og_image":[{"width":1000,"height":1000,"url":"https:\/\/fuego-international.com\/AL\/wp-content\/uploads\/2025\/03\/FUEGO-FGFSF-6040-X.jpg","type":"image\/jpeg"}],"twitter_card":"summary_large_image","schema":{"@context":"https:\/\/schema.org","@graph":[{"@type":"WebPage","@id":"https:\/\/fuego-international.com\/AL\/?product=sobe-fuego-fgfsf-6040-x","url":"https:\/\/fuego-international.com\/AL\/?product=sobe-fuego-fgfsf-6040-x","name":"SOBE FUEGO FGFSF 6040 X - Fuego","isPartOf":{"@id":"https:\/\/fuego-international.com\/AL\/#website"},"primaryImageOfPage":{"@id":"https:\/\/fuego-international.com\/AL\/?product=sobe-fuego-fgfsf-6040-x#primaryimage"},"image":{"@id":"https:\/\/fuego-international.com\/AL\/?product=sobe-fuego-fgfsf-6040-x#primaryimage"},"thumbnailUrl":"https:\/\/fuego-international.com\/AL\/wp-content\/uploads\/2025\/03\/FUEGO-FGFSF-6040-X.jpg","datePublished":"2025-03-25T06:29:17+00:00","dateModified":"2025-04-04T21:15:03+00:00","breadcrumb":{"@id":"https:\/\/fuego-international.com\/AL\/?product=sobe-fuego-fgfsf-6040-x#breadcrumb"},"inLanguage":"sq","potentialAction":[{"@type":"ReadAction","target":["https:\/\/fuego-international.com\/AL\/?product=sobe-fuego-fgfsf-6040-x"]}]},{"@type":"ImageObject","inLanguage":"sq","@id":"https:\/\/fuego-international.com\/AL\/?product=sobe-fuego-fgfsf-6040-x#primaryimage","url":"https:\/\/fuego-international.com\/AL\/wp-content\/uploads\/2025\/03\/FUEGO-FGFSF-6040-X.jpg","contentUrl":"https:\/\/fuego-international.com\/AL\/wp-content\/uploads\/2025\/03\/FUEGO-FGFSF-6040-X.jpg","width":1000,"height":1000},{"@type":"BreadcrumbList","@id":"https:\/\/fuego-international.com\/AL\/?product=sobe-fuego-fgfsf-6040-x#breadcrumb","itemListElement":[{"@type":"ListItem","position":1,"name":"Home","item":"https:\/\/fuego-international.com\/AL\/"},{"@type":"ListItem","position":2,"name":"Produktet","item":"https:\/\/fuego-international.com\/AL\/?page_id=7"},{"@type":"ListItem","position":3,"name":"SOBE FUEGO FGFSF 6040 X"}]},{"@type":"WebSite","@id":"https:\/\/fuego-international.com\/AL\/#website","url":"https:\/\/fuego-international.com\/AL\/","name":"Fuego","description":"","potentialAction":[{"@type":"SearchAction","target":{"@type":"EntryPoint","urlTemplate":"https:\/\/fuego-international.com\/AL\/?s={search_term_string}"},"query-input":{"@type":"PropertyValueSpecification","valueRequired":true,"valueName":"search_term_string"}}],"inLanguage":"sq"}]}},"_links":{"self":[{"href":"https:\/\/fuego-international.com\/AL\/index.php?rest_route=\/wp\/v2\/product\/10440","targetHints":{"allow":["GET"]}}],"collection":[{"href":"https:\/\/fuego-international.com\/AL\/index.php?rest_route=\/wp\/v2\/product"}],"about":[{"href":"https:\/\/fuego-international.com\/AL\/index.php?rest_route=\/wp\/v2\/types\/product"}],"replies":[{"embeddable":true,"href":"https:\/\/fuego-international.com\/AL\/index.php?rest_route=%2Fwp%2Fv2%2Fcomments&post=10440"}],"wp:featuredmedia":[{"embeddable":true,"href":"https:\/\/fuego-international.com\/AL\/index.php?rest_route=\/wp\/v2\/media\/10931"}],"wp:attachment":[{"href":"https:\/\/fuego-international.com\/AL\/index.php?rest_route=%2Fwp%2Fv2%2Fmedia&parent=10440"}],"wp:term":[{"taxonomy":"product_brand","embeddable":true,"href":"https:\/\/fuego-international.com\/AL\/index.php?rest_route=%2Fwp%2Fv2%2Fproduct_brand&post=10440"},{"taxonomy":"product_cat","embeddable":true,"href":"https:\/\/fuego-international.com\/AL\/index.php?rest_route=%2Fwp%2Fv2%2Fproduct_cat&post=10440"},{"taxonomy":"product_tag","embeddable":true,"href":"https:\/\/fuego-international.com\/AL\/index.php?rest_route=%2Fwp%2Fv2%2Fproduct_tag&post=10440"}],"curies":[{"name":"wp","href":"https:\/\/api.w.org\/{rel}","templated":true}]}}