{"id":10398,"date":"2025-03-25T06:26:03","date_gmt":"2025-03-25T06:26:03","guid":{"rendered":"https:\/\/fuego-international.com\/AL\/produkt\/tv-fuego-85elu720gtv\/"},"modified":"2025-05-16T15:16:30","modified_gmt":"2025-05-16T13:16:30","slug":"tv-fuego-85elu720gtv","status":"publish","type":"product","link":"https:\/\/fuego-international.com\/AL\/?product=tv-fuego-85elu720gtv","title":{"rendered":"TV FUEGO 85ELU720GTV"},"content":{"rendered":"<p>Kinemaja n\u00eb sht\u00ebpin\u00eb t\u00ebnde, me FUEGO 85 ELU 720 GTV 85 4K!<\/p>\n<p>FUEGO 85 ELU 720 GTV 85\u2033 nj\u00eb televizor me ekran 85 in\u00e7 dhe rezolucion 4K q\u00eb do ta transformoj\u00eb dhom\u00ebn tuaj t\u00eb ndenjes n\u00eb nj\u00eb kinema sht\u00ebpiake. Me cil\u00ebsi t\u00eb qart\u00eb imazhi dhe kinematike, kontrastin e lart\u00eb dhe ofron mb\u00ebshtetjen p\u00ebr platformat m\u00eb t\u00eb njohura t\u00eb transmetimit, ky televizor \u00ebsht\u00eb zgjedhja perfekte p\u00ebr adhuruesit e filmave, serialeve dhe videoloj\u00ebrave.<\/p>\n<p>Shk\u00eblqimi i jasht\u00ebzakonsh\u00ebm dhe k\u00ebndi i gjer\u00eb i shikimit lejojn\u00eb shikimin nga \u00e7do k\u00ebnd i dhom\u00ebs, nd\u00ebrsa mb\u00ebshtetja gjith\u00ebp\u00ebrfshir\u00ebse e teknologjive m\u00eb t\u00eb fundit, si Dolby MS12 dhe Google TV, garanton nj\u00eb p\u00ebrvoj\u00eb t\u00eb jasht\u00ebzakonshme audio dhe video. Wi-Fi dhe Bluetooth i integruar sigurojn\u00eb lidhje t\u00eb leht\u00eb me pajisjet e tjera dhe portat HDMI dhe USB ju lejojn\u00eb t\u00eb zgjeroni sistemin tuaj t\u00eb arg\u00ebtimit n\u00eb sht\u00ebpi.<\/p>\n<p>Me FUEGO 85 ELU 720 GTV 85\u2033, mund t\u00eb shijoni serit\u00eb tuaja t\u00eb preferuara t\u00eb Netflix, t\u00eb transmetoni video n\u00eb YouTube ose t\u00eb relaksoheni me muzik\u00ebn dhe filmat tuaj t\u00eb preferuar me cil\u00ebsin\u00eb e nj\u00eb sistemi zanor q\u00eb p\u00ebrputhet me madh\u00ebsin\u00eb e televizorit.<\/p>\n<p>Ky televizor \u00ebsht\u00eb zgjedhja ideale p\u00ebr k\u00ebdo q\u00eb k\u00ebrkon nj\u00eb kombinim t\u00eb figur\u00ebs me cil\u00ebsi t\u00eb lart\u00eb, z\u00ebrit t\u00eb shk\u00eblqyer dhe integrimit t\u00eb leht\u00eb me pajisjet moderne, duke e b\u00ebr\u00eb at\u00eb t\u00eb p\u00ebrsosur p\u00ebr eksperienc\u00ebn e kinemas\u00eb n\u00eb sht\u00ebpi.<\/p>\n","protected":false},"excerpt":{"rendered":"<p>Kinemaja n\u00eb sht\u00ebpin\u00eb t\u00ebnde, me FUEGO 85 ELU 720 GTV 85 4K!<\/p>\n<ul>\n<li><strong>Marka:<\/strong> FUEGO<\/li>\n<li><strong>P\u00ebrmasa [inch]:<\/strong> 85&#8243;<\/li>\n<li><strong>Paneli:<\/strong> DLED<\/li>\n<li><strong>Definicioni:<\/strong> UHD<\/li>\n<li><strong>Frekuenca [Hz]:<\/strong><\/li>\n<li><strong>Kontrasti:<\/strong> 5000 : 1<\/li>\n<li><strong>Teknologjia 3D:<\/strong><\/li>\n<li><strong>Smart TV:<\/strong> PO<\/li>\n<li><strong>Sistemi Operativ:<\/strong> ANDROID<\/li>\n<li><strong>DLNA:<\/strong><\/li>\n<li><strong>Wireless:<\/strong> PO<\/li>\n<li><strong>Bluetooth:<\/strong> PO<\/li>\n<li><strong>Audio:<\/strong> 2 x 10 W<\/li>\n<li><strong>Marr\u00ebsi:<\/strong> DVB-C\/T\/T2\/S2<\/li>\n<li><strong>Moduli:<\/strong> CI<\/li>\n<li><strong>HDMI \/ USB:<\/strong> PO<\/li>\n<li><strong>Komponent:<\/strong><\/li>\n<li><strong>Kompozit (AV):<\/strong><\/li>\n<li><strong>Skart:<\/strong><\/li>\n<li><strong>Ethernet:<\/strong> PO<\/li>\n<li><strong>Dalje Optikale:<\/strong><\/li>\n<li><strong>Konsumi Maksimal (Watt):<\/strong> 300 W<\/li>\n<li><strong>Konsumi Standby (Watt):<\/strong> 0.5 W<\/li>\n<li><strong>Stema ekologjike:<\/strong><\/li>\n<li><strong>P\u00ebrmasat me mbajt\u00ebse (GjxLxTh) (cm):<\/strong> 209.5 x 20.3 x 123<\/li>\n<li><strong>P\u00ebrmasat pa mbajt\u00ebse (GjxLxTh) (cm):<\/strong> 188.96 x 9.45 x 108.15<\/li>\n<li><strong>Pesha me mbajt\u00ebse (kg):<\/strong> 31.5<\/li>\n<li><strong>Pesha pa mbajt\u00ebse (kg):<\/strong> 24<\/li>\n<li><strong>Garanci Shtes\u00eb:<\/strong> GA0017-12990 LEK<\/li>\n<li><strong>Garancia normale:<\/strong> 24 muaj<\/li>\n<li><strong>Ean Code:<\/strong> 7900000267843<\/li>\n<li><strong>Sistemi:<\/strong> ANDROID<\/li>\n<\/ul>\n","protected":false},"featured_media":10967,"comment_status":"closed","ping_status":"closed","template":"","meta":[],"product_brand":[],"product_cat":[218],"product_tag":[],"class_list":{"0":"post-10398","1":"product","2":"type-product","3":"status-publish","4":"has-post-thumbnail","6":"product_cat-te-gjithe-tv","8":"first","9":"instock","10":"product-type-simple"},"yoast_head":"<!-- This site is optimized with the Yoast SEO Premium plugin v24.8 (Yoast SEO v24.8.1) - https:\/\/yoast.com\/wordpress\/plugins\/seo\/ -->\n<title>TV FUEGO 85ELU720GTV - Fuego<\/title>\n<meta name=\"robots\" content=\"index, follow, max-snippet:-1, max-image-preview:large, max-video-preview:-1\" \/>\n<link rel=\"canonical\" href=\"https:\/\/fuego-international.com\/AL\/?product=tv-fuego-85elu720gtv\" \/>\n<meta property=\"og:locale\" content=\"sq_AL\" \/>\n<meta property=\"og:type\" content=\"article\" \/>\n<meta property=\"og:title\" content=\"TV FUEGO 85ELU720GTV\" \/>\n<meta property=\"og:description\" content=\"Kinemaja n\u00eb sht\u00ebpin\u00eb t\u00ebnde, me FUEGO 85 ELU 720 GTV 85 4K!   Marka: FUEGO  P\u00ebrmasa [inch]: 85&quot;  Paneli: DLED  Definicioni: UHD  Frekuenca [Hz]:  Kontrasti: 5000 : 1  Teknologjia 3D:  Smart TV: PO  Sistemi Operativ: ANDROID  DLNA:  Wireless: PO  Bluetooth: PO  Audio: 2 x 10 W  Marr\u00ebsi: DVB-C\/T\/T2\/S2  Moduli: CI  HDMI \/ USB: PO  Komponent:  Kompozit (AV):  Skart:  Ethernet: PO  Dalje Optikale:  Konsumi Maksimal (Watt): 300 W  Konsumi Standby (Watt): 0.5 W  Stema ekologjike:  P\u00ebrmasat me mbajt\u00ebse (GjxLxTh) (cm): 209.5 x 20.3 x 123  P\u00ebrmasat pa mbajt\u00ebse (GjxLxTh) (cm): 188.96 x 9.45 x 108.15  Pesha me mbajt\u00ebse (kg): 31.5  Pesha pa mbajt\u00ebse (kg): 24  Garanci Shtes\u00eb: GA0017-12990 LEK  Garancia normale: 24 muaj  Ean Code: 7900000267843  Sistemi: ANDROID\" \/>\n<meta property=\"og:url\" content=\"https:\/\/fuego-international.com\/AL\/?product=tv-fuego-85elu720gtv\" \/>\n<meta property=\"og:site_name\" content=\"Fuego\" \/>\n<meta property=\"article:modified_time\" content=\"2025-05-16T13:16:30+00:00\" \/>\n<meta property=\"og:image\" content=\"https:\/\/fuego-international.com\/AL\/wp-content\/uploads\/2025\/03\/85-ELU-720-GTV.jpg\" \/>\n\t<meta property=\"og:image:width\" content=\"1000\" \/>\n\t<meta property=\"og:image:height\" content=\"1000\" \/>\n\t<meta property=\"og:image:type\" content=\"image\/jpeg\" \/>\n<meta name=\"twitter:card\" content=\"summary_large_image\" \/>\n<meta name=\"twitter:label1\" content=\"Est. reading time\" \/>\n\t<meta name=\"twitter:data1\" content=\"2 minuta\" \/>\n<script type=\"application\/ld+json\" class=\"yoast-schema-graph\">{\"@context\":\"https:\/\/schema.org\",\"@graph\":[{\"@type\":\"WebPage\",\"@id\":\"https:\/\/fuego-international.com\/AL\/?product=tv-fuego-85elu720gtv\",\"url\":\"https:\/\/fuego-international.com\/AL\/?product=tv-fuego-85elu720gtv\",\"name\":\"TV FUEGO 85ELU720GTV - Fuego\",\"isPartOf\":{\"@id\":\"https:\/\/fuego-international.com\/AL\/#website\"},\"primaryImageOfPage\":{\"@id\":\"https:\/\/fuego-international.com\/AL\/?product=tv-fuego-85elu720gtv#primaryimage\"},\"image\":{\"@id\":\"https:\/\/fuego-international.com\/AL\/?product=tv-fuego-85elu720gtv#primaryimage\"},\"thumbnailUrl\":\"https:\/\/fuego-international.com\/AL\/wp-content\/uploads\/2025\/03\/85-ELU-720-GTV.jpg\",\"datePublished\":\"2025-03-25T06:26:03+00:00\",\"dateModified\":\"2025-05-16T13:16:30+00:00\",\"breadcrumb\":{\"@id\":\"https:\/\/fuego-international.com\/AL\/?product=tv-fuego-85elu720gtv#breadcrumb\"},\"inLanguage\":\"sq\",\"potentialAction\":[{\"@type\":\"ReadAction\",\"target\":[\"https:\/\/fuego-international.com\/AL\/?product=tv-fuego-85elu720gtv\"]}]},{\"@type\":\"ImageObject\",\"inLanguage\":\"sq\",\"@id\":\"https:\/\/fuego-international.com\/AL\/?product=tv-fuego-85elu720gtv#primaryimage\",\"url\":\"https:\/\/fuego-international.com\/AL\/wp-content\/uploads\/2025\/03\/85-ELU-720-GTV.jpg\",\"contentUrl\":\"https:\/\/fuego-international.com\/AL\/wp-content\/uploads\/2025\/03\/85-ELU-720-GTV.jpg\",\"width\":1000,\"height\":1000},{\"@type\":\"BreadcrumbList\",\"@id\":\"https:\/\/fuego-international.com\/AL\/?product=tv-fuego-85elu720gtv#breadcrumb\",\"itemListElement\":[{\"@type\":\"ListItem\",\"position\":1,\"name\":\"Home\",\"item\":\"https:\/\/fuego-international.com\/AL\/\"},{\"@type\":\"ListItem\",\"position\":2,\"name\":\"Produktet\",\"item\":\"https:\/\/fuego-international.com\/AL\/?page_id=7\"},{\"@type\":\"ListItem\",\"position\":3,\"name\":\"TV FUEGO 85ELU720GTV\"}]},{\"@type\":\"WebSite\",\"@id\":\"https:\/\/fuego-international.com\/AL\/#website\",\"url\":\"https:\/\/fuego-international.com\/AL\/\",\"name\":\"Fuego\",\"description\":\"\",\"potentialAction\":[{\"@type\":\"SearchAction\",\"target\":{\"@type\":\"EntryPoint\",\"urlTemplate\":\"https:\/\/fuego-international.com\/AL\/?s={search_term_string}\"},\"query-input\":{\"@type\":\"PropertyValueSpecification\",\"valueRequired\":true,\"valueName\":\"search_term_string\"}}],\"inLanguage\":\"sq\"}]}<\/script>\n<!-- \/ Yoast SEO Premium plugin. -->","yoast_head_json":{"title":"TV FUEGO 85ELU720GTV - Fuego","robots":{"index":"index","follow":"follow","max-snippet":"max-snippet:-1","max-image-preview":"max-image-preview:large","max-video-preview":"max-video-preview:-1"},"canonical":"https:\/\/fuego-international.com\/AL\/?product=tv-fuego-85elu720gtv","og_locale":"sq_AL","og_type":"article","og_title":"TV FUEGO 85ELU720GTV","og_description":"Kinemaja n\u00eb sht\u00ebpin\u00eb t\u00ebnde, me FUEGO 85 ELU 720 GTV 85 4K!   Marka: FUEGO  P\u00ebrmasa [inch]: 85\"  Paneli: DLED  Definicioni: UHD  Frekuenca [Hz]:  Kontrasti: 5000 : 1  Teknologjia 3D:  Smart TV: PO  Sistemi Operativ: ANDROID  DLNA:  Wireless: PO  Bluetooth: PO  Audio: 2 x 10 W  Marr\u00ebsi: DVB-C\/T\/T2\/S2  Moduli: CI  HDMI \/ USB: PO  Komponent:  Kompozit (AV):  Skart:  Ethernet: PO  Dalje Optikale:  Konsumi Maksimal (Watt): 300 W  Konsumi Standby (Watt): 0.5 W  Stema ekologjike:  P\u00ebrmasat me mbajt\u00ebse (GjxLxTh) (cm): 209.5 x 20.3 x 123  P\u00ebrmasat pa mbajt\u00ebse (GjxLxTh) (cm): 188.96 x 9.45 x 108.15  Pesha me mbajt\u00ebse (kg): 31.5  Pesha pa mbajt\u00ebse (kg): 24  Garanci Shtes\u00eb: GA0017-12990 LEK  Garancia normale: 24 muaj  Ean Code: 7900000267843  Sistemi: ANDROID","og_url":"https:\/\/fuego-international.com\/AL\/?product=tv-fuego-85elu720gtv","og_site_name":"Fuego","article_modified_time":"2025-05-16T13:16:30+00:00","og_image":[{"width":1000,"height":1000,"url":"https:\/\/fuego-international.com\/AL\/wp-content\/uploads\/2025\/03\/85-ELU-720-GTV.jpg","type":"image\/jpeg"}],"twitter_card":"summary_large_image","twitter_misc":{"Est. reading time":"2 minuta"},"schema":{"@context":"https:\/\/schema.org","@graph":[{"@type":"WebPage","@id":"https:\/\/fuego-international.com\/AL\/?product=tv-fuego-85elu720gtv","url":"https:\/\/fuego-international.com\/AL\/?product=tv-fuego-85elu720gtv","name":"TV FUEGO 85ELU720GTV - Fuego","isPartOf":{"@id":"https:\/\/fuego-international.com\/AL\/#website"},"primaryImageOfPage":{"@id":"https:\/\/fuego-international.com\/AL\/?product=tv-fuego-85elu720gtv#primaryimage"},"image":{"@id":"https:\/\/fuego-international.com\/AL\/?product=tv-fuego-85elu720gtv#primaryimage"},"thumbnailUrl":"https:\/\/fuego-international.com\/AL\/wp-content\/uploads\/2025\/03\/85-ELU-720-GTV.jpg","datePublished":"2025-03-25T06:26:03+00:00","dateModified":"2025-05-16T13:16:30+00:00","breadcrumb":{"@id":"https:\/\/fuego-international.com\/AL\/?product=tv-fuego-85elu720gtv#breadcrumb"},"inLanguage":"sq","potentialAction":[{"@type":"ReadAction","target":["https:\/\/fuego-international.com\/AL\/?product=tv-fuego-85elu720gtv"]}]},{"@type":"ImageObject","inLanguage":"sq","@id":"https:\/\/fuego-international.com\/AL\/?product=tv-fuego-85elu720gtv#primaryimage","url":"https:\/\/fuego-international.com\/AL\/wp-content\/uploads\/2025\/03\/85-ELU-720-GTV.jpg","contentUrl":"https:\/\/fuego-international.com\/AL\/wp-content\/uploads\/2025\/03\/85-ELU-720-GTV.jpg","width":1000,"height":1000},{"@type":"BreadcrumbList","@id":"https:\/\/fuego-international.com\/AL\/?product=tv-fuego-85elu720gtv#breadcrumb","itemListElement":[{"@type":"ListItem","position":1,"name":"Home","item":"https:\/\/fuego-international.com\/AL\/"},{"@type":"ListItem","position":2,"name":"Produktet","item":"https:\/\/fuego-international.com\/AL\/?page_id=7"},{"@type":"ListItem","position":3,"name":"TV FUEGO 85ELU720GTV"}]},{"@type":"WebSite","@id":"https:\/\/fuego-international.com\/AL\/#website","url":"https:\/\/fuego-international.com\/AL\/","name":"Fuego","description":"","potentialAction":[{"@type":"SearchAction","target":{"@type":"EntryPoint","urlTemplate":"https:\/\/fuego-international.com\/AL\/?s={search_term_string}"},"query-input":{"@type":"PropertyValueSpecification","valueRequired":true,"valueName":"search_term_string"}}],"inLanguage":"sq"}]}},"_links":{"self":[{"href":"https:\/\/fuego-international.com\/AL\/index.php?rest_route=\/wp\/v2\/product\/10398","targetHints":{"allow":["GET"]}}],"collection":[{"href":"https:\/\/fuego-international.com\/AL\/index.php?rest_route=\/wp\/v2\/product"}],"about":[{"href":"https:\/\/fuego-international.com\/AL\/index.php?rest_route=\/wp\/v2\/types\/product"}],"replies":[{"embeddable":true,"href":"https:\/\/fuego-international.com\/AL\/index.php?rest_route=%2Fwp%2Fv2%2Fcomments&post=10398"}],"wp:featuredmedia":[{"embeddable":true,"href":"https:\/\/fuego-international.com\/AL\/index.php?rest_route=\/wp\/v2\/media\/10967"}],"wp:attachment":[{"href":"https:\/\/fuego-international.com\/AL\/index.php?rest_route=%2Fwp%2Fv2%2Fmedia&parent=10398"}],"wp:term":[{"taxonomy":"product_brand","embeddable":true,"href":"https:\/\/fuego-international.com\/AL\/index.php?rest_route=%2Fwp%2Fv2%2Fproduct_brand&post=10398"},{"taxonomy":"product_cat","embeddable":true,"href":"https:\/\/fuego-international.com\/AL\/index.php?rest_route=%2Fwp%2Fv2%2Fproduct_cat&post=10398"},{"taxonomy":"product_tag","embeddable":true,"href":"https:\/\/fuego-international.com\/AL\/index.php?rest_route=%2Fwp%2Fv2%2Fproduct_tag&post=10398"}],"curies":[{"name":"wp","href":"https:\/\/api.w.org\/{rel}","templated":true}]}}