{"id":10382,"date":"2025-03-25T06:25:47","date_gmt":"2025-03-25T06:25:47","guid":{"rendered":"https:\/\/fuego-international.com\/AL\/produkt\/fshese-vertikale-fuego-v8300\/"},"modified":"2025-04-04T18:20:03","modified_gmt":"2025-04-04T17:20:03","slug":"fshese-vertikale-fuego-v8300","status":"publish","type":"product","link":"https:\/\/fuego-international.com\/AL\/?product=fshese-vertikale-fuego-v8300","title":{"rendered":"FSHESE VERTIKALE FUEGO V8300"},"content":{"rendered":"<div class=\"container\" style=\"width: 100%;\">\n<div class=\"row-fl\">\n<div class=\"col-md-6\"><img decoding=\"async\" src=\"https:\/\/www.neptun.al\/2024\/10\/17\/V8300_2.webp\" alt=\"fshesa vertikale fuego\" \/><\/div>\n<div class=\"col-md-6\">\n<div class=\"tekst\">\n<p style=\"font-size: 17px;\"><span style=\"font-weight: bold; font-size: 17px;\">Tre m\u00ebnyra thithjeje:<\/span> P\u00ebrshtateni p\u00ebrvoj\u00ebn tuaj t\u00eb pastrimit me tre m\u00ebnyra thithjeje t\u00eb rregullueshme p\u00ebr t\u00eb trajtuar sip\u00ebrfaqe t\u00eb ndryshme dhe nivele t\u00eb mbeturinave.<\/p>\n<p style=\"font-size: 17px;\"><span style=\"font-weight: bold; font-size: 17px;\">Treguesit LED:<\/span> Q\u00ebndroni t\u00eb informuar me tregues t\u00eb qart\u00eb LED q\u00eb shfaqin statusin e pajisjes dhe nivelet e fuqis\u00eb.<\/p>\n<p style=\"font-size: 17px;\"><span style=\"font-weight: bold; font-size: 17px;\">Performanc\u00eb e fuqishme:<\/span> Me nj\u00eb fuqi maksimale prej 380 W dhe nj\u00eb fuqi thith\u00ebse prej t\u00eb pakt\u00ebn 110 W, kjo pajisje siguron pastrim efikas \u00e7do her\u00eb.<\/p>\n<\/div>\n<\/div>\n<\/div>\n<div id=\"rev\" class=\"row-fl\">\n<div class=\"col-md-6\">\n<div class=\"tekst\">\n<p style=\"font-size: 17px;\"><span style=\"font-weight: bold; font-size: 17px;\">Koh\u00ebt optimale t\u00eb p\u00ebrdorimit:<\/span> 10 minuta fuqi maksimale p\u00ebr pastrim intensiv, 25 minuta me fuqi mesatare dhe 55 minuta mbres\u00ebl\u00ebn\u00ebse me fuqi t\u00eb ul\u00ebt, duke e b\u00ebr\u00eb at\u00eb t\u00eb p\u00ebrshtatsh\u00ebm p\u00ebr prekje t\u00eb shpejta ose seanca t\u00eb zgjatura pastrimi.<\/p>\n<p style=\"font-size: 17px;\"><span style=\"font-weight: bold; font-size: 17px;\">Bateria me jet\u00ebgjat\u00ebsi:<\/span> E pajisur me nj\u00eb bateri t\u00eb fuqishme litium-jon (7*2500 mAh), mund t\u00eb mb\u00ebshteteni n\u00eb performanc\u00eb t\u00eb besueshme pa rimbushje t\u00eb shpeshta.<\/p>\n<p style=\"font-size: 17px;\"><span style=\"font-weight: bold; font-size: 17px;\">Karikimi i shpejt\u00eb:<\/span> Pajisja karikohet plot\u00ebsisht n\u00eb vet\u00ebm 3,5 or\u00eb, duke ju lejuar t&#8217;i riktheheni pastrimit me koh\u00eb minimale joproduktive.<\/p>\n<\/div>\n<\/div>\n<div class=\"col-md-6\"><img decoding=\"async\" src=\"https:\/\/www.neptun.al\/2024\/10\/17\/V8300_4.webp\" alt=\"fshesa vertikale fuego\" \/><\/div>\n<\/div>\n<\/div>\n<style>\n  .row-fl{<br \/>  display:flex;<br \/>  flex-direction:row;<br \/>  align-items:center;<br \/>  justify-content:center;<br \/>  }<br \/>  @media(max-width:700px){<br \/>  .row-fl{<br \/>  flex-direction:column!important;<br \/>  }<br \/>  #rev{<br \/>  flex-direction:column-reverse!important<br \/>  }<br \/>  }<br \/>  @media(max-width:280px){<br \/>  .row-fl{<br \/>  flex-direction:column!important;<br \/>  }<br \/>  #rev{<br \/>  flex-direction:column-reverse!important<br \/>  }<br \/>  }<br \/><\/style>\n","protected":false},"excerpt":{"rendered":"<ul>\n<li><strong>Garancia normale:<\/strong> 12<\/li>\n<li><strong>Garanci Shtese:<\/strong><\/li>\n<li><strong>Ean Code:<\/strong> 2074141825226<\/li>\n<li><strong>Marka:<\/strong> FUEGO<\/li>\n<li><strong>Lloji i depozites se pluhurit:<\/strong> GOTE<\/li>\n<li><strong>Kapaciteti i depozites (Litra):<\/strong><\/li>\n<li><strong>Tipi i filtrit:<\/strong><\/li>\n<li><strong>Gjatesia e kordonit (m):<\/strong> Pa kordon \/ 25 minuta<\/li>\n<li><strong>Funksion larje:<\/strong> Jo<\/li>\n<li><strong>Mbledhje e kordonit:<\/strong> Jo<\/li>\n<li><strong>Ngjyra:<\/strong> Silver<\/li>\n<li><strong>Pesha (kg):<\/strong><\/li>\n<\/ul>\n","protected":false},"featured_media":10718,"comment_status":"closed","ping_status":"closed","template":"","meta":[],"product_brand":[],"product_cat":[244],"product_tag":[],"class_list":{"0":"post-10382","1":"product","2":"type-product","3":"status-publish","4":"has-post-thumbnail","6":"product_cat-fshesa-vertikale","8":"first","9":"instock","10":"product-type-simple"},"yoast_head":"<!-- This site is optimized with the Yoast SEO Premium plugin v24.8 (Yoast SEO v24.8.1) - https:\/\/yoast.com\/wordpress\/plugins\/seo\/ -->\n<title>FSHESE VERTIKALE FUEGO V8300 - Fuego<\/title>\n<meta name=\"robots\" content=\"index, follow, max-snippet:-1, max-image-preview:large, max-video-preview:-1\" \/>\n<link rel=\"canonical\" href=\"https:\/\/fuego-international.com\/AL\/?product=fshese-vertikale-fuego-v8300\" \/>\n<meta property=\"og:locale\" content=\"sq_AL\" \/>\n<meta property=\"og:type\" content=\"article\" \/>\n<meta property=\"og:title\" content=\"FSHESE VERTIKALE FUEGO V8300\" \/>\n<meta property=\"og:description\" content=\"Garancia normale: 12  Garanci Shtese:  Ean Code: 2074141825226  Marka: FUEGO  Lloji i depozites se pluhurit: GOTE  Kapaciteti i depozites (Litra):  Tipi i filtrit:  Gjatesia e kordonit (m): Pa kordon \/ 25 minuta  Funksion larje: Jo  Mbledhje e kordonit: Jo  Ngjyra: Silver  Pesha (kg):\" \/>\n<meta property=\"og:url\" content=\"https:\/\/fuego-international.com\/AL\/?product=fshese-vertikale-fuego-v8300\" \/>\n<meta property=\"og:site_name\" content=\"Fuego\" \/>\n<meta property=\"article:modified_time\" content=\"2025-04-04T17:20:03+00:00\" \/>\n<meta property=\"og:image\" content=\"https:\/\/fuego-international.com\/AL\/wp-content\/uploads\/2025\/03\/FUEGO-V8300.jpg\" \/>\n\t<meta property=\"og:image:width\" content=\"1000\" \/>\n\t<meta property=\"og:image:height\" content=\"1000\" \/>\n\t<meta property=\"og:image:type\" content=\"image\/jpeg\" \/>\n<meta name=\"twitter:card\" content=\"summary_large_image\" \/>\n<meta name=\"twitter:label1\" content=\"Est. reading time\" \/>\n\t<meta name=\"twitter:data1\" content=\"1 minut\u00eb\" \/>\n<script type=\"application\/ld+json\" class=\"yoast-schema-graph\">{\"@context\":\"https:\/\/schema.org\",\"@graph\":[{\"@type\":\"WebPage\",\"@id\":\"https:\/\/fuego-international.com\/AL\/?product=fshese-vertikale-fuego-v8300\",\"url\":\"https:\/\/fuego-international.com\/AL\/?product=fshese-vertikale-fuego-v8300\",\"name\":\"FSHESE VERTIKALE FUEGO V8300 - Fuego\",\"isPartOf\":{\"@id\":\"https:\/\/fuego-international.com\/AL\/#website\"},\"primaryImageOfPage\":{\"@id\":\"https:\/\/fuego-international.com\/AL\/?product=fshese-vertikale-fuego-v8300#primaryimage\"},\"image\":{\"@id\":\"https:\/\/fuego-international.com\/AL\/?product=fshese-vertikale-fuego-v8300#primaryimage\"},\"thumbnailUrl\":\"https:\/\/fuego-international.com\/AL\/wp-content\/uploads\/2025\/03\/FUEGO-V8300.jpg\",\"datePublished\":\"2025-03-25T06:25:47+00:00\",\"dateModified\":\"2025-04-04T17:20:03+00:00\",\"breadcrumb\":{\"@id\":\"https:\/\/fuego-international.com\/AL\/?product=fshese-vertikale-fuego-v8300#breadcrumb\"},\"inLanguage\":\"sq\",\"potentialAction\":[{\"@type\":\"ReadAction\",\"target\":[\"https:\/\/fuego-international.com\/AL\/?product=fshese-vertikale-fuego-v8300\"]}]},{\"@type\":\"ImageObject\",\"inLanguage\":\"sq\",\"@id\":\"https:\/\/fuego-international.com\/AL\/?product=fshese-vertikale-fuego-v8300#primaryimage\",\"url\":\"https:\/\/fuego-international.com\/AL\/wp-content\/uploads\/2025\/03\/FUEGO-V8300.jpg\",\"contentUrl\":\"https:\/\/fuego-international.com\/AL\/wp-content\/uploads\/2025\/03\/FUEGO-V8300.jpg\",\"width\":1000,\"height\":1000},{\"@type\":\"BreadcrumbList\",\"@id\":\"https:\/\/fuego-international.com\/AL\/?product=fshese-vertikale-fuego-v8300#breadcrumb\",\"itemListElement\":[{\"@type\":\"ListItem\",\"position\":1,\"name\":\"Home\",\"item\":\"https:\/\/fuego-international.com\/AL\/\"},{\"@type\":\"ListItem\",\"position\":2,\"name\":\"Produktet\",\"item\":\"https:\/\/fuego-international.com\/AL\/?page_id=7\"},{\"@type\":\"ListItem\",\"position\":3,\"name\":\"FSHESE VERTIKALE FUEGO V8300\"}]},{\"@type\":\"WebSite\",\"@id\":\"https:\/\/fuego-international.com\/AL\/#website\",\"url\":\"https:\/\/fuego-international.com\/AL\/\",\"name\":\"Fuego\",\"description\":\"\",\"potentialAction\":[{\"@type\":\"SearchAction\",\"target\":{\"@type\":\"EntryPoint\",\"urlTemplate\":\"https:\/\/fuego-international.com\/AL\/?s={search_term_string}\"},\"query-input\":{\"@type\":\"PropertyValueSpecification\",\"valueRequired\":true,\"valueName\":\"search_term_string\"}}],\"inLanguage\":\"sq\"}]}<\/script>\n<!-- \/ Yoast SEO Premium plugin. -->","yoast_head_json":{"title":"FSHESE VERTIKALE FUEGO V8300 - Fuego","robots":{"index":"index","follow":"follow","max-snippet":"max-snippet:-1","max-image-preview":"max-image-preview:large","max-video-preview":"max-video-preview:-1"},"canonical":"https:\/\/fuego-international.com\/AL\/?product=fshese-vertikale-fuego-v8300","og_locale":"sq_AL","og_type":"article","og_title":"FSHESE VERTIKALE FUEGO V8300","og_description":"Garancia normale: 12  Garanci Shtese:  Ean Code: 2074141825226  Marka: FUEGO  Lloji i depozites se pluhurit: GOTE  Kapaciteti i depozites (Litra):  Tipi i filtrit:  Gjatesia e kordonit (m): Pa kordon \/ 25 minuta  Funksion larje: Jo  Mbledhje e kordonit: Jo  Ngjyra: Silver  Pesha (kg):","og_url":"https:\/\/fuego-international.com\/AL\/?product=fshese-vertikale-fuego-v8300","og_site_name":"Fuego","article_modified_time":"2025-04-04T17:20:03+00:00","og_image":[{"width":1000,"height":1000,"url":"https:\/\/fuego-international.com\/AL\/wp-content\/uploads\/2025\/03\/FUEGO-V8300.jpg","type":"image\/jpeg"}],"twitter_card":"summary_large_image","twitter_misc":{"Est. reading time":"1 minut\u00eb"},"schema":{"@context":"https:\/\/schema.org","@graph":[{"@type":"WebPage","@id":"https:\/\/fuego-international.com\/AL\/?product=fshese-vertikale-fuego-v8300","url":"https:\/\/fuego-international.com\/AL\/?product=fshese-vertikale-fuego-v8300","name":"FSHESE VERTIKALE FUEGO V8300 - Fuego","isPartOf":{"@id":"https:\/\/fuego-international.com\/AL\/#website"},"primaryImageOfPage":{"@id":"https:\/\/fuego-international.com\/AL\/?product=fshese-vertikale-fuego-v8300#primaryimage"},"image":{"@id":"https:\/\/fuego-international.com\/AL\/?product=fshese-vertikale-fuego-v8300#primaryimage"},"thumbnailUrl":"https:\/\/fuego-international.com\/AL\/wp-content\/uploads\/2025\/03\/FUEGO-V8300.jpg","datePublished":"2025-03-25T06:25:47+00:00","dateModified":"2025-04-04T17:20:03+00:00","breadcrumb":{"@id":"https:\/\/fuego-international.com\/AL\/?product=fshese-vertikale-fuego-v8300#breadcrumb"},"inLanguage":"sq","potentialAction":[{"@type":"ReadAction","target":["https:\/\/fuego-international.com\/AL\/?product=fshese-vertikale-fuego-v8300"]}]},{"@type":"ImageObject","inLanguage":"sq","@id":"https:\/\/fuego-international.com\/AL\/?product=fshese-vertikale-fuego-v8300#primaryimage","url":"https:\/\/fuego-international.com\/AL\/wp-content\/uploads\/2025\/03\/FUEGO-V8300.jpg","contentUrl":"https:\/\/fuego-international.com\/AL\/wp-content\/uploads\/2025\/03\/FUEGO-V8300.jpg","width":1000,"height":1000},{"@type":"BreadcrumbList","@id":"https:\/\/fuego-international.com\/AL\/?product=fshese-vertikale-fuego-v8300#breadcrumb","itemListElement":[{"@type":"ListItem","position":1,"name":"Home","item":"https:\/\/fuego-international.com\/AL\/"},{"@type":"ListItem","position":2,"name":"Produktet","item":"https:\/\/fuego-international.com\/AL\/?page_id=7"},{"@type":"ListItem","position":3,"name":"FSHESE VERTIKALE FUEGO V8300"}]},{"@type":"WebSite","@id":"https:\/\/fuego-international.com\/AL\/#website","url":"https:\/\/fuego-international.com\/AL\/","name":"Fuego","description":"","potentialAction":[{"@type":"SearchAction","target":{"@type":"EntryPoint","urlTemplate":"https:\/\/fuego-international.com\/AL\/?s={search_term_string}"},"query-input":{"@type":"PropertyValueSpecification","valueRequired":true,"valueName":"search_term_string"}}],"inLanguage":"sq"}]}},"_links":{"self":[{"href":"https:\/\/fuego-international.com\/AL\/index.php?rest_route=\/wp\/v2\/product\/10382","targetHints":{"allow":["GET"]}}],"collection":[{"href":"https:\/\/fuego-international.com\/AL\/index.php?rest_route=\/wp\/v2\/product"}],"about":[{"href":"https:\/\/fuego-international.com\/AL\/index.php?rest_route=\/wp\/v2\/types\/product"}],"replies":[{"embeddable":true,"href":"https:\/\/fuego-international.com\/AL\/index.php?rest_route=%2Fwp%2Fv2%2Fcomments&post=10382"}],"wp:featuredmedia":[{"embeddable":true,"href":"https:\/\/fuego-international.com\/AL\/index.php?rest_route=\/wp\/v2\/media\/10718"}],"wp:attachment":[{"href":"https:\/\/fuego-international.com\/AL\/index.php?rest_route=%2Fwp%2Fv2%2Fmedia&parent=10382"}],"wp:term":[{"taxonomy":"product_brand","embeddable":true,"href":"https:\/\/fuego-international.com\/AL\/index.php?rest_route=%2Fwp%2Fv2%2Fproduct_brand&post=10382"},{"taxonomy":"product_cat","embeddable":true,"href":"https:\/\/fuego-international.com\/AL\/index.php?rest_route=%2Fwp%2Fv2%2Fproduct_cat&post=10382"},{"taxonomy":"product_tag","embeddable":true,"href":"https:\/\/fuego-international.com\/AL\/index.php?rest_route=%2Fwp%2Fv2%2Fproduct_tag&post=10382"}],"curies":[{"name":"wp","href":"https:\/\/api.w.org\/{rel}","templated":true}]}}