{"id":10354,"date":"2025-03-25T06:25:47","date_gmt":"2025-03-25T06:25:47","guid":{"rendered":"https:\/\/fuego-international.com\/AL\/produkt\/kondicioner-fuego-fgtc12inv-wifi-wmse7\/"},"modified":"2025-04-04T21:26:59","modified_gmt":"2025-04-04T20:26:59","slug":"kondicioner-fuego-fgtc12inv-wifi-wmse7","status":"publish","type":"product","link":"https:\/\/fuego-international.com\/AL\/?product=kondicioner-fuego-fgtc12inv-wifi-wmse7","title":{"rendered":"KONDICIONER FUEGO FGTC12INV-WIFI-WMSE7"},"content":{"rendered":"<p>KONDICIONER FUEGO FGTC12INV-WIFI-WMSE7<\/p>\n<div class=\"container\" style=\"width: 100%;\">\n<div class=\"row\">\n<div class=\"col-md-6\"><\/div>\n<div class=\"col-md-6\">\n<div class=\"text\">\n<p style=\"font-size: 17px;\">Zbuloni mish\u00ebrimin e teknologjis\u00eb inteligjente t\u00eb ftohjes me kondicionerin FUEGO FGTC12INV-WIFI-WMSE7. E projektuar p\u00ebr t\u00eb rip\u00ebrcaktuar rehatin\u00eb dhe efikasitetin, kjo nj\u00ebsi elegante kombinon pa probleme performanc\u00ebn e fuqishme me ve\u00e7orit\u00eb inteligjente, duke e b\u00ebr\u00eb at\u00eb nj\u00eb shtes\u00eb thelb\u00ebsore p\u00ebr \u00e7do sht\u00ebpi moderne.<\/p>\n<p style=\"font-size: 17px;\">FUEGO FGTC12INV-WIFI-WMSE7 p\u00ebrmban nj\u00eb dizajn elegant dhe kompakt q\u00eb harmonizohet pa mundim n\u00eb \u00e7do dekor t\u00eb brendsh\u00ebm. I pajisur me teknologjin\u00eb e avancuar t\u00eb inverterit, ai ofron ftohje t\u00eb shpejt\u00eb dhe precize, nd\u00ebrkoh\u00eb q\u00eb siguron kursim t\u00eb energjis\u00eb duke rregulluar shpejt\u00ebsin\u00eb e kompresorit sipas nevojave t\u00eb ftohjes.<\/p>\n<p style=\"font-size: 17px;\">Me lidhjen e integruar WiFi, FUEGO FGTC12INV-WIFI-WMSE7 ju lejon t\u00eb kontrolloni dhe monitoroni cil\u00ebsimet nga distanca n\u00ebp\u00ebrmjet nj\u00eb aplikacioni smartphone. Pavar\u00ebsisht n\u00ebse jeni n\u00eb sht\u00ebpi ose larg, mund t\u00eb rregulloni leht\u00ebsisht cil\u00ebsimet e temperatur\u00ebs, t\u00eb vendosni orare dhe t\u00eb merrni raporte t\u00eb konsumit t\u00eb energjis\u00eb, duke ofruar komoditet dhe efikasitet t\u00eb pashembullt.<\/p>\n<p style=\"font-size: 17px;\">I krijuar p\u00ebr funksionim t\u00eb qet\u00eb, ky kondicioner siguron zhurm\u00eb minimale, duke ju lejuar t\u00eb shijoni nj\u00eb mjedis t\u00eb qet\u00eb. Nd\u00ebrfaqja e tij miq\u00ebsore p\u00ebr p\u00ebrdoruesit dhe kontrollet intuitive e b\u00ebjn\u00eb t\u00eb thjesht\u00eb personalizimin e cil\u00ebsimeve p\u00ebr t&#8217;iu p\u00ebrshtatur preferencave dhe stilit t\u00eb jetes\u00ebs.<\/p>\n<p style=\"font-size: 17px;\">E p\u00ebrkryer p\u00ebr dhomat e gjumit, dhomat e ndenjes ose zyrat, FUEGO FGTC12INV-WIFI-WMSE7 ofron performanc\u00eb superiore t\u00eb ftohjes dhe funksionalitet inteligjent. P\u00ebrjetoni rehati dhe kontroll t\u00eb shtuar me k\u00ebt\u00eb kondicioner inovativ, i krijuar p\u00ebr t&#8217;ju mbajtur t\u00eb fresk\u00ebt dhe komod gjat\u00eb gjith\u00eb vitit.<\/p>\n<\/div>\n<\/div>\n<\/div>\n<\/div>\n","protected":false},"excerpt":{"rendered":"<ul>\n<li><strong>Marka:<\/strong> FUEGO<\/li>\n<li><strong>Tipi:<\/strong> Mural<\/li>\n<li><strong>Lloji:<\/strong> Inverter<\/li>\n<li><strong>Kapaciteti ne BTU:<\/strong> 12000<\/li>\n<li><strong>Fuqia ftohese ne (btu):<\/strong><\/li>\n<li><strong>Paneli:<\/strong> LCD<\/li>\n<li><strong>Energjia qe harxhon ne ftohje:<\/strong> 3.5 kw<\/li>\n<li><strong>Energjia qe harxhon ne ngrohje:<\/strong> 3.5 kw<\/li>\n<li><strong>Klasa e energjise:<\/strong> A+++ \/ A++<\/li>\n<li><strong>Niveli i zhurmes:<\/strong> 22 \/ 43dB<\/li>\n<li><strong>Garanci Shtese:<\/strong> GA0014-5990 LEK<\/li>\n<li><strong>Garancia normale:<\/strong> 24<\/li>\n<li><strong>Ean Code:<\/strong><\/li>\n<\/ul>\n","protected":false},"featured_media":10779,"comment_status":"closed","ping_status":"closed","template":"","meta":[],"product_brand":[],"product_cat":[231],"product_tag":[],"class_list":{"0":"post-10354","1":"product","2":"type-product","3":"status-publish","4":"has-post-thumbnail","6":"product_cat-inverter","8":"first","9":"instock","10":"product-type-simple"},"yoast_head":"<!-- This site is optimized with the Yoast SEO Premium plugin v24.8 (Yoast SEO v24.8.1) - https:\/\/yoast.com\/wordpress\/plugins\/seo\/ -->\n<title>KONDICIONER FUEGO FGTC12INV-WIFI-WMSE7 - Fuego<\/title>\n<meta name=\"robots\" content=\"index, follow, max-snippet:-1, max-image-preview:large, max-video-preview:-1\" \/>\n<link rel=\"canonical\" href=\"https:\/\/fuego-international.com\/AL\/?product=kondicioner-fuego-fgtc12inv-wifi-wmse7\" \/>\n<meta property=\"og:locale\" content=\"sq_AL\" \/>\n<meta property=\"og:type\" content=\"article\" \/>\n<meta property=\"og:title\" content=\"KONDICIONER FUEGO FGTC12INV-WIFI-WMSE7\" \/>\n<meta property=\"og:description\" content=\"Marka: FUEGO  Tipi: Mural  Lloji: Inverter  Kapaciteti ne BTU: 12000  Fuqia ftohese ne (btu):  Paneli: LCD  Energjia qe harxhon ne ftohje: 3.5 kw  Energjia qe harxhon ne ngrohje: 3.5 kw  Klasa e energjise: A+++ \/ A++  Niveli i zhurmes: 22 \/ 43dB  Garanci Shtese: GA0014-5990 LEK  Garancia normale: 24  Ean Code:\" \/>\n<meta property=\"og:url\" content=\"https:\/\/fuego-international.com\/AL\/?product=kondicioner-fuego-fgtc12inv-wifi-wmse7\" \/>\n<meta property=\"og:site_name\" content=\"Fuego\" \/>\n<meta property=\"article:modified_time\" content=\"2025-04-04T20:26:59+00:00\" \/>\n<meta property=\"og:image\" content=\"https:\/\/fuego-international.com\/AL\/wp-content\/uploads\/2025\/03\/FGTC18INV-WIFI-WMSE7.jpg\" \/>\n\t<meta property=\"og:image:width\" content=\"1000\" \/>\n\t<meta property=\"og:image:height\" content=\"1000\" \/>\n\t<meta property=\"og:image:type\" content=\"image\/jpeg\" \/>\n<meta name=\"twitter:card\" content=\"summary_large_image\" \/>\n<meta name=\"twitter:label1\" content=\"Est. reading time\" \/>\n\t<meta name=\"twitter:data1\" content=\"1 minut\u00eb\" \/>\n<script type=\"application\/ld+json\" class=\"yoast-schema-graph\">{\"@context\":\"https:\/\/schema.org\",\"@graph\":[{\"@type\":\"WebPage\",\"@id\":\"https:\/\/fuego-international.com\/AL\/?product=kondicioner-fuego-fgtc12inv-wifi-wmse7\",\"url\":\"https:\/\/fuego-international.com\/AL\/?product=kondicioner-fuego-fgtc12inv-wifi-wmse7\",\"name\":\"KONDICIONER FUEGO FGTC12INV-WIFI-WMSE7 - Fuego\",\"isPartOf\":{\"@id\":\"https:\/\/fuego-international.com\/AL\/#website\"},\"primaryImageOfPage\":{\"@id\":\"https:\/\/fuego-international.com\/AL\/?product=kondicioner-fuego-fgtc12inv-wifi-wmse7#primaryimage\"},\"image\":{\"@id\":\"https:\/\/fuego-international.com\/AL\/?product=kondicioner-fuego-fgtc12inv-wifi-wmse7#primaryimage\"},\"thumbnailUrl\":\"https:\/\/fuego-international.com\/AL\/wp-content\/uploads\/2025\/03\/FGTC18INV-WIFI-WMSE7.jpg\",\"datePublished\":\"2025-03-25T06:25:47+00:00\",\"dateModified\":\"2025-04-04T20:26:59+00:00\",\"breadcrumb\":{\"@id\":\"https:\/\/fuego-international.com\/AL\/?product=kondicioner-fuego-fgtc12inv-wifi-wmse7#breadcrumb\"},\"inLanguage\":\"sq\",\"potentialAction\":[{\"@type\":\"ReadAction\",\"target\":[\"https:\/\/fuego-international.com\/AL\/?product=kondicioner-fuego-fgtc12inv-wifi-wmse7\"]}]},{\"@type\":\"ImageObject\",\"inLanguage\":\"sq\",\"@id\":\"https:\/\/fuego-international.com\/AL\/?product=kondicioner-fuego-fgtc12inv-wifi-wmse7#primaryimage\",\"url\":\"https:\/\/fuego-international.com\/AL\/wp-content\/uploads\/2025\/03\/FGTC18INV-WIFI-WMSE7.jpg\",\"contentUrl\":\"https:\/\/fuego-international.com\/AL\/wp-content\/uploads\/2025\/03\/FGTC18INV-WIFI-WMSE7.jpg\",\"width\":1000,\"height\":1000},{\"@type\":\"BreadcrumbList\",\"@id\":\"https:\/\/fuego-international.com\/AL\/?product=kondicioner-fuego-fgtc12inv-wifi-wmse7#breadcrumb\",\"itemListElement\":[{\"@type\":\"ListItem\",\"position\":1,\"name\":\"Home\",\"item\":\"https:\/\/fuego-international.com\/AL\/\"},{\"@type\":\"ListItem\",\"position\":2,\"name\":\"Produktet\",\"item\":\"https:\/\/fuego-international.com\/AL\/?page_id=7\"},{\"@type\":\"ListItem\",\"position\":3,\"name\":\"KONDICIONER FUEGO FGTC12INV-WIFI-WMSE7\"}]},{\"@type\":\"WebSite\",\"@id\":\"https:\/\/fuego-international.com\/AL\/#website\",\"url\":\"https:\/\/fuego-international.com\/AL\/\",\"name\":\"Fuego\",\"description\":\"\",\"potentialAction\":[{\"@type\":\"SearchAction\",\"target\":{\"@type\":\"EntryPoint\",\"urlTemplate\":\"https:\/\/fuego-international.com\/AL\/?s={search_term_string}\"},\"query-input\":{\"@type\":\"PropertyValueSpecification\",\"valueRequired\":true,\"valueName\":\"search_term_string\"}}],\"inLanguage\":\"sq\"}]}<\/script>\n<!-- \/ Yoast SEO Premium plugin. -->","yoast_head_json":{"title":"KONDICIONER FUEGO FGTC12INV-WIFI-WMSE7 - Fuego","robots":{"index":"index","follow":"follow","max-snippet":"max-snippet:-1","max-image-preview":"max-image-preview:large","max-video-preview":"max-video-preview:-1"},"canonical":"https:\/\/fuego-international.com\/AL\/?product=kondicioner-fuego-fgtc12inv-wifi-wmse7","og_locale":"sq_AL","og_type":"article","og_title":"KONDICIONER FUEGO FGTC12INV-WIFI-WMSE7","og_description":"Marka: FUEGO  Tipi: Mural  Lloji: Inverter  Kapaciteti ne BTU: 12000  Fuqia ftohese ne (btu):  Paneli: LCD  Energjia qe harxhon ne ftohje: 3.5 kw  Energjia qe harxhon ne ngrohje: 3.5 kw  Klasa e energjise: A+++ \/ A++  Niveli i zhurmes: 22 \/ 43dB  Garanci Shtese: GA0014-5990 LEK  Garancia normale: 24  Ean Code:","og_url":"https:\/\/fuego-international.com\/AL\/?product=kondicioner-fuego-fgtc12inv-wifi-wmse7","og_site_name":"Fuego","article_modified_time":"2025-04-04T20:26:59+00:00","og_image":[{"width":1000,"height":1000,"url":"https:\/\/fuego-international.com\/AL\/wp-content\/uploads\/2025\/03\/FGTC18INV-WIFI-WMSE7.jpg","type":"image\/jpeg"}],"twitter_card":"summary_large_image","twitter_misc":{"Est. reading time":"1 minut\u00eb"},"schema":{"@context":"https:\/\/schema.org","@graph":[{"@type":"WebPage","@id":"https:\/\/fuego-international.com\/AL\/?product=kondicioner-fuego-fgtc12inv-wifi-wmse7","url":"https:\/\/fuego-international.com\/AL\/?product=kondicioner-fuego-fgtc12inv-wifi-wmse7","name":"KONDICIONER FUEGO FGTC12INV-WIFI-WMSE7 - Fuego","isPartOf":{"@id":"https:\/\/fuego-international.com\/AL\/#website"},"primaryImageOfPage":{"@id":"https:\/\/fuego-international.com\/AL\/?product=kondicioner-fuego-fgtc12inv-wifi-wmse7#primaryimage"},"image":{"@id":"https:\/\/fuego-international.com\/AL\/?product=kondicioner-fuego-fgtc12inv-wifi-wmse7#primaryimage"},"thumbnailUrl":"https:\/\/fuego-international.com\/AL\/wp-content\/uploads\/2025\/03\/FGTC18INV-WIFI-WMSE7.jpg","datePublished":"2025-03-25T06:25:47+00:00","dateModified":"2025-04-04T20:26:59+00:00","breadcrumb":{"@id":"https:\/\/fuego-international.com\/AL\/?product=kondicioner-fuego-fgtc12inv-wifi-wmse7#breadcrumb"},"inLanguage":"sq","potentialAction":[{"@type":"ReadAction","target":["https:\/\/fuego-international.com\/AL\/?product=kondicioner-fuego-fgtc12inv-wifi-wmse7"]}]},{"@type":"ImageObject","inLanguage":"sq","@id":"https:\/\/fuego-international.com\/AL\/?product=kondicioner-fuego-fgtc12inv-wifi-wmse7#primaryimage","url":"https:\/\/fuego-international.com\/AL\/wp-content\/uploads\/2025\/03\/FGTC18INV-WIFI-WMSE7.jpg","contentUrl":"https:\/\/fuego-international.com\/AL\/wp-content\/uploads\/2025\/03\/FGTC18INV-WIFI-WMSE7.jpg","width":1000,"height":1000},{"@type":"BreadcrumbList","@id":"https:\/\/fuego-international.com\/AL\/?product=kondicioner-fuego-fgtc12inv-wifi-wmse7#breadcrumb","itemListElement":[{"@type":"ListItem","position":1,"name":"Home","item":"https:\/\/fuego-international.com\/AL\/"},{"@type":"ListItem","position":2,"name":"Produktet","item":"https:\/\/fuego-international.com\/AL\/?page_id=7"},{"@type":"ListItem","position":3,"name":"KONDICIONER FUEGO FGTC12INV-WIFI-WMSE7"}]},{"@type":"WebSite","@id":"https:\/\/fuego-international.com\/AL\/#website","url":"https:\/\/fuego-international.com\/AL\/","name":"Fuego","description":"","potentialAction":[{"@type":"SearchAction","target":{"@type":"EntryPoint","urlTemplate":"https:\/\/fuego-international.com\/AL\/?s={search_term_string}"},"query-input":{"@type":"PropertyValueSpecification","valueRequired":true,"valueName":"search_term_string"}}],"inLanguage":"sq"}]}},"_links":{"self":[{"href":"https:\/\/fuego-international.com\/AL\/index.php?rest_route=\/wp\/v2\/product\/10354","targetHints":{"allow":["GET"]}}],"collection":[{"href":"https:\/\/fuego-international.com\/AL\/index.php?rest_route=\/wp\/v2\/product"}],"about":[{"href":"https:\/\/fuego-international.com\/AL\/index.php?rest_route=\/wp\/v2\/types\/product"}],"replies":[{"embeddable":true,"href":"https:\/\/fuego-international.com\/AL\/index.php?rest_route=%2Fwp%2Fv2%2Fcomments&post=10354"}],"wp:featuredmedia":[{"embeddable":true,"href":"https:\/\/fuego-international.com\/AL\/index.php?rest_route=\/wp\/v2\/media\/10779"}],"wp:attachment":[{"href":"https:\/\/fuego-international.com\/AL\/index.php?rest_route=%2Fwp%2Fv2%2Fmedia&parent=10354"}],"wp:term":[{"taxonomy":"product_brand","embeddable":true,"href":"https:\/\/fuego-international.com\/AL\/index.php?rest_route=%2Fwp%2Fv2%2Fproduct_brand&post=10354"},{"taxonomy":"product_cat","embeddable":true,"href":"https:\/\/fuego-international.com\/AL\/index.php?rest_route=%2Fwp%2Fv2%2Fproduct_cat&post=10354"},{"taxonomy":"product_tag","embeddable":true,"href":"https:\/\/fuego-international.com\/AL\/index.php?rest_route=%2Fwp%2Fv2%2Fproduct_tag&post=10354"}],"curies":[{"name":"wp","href":"https:\/\/api.w.org\/{rel}","templated":true}]}}