{"id":10344,"date":"2025-03-25T06:25:33","date_gmt":"2025-03-25T06:25:33","guid":{"rendered":"https:\/\/fuego-international.com\/AL\/produkt\/monitor-gaming-fuego-27tz180fi-g2\/"},"modified":"2025-04-04T23:21:54","modified_gmt":"2025-04-04T22:21:54","slug":"monitor-gaming-fuego-27tz180fi-g2","status":"publish","type":"product","link":"https:\/\/fuego-international.com\/AL\/?product=monitor-gaming-fuego-27tz180fi-g2","title":{"rendered":"MONITOR GAMING FUEGO 27TZ180FI G2"},"content":{"rendered":"","protected":false},"excerpt":{"rendered":"<ul>\n<li><strong>Marka:<\/strong> FUEGO<\/li>\n<li><strong>Permasa:<\/strong> 27&#8243;<\/li>\n<li><strong>Rezolucioni:<\/strong> 1920 x 1080<\/li>\n<li><strong>Rifreskimi:<\/strong> 180Hz<\/li>\n<li><strong>Rifreskimi (ms):<\/strong> 1 ms<\/li>\n<li><strong>Kontrasti:<\/strong> 1000:1<\/li>\n<li><strong>Kendi i shikimit:<\/strong> T\u00eb dh\u00ebnat e pa p\u00ebrmendura<\/li>\n<li><strong>Bokse t\u00eb integruara:<\/strong> T\u00eb dh\u00ebnat e pa p\u00ebrmendura<\/li>\n<li><strong>Teknologjia 3D:<\/strong> T\u00eb dh\u00ebnat e pa p\u00ebrmendura<\/li>\n<li><strong>Ngjyra e korniz\u00ebs:<\/strong> E zez\u00eb<\/li>\n<li><strong>Ekran me prekje:<\/strong> Jo<\/li>\n<li><strong>Opsione TV:<\/strong> T\u00eb dh\u00ebnat e pa p\u00ebrmendura<\/li>\n<li><strong>VGA:<\/strong> T\u00eb dh\u00ebnat e pa p\u00ebrmendura<\/li>\n<li><strong>DVI:<\/strong> T\u00eb dh\u00ebnat e pa p\u00ebrmendura<\/li>\n<li><strong>HDMI:<\/strong> Po<\/li>\n<li><strong>Hyrje t\u00eb tjera:<\/strong> 1x DP<\/li>\n<li><strong>Konsumi i energjis\u00eb (Watt):<\/strong> T\u00eb dh\u00ebnat e pa p\u00ebrmendura<\/li>\n<li><strong>Permasat (Gj x L x Th) (cm):<\/strong> T\u00eb dh\u00ebnat e pa p\u00ebrmendura<\/li>\n<li><strong>Garancia normale:<\/strong> 24 muaj<\/li>\n<li><strong>Ean Code:<\/strong> 2074141825974<\/li>\n<li><strong>Drita e mbrapme:<\/strong> IPS<\/li>\n<\/ul>\n","protected":false},"featured_media":10966,"comment_status":"closed","ping_status":"closed","template":"","meta":[],"product_brand":[],"product_cat":[241],"product_tag":[],"class_list":{"0":"post-10344","1":"product","2":"type-product","3":"status-publish","4":"has-post-thumbnail","6":"product_cat-monitore-gaming","8":"first","9":"instock","10":"product-type-simple"},"yoast_head":"<!-- This site is optimized with the Yoast SEO Premium plugin v24.8 (Yoast SEO v24.8.1) - https:\/\/yoast.com\/wordpress\/plugins\/seo\/ -->\n<title>MONITOR GAMING FUEGO 27TZ180FI G2 - Fuego<\/title>\n<meta name=\"robots\" content=\"index, follow, max-snippet:-1, max-image-preview:large, max-video-preview:-1\" \/>\n<link rel=\"canonical\" href=\"https:\/\/fuego-international.com\/AL\/?product=monitor-gaming-fuego-27tz180fi-g2\" \/>\n<meta property=\"og:locale\" content=\"sq_AL\" \/>\n<meta property=\"og:type\" content=\"article\" \/>\n<meta property=\"og:title\" content=\"MONITOR GAMING FUEGO 27TZ180FI G2\" \/>\n<meta property=\"og:description\" content=\"Marka: FUEGO  Permasa: 27&quot;  Rezolucioni: 1920 x 1080  Rifreskimi: 180Hz  Rifreskimi (ms): 1 ms  Kontrasti: 1000:1  Kendi i shikimit: T\u00eb dh\u00ebnat e pa p\u00ebrmendura  Bokse t\u00eb integruara: T\u00eb dh\u00ebnat e pa p\u00ebrmendura  Teknologjia 3D: T\u00eb dh\u00ebnat e pa p\u00ebrmendura  Ngjyra e korniz\u00ebs: E zez\u00eb  Ekran me prekje: Jo  Opsione TV: T\u00eb dh\u00ebnat e pa p\u00ebrmendura  VGA: T\u00eb dh\u00ebnat e pa p\u00ebrmendura  DVI: T\u00eb dh\u00ebnat e pa p\u00ebrmendura  HDMI: Po  Hyrje t\u00eb tjera: 1x DP  Konsumi i energjis\u00eb (Watt): T\u00eb dh\u00ebnat e pa p\u00ebrmendura  Permasat (Gj x L x Th) (cm): T\u00eb dh\u00ebnat e pa p\u00ebrmendura  Garancia normale: 24 muaj  Ean Code: 2074141825974  Drita e mbrapme: IPS\" \/>\n<meta property=\"og:url\" content=\"https:\/\/fuego-international.com\/AL\/?product=monitor-gaming-fuego-27tz180fi-g2\" \/>\n<meta property=\"og:site_name\" content=\"Fuego\" \/>\n<meta property=\"article:modified_time\" content=\"2025-04-04T22:21:54+00:00\" \/>\n<meta property=\"og:image\" content=\"https:\/\/fuego-international.com\/AL\/wp-content\/uploads\/2025\/03\/27TZ180FI.jpg\" \/>\n\t<meta property=\"og:image:width\" content=\"1000\" \/>\n\t<meta property=\"og:image:height\" content=\"1000\" \/>\n\t<meta property=\"og:image:type\" content=\"image\/jpeg\" \/>\n<meta name=\"twitter:card\" content=\"summary_large_image\" \/>\n<script type=\"application\/ld+json\" class=\"yoast-schema-graph\">{\"@context\":\"https:\/\/schema.org\",\"@graph\":[{\"@type\":\"WebPage\",\"@id\":\"https:\/\/fuego-international.com\/AL\/?product=monitor-gaming-fuego-27tz180fi-g2\",\"url\":\"https:\/\/fuego-international.com\/AL\/?product=monitor-gaming-fuego-27tz180fi-g2\",\"name\":\"MONITOR GAMING FUEGO 27TZ180FI G2 - Fuego\",\"isPartOf\":{\"@id\":\"https:\/\/fuego-international.com\/AL\/#website\"},\"primaryImageOfPage\":{\"@id\":\"https:\/\/fuego-international.com\/AL\/?product=monitor-gaming-fuego-27tz180fi-g2#primaryimage\"},\"image\":{\"@id\":\"https:\/\/fuego-international.com\/AL\/?product=monitor-gaming-fuego-27tz180fi-g2#primaryimage\"},\"thumbnailUrl\":\"https:\/\/fuego-international.com\/AL\/wp-content\/uploads\/2025\/03\/27TZ180FI.jpg\",\"datePublished\":\"2025-03-25T06:25:33+00:00\",\"dateModified\":\"2025-04-04T22:21:54+00:00\",\"breadcrumb\":{\"@id\":\"https:\/\/fuego-international.com\/AL\/?product=monitor-gaming-fuego-27tz180fi-g2#breadcrumb\"},\"inLanguage\":\"sq\",\"potentialAction\":[{\"@type\":\"ReadAction\",\"target\":[\"https:\/\/fuego-international.com\/AL\/?product=monitor-gaming-fuego-27tz180fi-g2\"]}]},{\"@type\":\"ImageObject\",\"inLanguage\":\"sq\",\"@id\":\"https:\/\/fuego-international.com\/AL\/?product=monitor-gaming-fuego-27tz180fi-g2#primaryimage\",\"url\":\"https:\/\/fuego-international.com\/AL\/wp-content\/uploads\/2025\/03\/27TZ180FI.jpg\",\"contentUrl\":\"https:\/\/fuego-international.com\/AL\/wp-content\/uploads\/2025\/03\/27TZ180FI.jpg\",\"width\":1000,\"height\":1000},{\"@type\":\"BreadcrumbList\",\"@id\":\"https:\/\/fuego-international.com\/AL\/?product=monitor-gaming-fuego-27tz180fi-g2#breadcrumb\",\"itemListElement\":[{\"@type\":\"ListItem\",\"position\":1,\"name\":\"Home\",\"item\":\"https:\/\/fuego-international.com\/AL\/\"},{\"@type\":\"ListItem\",\"position\":2,\"name\":\"Produktet\",\"item\":\"https:\/\/fuego-international.com\/AL\/?page_id=7\"},{\"@type\":\"ListItem\",\"position\":3,\"name\":\"MONITOR GAMING FUEGO 27TZ180FI G2\"}]},{\"@type\":\"WebSite\",\"@id\":\"https:\/\/fuego-international.com\/AL\/#website\",\"url\":\"https:\/\/fuego-international.com\/AL\/\",\"name\":\"Fuego\",\"description\":\"\",\"potentialAction\":[{\"@type\":\"SearchAction\",\"target\":{\"@type\":\"EntryPoint\",\"urlTemplate\":\"https:\/\/fuego-international.com\/AL\/?s={search_term_string}\"},\"query-input\":{\"@type\":\"PropertyValueSpecification\",\"valueRequired\":true,\"valueName\":\"search_term_string\"}}],\"inLanguage\":\"sq\"}]}<\/script>\n<!-- \/ Yoast SEO Premium plugin. -->","yoast_head_json":{"title":"MONITOR GAMING FUEGO 27TZ180FI G2 - Fuego","robots":{"index":"index","follow":"follow","max-snippet":"max-snippet:-1","max-image-preview":"max-image-preview:large","max-video-preview":"max-video-preview:-1"},"canonical":"https:\/\/fuego-international.com\/AL\/?product=monitor-gaming-fuego-27tz180fi-g2","og_locale":"sq_AL","og_type":"article","og_title":"MONITOR GAMING FUEGO 27TZ180FI G2","og_description":"Marka: FUEGO  Permasa: 27\"  Rezolucioni: 1920 x 1080  Rifreskimi: 180Hz  Rifreskimi (ms): 1 ms  Kontrasti: 1000:1  Kendi i shikimit: T\u00eb dh\u00ebnat e pa p\u00ebrmendura  Bokse t\u00eb integruara: T\u00eb dh\u00ebnat e pa p\u00ebrmendura  Teknologjia 3D: T\u00eb dh\u00ebnat e pa p\u00ebrmendura  Ngjyra e korniz\u00ebs: E zez\u00eb  Ekran me prekje: Jo  Opsione TV: T\u00eb dh\u00ebnat e pa p\u00ebrmendura  VGA: T\u00eb dh\u00ebnat e pa p\u00ebrmendura  DVI: T\u00eb dh\u00ebnat e pa p\u00ebrmendura  HDMI: Po  Hyrje t\u00eb tjera: 1x DP  Konsumi i energjis\u00eb (Watt): T\u00eb dh\u00ebnat e pa p\u00ebrmendura  Permasat (Gj x L x Th) (cm): T\u00eb dh\u00ebnat e pa p\u00ebrmendura  Garancia normale: 24 muaj  Ean Code: 2074141825974  Drita e mbrapme: IPS","og_url":"https:\/\/fuego-international.com\/AL\/?product=monitor-gaming-fuego-27tz180fi-g2","og_site_name":"Fuego","article_modified_time":"2025-04-04T22:21:54+00:00","og_image":[{"width":1000,"height":1000,"url":"https:\/\/fuego-international.com\/AL\/wp-content\/uploads\/2025\/03\/27TZ180FI.jpg","type":"image\/jpeg"}],"twitter_card":"summary_large_image","schema":{"@context":"https:\/\/schema.org","@graph":[{"@type":"WebPage","@id":"https:\/\/fuego-international.com\/AL\/?product=monitor-gaming-fuego-27tz180fi-g2","url":"https:\/\/fuego-international.com\/AL\/?product=monitor-gaming-fuego-27tz180fi-g2","name":"MONITOR GAMING FUEGO 27TZ180FI G2 - Fuego","isPartOf":{"@id":"https:\/\/fuego-international.com\/AL\/#website"},"primaryImageOfPage":{"@id":"https:\/\/fuego-international.com\/AL\/?product=monitor-gaming-fuego-27tz180fi-g2#primaryimage"},"image":{"@id":"https:\/\/fuego-international.com\/AL\/?product=monitor-gaming-fuego-27tz180fi-g2#primaryimage"},"thumbnailUrl":"https:\/\/fuego-international.com\/AL\/wp-content\/uploads\/2025\/03\/27TZ180FI.jpg","datePublished":"2025-03-25T06:25:33+00:00","dateModified":"2025-04-04T22:21:54+00:00","breadcrumb":{"@id":"https:\/\/fuego-international.com\/AL\/?product=monitor-gaming-fuego-27tz180fi-g2#breadcrumb"},"inLanguage":"sq","potentialAction":[{"@type":"ReadAction","target":["https:\/\/fuego-international.com\/AL\/?product=monitor-gaming-fuego-27tz180fi-g2"]}]},{"@type":"ImageObject","inLanguage":"sq","@id":"https:\/\/fuego-international.com\/AL\/?product=monitor-gaming-fuego-27tz180fi-g2#primaryimage","url":"https:\/\/fuego-international.com\/AL\/wp-content\/uploads\/2025\/03\/27TZ180FI.jpg","contentUrl":"https:\/\/fuego-international.com\/AL\/wp-content\/uploads\/2025\/03\/27TZ180FI.jpg","width":1000,"height":1000},{"@type":"BreadcrumbList","@id":"https:\/\/fuego-international.com\/AL\/?product=monitor-gaming-fuego-27tz180fi-g2#breadcrumb","itemListElement":[{"@type":"ListItem","position":1,"name":"Home","item":"https:\/\/fuego-international.com\/AL\/"},{"@type":"ListItem","position":2,"name":"Produktet","item":"https:\/\/fuego-international.com\/AL\/?page_id=7"},{"@type":"ListItem","position":3,"name":"MONITOR GAMING FUEGO 27TZ180FI G2"}]},{"@type":"WebSite","@id":"https:\/\/fuego-international.com\/AL\/#website","url":"https:\/\/fuego-international.com\/AL\/","name":"Fuego","description":"","potentialAction":[{"@type":"SearchAction","target":{"@type":"EntryPoint","urlTemplate":"https:\/\/fuego-international.com\/AL\/?s={search_term_string}"},"query-input":{"@type":"PropertyValueSpecification","valueRequired":true,"valueName":"search_term_string"}}],"inLanguage":"sq"}]}},"_links":{"self":[{"href":"https:\/\/fuego-international.com\/AL\/index.php?rest_route=\/wp\/v2\/product\/10344","targetHints":{"allow":["GET"]}}],"collection":[{"href":"https:\/\/fuego-international.com\/AL\/index.php?rest_route=\/wp\/v2\/product"}],"about":[{"href":"https:\/\/fuego-international.com\/AL\/index.php?rest_route=\/wp\/v2\/types\/product"}],"replies":[{"embeddable":true,"href":"https:\/\/fuego-international.com\/AL\/index.php?rest_route=%2Fwp%2Fv2%2Fcomments&post=10344"}],"wp:featuredmedia":[{"embeddable":true,"href":"https:\/\/fuego-international.com\/AL\/index.php?rest_route=\/wp\/v2\/media\/10966"}],"wp:attachment":[{"href":"https:\/\/fuego-international.com\/AL\/index.php?rest_route=%2Fwp%2Fv2%2Fmedia&parent=10344"}],"wp:term":[{"taxonomy":"product_brand","embeddable":true,"href":"https:\/\/fuego-international.com\/AL\/index.php?rest_route=%2Fwp%2Fv2%2Fproduct_brand&post=10344"},{"taxonomy":"product_cat","embeddable":true,"href":"https:\/\/fuego-international.com\/AL\/index.php?rest_route=%2Fwp%2Fv2%2Fproduct_cat&post=10344"},{"taxonomy":"product_tag","embeddable":true,"href":"https:\/\/fuego-international.com\/AL\/index.php?rest_route=%2Fwp%2Fv2%2Fproduct_tag&post=10344"}],"curies":[{"name":"wp","href":"https:\/\/api.w.org\/{rel}","templated":true}]}}