{"id":10336,"date":"2025-03-25T06:25:33","date_gmt":"2025-03-25T06:25:33","guid":{"rendered":"https:\/\/fuego-international.com\/AL\/produkt\/suprine-fuego-chfgsm604t\/"},"modified":"2025-04-04T22:17:43","modified_gmt":"2025-04-04T21:17:43","slug":"suprine-fuego-chfgsm604t","status":"publish","type":"product","link":"https:\/\/fuego-international.com\/AL\/?product=suprine-fuego-chfgsm604t","title":{"rendered":"SUPRINE FUEGO CHFGSM604T"},"content":{"rendered":"","protected":false},"excerpt":{"rendered":"<ul>\n<li><strong>Tipi:<\/strong> Sup\u00ebrgatim elektrik<\/li>\n<li><strong>Paneli i kontrollit:<\/strong> Me prekje<\/li>\n<li><strong>Kategoria:<\/strong> PIANURA GATIMI<\/li>\n<li><strong>Garanci shtes\u00eb:<\/strong> GA0038 &#8211; 2990 LEK<\/li>\n<li><strong>Garancia normale:<\/strong> 24 muaj<\/li>\n<li><strong>Marka:<\/strong> FUEGO<\/li>\n<li><strong>Numri i zonave t\u00eb gatimit:<\/strong> 4<\/li>\n<li><strong>Ngjyra\/Materiali:<\/strong> E zez\u00eb<\/li>\n<\/ul>\n","protected":false},"featured_media":10858,"comment_status":"closed","ping_status":"closed","template":"","meta":[],"product_brand":[],"product_cat":[228],"product_tag":[],"class_list":{"0":"post-10336","1":"product","2":"type-product","3":"status-publish","4":"has-post-thumbnail","6":"product_cat-pianura","8":"first","9":"instock","10":"product-type-simple"},"yoast_head":"<!-- This site is optimized with the Yoast SEO Premium plugin v24.8 (Yoast SEO v24.8.1) - https:\/\/yoast.com\/wordpress\/plugins\/seo\/ -->\n<title>SUPRINE FUEGO CHFGSM604T - Fuego<\/title>\n<meta name=\"robots\" content=\"index, follow, max-snippet:-1, max-image-preview:large, max-video-preview:-1\" \/>\n<link rel=\"canonical\" href=\"https:\/\/fuego-international.com\/AL\/?product=suprine-fuego-chfgsm604t\" \/>\n<meta property=\"og:locale\" content=\"sq_AL\" \/>\n<meta property=\"og:type\" content=\"article\" \/>\n<meta property=\"og:title\" content=\"SUPRINE FUEGO CHFGSM604T\" \/>\n<meta property=\"og:description\" content=\"Tipi: Sup\u00ebrgatim elektrik  Paneli i kontrollit: Me prekje  Kategoria: PIANURA GATIMI  Garanci shtes\u00eb: GA0038 - 2990 LEK  Garancia normale: 24 muaj  Marka: FUEGO  Numri i zonave t\u00eb gatimit: 4  Ngjyra\/Materiali: E zez\u00eb\" \/>\n<meta property=\"og:url\" content=\"https:\/\/fuego-international.com\/AL\/?product=suprine-fuego-chfgsm604t\" \/>\n<meta property=\"og:site_name\" content=\"Fuego\" \/>\n<meta property=\"article:modified_time\" content=\"2025-04-04T21:17:43+00:00\" \/>\n<meta property=\"og:image\" content=\"https:\/\/fuego-international.com\/AL\/wp-content\/uploads\/2025\/03\/CHFGGT-604-T.jpg\" \/>\n\t<meta property=\"og:image:width\" content=\"1000\" \/>\n\t<meta property=\"og:image:height\" content=\"1000\" \/>\n\t<meta property=\"og:image:type\" content=\"image\/jpeg\" \/>\n<meta name=\"twitter:card\" content=\"summary_large_image\" \/>\n<script type=\"application\/ld+json\" class=\"yoast-schema-graph\">{\"@context\":\"https:\/\/schema.org\",\"@graph\":[{\"@type\":\"WebPage\",\"@id\":\"https:\/\/fuego-international.com\/AL\/?product=suprine-fuego-chfgsm604t\",\"url\":\"https:\/\/fuego-international.com\/AL\/?product=suprine-fuego-chfgsm604t\",\"name\":\"SUPRINE FUEGO CHFGSM604T - Fuego\",\"isPartOf\":{\"@id\":\"https:\/\/fuego-international.com\/AL\/#website\"},\"primaryImageOfPage\":{\"@id\":\"https:\/\/fuego-international.com\/AL\/?product=suprine-fuego-chfgsm604t#primaryimage\"},\"image\":{\"@id\":\"https:\/\/fuego-international.com\/AL\/?product=suprine-fuego-chfgsm604t#primaryimage\"},\"thumbnailUrl\":\"https:\/\/fuego-international.com\/AL\/wp-content\/uploads\/2025\/03\/CHFGGT-604-T.jpg\",\"datePublished\":\"2025-03-25T06:25:33+00:00\",\"dateModified\":\"2025-04-04T21:17:43+00:00\",\"breadcrumb\":{\"@id\":\"https:\/\/fuego-international.com\/AL\/?product=suprine-fuego-chfgsm604t#breadcrumb\"},\"inLanguage\":\"sq\",\"potentialAction\":[{\"@type\":\"ReadAction\",\"target\":[\"https:\/\/fuego-international.com\/AL\/?product=suprine-fuego-chfgsm604t\"]}]},{\"@type\":\"ImageObject\",\"inLanguage\":\"sq\",\"@id\":\"https:\/\/fuego-international.com\/AL\/?product=suprine-fuego-chfgsm604t#primaryimage\",\"url\":\"https:\/\/fuego-international.com\/AL\/wp-content\/uploads\/2025\/03\/CHFGGT-604-T.jpg\",\"contentUrl\":\"https:\/\/fuego-international.com\/AL\/wp-content\/uploads\/2025\/03\/CHFGGT-604-T.jpg\",\"width\":1000,\"height\":1000},{\"@type\":\"BreadcrumbList\",\"@id\":\"https:\/\/fuego-international.com\/AL\/?product=suprine-fuego-chfgsm604t#breadcrumb\",\"itemListElement\":[{\"@type\":\"ListItem\",\"position\":1,\"name\":\"Home\",\"item\":\"https:\/\/fuego-international.com\/AL\/\"},{\"@type\":\"ListItem\",\"position\":2,\"name\":\"Produktet\",\"item\":\"https:\/\/fuego-international.com\/AL\/?page_id=7\"},{\"@type\":\"ListItem\",\"position\":3,\"name\":\"SUPRINE FUEGO CHFGSM604T\"}]},{\"@type\":\"WebSite\",\"@id\":\"https:\/\/fuego-international.com\/AL\/#website\",\"url\":\"https:\/\/fuego-international.com\/AL\/\",\"name\":\"Fuego\",\"description\":\"\",\"potentialAction\":[{\"@type\":\"SearchAction\",\"target\":{\"@type\":\"EntryPoint\",\"urlTemplate\":\"https:\/\/fuego-international.com\/AL\/?s={search_term_string}\"},\"query-input\":{\"@type\":\"PropertyValueSpecification\",\"valueRequired\":true,\"valueName\":\"search_term_string\"}}],\"inLanguage\":\"sq\"}]}<\/script>\n<!-- \/ Yoast SEO Premium plugin. -->","yoast_head_json":{"title":"SUPRINE FUEGO CHFGSM604T - Fuego","robots":{"index":"index","follow":"follow","max-snippet":"max-snippet:-1","max-image-preview":"max-image-preview:large","max-video-preview":"max-video-preview:-1"},"canonical":"https:\/\/fuego-international.com\/AL\/?product=suprine-fuego-chfgsm604t","og_locale":"sq_AL","og_type":"article","og_title":"SUPRINE FUEGO CHFGSM604T","og_description":"Tipi: Sup\u00ebrgatim elektrik  Paneli i kontrollit: Me prekje  Kategoria: PIANURA GATIMI  Garanci shtes\u00eb: GA0038 - 2990 LEK  Garancia normale: 24 muaj  Marka: FUEGO  Numri i zonave t\u00eb gatimit: 4  Ngjyra\/Materiali: E zez\u00eb","og_url":"https:\/\/fuego-international.com\/AL\/?product=suprine-fuego-chfgsm604t","og_site_name":"Fuego","article_modified_time":"2025-04-04T21:17:43+00:00","og_image":[{"width":1000,"height":1000,"url":"https:\/\/fuego-international.com\/AL\/wp-content\/uploads\/2025\/03\/CHFGGT-604-T.jpg","type":"image\/jpeg"}],"twitter_card":"summary_large_image","schema":{"@context":"https:\/\/schema.org","@graph":[{"@type":"WebPage","@id":"https:\/\/fuego-international.com\/AL\/?product=suprine-fuego-chfgsm604t","url":"https:\/\/fuego-international.com\/AL\/?product=suprine-fuego-chfgsm604t","name":"SUPRINE FUEGO CHFGSM604T - Fuego","isPartOf":{"@id":"https:\/\/fuego-international.com\/AL\/#website"},"primaryImageOfPage":{"@id":"https:\/\/fuego-international.com\/AL\/?product=suprine-fuego-chfgsm604t#primaryimage"},"image":{"@id":"https:\/\/fuego-international.com\/AL\/?product=suprine-fuego-chfgsm604t#primaryimage"},"thumbnailUrl":"https:\/\/fuego-international.com\/AL\/wp-content\/uploads\/2025\/03\/CHFGGT-604-T.jpg","datePublished":"2025-03-25T06:25:33+00:00","dateModified":"2025-04-04T21:17:43+00:00","breadcrumb":{"@id":"https:\/\/fuego-international.com\/AL\/?product=suprine-fuego-chfgsm604t#breadcrumb"},"inLanguage":"sq","potentialAction":[{"@type":"ReadAction","target":["https:\/\/fuego-international.com\/AL\/?product=suprine-fuego-chfgsm604t"]}]},{"@type":"ImageObject","inLanguage":"sq","@id":"https:\/\/fuego-international.com\/AL\/?product=suprine-fuego-chfgsm604t#primaryimage","url":"https:\/\/fuego-international.com\/AL\/wp-content\/uploads\/2025\/03\/CHFGGT-604-T.jpg","contentUrl":"https:\/\/fuego-international.com\/AL\/wp-content\/uploads\/2025\/03\/CHFGGT-604-T.jpg","width":1000,"height":1000},{"@type":"BreadcrumbList","@id":"https:\/\/fuego-international.com\/AL\/?product=suprine-fuego-chfgsm604t#breadcrumb","itemListElement":[{"@type":"ListItem","position":1,"name":"Home","item":"https:\/\/fuego-international.com\/AL\/"},{"@type":"ListItem","position":2,"name":"Produktet","item":"https:\/\/fuego-international.com\/AL\/?page_id=7"},{"@type":"ListItem","position":3,"name":"SUPRINE FUEGO CHFGSM604T"}]},{"@type":"WebSite","@id":"https:\/\/fuego-international.com\/AL\/#website","url":"https:\/\/fuego-international.com\/AL\/","name":"Fuego","description":"","potentialAction":[{"@type":"SearchAction","target":{"@type":"EntryPoint","urlTemplate":"https:\/\/fuego-international.com\/AL\/?s={search_term_string}"},"query-input":{"@type":"PropertyValueSpecification","valueRequired":true,"valueName":"search_term_string"}}],"inLanguage":"sq"}]}},"_links":{"self":[{"href":"https:\/\/fuego-international.com\/AL\/index.php?rest_route=\/wp\/v2\/product\/10336","targetHints":{"allow":["GET"]}}],"collection":[{"href":"https:\/\/fuego-international.com\/AL\/index.php?rest_route=\/wp\/v2\/product"}],"about":[{"href":"https:\/\/fuego-international.com\/AL\/index.php?rest_route=\/wp\/v2\/types\/product"}],"replies":[{"embeddable":true,"href":"https:\/\/fuego-international.com\/AL\/index.php?rest_route=%2Fwp%2Fv2%2Fcomments&post=10336"}],"wp:featuredmedia":[{"embeddable":true,"href":"https:\/\/fuego-international.com\/AL\/index.php?rest_route=\/wp\/v2\/media\/10858"}],"wp:attachment":[{"href":"https:\/\/fuego-international.com\/AL\/index.php?rest_route=%2Fwp%2Fv2%2Fmedia&parent=10336"}],"wp:term":[{"taxonomy":"product_brand","embeddable":true,"href":"https:\/\/fuego-international.com\/AL\/index.php?rest_route=%2Fwp%2Fv2%2Fproduct_brand&post=10336"},{"taxonomy":"product_cat","embeddable":true,"href":"https:\/\/fuego-international.com\/AL\/index.php?rest_route=%2Fwp%2Fv2%2Fproduct_cat&post=10336"},{"taxonomy":"product_tag","embeddable":true,"href":"https:\/\/fuego-international.com\/AL\/index.php?rest_route=%2Fwp%2Fv2%2Fproduct_tag&post=10336"}],"curies":[{"name":"wp","href":"https:\/\/api.w.org\/{rel}","templated":true}]}}