{"id":10334,"date":"2025-03-25T06:25:33","date_gmt":"2025-03-25T06:25:33","guid":{"rendered":"https:\/\/fuego-international.com\/AL\/produkt\/suprine-fuego-chfgsf302t\/"},"modified":"2025-04-04T22:17:31","modified_gmt":"2025-04-04T21:17:31","slug":"suprine-fuego-chfgsf302t","status":"publish","type":"product","link":"https:\/\/fuego-international.com\/AL\/?product=suprine-fuego-chfgsf302t","title":{"rendered":"SUPRINE FUEGO CHFGSF302T"},"content":{"rendered":"","protected":false},"excerpt":{"rendered":"<ul>\n<li><strong>Modeli:<\/strong> SUPRINE FUEGO CHFGSF302T<\/li>\n<li><strong>Marka:<\/strong> FUEGO<\/li>\n<li><strong>Kategoria:<\/strong> Pianura (Sobe)<\/li>\n<li><strong>Zona e gatimit:<\/strong> 4 Zona Elektrike<\/li>\n<li><strong>Nivelet e nxeht\u00ebsis\u00eb:<\/strong> Nivele individuale p\u00ebr secil\u00ebn zon\u00eb<\/li>\n<li><strong>Valvula e siguris\u00eb p\u00ebr gazin:<\/strong> Po<\/li>\n<li><strong>Materiali\/Ngjyra:<\/strong> E Zez\u00eb dhe E Bardh\u00eb<\/li>\n<li><strong>Paneli i kontrollit:<\/strong> Mekanik<\/li>\n<li><strong>Programet e gatimit:<\/strong> 6<\/li>\n<li><strong>Dimensionet:<\/strong> 60 cm (Gjer\u00ebsi) x 85 cm (Lart\u00ebsi) x 60 cm (Thell\u00ebsi)<\/li>\n<li><strong>Garancia normale:<\/strong> 24 muaj<\/li>\n<li><strong>Garancia shtes\u00eb:<\/strong> E disponueshme p\u00ebr 3,990 LEK<\/li>\n<\/ul>\n","protected":false},"featured_media":10860,"comment_status":"closed","ping_status":"closed","template":"","meta":[],"product_brand":[],"product_cat":[228],"product_tag":[],"class_list":{"0":"post-10334","1":"product","2":"type-product","3":"status-publish","4":"has-post-thumbnail","6":"product_cat-pianura","8":"first","9":"instock","10":"product-type-simple"},"yoast_head":"<!-- This site is optimized with the Yoast SEO Premium plugin v24.8 (Yoast SEO v24.8.1) - https:\/\/yoast.com\/wordpress\/plugins\/seo\/ -->\n<title>SUPRINE FUEGO CHFGSF302T - Fuego<\/title>\n<meta name=\"robots\" content=\"index, follow, max-snippet:-1, max-image-preview:large, max-video-preview:-1\" \/>\n<link rel=\"canonical\" href=\"https:\/\/fuego-international.com\/AL\/?product=suprine-fuego-chfgsf302t\" \/>\n<meta property=\"og:locale\" content=\"sq_AL\" \/>\n<meta property=\"og:type\" content=\"article\" \/>\n<meta property=\"og:title\" content=\"SUPRINE FUEGO CHFGSF302T\" \/>\n<meta property=\"og:description\" content=\"Modeli: SUPRINE FUEGO CHFGSF302T  Marka: FUEGO  Kategoria: Pianura (Sobe)  Zona e gatimit: 4 Zona Elektrike  Nivelet e nxeht\u00ebsis\u00eb: Nivele individuale p\u00ebr secil\u00ebn zon\u00eb  Valvula e siguris\u00eb p\u00ebr gazin: Po  Materiali\/Ngjyra: E Zez\u00eb dhe E Bardh\u00eb  Paneli i kontrollit: Mekanik  Programet e gatimit: 6  Dimensionet: 60 cm (Gjer\u00ebsi) x 85 cm (Lart\u00ebsi) x 60 cm (Thell\u00ebsi)  Garancia normale: 24 muaj  Garancia shtes\u00eb: E disponueshme p\u00ebr 3,990 LEK\" \/>\n<meta property=\"og:url\" content=\"https:\/\/fuego-international.com\/AL\/?product=suprine-fuego-chfgsf302t\" \/>\n<meta property=\"og:site_name\" content=\"Fuego\" \/>\n<meta property=\"article:modified_time\" content=\"2025-04-04T21:17:31+00:00\" \/>\n<meta property=\"og:image\" content=\"https:\/\/fuego-international.com\/AL\/wp-content\/uploads\/2025\/03\/CHFGGT302I.jpg\" \/>\n\t<meta property=\"og:image:width\" content=\"1000\" \/>\n\t<meta property=\"og:image:height\" content=\"1000\" \/>\n\t<meta property=\"og:image:type\" content=\"image\/jpeg\" \/>\n<meta name=\"twitter:card\" content=\"summary_large_image\" \/>\n<script type=\"application\/ld+json\" class=\"yoast-schema-graph\">{\"@context\":\"https:\/\/schema.org\",\"@graph\":[{\"@type\":\"WebPage\",\"@id\":\"https:\/\/fuego-international.com\/AL\/?product=suprine-fuego-chfgsf302t\",\"url\":\"https:\/\/fuego-international.com\/AL\/?product=suprine-fuego-chfgsf302t\",\"name\":\"SUPRINE FUEGO CHFGSF302T - Fuego\",\"isPartOf\":{\"@id\":\"https:\/\/fuego-international.com\/AL\/#website\"},\"primaryImageOfPage\":{\"@id\":\"https:\/\/fuego-international.com\/AL\/?product=suprine-fuego-chfgsf302t#primaryimage\"},\"image\":{\"@id\":\"https:\/\/fuego-international.com\/AL\/?product=suprine-fuego-chfgsf302t#primaryimage\"},\"thumbnailUrl\":\"https:\/\/fuego-international.com\/AL\/wp-content\/uploads\/2025\/03\/CHFGGT302I.jpg\",\"datePublished\":\"2025-03-25T06:25:33+00:00\",\"dateModified\":\"2025-04-04T21:17:31+00:00\",\"breadcrumb\":{\"@id\":\"https:\/\/fuego-international.com\/AL\/?product=suprine-fuego-chfgsf302t#breadcrumb\"},\"inLanguage\":\"sq\",\"potentialAction\":[{\"@type\":\"ReadAction\",\"target\":[\"https:\/\/fuego-international.com\/AL\/?product=suprine-fuego-chfgsf302t\"]}]},{\"@type\":\"ImageObject\",\"inLanguage\":\"sq\",\"@id\":\"https:\/\/fuego-international.com\/AL\/?product=suprine-fuego-chfgsf302t#primaryimage\",\"url\":\"https:\/\/fuego-international.com\/AL\/wp-content\/uploads\/2025\/03\/CHFGGT302I.jpg\",\"contentUrl\":\"https:\/\/fuego-international.com\/AL\/wp-content\/uploads\/2025\/03\/CHFGGT302I.jpg\",\"width\":1000,\"height\":1000},{\"@type\":\"BreadcrumbList\",\"@id\":\"https:\/\/fuego-international.com\/AL\/?product=suprine-fuego-chfgsf302t#breadcrumb\",\"itemListElement\":[{\"@type\":\"ListItem\",\"position\":1,\"name\":\"Home\",\"item\":\"https:\/\/fuego-international.com\/AL\/\"},{\"@type\":\"ListItem\",\"position\":2,\"name\":\"Produktet\",\"item\":\"https:\/\/fuego-international.com\/AL\/?page_id=7\"},{\"@type\":\"ListItem\",\"position\":3,\"name\":\"SUPRINE FUEGO CHFGSF302T\"}]},{\"@type\":\"WebSite\",\"@id\":\"https:\/\/fuego-international.com\/AL\/#website\",\"url\":\"https:\/\/fuego-international.com\/AL\/\",\"name\":\"Fuego\",\"description\":\"\",\"potentialAction\":[{\"@type\":\"SearchAction\",\"target\":{\"@type\":\"EntryPoint\",\"urlTemplate\":\"https:\/\/fuego-international.com\/AL\/?s={search_term_string}\"},\"query-input\":{\"@type\":\"PropertyValueSpecification\",\"valueRequired\":true,\"valueName\":\"search_term_string\"}}],\"inLanguage\":\"sq\"}]}<\/script>\n<!-- \/ Yoast SEO Premium plugin. -->","yoast_head_json":{"title":"SUPRINE FUEGO CHFGSF302T - Fuego","robots":{"index":"index","follow":"follow","max-snippet":"max-snippet:-1","max-image-preview":"max-image-preview:large","max-video-preview":"max-video-preview:-1"},"canonical":"https:\/\/fuego-international.com\/AL\/?product=suprine-fuego-chfgsf302t","og_locale":"sq_AL","og_type":"article","og_title":"SUPRINE FUEGO CHFGSF302T","og_description":"Modeli: SUPRINE FUEGO CHFGSF302T  Marka: FUEGO  Kategoria: Pianura (Sobe)  Zona e gatimit: 4 Zona Elektrike  Nivelet e nxeht\u00ebsis\u00eb: Nivele individuale p\u00ebr secil\u00ebn zon\u00eb  Valvula e siguris\u00eb p\u00ebr gazin: Po  Materiali\/Ngjyra: E Zez\u00eb dhe E Bardh\u00eb  Paneli i kontrollit: Mekanik  Programet e gatimit: 6  Dimensionet: 60 cm (Gjer\u00ebsi) x 85 cm (Lart\u00ebsi) x 60 cm (Thell\u00ebsi)  Garancia normale: 24 muaj  Garancia shtes\u00eb: E disponueshme p\u00ebr 3,990 LEK","og_url":"https:\/\/fuego-international.com\/AL\/?product=suprine-fuego-chfgsf302t","og_site_name":"Fuego","article_modified_time":"2025-04-04T21:17:31+00:00","og_image":[{"width":1000,"height":1000,"url":"https:\/\/fuego-international.com\/AL\/wp-content\/uploads\/2025\/03\/CHFGGT302I.jpg","type":"image\/jpeg"}],"twitter_card":"summary_large_image","schema":{"@context":"https:\/\/schema.org","@graph":[{"@type":"WebPage","@id":"https:\/\/fuego-international.com\/AL\/?product=suprine-fuego-chfgsf302t","url":"https:\/\/fuego-international.com\/AL\/?product=suprine-fuego-chfgsf302t","name":"SUPRINE FUEGO CHFGSF302T - Fuego","isPartOf":{"@id":"https:\/\/fuego-international.com\/AL\/#website"},"primaryImageOfPage":{"@id":"https:\/\/fuego-international.com\/AL\/?product=suprine-fuego-chfgsf302t#primaryimage"},"image":{"@id":"https:\/\/fuego-international.com\/AL\/?product=suprine-fuego-chfgsf302t#primaryimage"},"thumbnailUrl":"https:\/\/fuego-international.com\/AL\/wp-content\/uploads\/2025\/03\/CHFGGT302I.jpg","datePublished":"2025-03-25T06:25:33+00:00","dateModified":"2025-04-04T21:17:31+00:00","breadcrumb":{"@id":"https:\/\/fuego-international.com\/AL\/?product=suprine-fuego-chfgsf302t#breadcrumb"},"inLanguage":"sq","potentialAction":[{"@type":"ReadAction","target":["https:\/\/fuego-international.com\/AL\/?product=suprine-fuego-chfgsf302t"]}]},{"@type":"ImageObject","inLanguage":"sq","@id":"https:\/\/fuego-international.com\/AL\/?product=suprine-fuego-chfgsf302t#primaryimage","url":"https:\/\/fuego-international.com\/AL\/wp-content\/uploads\/2025\/03\/CHFGGT302I.jpg","contentUrl":"https:\/\/fuego-international.com\/AL\/wp-content\/uploads\/2025\/03\/CHFGGT302I.jpg","width":1000,"height":1000},{"@type":"BreadcrumbList","@id":"https:\/\/fuego-international.com\/AL\/?product=suprine-fuego-chfgsf302t#breadcrumb","itemListElement":[{"@type":"ListItem","position":1,"name":"Home","item":"https:\/\/fuego-international.com\/AL\/"},{"@type":"ListItem","position":2,"name":"Produktet","item":"https:\/\/fuego-international.com\/AL\/?page_id=7"},{"@type":"ListItem","position":3,"name":"SUPRINE FUEGO CHFGSF302T"}]},{"@type":"WebSite","@id":"https:\/\/fuego-international.com\/AL\/#website","url":"https:\/\/fuego-international.com\/AL\/","name":"Fuego","description":"","potentialAction":[{"@type":"SearchAction","target":{"@type":"EntryPoint","urlTemplate":"https:\/\/fuego-international.com\/AL\/?s={search_term_string}"},"query-input":{"@type":"PropertyValueSpecification","valueRequired":true,"valueName":"search_term_string"}}],"inLanguage":"sq"}]}},"_links":{"self":[{"href":"https:\/\/fuego-international.com\/AL\/index.php?rest_route=\/wp\/v2\/product\/10334","targetHints":{"allow":["GET"]}}],"collection":[{"href":"https:\/\/fuego-international.com\/AL\/index.php?rest_route=\/wp\/v2\/product"}],"about":[{"href":"https:\/\/fuego-international.com\/AL\/index.php?rest_route=\/wp\/v2\/types\/product"}],"replies":[{"embeddable":true,"href":"https:\/\/fuego-international.com\/AL\/index.php?rest_route=%2Fwp%2Fv2%2Fcomments&post=10334"}],"wp:featuredmedia":[{"embeddable":true,"href":"https:\/\/fuego-international.com\/AL\/index.php?rest_route=\/wp\/v2\/media\/10860"}],"wp:attachment":[{"href":"https:\/\/fuego-international.com\/AL\/index.php?rest_route=%2Fwp%2Fv2%2Fmedia&parent=10334"}],"wp:term":[{"taxonomy":"product_brand","embeddable":true,"href":"https:\/\/fuego-international.com\/AL\/index.php?rest_route=%2Fwp%2Fv2%2Fproduct_brand&post=10334"},{"taxonomy":"product_cat","embeddable":true,"href":"https:\/\/fuego-international.com\/AL\/index.php?rest_route=%2Fwp%2Fv2%2Fproduct_cat&post=10334"},{"taxonomy":"product_tag","embeddable":true,"href":"https:\/\/fuego-international.com\/AL\/index.php?rest_route=%2Fwp%2Fv2%2Fproduct_tag&post=10334"}],"curies":[{"name":"wp","href":"https:\/\/api.w.org\/{rel}","templated":true}]}}