{"id":10324,"date":"2025-03-25T06:25:33","date_gmt":"2025-03-25T06:25:33","guid":{"rendered":"https:\/\/fuego-international.com\/AL\/produkt\/tv-fuego-43el720gtv\/"},"modified":"2025-04-04T23:30:19","modified_gmt":"2025-04-04T22:30:19","slug":"tv-fuego-43el720gtv","status":"publish","type":"product","link":"https:\/\/fuego-international.com\/AL\/?product=tv-fuego-43el720gtv","title":{"rendered":"TV FUEGO 43EL720GTV"},"content":{"rendered":"<div class=\"container\" style=\"width: 100%;\">\n<div class=\"row-fl\">\n<div class=\"col-md-6\"><\/div>\n<div class=\"col-md-6\">\n<div class=\"text\">\n<h3><\/h3>\n<p style=\"font-size: 17px;\">P\u00ebrjetoni pamje mahnit\u00ebse me televizorin 43&#8243; Feugo 43EL720GTV. Me rezolucion t\u00eb plot\u00eb HD (1920 x 1080), nj\u00eb shk\u00eblqim 250 cd\/m2 dhe nj\u00eb raport kontrasti 5000:1, ky televizor jep ngjyra t\u00eb gjalla dhe detaje t\u00eb mprehta. Me nj\u00eb k\u00ebnd t\u00eb gjer\u00eb shikimi 178\u00b0 x 178\u00b0, shijoni nj\u00eb pamje t\u00eb qart\u00eb nga \u00e7do ndenj\u00ebse n\u00eb dhom\u00eb.<\/p>\n<p style=\"font-size: 17px;\">E pajisur me Android 11, Google Assistant dhe Chromecast, aksesoni pa mundim aplikacionet tuaja t\u00eb preferuara si YouTube, Google Play dhe Netflix. Procesori A55 siguron performanc\u00eb t\u00eb qet\u00eb, nd\u00ebrsa altoparlant\u00ebt e dyfisht\u00eb 8W ofrojn\u00eb tingull t\u00eb pasur, Q\u00ebndroni t\u00eb lidhur me WiFi dhe Bluetooth 5.0.<\/p>\n<\/div>\n<\/div>\n<\/div>\n<\/div>\n<style>\n  .row-fl{<br \/>\n  display:flex;<br \/>\n  flex-direction:row;<br \/>\n  align-items:center;<br \/>\n  justify-content:center;<br \/>\n  }<br \/>\n  @media(max-width:700px){<br \/>\n  .row-fl{<br \/>\n  flex-direction:column!important;<br \/>\n  }<br \/>\n  }<br \/>\n  @media(max-width:280px){<br \/>\n  .row-fl{<br \/>\n  flex-direction:column!important;<br \/>\n  }<br \/>\n  }<br \/>\n<\/style>\n","protected":false},"excerpt":{"rendered":"<ul>\n<li><strong>Permasat me mbajtese (Gj x L x Th) (cm):<\/strong> &#8211;<\/li>\n<li><strong>Permasat pa mbajtese (Gj x L x Th) (cm):<\/strong> &#8211;<\/li>\n<li><strong>Pesha me mbajtese (kg):<\/strong> &#8211;<\/li>\n<li><strong>Pesha pa mbajtese (kg):<\/strong> &#8211;<\/li>\n<li><strong>Garanci Shtese:<\/strong> GA0013-3990 LEK<\/li>\n<li><strong>Garancia normale:<\/strong> 24<\/li>\n<li><strong>Ean Code:<\/strong> &#8211;<\/li>\n<li><strong>Sistemi:<\/strong> SMART<\/li>\n<li><strong>Marka:<\/strong> FUEGO<\/li>\n<li><strong>Permasa [inch]:<\/strong> 43&#8243;<\/li>\n<li><strong>Paneli:<\/strong> LED<\/li>\n<li><strong>Definicioni:<\/strong> Full HD<\/li>\n<li><strong>Frekuenca [Hz]:<\/strong> &#8211;<\/li>\n<li><strong>Kontrasti:<\/strong> 5000 : 1<\/li>\n<li><strong>Teknologjia 3D:<\/strong> &#8211;<\/li>\n<li><strong>Smart TV:<\/strong> PO<\/li>\n<li><strong>Sistemi Operativ:<\/strong> Google TV<\/li>\n<li><strong>DLNA:<\/strong> &#8211;<\/li>\n<li><strong>Wireless:<\/strong> PO<\/li>\n<li><strong>Bluetooth:<\/strong> PO<\/li>\n<li><strong>Audio:<\/strong> 2 x 8 W<\/li>\n<li><strong>Marresi:<\/strong> DVB-C \/ T2 \/ S \/ S2<\/li>\n<li><strong>Moduli:<\/strong> CI<\/li>\n<li><strong>HDMI \/ USB:<\/strong> PO<\/li>\n<li><strong>Komponent:<\/strong> &#8211;<\/li>\n<li><strong>Kompozit (AV):<\/strong> PO<\/li>\n<li><strong>Skart:<\/strong> &#8211;<\/li>\n<li><strong>Ethernet:<\/strong> &#8211;<\/li>\n<li><strong>Dalje Optikale:<\/strong> &#8211;<\/li>\n<li><strong>Konsumi Maksimal (Watt):<\/strong> &#8211;<\/li>\n<li><strong>Konsumi Standby (Watt):<\/strong> &#8211;<\/li>\n<li><strong>Stema ekologjike:<\/strong> &#8211;<\/li>\n<\/ul>\n","protected":false},"featured_media":11008,"comment_status":"closed","ping_status":"closed","template":"","meta":[],"product_brand":[],"product_cat":[218],"product_tag":[],"class_list":{"0":"post-10324","1":"product","2":"type-product","3":"status-publish","4":"has-post-thumbnail","6":"product_cat-te-gjithe-tv","8":"first","9":"instock","10":"product-type-simple"},"yoast_head":"<!-- This site is optimized with the Yoast SEO Premium plugin v24.8 (Yoast SEO v24.8.1) - https:\/\/yoast.com\/wordpress\/plugins\/seo\/ -->\n<title>TV FUEGO 43EL720GTV - Fuego<\/title>\n<meta name=\"robots\" content=\"index, follow, max-snippet:-1, max-image-preview:large, max-video-preview:-1\" \/>\n<link rel=\"canonical\" href=\"https:\/\/fuego-international.com\/AL\/?product=tv-fuego-43el720gtv\" \/>\n<meta property=\"og:locale\" content=\"sq_AL\" \/>\n<meta property=\"og:type\" content=\"article\" \/>\n<meta property=\"og:title\" content=\"TV FUEGO 43EL720GTV\" \/>\n<meta property=\"og:description\" content=\"Permasat me mbajtese (Gj x L x Th) (cm): -  Permasat pa mbajtese (Gj x L x Th) (cm): -  Pesha me mbajtese (kg): -  Pesha pa mbajtese (kg): -  Garanci Shtese: GA0013-3990 LEK  Garancia normale: 24  Ean Code: -  Sistemi: SMART  Marka: FUEGO  Permasa [inch]: 43&quot;  Paneli: LED  Definicioni: Full HD  Frekuenca [Hz]: -  Kontrasti: 5000 : 1  Teknologjia 3D: -  Smart TV: PO  Sistemi Operativ: Google TV  DLNA: -  Wireless: PO  Bluetooth: PO  Audio: 2 x 8 W  Marresi: DVB-C \/ T2 \/ S \/ S2  Moduli: CI  HDMI \/ USB: PO  Komponent: -  Kompozit (AV): PO  Skart: -  Ethernet: -  Dalje Optikale: -  Konsumi Maksimal (Watt): -  Konsumi Standby (Watt): -  Stema ekologjike: -\" \/>\n<meta property=\"og:url\" content=\"https:\/\/fuego-international.com\/AL\/?product=tv-fuego-43el720gtv\" \/>\n<meta property=\"og:site_name\" content=\"Fuego\" \/>\n<meta property=\"article:modified_time\" content=\"2025-04-04T22:30:19+00:00\" \/>\n<meta property=\"og:image\" content=\"https:\/\/fuego-international.com\/AL\/wp-content\/uploads\/2025\/03\/43EL720GTV.jpg\" \/>\n\t<meta property=\"og:image:width\" content=\"1000\" \/>\n\t<meta property=\"og:image:height\" content=\"1000\" \/>\n\t<meta property=\"og:image:type\" content=\"image\/jpeg\" \/>\n<meta name=\"twitter:card\" content=\"summary_large_image\" \/>\n<meta name=\"twitter:label1\" content=\"Est. reading time\" \/>\n\t<meta name=\"twitter:data1\" content=\"1 minut\u00eb\" \/>\n<script type=\"application\/ld+json\" class=\"yoast-schema-graph\">{\"@context\":\"https:\/\/schema.org\",\"@graph\":[{\"@type\":\"WebPage\",\"@id\":\"https:\/\/fuego-international.com\/AL\/?product=tv-fuego-43el720gtv\",\"url\":\"https:\/\/fuego-international.com\/AL\/?product=tv-fuego-43el720gtv\",\"name\":\"TV FUEGO 43EL720GTV - Fuego\",\"isPartOf\":{\"@id\":\"https:\/\/fuego-international.com\/AL\/#website\"},\"primaryImageOfPage\":{\"@id\":\"https:\/\/fuego-international.com\/AL\/?product=tv-fuego-43el720gtv#primaryimage\"},\"image\":{\"@id\":\"https:\/\/fuego-international.com\/AL\/?product=tv-fuego-43el720gtv#primaryimage\"},\"thumbnailUrl\":\"https:\/\/fuego-international.com\/AL\/wp-content\/uploads\/2025\/03\/43EL720GTV.jpg\",\"datePublished\":\"2025-03-25T06:25:33+00:00\",\"dateModified\":\"2025-04-04T22:30:19+00:00\",\"breadcrumb\":{\"@id\":\"https:\/\/fuego-international.com\/AL\/?product=tv-fuego-43el720gtv#breadcrumb\"},\"inLanguage\":\"sq\",\"potentialAction\":[{\"@type\":\"ReadAction\",\"target\":[\"https:\/\/fuego-international.com\/AL\/?product=tv-fuego-43el720gtv\"]}]},{\"@type\":\"ImageObject\",\"inLanguage\":\"sq\",\"@id\":\"https:\/\/fuego-international.com\/AL\/?product=tv-fuego-43el720gtv#primaryimage\",\"url\":\"https:\/\/fuego-international.com\/AL\/wp-content\/uploads\/2025\/03\/43EL720GTV.jpg\",\"contentUrl\":\"https:\/\/fuego-international.com\/AL\/wp-content\/uploads\/2025\/03\/43EL720GTV.jpg\",\"width\":1000,\"height\":1000},{\"@type\":\"BreadcrumbList\",\"@id\":\"https:\/\/fuego-international.com\/AL\/?product=tv-fuego-43el720gtv#breadcrumb\",\"itemListElement\":[{\"@type\":\"ListItem\",\"position\":1,\"name\":\"Home\",\"item\":\"https:\/\/fuego-international.com\/AL\/\"},{\"@type\":\"ListItem\",\"position\":2,\"name\":\"Produktet\",\"item\":\"https:\/\/fuego-international.com\/AL\/?page_id=7\"},{\"@type\":\"ListItem\",\"position\":3,\"name\":\"TV FUEGO 43EL720GTV\"}]},{\"@type\":\"WebSite\",\"@id\":\"https:\/\/fuego-international.com\/AL\/#website\",\"url\":\"https:\/\/fuego-international.com\/AL\/\",\"name\":\"Fuego\",\"description\":\"\",\"potentialAction\":[{\"@type\":\"SearchAction\",\"target\":{\"@type\":\"EntryPoint\",\"urlTemplate\":\"https:\/\/fuego-international.com\/AL\/?s={search_term_string}\"},\"query-input\":{\"@type\":\"PropertyValueSpecification\",\"valueRequired\":true,\"valueName\":\"search_term_string\"}}],\"inLanguage\":\"sq\"}]}<\/script>\n<!-- \/ Yoast SEO Premium plugin. -->","yoast_head_json":{"title":"TV FUEGO 43EL720GTV - Fuego","robots":{"index":"index","follow":"follow","max-snippet":"max-snippet:-1","max-image-preview":"max-image-preview:large","max-video-preview":"max-video-preview:-1"},"canonical":"https:\/\/fuego-international.com\/AL\/?product=tv-fuego-43el720gtv","og_locale":"sq_AL","og_type":"article","og_title":"TV FUEGO 43EL720GTV","og_description":"Permasat me mbajtese (Gj x L x Th) (cm): -  Permasat pa mbajtese (Gj x L x Th) (cm): -  Pesha me mbajtese (kg): -  Pesha pa mbajtese (kg): -  Garanci Shtese: GA0013-3990 LEK  Garancia normale: 24  Ean Code: -  Sistemi: SMART  Marka: FUEGO  Permasa [inch]: 43\"  Paneli: LED  Definicioni: Full HD  Frekuenca [Hz]: -  Kontrasti: 5000 : 1  Teknologjia 3D: -  Smart TV: PO  Sistemi Operativ: Google TV  DLNA: -  Wireless: PO  Bluetooth: PO  Audio: 2 x 8 W  Marresi: DVB-C \/ T2 \/ S \/ S2  Moduli: CI  HDMI \/ USB: PO  Komponent: -  Kompozit (AV): PO  Skart: -  Ethernet: -  Dalje Optikale: -  Konsumi Maksimal (Watt): -  Konsumi Standby (Watt): -  Stema ekologjike: -","og_url":"https:\/\/fuego-international.com\/AL\/?product=tv-fuego-43el720gtv","og_site_name":"Fuego","article_modified_time":"2025-04-04T22:30:19+00:00","og_image":[{"width":1000,"height":1000,"url":"https:\/\/fuego-international.com\/AL\/wp-content\/uploads\/2025\/03\/43EL720GTV.jpg","type":"image\/jpeg"}],"twitter_card":"summary_large_image","twitter_misc":{"Est. reading time":"1 minut\u00eb"},"schema":{"@context":"https:\/\/schema.org","@graph":[{"@type":"WebPage","@id":"https:\/\/fuego-international.com\/AL\/?product=tv-fuego-43el720gtv","url":"https:\/\/fuego-international.com\/AL\/?product=tv-fuego-43el720gtv","name":"TV FUEGO 43EL720GTV - Fuego","isPartOf":{"@id":"https:\/\/fuego-international.com\/AL\/#website"},"primaryImageOfPage":{"@id":"https:\/\/fuego-international.com\/AL\/?product=tv-fuego-43el720gtv#primaryimage"},"image":{"@id":"https:\/\/fuego-international.com\/AL\/?product=tv-fuego-43el720gtv#primaryimage"},"thumbnailUrl":"https:\/\/fuego-international.com\/AL\/wp-content\/uploads\/2025\/03\/43EL720GTV.jpg","datePublished":"2025-03-25T06:25:33+00:00","dateModified":"2025-04-04T22:30:19+00:00","breadcrumb":{"@id":"https:\/\/fuego-international.com\/AL\/?product=tv-fuego-43el720gtv#breadcrumb"},"inLanguage":"sq","potentialAction":[{"@type":"ReadAction","target":["https:\/\/fuego-international.com\/AL\/?product=tv-fuego-43el720gtv"]}]},{"@type":"ImageObject","inLanguage":"sq","@id":"https:\/\/fuego-international.com\/AL\/?product=tv-fuego-43el720gtv#primaryimage","url":"https:\/\/fuego-international.com\/AL\/wp-content\/uploads\/2025\/03\/43EL720GTV.jpg","contentUrl":"https:\/\/fuego-international.com\/AL\/wp-content\/uploads\/2025\/03\/43EL720GTV.jpg","width":1000,"height":1000},{"@type":"BreadcrumbList","@id":"https:\/\/fuego-international.com\/AL\/?product=tv-fuego-43el720gtv#breadcrumb","itemListElement":[{"@type":"ListItem","position":1,"name":"Home","item":"https:\/\/fuego-international.com\/AL\/"},{"@type":"ListItem","position":2,"name":"Produktet","item":"https:\/\/fuego-international.com\/AL\/?page_id=7"},{"@type":"ListItem","position":3,"name":"TV FUEGO 43EL720GTV"}]},{"@type":"WebSite","@id":"https:\/\/fuego-international.com\/AL\/#website","url":"https:\/\/fuego-international.com\/AL\/","name":"Fuego","description":"","potentialAction":[{"@type":"SearchAction","target":{"@type":"EntryPoint","urlTemplate":"https:\/\/fuego-international.com\/AL\/?s={search_term_string}"},"query-input":{"@type":"PropertyValueSpecification","valueRequired":true,"valueName":"search_term_string"}}],"inLanguage":"sq"}]}},"_links":{"self":[{"href":"https:\/\/fuego-international.com\/AL\/index.php?rest_route=\/wp\/v2\/product\/10324","targetHints":{"allow":["GET"]}}],"collection":[{"href":"https:\/\/fuego-international.com\/AL\/index.php?rest_route=\/wp\/v2\/product"}],"about":[{"href":"https:\/\/fuego-international.com\/AL\/index.php?rest_route=\/wp\/v2\/types\/product"}],"replies":[{"embeddable":true,"href":"https:\/\/fuego-international.com\/AL\/index.php?rest_route=%2Fwp%2Fv2%2Fcomments&post=10324"}],"wp:featuredmedia":[{"embeddable":true,"href":"https:\/\/fuego-international.com\/AL\/index.php?rest_route=\/wp\/v2\/media\/11008"}],"wp:attachment":[{"href":"https:\/\/fuego-international.com\/AL\/index.php?rest_route=%2Fwp%2Fv2%2Fmedia&parent=10324"}],"wp:term":[{"taxonomy":"product_brand","embeddable":true,"href":"https:\/\/fuego-international.com\/AL\/index.php?rest_route=%2Fwp%2Fv2%2Fproduct_brand&post=10324"},{"taxonomy":"product_cat","embeddable":true,"href":"https:\/\/fuego-international.com\/AL\/index.php?rest_route=%2Fwp%2Fv2%2Fproduct_cat&post=10324"},{"taxonomy":"product_tag","embeddable":true,"href":"https:\/\/fuego-international.com\/AL\/index.php?rest_route=%2Fwp%2Fv2%2Fproduct_tag&post=10324"}],"curies":[{"name":"wp","href":"https:\/\/api.w.org\/{rel}","templated":true}]}}