{"id":10296,"date":"2025-03-25T06:25:19","date_gmt":"2025-03-25T06:25:19","guid":{"rendered":"https:\/\/fuego-international.com\/AL\/produkt\/mixer-fuego-gtm-8070sm\/"},"modified":"2025-04-04T21:50:41","modified_gmt":"2025-04-04T20:50:41","slug":"mixer-fuego-gtm-8070sm","status":"publish","type":"product","link":"https:\/\/fuego-international.com\/AL\/?product=mixer-fuego-gtm-8070sm","title":{"rendered":"MIXER FUEGO GTM-8070SM"},"content":{"rendered":"<ul>\n<li>Fuqia: 1800 W<\/li>\n<li>Nivele shpejt\u00ebsie: 6 + opsioni puls<\/li>\n<li>Kapaciteti i en\u00ebs: 7 L<\/li>\n<li>Materiali i en\u00ebs: Inox<\/li>\n<li>Numri i p\u00ebrzir\u00ebseve: 1+1+1<\/li>\n<li>Ngjyra: E kuqe<\/li>\n<\/ul>\n","protected":false},"excerpt":{"rendered":"<ul>\n<li>Fuqia: 1800 W<\/li>\n<li>Nivele shpejt\u00ebsie: 6 + opsioni puls<\/li>\n<li>Kapaciteti i en\u00ebs: 7 L<\/li>\n<li>Materiali i en\u00ebs: Inox<\/li>\n<li>Numri i p\u00ebrzir\u00ebseve: 1+1+1<\/li>\n<li>Ngjyra: E kuqe<\/li>\n<\/ul>\n","protected":false},"featured_media":10797,"comment_status":"closed","ping_status":"closed","template":"","meta":[],"product_brand":[],"product_cat":[237],"product_tag":[],"class_list":{"0":"post-10296","1":"product","2":"type-product","3":"status-publish","4":"has-post-thumbnail","6":"product_cat-mikser","8":"first","9":"instock","10":"product-type-simple"},"yoast_head":"<!-- This site is optimized with the Yoast SEO Premium plugin v24.8 (Yoast SEO v24.8.1) - https:\/\/yoast.com\/wordpress\/plugins\/seo\/ -->\n<title>MIXER FUEGO GTM-8070SM - Fuego<\/title>\n<meta name=\"robots\" content=\"index, follow, max-snippet:-1, max-image-preview:large, max-video-preview:-1\" \/>\n<link rel=\"canonical\" href=\"https:\/\/fuego-international.com\/AL\/?product=mixer-fuego-gtm-8070sm\" \/>\n<meta property=\"og:locale\" content=\"sq_AL\" \/>\n<meta property=\"og:type\" content=\"article\" \/>\n<meta property=\"og:title\" content=\"MIXER FUEGO GTM-8070SM\" \/>\n<meta property=\"og:description\" content=\"Fuqia: 1800 W  Nivele shpejt\u00ebsie: 6 + opsioni puls  Kapaciteti i en\u00ebs: 7 L  Materiali i en\u00ebs: Inox  Numri i p\u00ebrzir\u00ebseve: 1+1+1  Ngjyra: E kuqe\" \/>\n<meta property=\"og:url\" content=\"https:\/\/fuego-international.com\/AL\/?product=mixer-fuego-gtm-8070sm\" \/>\n<meta property=\"og:site_name\" content=\"Fuego\" \/>\n<meta property=\"article:modified_time\" content=\"2025-04-04T20:50:41+00:00\" \/>\n<meta property=\"og:image\" content=\"https:\/\/fuego-international.com\/AL\/wp-content\/uploads\/2025\/03\/GTM-8070SM.jpg\" \/>\n\t<meta property=\"og:image:width\" content=\"1000\" \/>\n\t<meta property=\"og:image:height\" content=\"1000\" \/>\n\t<meta property=\"og:image:type\" content=\"image\/jpeg\" \/>\n<meta name=\"twitter:card\" content=\"summary_large_image\" \/>\n<script type=\"application\/ld+json\" class=\"yoast-schema-graph\">{\"@context\":\"https:\/\/schema.org\",\"@graph\":[{\"@type\":\"WebPage\",\"@id\":\"https:\/\/fuego-international.com\/AL\/?product=mixer-fuego-gtm-8070sm\",\"url\":\"https:\/\/fuego-international.com\/AL\/?product=mixer-fuego-gtm-8070sm\",\"name\":\"MIXER FUEGO GTM-8070SM - Fuego\",\"isPartOf\":{\"@id\":\"https:\/\/fuego-international.com\/AL\/#website\"},\"primaryImageOfPage\":{\"@id\":\"https:\/\/fuego-international.com\/AL\/?product=mixer-fuego-gtm-8070sm#primaryimage\"},\"image\":{\"@id\":\"https:\/\/fuego-international.com\/AL\/?product=mixer-fuego-gtm-8070sm#primaryimage\"},\"thumbnailUrl\":\"https:\/\/fuego-international.com\/AL\/wp-content\/uploads\/2025\/03\/GTM-8070SM.jpg\",\"datePublished\":\"2025-03-25T06:25:19+00:00\",\"dateModified\":\"2025-04-04T20:50:41+00:00\",\"breadcrumb\":{\"@id\":\"https:\/\/fuego-international.com\/AL\/?product=mixer-fuego-gtm-8070sm#breadcrumb\"},\"inLanguage\":\"sq\",\"potentialAction\":[{\"@type\":\"ReadAction\",\"target\":[\"https:\/\/fuego-international.com\/AL\/?product=mixer-fuego-gtm-8070sm\"]}]},{\"@type\":\"ImageObject\",\"inLanguage\":\"sq\",\"@id\":\"https:\/\/fuego-international.com\/AL\/?product=mixer-fuego-gtm-8070sm#primaryimage\",\"url\":\"https:\/\/fuego-international.com\/AL\/wp-content\/uploads\/2025\/03\/GTM-8070SM.jpg\",\"contentUrl\":\"https:\/\/fuego-international.com\/AL\/wp-content\/uploads\/2025\/03\/GTM-8070SM.jpg\",\"width\":1000,\"height\":1000},{\"@type\":\"BreadcrumbList\",\"@id\":\"https:\/\/fuego-international.com\/AL\/?product=mixer-fuego-gtm-8070sm#breadcrumb\",\"itemListElement\":[{\"@type\":\"ListItem\",\"position\":1,\"name\":\"Home\",\"item\":\"https:\/\/fuego-international.com\/AL\/\"},{\"@type\":\"ListItem\",\"position\":2,\"name\":\"Produktet\",\"item\":\"https:\/\/fuego-international.com\/AL\/?page_id=7\"},{\"@type\":\"ListItem\",\"position\":3,\"name\":\"MIXER FUEGO GTM-8070SM\"}]},{\"@type\":\"WebSite\",\"@id\":\"https:\/\/fuego-international.com\/AL\/#website\",\"url\":\"https:\/\/fuego-international.com\/AL\/\",\"name\":\"Fuego\",\"description\":\"\",\"potentialAction\":[{\"@type\":\"SearchAction\",\"target\":{\"@type\":\"EntryPoint\",\"urlTemplate\":\"https:\/\/fuego-international.com\/AL\/?s={search_term_string}\"},\"query-input\":{\"@type\":\"PropertyValueSpecification\",\"valueRequired\":true,\"valueName\":\"search_term_string\"}}],\"inLanguage\":\"sq\"}]}<\/script>\n<!-- \/ Yoast SEO Premium plugin. -->","yoast_head_json":{"title":"MIXER FUEGO GTM-8070SM - Fuego","robots":{"index":"index","follow":"follow","max-snippet":"max-snippet:-1","max-image-preview":"max-image-preview:large","max-video-preview":"max-video-preview:-1"},"canonical":"https:\/\/fuego-international.com\/AL\/?product=mixer-fuego-gtm-8070sm","og_locale":"sq_AL","og_type":"article","og_title":"MIXER FUEGO GTM-8070SM","og_description":"Fuqia: 1800 W  Nivele shpejt\u00ebsie: 6 + opsioni puls  Kapaciteti i en\u00ebs: 7 L  Materiali i en\u00ebs: Inox  Numri i p\u00ebrzir\u00ebseve: 1+1+1  Ngjyra: E kuqe","og_url":"https:\/\/fuego-international.com\/AL\/?product=mixer-fuego-gtm-8070sm","og_site_name":"Fuego","article_modified_time":"2025-04-04T20:50:41+00:00","og_image":[{"width":1000,"height":1000,"url":"https:\/\/fuego-international.com\/AL\/wp-content\/uploads\/2025\/03\/GTM-8070SM.jpg","type":"image\/jpeg"}],"twitter_card":"summary_large_image","schema":{"@context":"https:\/\/schema.org","@graph":[{"@type":"WebPage","@id":"https:\/\/fuego-international.com\/AL\/?product=mixer-fuego-gtm-8070sm","url":"https:\/\/fuego-international.com\/AL\/?product=mixer-fuego-gtm-8070sm","name":"MIXER FUEGO GTM-8070SM - Fuego","isPartOf":{"@id":"https:\/\/fuego-international.com\/AL\/#website"},"primaryImageOfPage":{"@id":"https:\/\/fuego-international.com\/AL\/?product=mixer-fuego-gtm-8070sm#primaryimage"},"image":{"@id":"https:\/\/fuego-international.com\/AL\/?product=mixer-fuego-gtm-8070sm#primaryimage"},"thumbnailUrl":"https:\/\/fuego-international.com\/AL\/wp-content\/uploads\/2025\/03\/GTM-8070SM.jpg","datePublished":"2025-03-25T06:25:19+00:00","dateModified":"2025-04-04T20:50:41+00:00","breadcrumb":{"@id":"https:\/\/fuego-international.com\/AL\/?product=mixer-fuego-gtm-8070sm#breadcrumb"},"inLanguage":"sq","potentialAction":[{"@type":"ReadAction","target":["https:\/\/fuego-international.com\/AL\/?product=mixer-fuego-gtm-8070sm"]}]},{"@type":"ImageObject","inLanguage":"sq","@id":"https:\/\/fuego-international.com\/AL\/?product=mixer-fuego-gtm-8070sm#primaryimage","url":"https:\/\/fuego-international.com\/AL\/wp-content\/uploads\/2025\/03\/GTM-8070SM.jpg","contentUrl":"https:\/\/fuego-international.com\/AL\/wp-content\/uploads\/2025\/03\/GTM-8070SM.jpg","width":1000,"height":1000},{"@type":"BreadcrumbList","@id":"https:\/\/fuego-international.com\/AL\/?product=mixer-fuego-gtm-8070sm#breadcrumb","itemListElement":[{"@type":"ListItem","position":1,"name":"Home","item":"https:\/\/fuego-international.com\/AL\/"},{"@type":"ListItem","position":2,"name":"Produktet","item":"https:\/\/fuego-international.com\/AL\/?page_id=7"},{"@type":"ListItem","position":3,"name":"MIXER FUEGO GTM-8070SM"}]},{"@type":"WebSite","@id":"https:\/\/fuego-international.com\/AL\/#website","url":"https:\/\/fuego-international.com\/AL\/","name":"Fuego","description":"","potentialAction":[{"@type":"SearchAction","target":{"@type":"EntryPoint","urlTemplate":"https:\/\/fuego-international.com\/AL\/?s={search_term_string}"},"query-input":{"@type":"PropertyValueSpecification","valueRequired":true,"valueName":"search_term_string"}}],"inLanguage":"sq"}]}},"_links":{"self":[{"href":"https:\/\/fuego-international.com\/AL\/index.php?rest_route=\/wp\/v2\/product\/10296","targetHints":{"allow":["GET"]}}],"collection":[{"href":"https:\/\/fuego-international.com\/AL\/index.php?rest_route=\/wp\/v2\/product"}],"about":[{"href":"https:\/\/fuego-international.com\/AL\/index.php?rest_route=\/wp\/v2\/types\/product"}],"replies":[{"embeddable":true,"href":"https:\/\/fuego-international.com\/AL\/index.php?rest_route=%2Fwp%2Fv2%2Fcomments&post=10296"}],"wp:featuredmedia":[{"embeddable":true,"href":"https:\/\/fuego-international.com\/AL\/index.php?rest_route=\/wp\/v2\/media\/10797"}],"wp:attachment":[{"href":"https:\/\/fuego-international.com\/AL\/index.php?rest_route=%2Fwp%2Fv2%2Fmedia&parent=10296"}],"wp:term":[{"taxonomy":"product_brand","embeddable":true,"href":"https:\/\/fuego-international.com\/AL\/index.php?rest_route=%2Fwp%2Fv2%2Fproduct_brand&post=10296"},{"taxonomy":"product_cat","embeddable":true,"href":"https:\/\/fuego-international.com\/AL\/index.php?rest_route=%2Fwp%2Fv2%2Fproduct_cat&post=10296"},{"taxonomy":"product_tag","embeddable":true,"href":"https:\/\/fuego-international.com\/AL\/index.php?rest_route=%2Fwp%2Fv2%2Fproduct_tag&post=10296"}],"curies":[{"name":"wp","href":"https:\/\/api.w.org\/{rel}","templated":true}]}}