{"id":10242,"date":"2025-03-25T06:25:07","date_gmt":"2025-03-25T06:25:07","guid":{"rendered":"https:\/\/fuego-international.com\/AL\/produkt\/kondicioner-fuego-fgtc18inv-wifi-bwmse6\/"},"modified":"2025-04-04T21:27:42","modified_gmt":"2025-04-04T20:27:42","slug":"kondicioner-fuego-fgtc18inv-wifi-bwmse6","status":"publish","type":"product","link":"https:\/\/fuego-international.com\/AL\/?product=kondicioner-fuego-fgtc18inv-wifi-bwmse6","title":{"rendered":"KONDICIONER FUEGO FGTC18INV-WIFI-BWMSE6"},"content":{"rendered":"<p>KONDICIONER FUEGO FGTC18INV-WIFI-BWMSE6<\/p>\n<div class=\"container\" style=\"width: 100%;\">\n<div class=\"row\">\n<div class=\"col-md-6\"><img decoding=\"async\" src=\"https:\/\/www.neptun.al\/2024\/07\/17\/_2023_07_14_KO0787.jpg\" \/><\/div>\n<div class=\"col-md-6\">\n<div class=\"text\">\n<p>P\u00ebrjetoni rehati dhe kontroll t\u00eb pashembullt me \u200b\u200bFUEGO FGTC18INV-WIFI-BWMSE6, nj\u00eb kondicioner i avancuar me WiFi t\u00eb krijuar p\u00ebr t\u00eb transformuar hap\u00ebsir\u00ebn tuaj t\u00eb jetes\u00ebs. E krijuar me teknologjin\u00eb m\u00eb t\u00eb fundit, kjo nj\u00ebsi kombinon kapacitetin e fuqish\u00ebm ftoh\u00ebs me ve\u00e7orit\u00eb inteligjente p\u00ebr komoditet maksimal.<\/p>\n<p>FUEGO FGTC18INV-WIFI-BWMSE6 ka nj\u00eb dizajn elegant dhe modern q\u00eb integrohet pa probleme. Sistemi i tij i avancuar i ftohjes siguron rregullim t\u00eb shpejt\u00eb dhe efikas t\u00eb temperatur\u00ebs, duke ofruar leht\u00ebsim edhe n\u00eb dit\u00ebt m\u00eb t\u00eb nxehta. Pajisur me lidhjen WiFi, ju mund t\u00eb monitoroni dhe rregulloni pa mundim cil\u00ebsimet nga kudo duke p\u00ebrdorur smartfonin ose tabletin tuaj, duke ofruar fleksibilitet dhe efikasitet t\u00eb pashembullt t\u00eb energjis\u00eb.<\/p>\n<p>I projektuar p\u00ebr funksionim pa zhurm\u00eb, FUEGO FGTC18INV-WIFI-BWMSE6 p\u00ebrmir\u00ebson mjedisin tuaj pa nd\u00ebrprer\u00eb jet\u00ebn tuaj t\u00eb p\u00ebrditshme. Paneli i tij intuitiv i kontrollit dhe aft\u00ebsit\u00eb e aksesit n\u00eb distanc\u00eb e b\u00ebjn\u00eb t\u00eb leht\u00eb personalizimin e cil\u00ebsimeve sipas preferencave tuaja, pavar\u00ebsisht n\u00ebse jeni n\u00eb sht\u00ebpi ose n\u00eb l\u00ebvizje.<\/p>\n<p>Ideale si p\u00ebr hap\u00ebsirat e banimit ashtu edhe p\u00ebr ato komerciale, FUEGO FGTC18INV-WIFI-BWMSE6 vendos nj\u00eb standard t\u00eb ri n\u00eb rehati dhe komoditet. Me ve\u00e7orit\u00eb e tij inovative dhe performanc\u00ebn e besueshme, ky kondicioner siguron nj\u00eb mjedis freskues gjat\u00eb gjith\u00eb vitit, duke ju siguruar q\u00eb t\u00eb q\u00ebndroni t\u00eb fresk\u00ebt dhe t\u00eb rehatsh\u00ebm pavar\u00ebsisht nga moti jasht\u00eb.<\/p>\n<\/div>\n<\/div>\n<\/div>\n<\/div>\n","protected":false},"excerpt":{"rendered":"<ul>\n<li><strong>Sistemi plazma:<\/strong> &#8211;<\/li>\n<li><strong>Garanci Shtese:<\/strong> GA0014-5990 LEK<\/li>\n<li><strong>Garancia normale:<\/strong> 24 muaj<\/li>\n<li><strong>Ean Code:<\/strong> 2074141822881<\/li>\n<li><strong>Marka:<\/strong> FUEGO<\/li>\n<li><strong>Tipi:<\/strong> Mural<\/li>\n<li><strong>Lloji:<\/strong> Inverter<\/li>\n<li><strong>Kapaciteti ne BTU:<\/strong> 18000<\/li>\n<li><strong>Fuqia ftohese ne (btu):<\/strong> 18000<\/li>\n<li><strong>Paneli:<\/strong> Elektronik<\/li>\n<li><strong>Energjia qe harxhon ne ftohje:<\/strong> 5.1 kW<\/li>\n<li><strong>Energjia qe harxhon ne ngrohje:<\/strong> 5.1 kW<\/li>\n<li><strong>Klasa e energjise:<\/strong> A++ \/ A+<\/li>\n<li><strong>Niveli i zhurmes:<\/strong> 53 \/ 65 dB<\/li>\n<\/ul>\n","protected":false},"featured_media":10776,"comment_status":"closed","ping_status":"closed","template":"","meta":[],"product_brand":[],"product_cat":[231],"product_tag":[],"class_list":{"0":"post-10242","1":"product","2":"type-product","3":"status-publish","4":"has-post-thumbnail","6":"product_cat-inverter","8":"first","9":"instock","10":"product-type-simple"},"yoast_head":"<!-- This site is optimized with the Yoast SEO Premium plugin v24.8 (Yoast SEO v24.8.1) - https:\/\/yoast.com\/wordpress\/plugins\/seo\/ -->\n<title>KONDICIONER FUEGO FGTC18INV-WIFI-BWMSE6 - Fuego<\/title>\n<meta name=\"robots\" content=\"index, follow, max-snippet:-1, max-image-preview:large, max-video-preview:-1\" \/>\n<link rel=\"canonical\" href=\"https:\/\/fuego-international.com\/AL\/?product=kondicioner-fuego-fgtc18inv-wifi-bwmse6\" \/>\n<meta property=\"og:locale\" content=\"sq_AL\" \/>\n<meta property=\"og:type\" content=\"article\" \/>\n<meta property=\"og:title\" content=\"KONDICIONER FUEGO FGTC18INV-WIFI-BWMSE6\" \/>\n<meta property=\"og:description\" content=\"Sistemi plazma: -  Garanci Shtese: GA0014-5990 LEK  Garancia normale: 24 muaj  Ean Code: 2074141822881  Marka: FUEGO  Tipi: Mural  Lloji: Inverter  Kapaciteti ne BTU: 18000  Fuqia ftohese ne (btu): 18000  Paneli: Elektronik  Energjia qe harxhon ne ftohje: 5.1 kW  Energjia qe harxhon ne ngrohje: 5.1 kW  Klasa e energjise: A++ \/ A+  Niveli i zhurmes: 53 \/ 65 dB\" \/>\n<meta property=\"og:url\" content=\"https:\/\/fuego-international.com\/AL\/?product=kondicioner-fuego-fgtc18inv-wifi-bwmse6\" \/>\n<meta property=\"og:site_name\" content=\"Fuego\" \/>\n<meta property=\"article:modified_time\" content=\"2025-04-04T20:27:42+00:00\" \/>\n<meta property=\"og:image\" content=\"https:\/\/fuego-international.com\/AL\/wp-content\/uploads\/2025\/03\/FGTC18INV-WIFI-BWMSE6.jpg\" \/>\n\t<meta property=\"og:image:width\" content=\"1000\" \/>\n\t<meta property=\"og:image:height\" content=\"1000\" \/>\n\t<meta property=\"og:image:type\" content=\"image\/jpeg\" \/>\n<meta name=\"twitter:card\" content=\"summary_large_image\" \/>\n<meta name=\"twitter:label1\" content=\"Est. reading time\" \/>\n\t<meta name=\"twitter:data1\" content=\"1 minut\u00eb\" \/>\n<script type=\"application\/ld+json\" class=\"yoast-schema-graph\">{\"@context\":\"https:\/\/schema.org\",\"@graph\":[{\"@type\":\"WebPage\",\"@id\":\"https:\/\/fuego-international.com\/AL\/?product=kondicioner-fuego-fgtc18inv-wifi-bwmse6\",\"url\":\"https:\/\/fuego-international.com\/AL\/?product=kondicioner-fuego-fgtc18inv-wifi-bwmse6\",\"name\":\"KONDICIONER FUEGO FGTC18INV-WIFI-BWMSE6 - Fuego\",\"isPartOf\":{\"@id\":\"https:\/\/fuego-international.com\/AL\/#website\"},\"primaryImageOfPage\":{\"@id\":\"https:\/\/fuego-international.com\/AL\/?product=kondicioner-fuego-fgtc18inv-wifi-bwmse6#primaryimage\"},\"image\":{\"@id\":\"https:\/\/fuego-international.com\/AL\/?product=kondicioner-fuego-fgtc18inv-wifi-bwmse6#primaryimage\"},\"thumbnailUrl\":\"https:\/\/fuego-international.com\/AL\/wp-content\/uploads\/2025\/03\/FGTC18INV-WIFI-BWMSE6.jpg\",\"datePublished\":\"2025-03-25T06:25:07+00:00\",\"dateModified\":\"2025-04-04T20:27:42+00:00\",\"breadcrumb\":{\"@id\":\"https:\/\/fuego-international.com\/AL\/?product=kondicioner-fuego-fgtc18inv-wifi-bwmse6#breadcrumb\"},\"inLanguage\":\"sq\",\"potentialAction\":[{\"@type\":\"ReadAction\",\"target\":[\"https:\/\/fuego-international.com\/AL\/?product=kondicioner-fuego-fgtc18inv-wifi-bwmse6\"]}]},{\"@type\":\"ImageObject\",\"inLanguage\":\"sq\",\"@id\":\"https:\/\/fuego-international.com\/AL\/?product=kondicioner-fuego-fgtc18inv-wifi-bwmse6#primaryimage\",\"url\":\"https:\/\/fuego-international.com\/AL\/wp-content\/uploads\/2025\/03\/FGTC18INV-WIFI-BWMSE6.jpg\",\"contentUrl\":\"https:\/\/fuego-international.com\/AL\/wp-content\/uploads\/2025\/03\/FGTC18INV-WIFI-BWMSE6.jpg\",\"width\":1000,\"height\":1000},{\"@type\":\"BreadcrumbList\",\"@id\":\"https:\/\/fuego-international.com\/AL\/?product=kondicioner-fuego-fgtc18inv-wifi-bwmse6#breadcrumb\",\"itemListElement\":[{\"@type\":\"ListItem\",\"position\":1,\"name\":\"Home\",\"item\":\"https:\/\/fuego-international.com\/AL\/\"},{\"@type\":\"ListItem\",\"position\":2,\"name\":\"Produktet\",\"item\":\"https:\/\/fuego-international.com\/AL\/?page_id=7\"},{\"@type\":\"ListItem\",\"position\":3,\"name\":\"KONDICIONER FUEGO FGTC18INV-WIFI-BWMSE6\"}]},{\"@type\":\"WebSite\",\"@id\":\"https:\/\/fuego-international.com\/AL\/#website\",\"url\":\"https:\/\/fuego-international.com\/AL\/\",\"name\":\"Fuego\",\"description\":\"\",\"potentialAction\":[{\"@type\":\"SearchAction\",\"target\":{\"@type\":\"EntryPoint\",\"urlTemplate\":\"https:\/\/fuego-international.com\/AL\/?s={search_term_string}\"},\"query-input\":{\"@type\":\"PropertyValueSpecification\",\"valueRequired\":true,\"valueName\":\"search_term_string\"}}],\"inLanguage\":\"sq\"}]}<\/script>\n<!-- \/ Yoast SEO Premium plugin. -->","yoast_head_json":{"title":"KONDICIONER FUEGO FGTC18INV-WIFI-BWMSE6 - Fuego","robots":{"index":"index","follow":"follow","max-snippet":"max-snippet:-1","max-image-preview":"max-image-preview:large","max-video-preview":"max-video-preview:-1"},"canonical":"https:\/\/fuego-international.com\/AL\/?product=kondicioner-fuego-fgtc18inv-wifi-bwmse6","og_locale":"sq_AL","og_type":"article","og_title":"KONDICIONER FUEGO FGTC18INV-WIFI-BWMSE6","og_description":"Sistemi plazma: -  Garanci Shtese: GA0014-5990 LEK  Garancia normale: 24 muaj  Ean Code: 2074141822881  Marka: FUEGO  Tipi: Mural  Lloji: Inverter  Kapaciteti ne BTU: 18000  Fuqia ftohese ne (btu): 18000  Paneli: Elektronik  Energjia qe harxhon ne ftohje: 5.1 kW  Energjia qe harxhon ne ngrohje: 5.1 kW  Klasa e energjise: A++ \/ A+  Niveli i zhurmes: 53 \/ 65 dB","og_url":"https:\/\/fuego-international.com\/AL\/?product=kondicioner-fuego-fgtc18inv-wifi-bwmse6","og_site_name":"Fuego","article_modified_time":"2025-04-04T20:27:42+00:00","og_image":[{"width":1000,"height":1000,"url":"https:\/\/fuego-international.com\/AL\/wp-content\/uploads\/2025\/03\/FGTC18INV-WIFI-BWMSE6.jpg","type":"image\/jpeg"}],"twitter_card":"summary_large_image","twitter_misc":{"Est. reading time":"1 minut\u00eb"},"schema":{"@context":"https:\/\/schema.org","@graph":[{"@type":"WebPage","@id":"https:\/\/fuego-international.com\/AL\/?product=kondicioner-fuego-fgtc18inv-wifi-bwmse6","url":"https:\/\/fuego-international.com\/AL\/?product=kondicioner-fuego-fgtc18inv-wifi-bwmse6","name":"KONDICIONER FUEGO FGTC18INV-WIFI-BWMSE6 - Fuego","isPartOf":{"@id":"https:\/\/fuego-international.com\/AL\/#website"},"primaryImageOfPage":{"@id":"https:\/\/fuego-international.com\/AL\/?product=kondicioner-fuego-fgtc18inv-wifi-bwmse6#primaryimage"},"image":{"@id":"https:\/\/fuego-international.com\/AL\/?product=kondicioner-fuego-fgtc18inv-wifi-bwmse6#primaryimage"},"thumbnailUrl":"https:\/\/fuego-international.com\/AL\/wp-content\/uploads\/2025\/03\/FGTC18INV-WIFI-BWMSE6.jpg","datePublished":"2025-03-25T06:25:07+00:00","dateModified":"2025-04-04T20:27:42+00:00","breadcrumb":{"@id":"https:\/\/fuego-international.com\/AL\/?product=kondicioner-fuego-fgtc18inv-wifi-bwmse6#breadcrumb"},"inLanguage":"sq","potentialAction":[{"@type":"ReadAction","target":["https:\/\/fuego-international.com\/AL\/?product=kondicioner-fuego-fgtc18inv-wifi-bwmse6"]}]},{"@type":"ImageObject","inLanguage":"sq","@id":"https:\/\/fuego-international.com\/AL\/?product=kondicioner-fuego-fgtc18inv-wifi-bwmse6#primaryimage","url":"https:\/\/fuego-international.com\/AL\/wp-content\/uploads\/2025\/03\/FGTC18INV-WIFI-BWMSE6.jpg","contentUrl":"https:\/\/fuego-international.com\/AL\/wp-content\/uploads\/2025\/03\/FGTC18INV-WIFI-BWMSE6.jpg","width":1000,"height":1000},{"@type":"BreadcrumbList","@id":"https:\/\/fuego-international.com\/AL\/?product=kondicioner-fuego-fgtc18inv-wifi-bwmse6#breadcrumb","itemListElement":[{"@type":"ListItem","position":1,"name":"Home","item":"https:\/\/fuego-international.com\/AL\/"},{"@type":"ListItem","position":2,"name":"Produktet","item":"https:\/\/fuego-international.com\/AL\/?page_id=7"},{"@type":"ListItem","position":3,"name":"KONDICIONER FUEGO FGTC18INV-WIFI-BWMSE6"}]},{"@type":"WebSite","@id":"https:\/\/fuego-international.com\/AL\/#website","url":"https:\/\/fuego-international.com\/AL\/","name":"Fuego","description":"","potentialAction":[{"@type":"SearchAction","target":{"@type":"EntryPoint","urlTemplate":"https:\/\/fuego-international.com\/AL\/?s={search_term_string}"},"query-input":{"@type":"PropertyValueSpecification","valueRequired":true,"valueName":"search_term_string"}}],"inLanguage":"sq"}]}},"_links":{"self":[{"href":"https:\/\/fuego-international.com\/AL\/index.php?rest_route=\/wp\/v2\/product\/10242","targetHints":{"allow":["GET"]}}],"collection":[{"href":"https:\/\/fuego-international.com\/AL\/index.php?rest_route=\/wp\/v2\/product"}],"about":[{"href":"https:\/\/fuego-international.com\/AL\/index.php?rest_route=\/wp\/v2\/types\/product"}],"replies":[{"embeddable":true,"href":"https:\/\/fuego-international.com\/AL\/index.php?rest_route=%2Fwp%2Fv2%2Fcomments&post=10242"}],"wp:featuredmedia":[{"embeddable":true,"href":"https:\/\/fuego-international.com\/AL\/index.php?rest_route=\/wp\/v2\/media\/10776"}],"wp:attachment":[{"href":"https:\/\/fuego-international.com\/AL\/index.php?rest_route=%2Fwp%2Fv2%2Fmedia&parent=10242"}],"wp:term":[{"taxonomy":"product_brand","embeddable":true,"href":"https:\/\/fuego-international.com\/AL\/index.php?rest_route=%2Fwp%2Fv2%2Fproduct_brand&post=10242"},{"taxonomy":"product_cat","embeddable":true,"href":"https:\/\/fuego-international.com\/AL\/index.php?rest_route=%2Fwp%2Fv2%2Fproduct_cat&post=10242"},{"taxonomy":"product_tag","embeddable":true,"href":"https:\/\/fuego-international.com\/AL\/index.php?rest_route=%2Fwp%2Fv2%2Fproduct_tag&post=10242"}],"curies":[{"name":"wp","href":"https:\/\/api.w.org\/{rel}","templated":true}]}}