{"id":10238,"date":"2025-03-25T06:25:07","date_gmt":"2025-03-25T06:25:07","guid":{"rendered":"https:\/\/fuego-international.com\/AL\/produkt\/biciklete-fuego-predator-gb21-29-gray\/"},"modified":"2025-04-04T10:24:41","modified_gmt":"2025-04-04T09:24:41","slug":"biciklete-fuego-predator-gb21-29-gray","status":"publish","type":"product","link":"https:\/\/fuego-international.com\/AL\/?product=biciklete-fuego-predator-gb21-29-gray","title":{"rendered":"BICIKLETE FUEGO PREDATOR GB21-29 GRAY"},"content":{"rendered":"","protected":false},"excerpt":{"rendered":"<ul>\n<li><strong>Korniza:<\/strong> Alumini, e njohur p\u00ebr leht\u00ebsin\u00eb dhe forc\u00ebn e saj<\/li>\n<li><strong>P\u00ebrshpejtuesi (Shifter):<\/strong> Shimano TZ500, p\u00ebr ndryshim t\u00eb shpejt\u00eb dhe t\u00eb sakt\u00eb t\u00eb shpejt\u00ebsive<\/li>\n<li><strong>Gomat:<\/strong> 29&#8243; WANDA, sigurojn\u00eb ngasje t\u00eb qet\u00eb dhe t\u00eb q\u00ebndrueshme<\/li>\n<li><strong>Piruni:<\/strong> Amortizator, p\u00ebr thithjen e goditjeve dhe komoditet gjat\u00eb udh\u00ebtimit<\/li>\n<li><strong>Shpejt\u00ebsit\u00eb:<\/strong> 21 shpejt\u00ebsi, ofron fleksibilitet n\u00eb terrene t\u00eb ndryshme<\/li>\n<li><strong>Garancia:<\/strong> 6 muaj<\/li>\n<\/ul>\n","protected":false},"featured_media":10531,"comment_status":"closed","ping_status":"closed","template":"","meta":[],"product_brand":[],"product_cat":[230],"product_tag":[],"class_list":{"0":"post-10238","1":"product","2":"type-product","3":"status-publish","4":"has-post-thumbnail","6":"product_cat-bicikleta","8":"first","9":"instock","10":"product-type-simple"},"yoast_head":"<!-- This site is optimized with the Yoast SEO Premium plugin v24.8 (Yoast SEO v24.8.1) - https:\/\/yoast.com\/wordpress\/plugins\/seo\/ -->\n<title>BICIKLETE FUEGO PREDATOR GB21-29 GRAY - Fuego<\/title>\n<meta name=\"robots\" content=\"index, follow, max-snippet:-1, max-image-preview:large, max-video-preview:-1\" \/>\n<link rel=\"canonical\" href=\"https:\/\/fuego-international.com\/AL\/?product=biciklete-fuego-predator-gb21-29-gray\" \/>\n<meta property=\"og:locale\" content=\"sq_AL\" \/>\n<meta property=\"og:type\" content=\"article\" \/>\n<meta property=\"og:title\" content=\"BICIKLETE FUEGO PREDATOR GB21-29 GRAY\" \/>\n<meta property=\"og:description\" content=\"Korniza: Alumini, e njohur p\u00ebr leht\u00ebsin\u00eb dhe forc\u00ebn e saj  P\u00ebrshpejtuesi (Shifter): Shimano TZ500, p\u00ebr ndryshim t\u00eb shpejt\u00eb dhe t\u00eb sakt\u00eb t\u00eb shpejt\u00ebsive  Gomat: 29&quot; WANDA, sigurojn\u00eb ngasje t\u00eb qet\u00eb dhe t\u00eb q\u00ebndrueshme  Piruni: Amortizator, p\u00ebr thithjen e goditjeve dhe komoditet gjat\u00eb udh\u00ebtimit  Shpejt\u00ebsit\u00eb: 21 shpejt\u00ebsi, ofron fleksibilitet n\u00eb terrene t\u00eb ndryshme  Garancia: 6 muaj\" \/>\n<meta property=\"og:url\" content=\"https:\/\/fuego-international.com\/AL\/?product=biciklete-fuego-predator-gb21-29-gray\" \/>\n<meta property=\"og:site_name\" content=\"Fuego\" \/>\n<meta property=\"article:modified_time\" content=\"2025-04-04T09:24:41+00:00\" \/>\n<meta property=\"og:image\" content=\"https:\/\/fuego-international.com\/AL\/wp-content\/uploads\/2025\/03\/PREDATOR-GB21-29-GRAY.jpg\" \/>\n\t<meta property=\"og:image:width\" content=\"1000\" \/>\n\t<meta property=\"og:image:height\" content=\"1000\" \/>\n\t<meta property=\"og:image:type\" content=\"image\/jpeg\" \/>\n<meta name=\"twitter:card\" content=\"summary_large_image\" \/>\n<script type=\"application\/ld+json\" class=\"yoast-schema-graph\">{\"@context\":\"https:\/\/schema.org\",\"@graph\":[{\"@type\":\"WebPage\",\"@id\":\"https:\/\/fuego-international.com\/AL\/?product=biciklete-fuego-predator-gb21-29-gray\",\"url\":\"https:\/\/fuego-international.com\/AL\/?product=biciklete-fuego-predator-gb21-29-gray\",\"name\":\"BICIKLETE FUEGO PREDATOR GB21-29 GRAY - Fuego\",\"isPartOf\":{\"@id\":\"https:\/\/fuego-international.com\/AL\/#website\"},\"primaryImageOfPage\":{\"@id\":\"https:\/\/fuego-international.com\/AL\/?product=biciklete-fuego-predator-gb21-29-gray#primaryimage\"},\"image\":{\"@id\":\"https:\/\/fuego-international.com\/AL\/?product=biciklete-fuego-predator-gb21-29-gray#primaryimage\"},\"thumbnailUrl\":\"https:\/\/fuego-international.com\/AL\/wp-content\/uploads\/2025\/03\/PREDATOR-GB21-29-GRAY.jpg\",\"datePublished\":\"2025-03-25T06:25:07+00:00\",\"dateModified\":\"2025-04-04T09:24:41+00:00\",\"breadcrumb\":{\"@id\":\"https:\/\/fuego-international.com\/AL\/?product=biciklete-fuego-predator-gb21-29-gray#breadcrumb\"},\"inLanguage\":\"sq\",\"potentialAction\":[{\"@type\":\"ReadAction\",\"target\":[\"https:\/\/fuego-international.com\/AL\/?product=biciklete-fuego-predator-gb21-29-gray\"]}]},{\"@type\":\"ImageObject\",\"inLanguage\":\"sq\",\"@id\":\"https:\/\/fuego-international.com\/AL\/?product=biciklete-fuego-predator-gb21-29-gray#primaryimage\",\"url\":\"https:\/\/fuego-international.com\/AL\/wp-content\/uploads\/2025\/03\/PREDATOR-GB21-29-GRAY.jpg\",\"contentUrl\":\"https:\/\/fuego-international.com\/AL\/wp-content\/uploads\/2025\/03\/PREDATOR-GB21-29-GRAY.jpg\",\"width\":1000,\"height\":1000},{\"@type\":\"BreadcrumbList\",\"@id\":\"https:\/\/fuego-international.com\/AL\/?product=biciklete-fuego-predator-gb21-29-gray#breadcrumb\",\"itemListElement\":[{\"@type\":\"ListItem\",\"position\":1,\"name\":\"Home\",\"item\":\"https:\/\/fuego-international.com\/AL\/\"},{\"@type\":\"ListItem\",\"position\":2,\"name\":\"Produktet\",\"item\":\"https:\/\/fuego-international.com\/AL\/?page_id=7\"},{\"@type\":\"ListItem\",\"position\":3,\"name\":\"BICIKLETE FUEGO PREDATOR GB21-29 GRAY\"}]},{\"@type\":\"WebSite\",\"@id\":\"https:\/\/fuego-international.com\/AL\/#website\",\"url\":\"https:\/\/fuego-international.com\/AL\/\",\"name\":\"Fuego\",\"description\":\"\",\"potentialAction\":[{\"@type\":\"SearchAction\",\"target\":{\"@type\":\"EntryPoint\",\"urlTemplate\":\"https:\/\/fuego-international.com\/AL\/?s={search_term_string}\"},\"query-input\":{\"@type\":\"PropertyValueSpecification\",\"valueRequired\":true,\"valueName\":\"search_term_string\"}}],\"inLanguage\":\"sq\"}]}<\/script>\n<!-- \/ Yoast SEO Premium plugin. -->","yoast_head_json":{"title":"BICIKLETE FUEGO PREDATOR GB21-29 GRAY - Fuego","robots":{"index":"index","follow":"follow","max-snippet":"max-snippet:-1","max-image-preview":"max-image-preview:large","max-video-preview":"max-video-preview:-1"},"canonical":"https:\/\/fuego-international.com\/AL\/?product=biciklete-fuego-predator-gb21-29-gray","og_locale":"sq_AL","og_type":"article","og_title":"BICIKLETE FUEGO PREDATOR GB21-29 GRAY","og_description":"Korniza: Alumini, e njohur p\u00ebr leht\u00ebsin\u00eb dhe forc\u00ebn e saj  P\u00ebrshpejtuesi (Shifter): Shimano TZ500, p\u00ebr ndryshim t\u00eb shpejt\u00eb dhe t\u00eb sakt\u00eb t\u00eb shpejt\u00ebsive  Gomat: 29\" WANDA, sigurojn\u00eb ngasje t\u00eb qet\u00eb dhe t\u00eb q\u00ebndrueshme  Piruni: Amortizator, p\u00ebr thithjen e goditjeve dhe komoditet gjat\u00eb udh\u00ebtimit  Shpejt\u00ebsit\u00eb: 21 shpejt\u00ebsi, ofron fleksibilitet n\u00eb terrene t\u00eb ndryshme  Garancia: 6 muaj","og_url":"https:\/\/fuego-international.com\/AL\/?product=biciklete-fuego-predator-gb21-29-gray","og_site_name":"Fuego","article_modified_time":"2025-04-04T09:24:41+00:00","og_image":[{"width":1000,"height":1000,"url":"https:\/\/fuego-international.com\/AL\/wp-content\/uploads\/2025\/03\/PREDATOR-GB21-29-GRAY.jpg","type":"image\/jpeg"}],"twitter_card":"summary_large_image","schema":{"@context":"https:\/\/schema.org","@graph":[{"@type":"WebPage","@id":"https:\/\/fuego-international.com\/AL\/?product=biciklete-fuego-predator-gb21-29-gray","url":"https:\/\/fuego-international.com\/AL\/?product=biciklete-fuego-predator-gb21-29-gray","name":"BICIKLETE FUEGO PREDATOR GB21-29 GRAY - Fuego","isPartOf":{"@id":"https:\/\/fuego-international.com\/AL\/#website"},"primaryImageOfPage":{"@id":"https:\/\/fuego-international.com\/AL\/?product=biciklete-fuego-predator-gb21-29-gray#primaryimage"},"image":{"@id":"https:\/\/fuego-international.com\/AL\/?product=biciklete-fuego-predator-gb21-29-gray#primaryimage"},"thumbnailUrl":"https:\/\/fuego-international.com\/AL\/wp-content\/uploads\/2025\/03\/PREDATOR-GB21-29-GRAY.jpg","datePublished":"2025-03-25T06:25:07+00:00","dateModified":"2025-04-04T09:24:41+00:00","breadcrumb":{"@id":"https:\/\/fuego-international.com\/AL\/?product=biciklete-fuego-predator-gb21-29-gray#breadcrumb"},"inLanguage":"sq","potentialAction":[{"@type":"ReadAction","target":["https:\/\/fuego-international.com\/AL\/?product=biciklete-fuego-predator-gb21-29-gray"]}]},{"@type":"ImageObject","inLanguage":"sq","@id":"https:\/\/fuego-international.com\/AL\/?product=biciklete-fuego-predator-gb21-29-gray#primaryimage","url":"https:\/\/fuego-international.com\/AL\/wp-content\/uploads\/2025\/03\/PREDATOR-GB21-29-GRAY.jpg","contentUrl":"https:\/\/fuego-international.com\/AL\/wp-content\/uploads\/2025\/03\/PREDATOR-GB21-29-GRAY.jpg","width":1000,"height":1000},{"@type":"BreadcrumbList","@id":"https:\/\/fuego-international.com\/AL\/?product=biciklete-fuego-predator-gb21-29-gray#breadcrumb","itemListElement":[{"@type":"ListItem","position":1,"name":"Home","item":"https:\/\/fuego-international.com\/AL\/"},{"@type":"ListItem","position":2,"name":"Produktet","item":"https:\/\/fuego-international.com\/AL\/?page_id=7"},{"@type":"ListItem","position":3,"name":"BICIKLETE FUEGO PREDATOR GB21-29 GRAY"}]},{"@type":"WebSite","@id":"https:\/\/fuego-international.com\/AL\/#website","url":"https:\/\/fuego-international.com\/AL\/","name":"Fuego","description":"","potentialAction":[{"@type":"SearchAction","target":{"@type":"EntryPoint","urlTemplate":"https:\/\/fuego-international.com\/AL\/?s={search_term_string}"},"query-input":{"@type":"PropertyValueSpecification","valueRequired":true,"valueName":"search_term_string"}}],"inLanguage":"sq"}]}},"_links":{"self":[{"href":"https:\/\/fuego-international.com\/AL\/index.php?rest_route=\/wp\/v2\/product\/10238","targetHints":{"allow":["GET"]}}],"collection":[{"href":"https:\/\/fuego-international.com\/AL\/index.php?rest_route=\/wp\/v2\/product"}],"about":[{"href":"https:\/\/fuego-international.com\/AL\/index.php?rest_route=\/wp\/v2\/types\/product"}],"replies":[{"embeddable":true,"href":"https:\/\/fuego-international.com\/AL\/index.php?rest_route=%2Fwp%2Fv2%2Fcomments&post=10238"}],"wp:featuredmedia":[{"embeddable":true,"href":"https:\/\/fuego-international.com\/AL\/index.php?rest_route=\/wp\/v2\/media\/10531"}],"wp:attachment":[{"href":"https:\/\/fuego-international.com\/AL\/index.php?rest_route=%2Fwp%2Fv2%2Fmedia&parent=10238"}],"wp:term":[{"taxonomy":"product_brand","embeddable":true,"href":"https:\/\/fuego-international.com\/AL\/index.php?rest_route=%2Fwp%2Fv2%2Fproduct_brand&post=10238"},{"taxonomy":"product_cat","embeddable":true,"href":"https:\/\/fuego-international.com\/AL\/index.php?rest_route=%2Fwp%2Fv2%2Fproduct_cat&post=10238"},{"taxonomy":"product_tag","embeddable":true,"href":"https:\/\/fuego-international.com\/AL\/index.php?rest_route=%2Fwp%2Fv2%2Fproduct_tag&post=10238"}],"curies":[{"name":"wp","href":"https:\/\/api.w.org\/{rel}","templated":true}]}}