{"id":10236,"date":"2025-03-25T06:25:07","date_gmt":"2025-03-25T06:25:07","guid":{"rendered":"https:\/\/fuego-international.com\/AL\/produkt\/biciklete-fuego-destino-rs17-26-turquesa\/"},"modified":"2025-04-04T10:24:09","modified_gmt":"2025-04-04T09:24:09","slug":"biciklete-fuego-destino-rs17-26-turquesa","status":"publish","type":"product","link":"https:\/\/fuego-international.com\/AL\/?product=biciklete-fuego-destino-rs17-26-turquesa","title":{"rendered":"BICIKLETE FUEGO DESTINO RS17-26 TURQUESA"},"content":{"rendered":"","protected":false},"excerpt":{"rendered":"<ul>\n<li><strong>Marka:<\/strong> FUEGO<\/li>\n<li><strong>Goma:<\/strong> 26&#8243;<\/li>\n<li><strong>Materiali i Kadrius:<\/strong> \u00c7elik<\/li>\n<li><strong>Pesha:<\/strong> &#8211;<\/li>\n<li><strong>Piruni:<\/strong> Amortizator<\/li>\n<li><strong>Marshat:<\/strong> Deraileur Shimano, 6 Shpejt\u00ebsi<\/li>\n<li><strong>Frenat:<\/strong> Frenat V-brake p\u00ebr siguri m\u00eb t\u00eb madhe<\/li>\n<li><strong>Goma:<\/strong> WANDKING 1.83&#8243; p\u00ebr mund\u00ebsi p\u00ebrdorimi t\u00eb ndryshme<\/li>\n<li><strong>Ngjyra:<\/strong> Turqese<\/li>\n<li><strong>Elektirike:<\/strong> Jo<\/li>\n<li><strong>Garancia:<\/strong> 6 muaj<\/li>\n<li><strong>Ean Code:<\/strong> 2074141823536<\/li>\n<\/ul>\n","protected":false},"featured_media":10533,"comment_status":"closed","ping_status":"closed","template":"","meta":[],"product_brand":[],"product_cat":[230],"product_tag":[],"class_list":{"0":"post-10236","1":"product","2":"type-product","3":"status-publish","4":"has-post-thumbnail","6":"product_cat-bicikleta","8":"first","9":"instock","10":"product-type-simple"},"yoast_head":"<!-- This site is optimized with the Yoast SEO Premium plugin v24.8 (Yoast SEO v24.8.1) - https:\/\/yoast.com\/wordpress\/plugins\/seo\/ -->\n<title>BICIKLETE FUEGO DESTINO RS17-26 TURQUESA - Fuego<\/title>\n<meta name=\"robots\" content=\"index, follow, max-snippet:-1, max-image-preview:large, max-video-preview:-1\" \/>\n<link rel=\"canonical\" href=\"https:\/\/fuego-international.com\/AL\/?product=biciklete-fuego-destino-rs17-26-turquesa\" \/>\n<meta property=\"og:locale\" content=\"sq_AL\" \/>\n<meta property=\"og:type\" content=\"article\" \/>\n<meta property=\"og:title\" content=\"BICIKLETE FUEGO DESTINO RS17-26 TURQUESA\" \/>\n<meta property=\"og:description\" content=\"Marka: FUEGO  Goma: 26&quot;  Materiali i Kadrius: \u00c7elik  Pesha: -  Piruni: Amortizator  Marshat: Deraileur Shimano, 6 Shpejt\u00ebsi  Frenat: Frenat V-brake p\u00ebr siguri m\u00eb t\u00eb madhe  Goma: WANDKING 1.83&quot; p\u00ebr mund\u00ebsi p\u00ebrdorimi t\u00eb ndryshme  Ngjyra: Turqese  Elektirike: Jo  Garancia: 6 muaj  Ean Code: 2074141823536\" \/>\n<meta property=\"og:url\" content=\"https:\/\/fuego-international.com\/AL\/?product=biciklete-fuego-destino-rs17-26-turquesa\" \/>\n<meta property=\"og:site_name\" content=\"Fuego\" \/>\n<meta property=\"article:modified_time\" content=\"2025-04-04T09:24:09+00:00\" \/>\n<meta property=\"og:image\" content=\"https:\/\/fuego-international.com\/AL\/wp-content\/uploads\/2025\/03\/DESTINO-RS17-26-TURQUESA.jpg\" \/>\n\t<meta property=\"og:image:width\" content=\"1000\" \/>\n\t<meta property=\"og:image:height\" content=\"1000\" \/>\n\t<meta property=\"og:image:type\" content=\"image\/jpeg\" \/>\n<meta name=\"twitter:card\" content=\"summary_large_image\" \/>\n<script type=\"application\/ld+json\" class=\"yoast-schema-graph\">{\"@context\":\"https:\/\/schema.org\",\"@graph\":[{\"@type\":\"WebPage\",\"@id\":\"https:\/\/fuego-international.com\/AL\/?product=biciklete-fuego-destino-rs17-26-turquesa\",\"url\":\"https:\/\/fuego-international.com\/AL\/?product=biciklete-fuego-destino-rs17-26-turquesa\",\"name\":\"BICIKLETE FUEGO DESTINO RS17-26 TURQUESA - Fuego\",\"isPartOf\":{\"@id\":\"https:\/\/fuego-international.com\/AL\/#website\"},\"primaryImageOfPage\":{\"@id\":\"https:\/\/fuego-international.com\/AL\/?product=biciklete-fuego-destino-rs17-26-turquesa#primaryimage\"},\"image\":{\"@id\":\"https:\/\/fuego-international.com\/AL\/?product=biciklete-fuego-destino-rs17-26-turquesa#primaryimage\"},\"thumbnailUrl\":\"https:\/\/fuego-international.com\/AL\/wp-content\/uploads\/2025\/03\/DESTINO-RS17-26-TURQUESA.jpg\",\"datePublished\":\"2025-03-25T06:25:07+00:00\",\"dateModified\":\"2025-04-04T09:24:09+00:00\",\"breadcrumb\":{\"@id\":\"https:\/\/fuego-international.com\/AL\/?product=biciklete-fuego-destino-rs17-26-turquesa#breadcrumb\"},\"inLanguage\":\"sq\",\"potentialAction\":[{\"@type\":\"ReadAction\",\"target\":[\"https:\/\/fuego-international.com\/AL\/?product=biciklete-fuego-destino-rs17-26-turquesa\"]}]},{\"@type\":\"ImageObject\",\"inLanguage\":\"sq\",\"@id\":\"https:\/\/fuego-international.com\/AL\/?product=biciklete-fuego-destino-rs17-26-turquesa#primaryimage\",\"url\":\"https:\/\/fuego-international.com\/AL\/wp-content\/uploads\/2025\/03\/DESTINO-RS17-26-TURQUESA.jpg\",\"contentUrl\":\"https:\/\/fuego-international.com\/AL\/wp-content\/uploads\/2025\/03\/DESTINO-RS17-26-TURQUESA.jpg\",\"width\":1000,\"height\":1000},{\"@type\":\"BreadcrumbList\",\"@id\":\"https:\/\/fuego-international.com\/AL\/?product=biciklete-fuego-destino-rs17-26-turquesa#breadcrumb\",\"itemListElement\":[{\"@type\":\"ListItem\",\"position\":1,\"name\":\"Home\",\"item\":\"https:\/\/fuego-international.com\/AL\/\"},{\"@type\":\"ListItem\",\"position\":2,\"name\":\"Produktet\",\"item\":\"https:\/\/fuego-international.com\/AL\/?page_id=7\"},{\"@type\":\"ListItem\",\"position\":3,\"name\":\"BICIKLETE FUEGO DESTINO RS17-26 TURQUESA\"}]},{\"@type\":\"WebSite\",\"@id\":\"https:\/\/fuego-international.com\/AL\/#website\",\"url\":\"https:\/\/fuego-international.com\/AL\/\",\"name\":\"Fuego\",\"description\":\"\",\"potentialAction\":[{\"@type\":\"SearchAction\",\"target\":{\"@type\":\"EntryPoint\",\"urlTemplate\":\"https:\/\/fuego-international.com\/AL\/?s={search_term_string}\"},\"query-input\":{\"@type\":\"PropertyValueSpecification\",\"valueRequired\":true,\"valueName\":\"search_term_string\"}}],\"inLanguage\":\"sq\"}]}<\/script>\n<!-- \/ Yoast SEO Premium plugin. -->","yoast_head_json":{"title":"BICIKLETE FUEGO DESTINO RS17-26 TURQUESA - Fuego","robots":{"index":"index","follow":"follow","max-snippet":"max-snippet:-1","max-image-preview":"max-image-preview:large","max-video-preview":"max-video-preview:-1"},"canonical":"https:\/\/fuego-international.com\/AL\/?product=biciklete-fuego-destino-rs17-26-turquesa","og_locale":"sq_AL","og_type":"article","og_title":"BICIKLETE FUEGO DESTINO RS17-26 TURQUESA","og_description":"Marka: FUEGO  Goma: 26\"  Materiali i Kadrius: \u00c7elik  Pesha: -  Piruni: Amortizator  Marshat: Deraileur Shimano, 6 Shpejt\u00ebsi  Frenat: Frenat V-brake p\u00ebr siguri m\u00eb t\u00eb madhe  Goma: WANDKING 1.83\" p\u00ebr mund\u00ebsi p\u00ebrdorimi t\u00eb ndryshme  Ngjyra: Turqese  Elektirike: Jo  Garancia: 6 muaj  Ean Code: 2074141823536","og_url":"https:\/\/fuego-international.com\/AL\/?product=biciklete-fuego-destino-rs17-26-turquesa","og_site_name":"Fuego","article_modified_time":"2025-04-04T09:24:09+00:00","og_image":[{"width":1000,"height":1000,"url":"https:\/\/fuego-international.com\/AL\/wp-content\/uploads\/2025\/03\/DESTINO-RS17-26-TURQUESA.jpg","type":"image\/jpeg"}],"twitter_card":"summary_large_image","schema":{"@context":"https:\/\/schema.org","@graph":[{"@type":"WebPage","@id":"https:\/\/fuego-international.com\/AL\/?product=biciklete-fuego-destino-rs17-26-turquesa","url":"https:\/\/fuego-international.com\/AL\/?product=biciklete-fuego-destino-rs17-26-turquesa","name":"BICIKLETE FUEGO DESTINO RS17-26 TURQUESA - Fuego","isPartOf":{"@id":"https:\/\/fuego-international.com\/AL\/#website"},"primaryImageOfPage":{"@id":"https:\/\/fuego-international.com\/AL\/?product=biciklete-fuego-destino-rs17-26-turquesa#primaryimage"},"image":{"@id":"https:\/\/fuego-international.com\/AL\/?product=biciklete-fuego-destino-rs17-26-turquesa#primaryimage"},"thumbnailUrl":"https:\/\/fuego-international.com\/AL\/wp-content\/uploads\/2025\/03\/DESTINO-RS17-26-TURQUESA.jpg","datePublished":"2025-03-25T06:25:07+00:00","dateModified":"2025-04-04T09:24:09+00:00","breadcrumb":{"@id":"https:\/\/fuego-international.com\/AL\/?product=biciklete-fuego-destino-rs17-26-turquesa#breadcrumb"},"inLanguage":"sq","potentialAction":[{"@type":"ReadAction","target":["https:\/\/fuego-international.com\/AL\/?product=biciklete-fuego-destino-rs17-26-turquesa"]}]},{"@type":"ImageObject","inLanguage":"sq","@id":"https:\/\/fuego-international.com\/AL\/?product=biciklete-fuego-destino-rs17-26-turquesa#primaryimage","url":"https:\/\/fuego-international.com\/AL\/wp-content\/uploads\/2025\/03\/DESTINO-RS17-26-TURQUESA.jpg","contentUrl":"https:\/\/fuego-international.com\/AL\/wp-content\/uploads\/2025\/03\/DESTINO-RS17-26-TURQUESA.jpg","width":1000,"height":1000},{"@type":"BreadcrumbList","@id":"https:\/\/fuego-international.com\/AL\/?product=biciklete-fuego-destino-rs17-26-turquesa#breadcrumb","itemListElement":[{"@type":"ListItem","position":1,"name":"Home","item":"https:\/\/fuego-international.com\/AL\/"},{"@type":"ListItem","position":2,"name":"Produktet","item":"https:\/\/fuego-international.com\/AL\/?page_id=7"},{"@type":"ListItem","position":3,"name":"BICIKLETE FUEGO DESTINO RS17-26 TURQUESA"}]},{"@type":"WebSite","@id":"https:\/\/fuego-international.com\/AL\/#website","url":"https:\/\/fuego-international.com\/AL\/","name":"Fuego","description":"","potentialAction":[{"@type":"SearchAction","target":{"@type":"EntryPoint","urlTemplate":"https:\/\/fuego-international.com\/AL\/?s={search_term_string}"},"query-input":{"@type":"PropertyValueSpecification","valueRequired":true,"valueName":"search_term_string"}}],"inLanguage":"sq"}]}},"_links":{"self":[{"href":"https:\/\/fuego-international.com\/AL\/index.php?rest_route=\/wp\/v2\/product\/10236","targetHints":{"allow":["GET"]}}],"collection":[{"href":"https:\/\/fuego-international.com\/AL\/index.php?rest_route=\/wp\/v2\/product"}],"about":[{"href":"https:\/\/fuego-international.com\/AL\/index.php?rest_route=\/wp\/v2\/types\/product"}],"replies":[{"embeddable":true,"href":"https:\/\/fuego-international.com\/AL\/index.php?rest_route=%2Fwp%2Fv2%2Fcomments&post=10236"}],"wp:featuredmedia":[{"embeddable":true,"href":"https:\/\/fuego-international.com\/AL\/index.php?rest_route=\/wp\/v2\/media\/10533"}],"wp:attachment":[{"href":"https:\/\/fuego-international.com\/AL\/index.php?rest_route=%2Fwp%2Fv2%2Fmedia&parent=10236"}],"wp:term":[{"taxonomy":"product_brand","embeddable":true,"href":"https:\/\/fuego-international.com\/AL\/index.php?rest_route=%2Fwp%2Fv2%2Fproduct_brand&post=10236"},{"taxonomy":"product_cat","embeddable":true,"href":"https:\/\/fuego-international.com\/AL\/index.php?rest_route=%2Fwp%2Fv2%2Fproduct_cat&post=10236"},{"taxonomy":"product_tag","embeddable":true,"href":"https:\/\/fuego-international.com\/AL\/index.php?rest_route=%2Fwp%2Fv2%2Fproduct_tag&post=10236"}],"curies":[{"name":"wp","href":"https:\/\/api.w.org\/{rel}","templated":true}]}}