{"id":10196,"date":"2025-03-25T06:24:54","date_gmt":"2025-03-25T06:24:54","guid":{"rendered":"https:\/\/fuego-international.com\/AL\/produkt\/lavatrice-fuego-wmfgv70812\/"},"modified":"2025-04-04T21:14:33","modified_gmt":"2025-04-04T20:14:33","slug":"lavatrice-fuego-wmfgv70812","status":"publish","type":"product","link":"https:\/\/fuego-international.com\/AL\/?product=lavatrice-fuego-wmfgv70812","title":{"rendered":"LAVATRICE FUEGO WMFGV70812"},"content":{"rendered":"<p>LAVATRICE FUEGO WMFGV70812<\/p>\n<ul>\n<li>Kapaciteti : 7 KG<\/li>\n<li>Shpejt\u00ebsia e rrotullimit (rpm) : 800<\/li>\n<li>V\u00ebllimi i kazanit (lt): 49<\/li>\n<li>Sistemi Eko-Logjik : Po<\/li>\n<li>Mbrojtje nga shkuma : Po<\/li>\n<li>Sistemi i kontrollit t\u00eb \u00e7ekuilibruar : Po<\/li>\n<li>Mbrojtje nga tejmbushja : Po<\/li>\n<li>Sistemi i kontrollit : Elektronik\u00eb<\/li>\n<li>Sistemi i zbulimit t\u00eb defekteve : Po<\/li>\n<li>Siguria p\u00ebr f\u00ebmij\u00eb : Po<\/li>\n<li>P\u00ebrshtatja e koh\u00ebs n\u00ebp\u00ebrmjet butonit : Po<\/li>\n<li>LED : Po<\/li>\n<li>Hyrje e ujit : E ftoht\u00eb<\/li>\n<li>Lloji i bllokimit t\u00eb der\u00ebs : PTC<\/li>\n<\/ul>\n<p style=\"font-weight: bold; font-size: 20px;\">Programet<\/p>\n<ul>\n<li style=\"list-style-type: none;\">\n<ul>\n<li>Numri i programeve : 15<\/li>\n<li>Pambuk 90\u00b0 : Po<\/li>\n<li>PW pambuk : Po<\/li>\n<li>Pambuk 40 : Po<\/li>\n<li>Eko pambuku : Po<\/li>\n<li>Eco 20\u00b0 : Po<\/li>\n<li>Sintetike : Po<\/li>\n<li>Rrotullime: Po<\/li>\n<li>Ditore 60\u00b0 60 min. : Po<\/li>\n<li>Larje e shpejt\u00eb 15 min : Po<\/li>\n<li>Larje e p\u00ebrzier : Po<\/li>\n<li>Bluza : Po<\/li>\n<li>Veshje sportive : Po<\/li>\n<\/ul>\n<\/li>\n<\/ul>\n<p style=\"font-weight: bold; font-size: 20px;\">Paisjet<\/p>\n<ul>\n<li style=\"list-style-type: none;\">\n<ul>\n<li>Diametri i der\u00ebs: 44 cm<\/li>\n<li>Filter i pomp\u00ebs : Po<\/li>\n<li>Material i barabanit: \u00c7elik<\/li>\n<li>K\u00ebmb\u00eb za t\u00eb p\u00ebrshtatshme : Po<\/li>\n<\/ul>\n<\/li>\n<\/ul>\n<p style=\"font-weight: bold; font-size: 20px;\">Performanca<\/p>\n<ul>\n<li style=\"list-style-type: none;\">\n<ul>\n<li>Koh\u00ebzgjatja e programit (min) pambuk 60 \u00b0C (ngarkesa e plot\u00eb) : 250<\/li>\n<li>Koh\u00ebzgjatja e programit (min) pambuk 60 \u00b0C (ngarkesa e pjesshme): 195<\/li>\n<li>Koh\u00ebzgjatja e programit (min) pambuk 40 \u00b0C (ngarkesa e pjesshme) : 190<\/li>\n<li>Klasa e energjis\u00eb : A++<\/li>\n<\/ul>\n<\/li>\n<\/ul>\n<p style=\"font-weight: bold; font-size: 20px;\">Fuqia, konsumi, tensioni dhe niveli i zhurm\u00ebs<\/p>\n<ul>\n<li style=\"list-style-type: none;\">\n<ul>\n<li>Konsumi i ujit (L\/vit) : 10337<\/li>\n<li>Konsumi i energjis\u00eb (kWh\/vit\u00eb) : 195<\/li>\n<li>Niveli i zhurm\u00ebs (larje) (dB) : 58<\/li>\n<li>Niveli i zhurm\u00ebs (centrifuga) (dB) : 75<\/li>\n<\/ul>\n<\/li>\n<\/ul>\n<p style=\"font-weight: bold; font-size: 20px;\">Dimensionet<\/p>\n<ul>\n<li>Dimensionet e produktit (HxWxD) (cm): 84,5&#215;59,7&#215;52,7<\/li>\n<\/ul>\n","protected":false},"excerpt":{"rendered":"<p>LAVATRICE FUEGO WMFGV70812<\/p>\n<ul>\n<li>Kapaciteti : 7 KG<\/li>\n<li>Shpejt\u00ebsia e rrotullimit (rpm) : 800<\/li>\n<li>V\u00ebllimi i kazanit (lt): 49<\/li>\n<li>Sistemi Eko-Logjik : Po<\/li>\n<li>Mbrojtje nga shkuma : Po<\/li>\n<li>Sistemi i kontrollit t\u00eb \u00e7ekuilibruar : Po<\/li>\n<li>Mbrojtje nga tejmbushja : Po<\/li>\n<li>Sistemi i kontrollit : Elektronik\u00eb<\/li>\n<li>Sistemi i zbulimit t\u00eb defekteve : Po<\/li>\n<li>Siguria p\u00ebr f\u00ebmij\u00eb : Po<\/li>\n<li>P\u00ebrshtatja e koh\u00ebs n\u00ebp\u00ebrmjet butonit : Po<\/li>\n<li>LED : Po<\/li>\n<li>Hyrje e ujit : E ftoht\u00eb<\/li>\n<li>Lloji i bllokimit t\u00eb der\u00ebs : PTC<\/li>\n<\/ul>\n<p style=\"font-weight: bold; font-size: 20px;\">Programet<\/p>\n<ul>\n<li style=\"list-style-type: none;\">\n<ul>\n<li>Numri i programeve : 15<\/li>\n<li>Pambuk 90\u00b0 : Po<\/li>\n<li>PW pambuk : Po<\/li>\n<li>Pambuk 40 : Po<\/li>\n<li>Eko pambuku : Po<\/li>\n<li>Eco 20\u00b0 : Po<\/li>\n<li>Sintetike : Po<\/li>\n<li>Rrotullime: Po<\/li>\n<li>Ditore 60\u00b0 60 min. : Po<\/li>\n<li>Larje e shpejt\u00eb 15 min : Po<\/li>\n<li>Larje e p\u00ebrzier : Po<\/li>\n<li>Bluza : Po<\/li>\n<li>Veshje sportive : Po<\/li>\n<\/ul>\n<\/li>\n<\/ul>\n<p style=\"font-weight: bold; font-size: 20px;\">Paisjet<\/p>\n<ul>\n<li style=\"list-style-type: none;\">\n<ul>\n<li>Diametri i der\u00ebs: 44 cm<\/li>\n<li>Filter i pomp\u00ebs : Po<\/li>\n<li>Material i barabanit: \u00c7elik<\/li>\n<li>K\u00ebmb\u00eb za t\u00eb p\u00ebrshtatshme : Po<\/li>\n<\/ul>\n<\/li>\n<\/ul>\n<p style=\"font-weight: bold; font-size: 20px;\">Performanca<\/p>\n<ul>\n<li style=\"list-style-type: none;\">\n<ul>\n<li>Koh\u00ebzgjatja e programit (min) pambuk 60 \u00b0C (ngarkesa e plot\u00eb) : 250<\/li>\n<li>Koh\u00ebzgjatja e programit (min) pambuk 60 \u00b0C (ngarkesa e pjesshme): 195<\/li>\n<li>Koh\u00ebzgjatja e programit (min) pambuk 40 \u00b0C (ngarkesa e pjesshme) : 190<\/li>\n<li>Klasa e energjis\u00eb : A++<\/li>\n<\/ul>\n<\/li>\n<\/ul>\n<p style=\"font-weight: bold; font-size: 20px;\">Fuqia, konsumi, tensioni dhe niveli i zhurm\u00ebs<\/p>\n<ul>\n<li style=\"list-style-type: none;\">\n<ul>\n<li>Konsumi i ujit (L\/vit) : 10337<\/li>\n<li>Konsumi i energjis\u00eb (kWh\/vit\u00eb) : 195<\/li>\n<li>Niveli i zhurm\u00ebs (larje) (dB) : 58<\/li>\n<li>Niveli i zhurm\u00ebs (centrifuga) (dB) : 75<\/li>\n<\/ul>\n<\/li>\n<\/ul>\n<p style=\"font-weight: bold; font-size: 20px;\">Dimensionet<\/p>\n<ul>\n<li>Dimensionet e produktit (HxWxD) (cm): 84,5&#215;59,7&#215;52,7<\/li>\n<\/ul>\n","protected":false},"featured_media":10750,"comment_status":"closed","ping_status":"closed","template":"","meta":[],"product_brand":[],"product_cat":[206],"product_tag":[],"class_list":{"0":"post-10196","1":"product","2":"type-product","3":"status-publish","4":"has-post-thumbnail","6":"product_cat-lavatrice","8":"first","9":"instock","10":"product-type-simple"},"yoast_head":"<!-- This site is optimized with the Yoast SEO Premium plugin v24.8 (Yoast SEO v24.8.1) - https:\/\/yoast.com\/wordpress\/plugins\/seo\/ -->\n<title>LAVATRICE FUEGO WMFGV70812 - Fuego<\/title>\n<meta name=\"robots\" content=\"index, follow, max-snippet:-1, max-image-preview:large, max-video-preview:-1\" \/>\n<link rel=\"canonical\" href=\"https:\/\/fuego-international.com\/AL\/?product=lavatrice-fuego-wmfgv70812\" \/>\n<meta property=\"og:locale\" content=\"sq_AL\" \/>\n<meta property=\"og:type\" content=\"article\" \/>\n<meta property=\"og:title\" content=\"LAVATRICE FUEGO WMFGV70812\" \/>\n<meta property=\"og:description\" content=\"LAVATRICE FUEGO WMFGV70812   Kapaciteti : 7 KG  Shpejt\u00ebsia e rrotullimit (rpm) : 800  V\u00ebllimi i kazanit (lt): 49  Sistemi Eko-Logjik : Po  Mbrojtje nga shkuma : Po  Sistemi i kontrollit t\u00eb \u00e7ekuilibruar : Po  Mbrojtje nga tejmbushja : Po  Sistemi i kontrollit : Elektronik\u00eb  Sistemi i zbulimit t\u00eb defekteve : Po  Siguria p\u00ebr f\u00ebmij\u00eb : Po  P\u00ebrshtatja e koh\u00ebs n\u00ebp\u00ebrmjet butonit : Po  LED : Po  Hyrje e ujit : E ftoht\u00eb  Lloji i bllokimit t\u00eb der\u00ebs : PTC  Programet       Numri i programeve : 15  Pambuk 90\u00b0 : Po  PW pambuk : Po  Pambuk 40 : Po  Eko pambuku : Po  Eco 20\u00b0 : Po  Sintetike : Po  Rrotullime: Po  Ditore 60\u00b0 60 min. : Po  Larje e shpejt\u00eb 15 min : Po  Larje e p\u00ebrzier : Po  Bluza : Po  Veshje sportive : Po    Paisjet       Diametri i der\u00ebs: 44 cm  Filter i pomp\u00ebs : Po  Material i barabanit: \u00c7elik  K\u00ebmb\u00eb za t\u00eb p\u00ebrshtatshme : Po    Performanca       Koh\u00ebzgjatja e programit (min) pambuk 60 \u00b0C (ngarkesa e plot\u00eb) : 250  Koh\u00ebzgjatja e programit (min) pambuk 60 \u00b0C (ngarkesa e pjesshme): 195  Koh\u00ebzgjatja e programit (min) pambuk 40 \u00b0C (ngarkesa e pjesshme) : 190  Klasa e energjis\u00eb : A++    Fuqia, konsumi, tensioni dhe niveli i zhurm\u00ebs       Konsumi i ujit (L\/vit) : 10337  Konsumi i energjis\u00eb (kWh\/vit\u00eb) : 195  Niveli i zhurm\u00ebs (larje) (dB) : 58  Niveli i zhurm\u00ebs (centrifuga) (dB) : 75    Dimensionet    Dimensionet e produktit (HxWxD) (cm): 84,5x59,7x52,7\" \/>\n<meta property=\"og:url\" content=\"https:\/\/fuego-international.com\/AL\/?product=lavatrice-fuego-wmfgv70812\" \/>\n<meta property=\"og:site_name\" content=\"Fuego\" \/>\n<meta property=\"article:modified_time\" content=\"2025-04-04T20:14:33+00:00\" \/>\n<meta property=\"og:image\" content=\"https:\/\/fuego-international.com\/AL\/wp-content\/uploads\/2025\/03\/WMFGV70812-1.jpg\" \/>\n\t<meta property=\"og:image:width\" content=\"1000\" \/>\n\t<meta property=\"og:image:height\" content=\"1000\" \/>\n\t<meta property=\"og:image:type\" content=\"image\/jpeg\" \/>\n<meta name=\"twitter:card\" content=\"summary_large_image\" \/>\n<meta name=\"twitter:label1\" content=\"Est. reading time\" \/>\n\t<meta name=\"twitter:data1\" content=\"1 minut\u00eb\" \/>\n<script type=\"application\/ld+json\" class=\"yoast-schema-graph\">{\"@context\":\"https:\/\/schema.org\",\"@graph\":[{\"@type\":\"WebPage\",\"@id\":\"https:\/\/fuego-international.com\/AL\/?product=lavatrice-fuego-wmfgv70812\",\"url\":\"https:\/\/fuego-international.com\/AL\/?product=lavatrice-fuego-wmfgv70812\",\"name\":\"LAVATRICE FUEGO WMFGV70812 - Fuego\",\"isPartOf\":{\"@id\":\"https:\/\/fuego-international.com\/AL\/#website\"},\"primaryImageOfPage\":{\"@id\":\"https:\/\/fuego-international.com\/AL\/?product=lavatrice-fuego-wmfgv70812#primaryimage\"},\"image\":{\"@id\":\"https:\/\/fuego-international.com\/AL\/?product=lavatrice-fuego-wmfgv70812#primaryimage\"},\"thumbnailUrl\":\"https:\/\/fuego-international.com\/AL\/wp-content\/uploads\/2025\/03\/WMFGV70812-1.jpg\",\"datePublished\":\"2025-03-25T06:24:54+00:00\",\"dateModified\":\"2025-04-04T20:14:33+00:00\",\"breadcrumb\":{\"@id\":\"https:\/\/fuego-international.com\/AL\/?product=lavatrice-fuego-wmfgv70812#breadcrumb\"},\"inLanguage\":\"sq\",\"potentialAction\":[{\"@type\":\"ReadAction\",\"target\":[\"https:\/\/fuego-international.com\/AL\/?product=lavatrice-fuego-wmfgv70812\"]}]},{\"@type\":\"ImageObject\",\"inLanguage\":\"sq\",\"@id\":\"https:\/\/fuego-international.com\/AL\/?product=lavatrice-fuego-wmfgv70812#primaryimage\",\"url\":\"https:\/\/fuego-international.com\/AL\/wp-content\/uploads\/2025\/03\/WMFGV70812-1.jpg\",\"contentUrl\":\"https:\/\/fuego-international.com\/AL\/wp-content\/uploads\/2025\/03\/WMFGV70812-1.jpg\",\"width\":1000,\"height\":1000},{\"@type\":\"BreadcrumbList\",\"@id\":\"https:\/\/fuego-international.com\/AL\/?product=lavatrice-fuego-wmfgv70812#breadcrumb\",\"itemListElement\":[{\"@type\":\"ListItem\",\"position\":1,\"name\":\"Home\",\"item\":\"https:\/\/fuego-international.com\/AL\/\"},{\"@type\":\"ListItem\",\"position\":2,\"name\":\"Produktet\",\"item\":\"https:\/\/fuego-international.com\/AL\/?page_id=7\"},{\"@type\":\"ListItem\",\"position\":3,\"name\":\"LAVATRICE FUEGO WMFGV70812\"}]},{\"@type\":\"WebSite\",\"@id\":\"https:\/\/fuego-international.com\/AL\/#website\",\"url\":\"https:\/\/fuego-international.com\/AL\/\",\"name\":\"Fuego\",\"description\":\"\",\"potentialAction\":[{\"@type\":\"SearchAction\",\"target\":{\"@type\":\"EntryPoint\",\"urlTemplate\":\"https:\/\/fuego-international.com\/AL\/?s={search_term_string}\"},\"query-input\":{\"@type\":\"PropertyValueSpecification\",\"valueRequired\":true,\"valueName\":\"search_term_string\"}}],\"inLanguage\":\"sq\"}]}<\/script>\n<!-- \/ Yoast SEO Premium plugin. -->","yoast_head_json":{"title":"LAVATRICE FUEGO WMFGV70812 - Fuego","robots":{"index":"index","follow":"follow","max-snippet":"max-snippet:-1","max-image-preview":"max-image-preview:large","max-video-preview":"max-video-preview:-1"},"canonical":"https:\/\/fuego-international.com\/AL\/?product=lavatrice-fuego-wmfgv70812","og_locale":"sq_AL","og_type":"article","og_title":"LAVATRICE FUEGO WMFGV70812","og_description":"LAVATRICE FUEGO WMFGV70812   Kapaciteti : 7 KG  Shpejt\u00ebsia e rrotullimit (rpm) : 800  V\u00ebllimi i kazanit (lt): 49  Sistemi Eko-Logjik : Po  Mbrojtje nga shkuma : Po  Sistemi i kontrollit t\u00eb \u00e7ekuilibruar : Po  Mbrojtje nga tejmbushja : Po  Sistemi i kontrollit : Elektronik\u00eb  Sistemi i zbulimit t\u00eb defekteve : Po  Siguria p\u00ebr f\u00ebmij\u00eb : Po  P\u00ebrshtatja e koh\u00ebs n\u00ebp\u00ebrmjet butonit : Po  LED : Po  Hyrje e ujit : E ftoht\u00eb  Lloji i bllokimit t\u00eb der\u00ebs : PTC  Programet       Numri i programeve : 15  Pambuk 90\u00b0 : Po  PW pambuk : Po  Pambuk 40 : Po  Eko pambuku : Po  Eco 20\u00b0 : Po  Sintetike : Po  Rrotullime: Po  Ditore 60\u00b0 60 min. : Po  Larje e shpejt\u00eb 15 min : Po  Larje e p\u00ebrzier : Po  Bluza : Po  Veshje sportive : Po    Paisjet       Diametri i der\u00ebs: 44 cm  Filter i pomp\u00ebs : Po  Material i barabanit: \u00c7elik  K\u00ebmb\u00eb za t\u00eb p\u00ebrshtatshme : Po    Performanca       Koh\u00ebzgjatja e programit (min) pambuk 60 \u00b0C (ngarkesa e plot\u00eb) : 250  Koh\u00ebzgjatja e programit (min) pambuk 60 \u00b0C (ngarkesa e pjesshme): 195  Koh\u00ebzgjatja e programit (min) pambuk 40 \u00b0C (ngarkesa e pjesshme) : 190  Klasa e energjis\u00eb : A++    Fuqia, konsumi, tensioni dhe niveli i zhurm\u00ebs       Konsumi i ujit (L\/vit) : 10337  Konsumi i energjis\u00eb (kWh\/vit\u00eb) : 195  Niveli i zhurm\u00ebs (larje) (dB) : 58  Niveli i zhurm\u00ebs (centrifuga) (dB) : 75    Dimensionet    Dimensionet e produktit (HxWxD) (cm): 84,5x59,7x52,7","og_url":"https:\/\/fuego-international.com\/AL\/?product=lavatrice-fuego-wmfgv70812","og_site_name":"Fuego","article_modified_time":"2025-04-04T20:14:33+00:00","og_image":[{"width":1000,"height":1000,"url":"https:\/\/fuego-international.com\/AL\/wp-content\/uploads\/2025\/03\/WMFGV70812-1.jpg","type":"image\/jpeg"}],"twitter_card":"summary_large_image","twitter_misc":{"Est. reading time":"1 minut\u00eb"},"schema":{"@context":"https:\/\/schema.org","@graph":[{"@type":"WebPage","@id":"https:\/\/fuego-international.com\/AL\/?product=lavatrice-fuego-wmfgv70812","url":"https:\/\/fuego-international.com\/AL\/?product=lavatrice-fuego-wmfgv70812","name":"LAVATRICE FUEGO WMFGV70812 - Fuego","isPartOf":{"@id":"https:\/\/fuego-international.com\/AL\/#website"},"primaryImageOfPage":{"@id":"https:\/\/fuego-international.com\/AL\/?product=lavatrice-fuego-wmfgv70812#primaryimage"},"image":{"@id":"https:\/\/fuego-international.com\/AL\/?product=lavatrice-fuego-wmfgv70812#primaryimage"},"thumbnailUrl":"https:\/\/fuego-international.com\/AL\/wp-content\/uploads\/2025\/03\/WMFGV70812-1.jpg","datePublished":"2025-03-25T06:24:54+00:00","dateModified":"2025-04-04T20:14:33+00:00","breadcrumb":{"@id":"https:\/\/fuego-international.com\/AL\/?product=lavatrice-fuego-wmfgv70812#breadcrumb"},"inLanguage":"sq","potentialAction":[{"@type":"ReadAction","target":["https:\/\/fuego-international.com\/AL\/?product=lavatrice-fuego-wmfgv70812"]}]},{"@type":"ImageObject","inLanguage":"sq","@id":"https:\/\/fuego-international.com\/AL\/?product=lavatrice-fuego-wmfgv70812#primaryimage","url":"https:\/\/fuego-international.com\/AL\/wp-content\/uploads\/2025\/03\/WMFGV70812-1.jpg","contentUrl":"https:\/\/fuego-international.com\/AL\/wp-content\/uploads\/2025\/03\/WMFGV70812-1.jpg","width":1000,"height":1000},{"@type":"BreadcrumbList","@id":"https:\/\/fuego-international.com\/AL\/?product=lavatrice-fuego-wmfgv70812#breadcrumb","itemListElement":[{"@type":"ListItem","position":1,"name":"Home","item":"https:\/\/fuego-international.com\/AL\/"},{"@type":"ListItem","position":2,"name":"Produktet","item":"https:\/\/fuego-international.com\/AL\/?page_id=7"},{"@type":"ListItem","position":3,"name":"LAVATRICE FUEGO WMFGV70812"}]},{"@type":"WebSite","@id":"https:\/\/fuego-international.com\/AL\/#website","url":"https:\/\/fuego-international.com\/AL\/","name":"Fuego","description":"","potentialAction":[{"@type":"SearchAction","target":{"@type":"EntryPoint","urlTemplate":"https:\/\/fuego-international.com\/AL\/?s={search_term_string}"},"query-input":{"@type":"PropertyValueSpecification","valueRequired":true,"valueName":"search_term_string"}}],"inLanguage":"sq"}]}},"_links":{"self":[{"href":"https:\/\/fuego-international.com\/AL\/index.php?rest_route=\/wp\/v2\/product\/10196","targetHints":{"allow":["GET"]}}],"collection":[{"href":"https:\/\/fuego-international.com\/AL\/index.php?rest_route=\/wp\/v2\/product"}],"about":[{"href":"https:\/\/fuego-international.com\/AL\/index.php?rest_route=\/wp\/v2\/types\/product"}],"replies":[{"embeddable":true,"href":"https:\/\/fuego-international.com\/AL\/index.php?rest_route=%2Fwp%2Fv2%2Fcomments&post=10196"}],"wp:featuredmedia":[{"embeddable":true,"href":"https:\/\/fuego-international.com\/AL\/index.php?rest_route=\/wp\/v2\/media\/10750"}],"wp:attachment":[{"href":"https:\/\/fuego-international.com\/AL\/index.php?rest_route=%2Fwp%2Fv2%2Fmedia&parent=10196"}],"wp:term":[{"taxonomy":"product_brand","embeddable":true,"href":"https:\/\/fuego-international.com\/AL\/index.php?rest_route=%2Fwp%2Fv2%2Fproduct_brand&post=10196"},{"taxonomy":"product_cat","embeddable":true,"href":"https:\/\/fuego-international.com\/AL\/index.php?rest_route=%2Fwp%2Fv2%2Fproduct_cat&post=10196"},{"taxonomy":"product_tag","embeddable":true,"href":"https:\/\/fuego-international.com\/AL\/index.php?rest_route=%2Fwp%2Fv2%2Fproduct_tag&post=10196"}],"curies":[{"name":"wp","href":"https:\/\/api.w.org\/{rel}","templated":true}]}}