{"id":10180,"date":"2025-03-25T06:24:41","date_gmt":"2025-03-25T06:24:41","guid":{"rendered":"https:\/\/fuego-international.com\/AL\/produkt\/shtrydhese-agrumesh-fuego-je-601d\/"},"modified":"2025-04-04T21:45:46","modified_gmt":"2025-04-04T20:45:46","slug":"shtrydhese-agrumesh-fuego-je-601d","status":"publish","type":"product","link":"https:\/\/fuego-international.com\/AL\/?product=shtrydhese-agrumesh-fuego-je-601d","title":{"rendered":"SHTRYDHESE AGRUMESH FUEGO JE-601D"},"content":{"rendered":"<p>SHTRYDHESE AGRUMESH FUEGO JE-601D<\/p>\n","protected":false},"excerpt":{"rendered":"<ul>\n<li>Nivelet e fuqis\u00eb: 1<\/li>\n<li>Ngjyra: E bardh\u00eb \/ Jeshile<\/li>\n<li>Garancia normale: 12 muaj<\/li>\n<li>Ean Code: 2074141809233<\/li>\n<li>Marka: FUEGO<\/li>\n<li>Shtrydh\u00ebse p\u00ebr kok\u00ebrr t\u00eb plot\u00eb t\u00eb frut\u00ebs: Jo<\/li>\n<li>Fuqia shtrydh\u00ebse (Watt): 25<\/li>\n<li>Kapaciteti i kontejnerit t\u00eb tulit t\u00eb frut\u00ebs: Jo<\/li>\n<li>Gote shtes\u00eb p\u00ebr l\u00ebngun: Jo<\/li>\n<li>Kapaciteti i got\u00ebs s\u00eb l\u00ebngut: 0.7 L<\/li>\n<li>Pjes\u00ebt mund t\u00eb lahen n\u00eb lavastovilje: Po<\/li>\n<\/ul>\n","protected":false},"featured_media":10804,"comment_status":"closed","ping_status":"closed","template":"","meta":[],"product_brand":[],"product_cat":[214],"product_tag":[],"class_list":{"0":"post-10180","1":"product","2":"type-product","3":"status-publish","4":"has-post-thumbnail","6":"product_cat-shtrydhese","8":"first","9":"instock","10":"product-type-simple"},"yoast_head":"<!-- This site is optimized with the Yoast SEO Premium plugin v24.8 (Yoast SEO v24.8.1) - https:\/\/yoast.com\/wordpress\/plugins\/seo\/ -->\n<title>SHTRYDHESE AGRUMESH FUEGO JE-601D - Fuego<\/title>\n<meta name=\"robots\" content=\"index, follow, max-snippet:-1, max-image-preview:large, max-video-preview:-1\" \/>\n<link rel=\"canonical\" href=\"https:\/\/fuego-international.com\/AL\/?product=shtrydhese-agrumesh-fuego-je-601d\" \/>\n<meta property=\"og:locale\" content=\"sq_AL\" \/>\n<meta property=\"og:type\" content=\"article\" \/>\n<meta property=\"og:title\" content=\"SHTRYDHESE AGRUMESH FUEGO JE-601D\" \/>\n<meta property=\"og:description\" content=\"Nivelet e fuqis\u00eb: 1  Ngjyra: E bardh\u00eb \/ Jeshile  Garancia normale: 12 muaj  Ean Code: 2074141809233  Marka: FUEGO  Shtrydh\u00ebse p\u00ebr kok\u00ebrr t\u00eb plot\u00eb t\u00eb frut\u00ebs: Jo  Fuqia shtrydh\u00ebse (Watt): 25  Kapaciteti i kontejnerit t\u00eb tulit t\u00eb frut\u00ebs: Jo  Gote shtes\u00eb p\u00ebr l\u00ebngun: Jo  Kapaciteti i got\u00ebs s\u00eb l\u00ebngut: 0.7 L  Pjes\u00ebt mund t\u00eb lahen n\u00eb lavastovilje: Po\" \/>\n<meta property=\"og:url\" content=\"https:\/\/fuego-international.com\/AL\/?product=shtrydhese-agrumesh-fuego-je-601d\" \/>\n<meta property=\"og:site_name\" content=\"Fuego\" \/>\n<meta property=\"article:modified_time\" content=\"2025-04-04T20:45:46+00:00\" \/>\n<meta property=\"og:image\" content=\"https:\/\/fuego-international.com\/AL\/wp-content\/uploads\/2025\/03\/JE-601D.jpg\" \/>\n\t<meta property=\"og:image:width\" content=\"1000\" \/>\n\t<meta property=\"og:image:height\" content=\"1000\" \/>\n\t<meta property=\"og:image:type\" content=\"image\/jpeg\" \/>\n<meta name=\"twitter:card\" content=\"summary_large_image\" \/>\n<script type=\"application\/ld+json\" class=\"yoast-schema-graph\">{\"@context\":\"https:\/\/schema.org\",\"@graph\":[{\"@type\":\"WebPage\",\"@id\":\"https:\/\/fuego-international.com\/AL\/?product=shtrydhese-agrumesh-fuego-je-601d\",\"url\":\"https:\/\/fuego-international.com\/AL\/?product=shtrydhese-agrumesh-fuego-je-601d\",\"name\":\"SHTRYDHESE AGRUMESH FUEGO JE-601D - Fuego\",\"isPartOf\":{\"@id\":\"https:\/\/fuego-international.com\/AL\/#website\"},\"primaryImageOfPage\":{\"@id\":\"https:\/\/fuego-international.com\/AL\/?product=shtrydhese-agrumesh-fuego-je-601d#primaryimage\"},\"image\":{\"@id\":\"https:\/\/fuego-international.com\/AL\/?product=shtrydhese-agrumesh-fuego-je-601d#primaryimage\"},\"thumbnailUrl\":\"https:\/\/fuego-international.com\/AL\/wp-content\/uploads\/2025\/03\/JE-601D.jpg\",\"datePublished\":\"2025-03-25T06:24:41+00:00\",\"dateModified\":\"2025-04-04T20:45:46+00:00\",\"breadcrumb\":{\"@id\":\"https:\/\/fuego-international.com\/AL\/?product=shtrydhese-agrumesh-fuego-je-601d#breadcrumb\"},\"inLanguage\":\"sq\",\"potentialAction\":[{\"@type\":\"ReadAction\",\"target\":[\"https:\/\/fuego-international.com\/AL\/?product=shtrydhese-agrumesh-fuego-je-601d\"]}]},{\"@type\":\"ImageObject\",\"inLanguage\":\"sq\",\"@id\":\"https:\/\/fuego-international.com\/AL\/?product=shtrydhese-agrumesh-fuego-je-601d#primaryimage\",\"url\":\"https:\/\/fuego-international.com\/AL\/wp-content\/uploads\/2025\/03\/JE-601D.jpg\",\"contentUrl\":\"https:\/\/fuego-international.com\/AL\/wp-content\/uploads\/2025\/03\/JE-601D.jpg\",\"width\":1000,\"height\":1000},{\"@type\":\"BreadcrumbList\",\"@id\":\"https:\/\/fuego-international.com\/AL\/?product=shtrydhese-agrumesh-fuego-je-601d#breadcrumb\",\"itemListElement\":[{\"@type\":\"ListItem\",\"position\":1,\"name\":\"Home\",\"item\":\"https:\/\/fuego-international.com\/AL\/\"},{\"@type\":\"ListItem\",\"position\":2,\"name\":\"Produktet\",\"item\":\"https:\/\/fuego-international.com\/AL\/?page_id=7\"},{\"@type\":\"ListItem\",\"position\":3,\"name\":\"SHTRYDHESE AGRUMESH FUEGO JE-601D\"}]},{\"@type\":\"WebSite\",\"@id\":\"https:\/\/fuego-international.com\/AL\/#website\",\"url\":\"https:\/\/fuego-international.com\/AL\/\",\"name\":\"Fuego\",\"description\":\"\",\"potentialAction\":[{\"@type\":\"SearchAction\",\"target\":{\"@type\":\"EntryPoint\",\"urlTemplate\":\"https:\/\/fuego-international.com\/AL\/?s={search_term_string}\"},\"query-input\":{\"@type\":\"PropertyValueSpecification\",\"valueRequired\":true,\"valueName\":\"search_term_string\"}}],\"inLanguage\":\"sq\"}]}<\/script>\n<!-- \/ Yoast SEO Premium plugin. -->","yoast_head_json":{"title":"SHTRYDHESE AGRUMESH FUEGO JE-601D - Fuego","robots":{"index":"index","follow":"follow","max-snippet":"max-snippet:-1","max-image-preview":"max-image-preview:large","max-video-preview":"max-video-preview:-1"},"canonical":"https:\/\/fuego-international.com\/AL\/?product=shtrydhese-agrumesh-fuego-je-601d","og_locale":"sq_AL","og_type":"article","og_title":"SHTRYDHESE AGRUMESH FUEGO JE-601D","og_description":"Nivelet e fuqis\u00eb: 1  Ngjyra: E bardh\u00eb \/ Jeshile  Garancia normale: 12 muaj  Ean Code: 2074141809233  Marka: FUEGO  Shtrydh\u00ebse p\u00ebr kok\u00ebrr t\u00eb plot\u00eb t\u00eb frut\u00ebs: Jo  Fuqia shtrydh\u00ebse (Watt): 25  Kapaciteti i kontejnerit t\u00eb tulit t\u00eb frut\u00ebs: Jo  Gote shtes\u00eb p\u00ebr l\u00ebngun: Jo  Kapaciteti i got\u00ebs s\u00eb l\u00ebngut: 0.7 L  Pjes\u00ebt mund t\u00eb lahen n\u00eb lavastovilje: Po","og_url":"https:\/\/fuego-international.com\/AL\/?product=shtrydhese-agrumesh-fuego-je-601d","og_site_name":"Fuego","article_modified_time":"2025-04-04T20:45:46+00:00","og_image":[{"width":1000,"height":1000,"url":"https:\/\/fuego-international.com\/AL\/wp-content\/uploads\/2025\/03\/JE-601D.jpg","type":"image\/jpeg"}],"twitter_card":"summary_large_image","schema":{"@context":"https:\/\/schema.org","@graph":[{"@type":"WebPage","@id":"https:\/\/fuego-international.com\/AL\/?product=shtrydhese-agrumesh-fuego-je-601d","url":"https:\/\/fuego-international.com\/AL\/?product=shtrydhese-agrumesh-fuego-je-601d","name":"SHTRYDHESE AGRUMESH FUEGO JE-601D - Fuego","isPartOf":{"@id":"https:\/\/fuego-international.com\/AL\/#website"},"primaryImageOfPage":{"@id":"https:\/\/fuego-international.com\/AL\/?product=shtrydhese-agrumesh-fuego-je-601d#primaryimage"},"image":{"@id":"https:\/\/fuego-international.com\/AL\/?product=shtrydhese-agrumesh-fuego-je-601d#primaryimage"},"thumbnailUrl":"https:\/\/fuego-international.com\/AL\/wp-content\/uploads\/2025\/03\/JE-601D.jpg","datePublished":"2025-03-25T06:24:41+00:00","dateModified":"2025-04-04T20:45:46+00:00","breadcrumb":{"@id":"https:\/\/fuego-international.com\/AL\/?product=shtrydhese-agrumesh-fuego-je-601d#breadcrumb"},"inLanguage":"sq","potentialAction":[{"@type":"ReadAction","target":["https:\/\/fuego-international.com\/AL\/?product=shtrydhese-agrumesh-fuego-je-601d"]}]},{"@type":"ImageObject","inLanguage":"sq","@id":"https:\/\/fuego-international.com\/AL\/?product=shtrydhese-agrumesh-fuego-je-601d#primaryimage","url":"https:\/\/fuego-international.com\/AL\/wp-content\/uploads\/2025\/03\/JE-601D.jpg","contentUrl":"https:\/\/fuego-international.com\/AL\/wp-content\/uploads\/2025\/03\/JE-601D.jpg","width":1000,"height":1000},{"@type":"BreadcrumbList","@id":"https:\/\/fuego-international.com\/AL\/?product=shtrydhese-agrumesh-fuego-je-601d#breadcrumb","itemListElement":[{"@type":"ListItem","position":1,"name":"Home","item":"https:\/\/fuego-international.com\/AL\/"},{"@type":"ListItem","position":2,"name":"Produktet","item":"https:\/\/fuego-international.com\/AL\/?page_id=7"},{"@type":"ListItem","position":3,"name":"SHTRYDHESE AGRUMESH FUEGO JE-601D"}]},{"@type":"WebSite","@id":"https:\/\/fuego-international.com\/AL\/#website","url":"https:\/\/fuego-international.com\/AL\/","name":"Fuego","description":"","potentialAction":[{"@type":"SearchAction","target":{"@type":"EntryPoint","urlTemplate":"https:\/\/fuego-international.com\/AL\/?s={search_term_string}"},"query-input":{"@type":"PropertyValueSpecification","valueRequired":true,"valueName":"search_term_string"}}],"inLanguage":"sq"}]}},"_links":{"self":[{"href":"https:\/\/fuego-international.com\/AL\/index.php?rest_route=\/wp\/v2\/product\/10180","targetHints":{"allow":["GET"]}}],"collection":[{"href":"https:\/\/fuego-international.com\/AL\/index.php?rest_route=\/wp\/v2\/product"}],"about":[{"href":"https:\/\/fuego-international.com\/AL\/index.php?rest_route=\/wp\/v2\/types\/product"}],"replies":[{"embeddable":true,"href":"https:\/\/fuego-international.com\/AL\/index.php?rest_route=%2Fwp%2Fv2%2Fcomments&post=10180"}],"wp:featuredmedia":[{"embeddable":true,"href":"https:\/\/fuego-international.com\/AL\/index.php?rest_route=\/wp\/v2\/media\/10804"}],"wp:attachment":[{"href":"https:\/\/fuego-international.com\/AL\/index.php?rest_route=%2Fwp%2Fv2%2Fmedia&parent=10180"}],"wp:term":[{"taxonomy":"product_brand","embeddable":true,"href":"https:\/\/fuego-international.com\/AL\/index.php?rest_route=%2Fwp%2Fv2%2Fproduct_brand&post=10180"},{"taxonomy":"product_cat","embeddable":true,"href":"https:\/\/fuego-international.com\/AL\/index.php?rest_route=%2Fwp%2Fv2%2Fproduct_cat&post=10180"},{"taxonomy":"product_tag","embeddable":true,"href":"https:\/\/fuego-international.com\/AL\/index.php?rest_route=%2Fwp%2Fv2%2Fproduct_tag&post=10180"}],"curies":[{"name":"wp","href":"https:\/\/api.w.org\/{rel}","templated":true}]}}