{"id":10164,"date":"2025-03-25T06:24:41","date_gmt":"2025-03-25T06:24:41","guid":{"rendered":"https:\/\/fuego-international.com\/AL\/produkt\/mikrovale-fuego-mm720cr6-s\/"},"modified":"2025-04-04T22:19:43","modified_gmt":"2025-04-04T21:19:43","slug":"mikrovale-fuego-mm720cr6-s","status":"publish","type":"product","link":"https:\/\/fuego-international.com\/AL\/?product=mikrovale-fuego-mm720cr6-s","title":{"rendered":"MIKROVALE FUEGO MM720CR6 S"},"content":{"rendered":"<p>Mikrovala FUEGO \u00ebsht\u00eb nj\u00eb pajisje efektive dhe praktike p\u00ebr gatim dhe ngrohje t\u00eb shpejt\u00eb. Kjo mikroval\u00eb ofron mund\u00ebsin\u00eb p\u00ebr ngrohje t\u00eb thjeshta dhe gatim me gril\u00eb. Me nj\u00eb kapacitet prej 20 litra, ajo p\u00ebrshtatet p\u00ebr shumic\u00ebn e nevojave t\u00eb p\u00ebrdoruesve n\u00eb kuzhin\u00eb.<\/p>\n<p>Komandimi i k\u00ebsaj mikroval\u00ebje \u00ebsht\u00eb i realizuar me nj\u00eb sistem mekanik, duke e b\u00ebr\u00eb shfryt\u00ebzimin e saj t\u00eb leht\u00eb dhe t\u00eb kuptuesh\u00ebm. Me nj\u00eb madh\u00ebsi t\u00eb p\u00ebrshtatshme t\u00eb pjat\u00ebs prej 25.5 cm, ajo siguron hap\u00ebsir\u00eb \u200b\u200bt\u00eb mjaftueshme p\u00ebr vendosjen e en\u00ebve t\u00eb ndrysh\u00ebm.<\/p>\n<p>P\u00ebr sa i p\u00ebrket fuqis\u00eb, mikrovala FUEGO ofron nj\u00eb fuqi t\u00eb mikroval\u00ebs prej 700 Watt, duke siguruar gatim t\u00eb shpejt\u00eb dhe efikas. Megjithat\u00eb, fuqia e gril\u00ebs dhe nivelet e fuqis\u00eb nuk jan\u00eb specifikuar.<\/p>\n<p>P\u00ebr t\u00eb p\u00ebrshtatur me dizajnin e kuzhin\u00ebs suaj, kjo mikroval\u00eb vjen n\u00eb ngjyr\u00ebn inox, duke shtuar nj\u00eb prekje moderne dhe elegante. Ajo mund t\u00eb vendoset leht\u00ebsisht n\u00eb qend\u00ebr t\u00eb tavolin\u00ebs ose vendoset n\u00eb \u00e7do hap\u00ebsir\u00eb \u200b\u200bme vendosjen e lir\u00eb.<\/p>\n<p>Dimensionet e k\u00ebsaj mikroval\u00ebje jan\u00eb 43.9 cm n\u00eb gjat\u00ebsi, 25.8 cm n\u00eb gj\u00ebr\u00ebsi, dhe 35.7 cm n\u00eb lart\u00ebsi, duke e b\u00ebr\u00eb at\u00eb nj\u00eb zgjedhje t\u00eb p\u00ebrshtatshme p\u00ebr hap\u00ebsirat e kufizuara n\u00eb kuzhin\u00eb. Kjo mikroval\u00eb \u00ebsht\u00eb nj\u00eb zgjedhje e mir\u00eb p\u00ebr ata q\u00eb k\u00ebrkojn\u00eb nj\u00eb pajisje t\u00eb thjesht\u00eb, por funksionale p\u00ebr gatim dhe ngrohje.<\/p>\n","protected":false},"excerpt":{"rendered":"<ul>\n<li>Marka: FUEGO<\/li>\n<li>Funksionimi: Ngrohje \/ Grile<\/li>\n<li>Komandimi: Mekanik<\/li>\n<li>Kapaciteti (L): 20 L<\/li>\n<li>Madh\u00ebsia e pjat\u00ebs (cm): 25.5 cm<\/li>\n<li>Nivelet e fuqis\u00eb: &#8211;<\/li>\n<li>Fuqia e mikroval\u00ebs (Watt): 700<\/li>\n<li>Fuqia e gril\u00ebs (Watt): &#8211;<\/li>\n<li>Koha maksimale e gatimit (min): &#8211;<\/li>\n<li>Ngjyra: Inox<\/li>\n<li>Vendosja: Qendrim i lir\u00eb<\/li>\n<li>Dimensions (Gj x L x Th) (cm): 43.9 x 25.8 x 35.7<\/li>\n<li>Garancia normale: 12 muaj<\/li>\n<li>Ean Code:<\/li>\n<li>Garanci Shtes\u00eb: GA0038 &#8211; 2990 LEK<\/li>\n<\/ul>\n","protected":false},"featured_media":10871,"comment_status":"closed","ping_status":"closed","template":"","meta":[],"product_brand":[],"product_cat":[224],"product_tag":[],"class_list":{"0":"post-10164","1":"product","2":"type-product","3":"status-publish","4":"has-post-thumbnail","6":"product_cat-mikrovale","8":"first","9":"instock","10":"product-type-simple"},"yoast_head":"<!-- This site is optimized with the Yoast SEO Premium plugin v24.8 (Yoast SEO v24.8.1) - https:\/\/yoast.com\/wordpress\/plugins\/seo\/ -->\n<title>MIKROVALE FUEGO MM720CR6 S - Fuego<\/title>\n<meta name=\"robots\" content=\"index, follow, max-snippet:-1, max-image-preview:large, max-video-preview:-1\" \/>\n<link rel=\"canonical\" href=\"https:\/\/fuego-international.com\/AL\/?product=mikrovale-fuego-mm720cr6-s\" \/>\n<meta property=\"og:locale\" content=\"sq_AL\" \/>\n<meta property=\"og:type\" content=\"article\" \/>\n<meta property=\"og:title\" content=\"MIKROVALE FUEGO MM720CR6 S\" \/>\n<meta property=\"og:description\" content=\"Marka: FUEGO  Funksionimi: Ngrohje \/ Grile  Komandimi: Mekanik  Kapaciteti (L): 20 L  Madh\u00ebsia e pjat\u00ebs (cm): 25.5 cm  Nivelet e fuqis\u00eb: -  Fuqia e mikroval\u00ebs (Watt): 700  Fuqia e gril\u00ebs (Watt): -  Koha maksimale e gatimit (min): -  Ngjyra: Inox  Vendosja: Qendrim i lir\u00eb  Dimensions (Gj x L x Th) (cm): 43.9 x 25.8 x 35.7  Garancia normale: 12 muaj  Ean Code:  Garanci Shtes\u00eb: GA0038 - 2990 LEK\" \/>\n<meta property=\"og:url\" content=\"https:\/\/fuego-international.com\/AL\/?product=mikrovale-fuego-mm720cr6-s\" \/>\n<meta property=\"og:site_name\" content=\"Fuego\" \/>\n<meta property=\"article:modified_time\" content=\"2025-04-04T21:19:43+00:00\" \/>\n<meta property=\"og:image\" content=\"https:\/\/fuego-international.com\/AL\/wp-content\/uploads\/2025\/03\/MM720CR6S.jpg\" \/>\n\t<meta property=\"og:image:width\" content=\"1000\" \/>\n\t<meta property=\"og:image:height\" content=\"1000\" \/>\n\t<meta property=\"og:image:type\" content=\"image\/jpeg\" \/>\n<meta name=\"twitter:card\" content=\"summary_large_image\" \/>\n<meta name=\"twitter:label1\" content=\"Est. reading time\" \/>\n\t<meta name=\"twitter:data1\" content=\"1 minut\u00eb\" \/>\n<script type=\"application\/ld+json\" class=\"yoast-schema-graph\">{\"@context\":\"https:\/\/schema.org\",\"@graph\":[{\"@type\":\"WebPage\",\"@id\":\"https:\/\/fuego-international.com\/AL\/?product=mikrovale-fuego-mm720cr6-s\",\"url\":\"https:\/\/fuego-international.com\/AL\/?product=mikrovale-fuego-mm720cr6-s\",\"name\":\"MIKROVALE FUEGO MM720CR6 S - Fuego\",\"isPartOf\":{\"@id\":\"https:\/\/fuego-international.com\/AL\/#website\"},\"primaryImageOfPage\":{\"@id\":\"https:\/\/fuego-international.com\/AL\/?product=mikrovale-fuego-mm720cr6-s#primaryimage\"},\"image\":{\"@id\":\"https:\/\/fuego-international.com\/AL\/?product=mikrovale-fuego-mm720cr6-s#primaryimage\"},\"thumbnailUrl\":\"https:\/\/fuego-international.com\/AL\/wp-content\/uploads\/2025\/03\/MM720CR6S.jpg\",\"datePublished\":\"2025-03-25T06:24:41+00:00\",\"dateModified\":\"2025-04-04T21:19:43+00:00\",\"breadcrumb\":{\"@id\":\"https:\/\/fuego-international.com\/AL\/?product=mikrovale-fuego-mm720cr6-s#breadcrumb\"},\"inLanguage\":\"sq\",\"potentialAction\":[{\"@type\":\"ReadAction\",\"target\":[\"https:\/\/fuego-international.com\/AL\/?product=mikrovale-fuego-mm720cr6-s\"]}]},{\"@type\":\"ImageObject\",\"inLanguage\":\"sq\",\"@id\":\"https:\/\/fuego-international.com\/AL\/?product=mikrovale-fuego-mm720cr6-s#primaryimage\",\"url\":\"https:\/\/fuego-international.com\/AL\/wp-content\/uploads\/2025\/03\/MM720CR6S.jpg\",\"contentUrl\":\"https:\/\/fuego-international.com\/AL\/wp-content\/uploads\/2025\/03\/MM720CR6S.jpg\",\"width\":1000,\"height\":1000},{\"@type\":\"BreadcrumbList\",\"@id\":\"https:\/\/fuego-international.com\/AL\/?product=mikrovale-fuego-mm720cr6-s#breadcrumb\",\"itemListElement\":[{\"@type\":\"ListItem\",\"position\":1,\"name\":\"Home\",\"item\":\"https:\/\/fuego-international.com\/AL\/\"},{\"@type\":\"ListItem\",\"position\":2,\"name\":\"Produktet\",\"item\":\"https:\/\/fuego-international.com\/AL\/?page_id=7\"},{\"@type\":\"ListItem\",\"position\":3,\"name\":\"MIKROVALE FUEGO MM720CR6 S\"}]},{\"@type\":\"WebSite\",\"@id\":\"https:\/\/fuego-international.com\/AL\/#website\",\"url\":\"https:\/\/fuego-international.com\/AL\/\",\"name\":\"Fuego\",\"description\":\"\",\"potentialAction\":[{\"@type\":\"SearchAction\",\"target\":{\"@type\":\"EntryPoint\",\"urlTemplate\":\"https:\/\/fuego-international.com\/AL\/?s={search_term_string}\"},\"query-input\":{\"@type\":\"PropertyValueSpecification\",\"valueRequired\":true,\"valueName\":\"search_term_string\"}}],\"inLanguage\":\"sq\"}]}<\/script>\n<!-- \/ Yoast SEO Premium plugin. -->","yoast_head_json":{"title":"MIKROVALE FUEGO MM720CR6 S - Fuego","robots":{"index":"index","follow":"follow","max-snippet":"max-snippet:-1","max-image-preview":"max-image-preview:large","max-video-preview":"max-video-preview:-1"},"canonical":"https:\/\/fuego-international.com\/AL\/?product=mikrovale-fuego-mm720cr6-s","og_locale":"sq_AL","og_type":"article","og_title":"MIKROVALE FUEGO MM720CR6 S","og_description":"Marka: FUEGO  Funksionimi: Ngrohje \/ Grile  Komandimi: Mekanik  Kapaciteti (L): 20 L  Madh\u00ebsia e pjat\u00ebs (cm): 25.5 cm  Nivelet e fuqis\u00eb: -  Fuqia e mikroval\u00ebs (Watt): 700  Fuqia e gril\u00ebs (Watt): -  Koha maksimale e gatimit (min): -  Ngjyra: Inox  Vendosja: Qendrim i lir\u00eb  Dimensions (Gj x L x Th) (cm): 43.9 x 25.8 x 35.7  Garancia normale: 12 muaj  Ean Code:  Garanci Shtes\u00eb: GA0038 - 2990 LEK","og_url":"https:\/\/fuego-international.com\/AL\/?product=mikrovale-fuego-mm720cr6-s","og_site_name":"Fuego","article_modified_time":"2025-04-04T21:19:43+00:00","og_image":[{"width":1000,"height":1000,"url":"https:\/\/fuego-international.com\/AL\/wp-content\/uploads\/2025\/03\/MM720CR6S.jpg","type":"image\/jpeg"}],"twitter_card":"summary_large_image","twitter_misc":{"Est. reading time":"1 minut\u00eb"},"schema":{"@context":"https:\/\/schema.org","@graph":[{"@type":"WebPage","@id":"https:\/\/fuego-international.com\/AL\/?product=mikrovale-fuego-mm720cr6-s","url":"https:\/\/fuego-international.com\/AL\/?product=mikrovale-fuego-mm720cr6-s","name":"MIKROVALE FUEGO MM720CR6 S - Fuego","isPartOf":{"@id":"https:\/\/fuego-international.com\/AL\/#website"},"primaryImageOfPage":{"@id":"https:\/\/fuego-international.com\/AL\/?product=mikrovale-fuego-mm720cr6-s#primaryimage"},"image":{"@id":"https:\/\/fuego-international.com\/AL\/?product=mikrovale-fuego-mm720cr6-s#primaryimage"},"thumbnailUrl":"https:\/\/fuego-international.com\/AL\/wp-content\/uploads\/2025\/03\/MM720CR6S.jpg","datePublished":"2025-03-25T06:24:41+00:00","dateModified":"2025-04-04T21:19:43+00:00","breadcrumb":{"@id":"https:\/\/fuego-international.com\/AL\/?product=mikrovale-fuego-mm720cr6-s#breadcrumb"},"inLanguage":"sq","potentialAction":[{"@type":"ReadAction","target":["https:\/\/fuego-international.com\/AL\/?product=mikrovale-fuego-mm720cr6-s"]}]},{"@type":"ImageObject","inLanguage":"sq","@id":"https:\/\/fuego-international.com\/AL\/?product=mikrovale-fuego-mm720cr6-s#primaryimage","url":"https:\/\/fuego-international.com\/AL\/wp-content\/uploads\/2025\/03\/MM720CR6S.jpg","contentUrl":"https:\/\/fuego-international.com\/AL\/wp-content\/uploads\/2025\/03\/MM720CR6S.jpg","width":1000,"height":1000},{"@type":"BreadcrumbList","@id":"https:\/\/fuego-international.com\/AL\/?product=mikrovale-fuego-mm720cr6-s#breadcrumb","itemListElement":[{"@type":"ListItem","position":1,"name":"Home","item":"https:\/\/fuego-international.com\/AL\/"},{"@type":"ListItem","position":2,"name":"Produktet","item":"https:\/\/fuego-international.com\/AL\/?page_id=7"},{"@type":"ListItem","position":3,"name":"MIKROVALE FUEGO MM720CR6 S"}]},{"@type":"WebSite","@id":"https:\/\/fuego-international.com\/AL\/#website","url":"https:\/\/fuego-international.com\/AL\/","name":"Fuego","description":"","potentialAction":[{"@type":"SearchAction","target":{"@type":"EntryPoint","urlTemplate":"https:\/\/fuego-international.com\/AL\/?s={search_term_string}"},"query-input":{"@type":"PropertyValueSpecification","valueRequired":true,"valueName":"search_term_string"}}],"inLanguage":"sq"}]}},"_links":{"self":[{"href":"https:\/\/fuego-international.com\/AL\/index.php?rest_route=\/wp\/v2\/product\/10164","targetHints":{"allow":["GET"]}}],"collection":[{"href":"https:\/\/fuego-international.com\/AL\/index.php?rest_route=\/wp\/v2\/product"}],"about":[{"href":"https:\/\/fuego-international.com\/AL\/index.php?rest_route=\/wp\/v2\/types\/product"}],"replies":[{"embeddable":true,"href":"https:\/\/fuego-international.com\/AL\/index.php?rest_route=%2Fwp%2Fv2%2Fcomments&post=10164"}],"wp:featuredmedia":[{"embeddable":true,"href":"https:\/\/fuego-international.com\/AL\/index.php?rest_route=\/wp\/v2\/media\/10871"}],"wp:attachment":[{"href":"https:\/\/fuego-international.com\/AL\/index.php?rest_route=%2Fwp%2Fv2%2Fmedia&parent=10164"}],"wp:term":[{"taxonomy":"product_brand","embeddable":true,"href":"https:\/\/fuego-international.com\/AL\/index.php?rest_route=%2Fwp%2Fv2%2Fproduct_brand&post=10164"},{"taxonomy":"product_cat","embeddable":true,"href":"https:\/\/fuego-international.com\/AL\/index.php?rest_route=%2Fwp%2Fv2%2Fproduct_cat&post=10164"},{"taxonomy":"product_tag","embeddable":true,"href":"https:\/\/fuego-international.com\/AL\/index.php?rest_route=%2Fwp%2Fv2%2Fproduct_tag&post=10164"}],"curies":[{"name":"wp","href":"https:\/\/api.w.org\/{rel}","templated":true}]}}