{"id":10150,"date":"2025-03-25T06:24:28","date_gmt":"2025-03-25T06:24:28","guid":{"rendered":"https:\/\/fuego-international.com\/AL\/produkt\/frigorifer-fuego-fgcf9200w\/"},"modified":"2025-04-04T22:27:16","modified_gmt":"2025-04-04T21:27:16","slug":"frigorifer-fuego-fgcf9200w","status":"publish","type":"product","link":"https:\/\/fuego-international.com\/AL\/?product=frigorifer-fuego-fgcf9200w","title":{"rendered":"FRIGORIFER FUEGO FGCF9200W"},"content":{"rendered":"","protected":false},"excerpt":{"rendered":"<ul>\n<li>Zona e freskis\u00eb: &#8211;<\/li>\n<li>Nderrimi i hapjes s\u00eb der\u00ebs: &#8211;<\/li>\n<li>Paneli i kontrollit: Mekanik<\/li>\n<li>Opsione Ekstra: Jo<\/li>\n<li>Klasi i energjis\u00eb: A<\/li>\n<li>Mbrojtja e ushqimeve: &#8211;<\/li>\n<li>Opsioni i pushimeve: Jo<\/li>\n<li>Ndri\u00e7imi i brendsh\u00ebm: &#8211;<\/li>\n<li>Ftohje e shpejt\u00eb: &#8211;<\/li>\n<li>Kapaciteti NETO (Ngriresi\/Freskuesi): 200 L<\/li>\n<li>Kompresori: I thjesht\u00eb<\/li>\n<li>Niveli i zhurm\u00ebs (dBa): &#8211;<\/li>\n<li>Tipi i vendosjes: Qendrim i lir\u00eb<\/li>\n<li>Garanci Shtes\u00eb: GA0013-3990 LEK<\/li>\n<li>Marka: FUEGO<\/li>\n<li>Gjeresia: 91 cm<\/li>\n<li>Lartesia: 85 cm<\/li>\n<li>Thellesia: 55 cm<\/li>\n<li>Tipi i Frigoriferit: Banak<\/li>\n<li>Ngjyra\/Materiali: E Bardhe<\/li>\n<li>Lloji i ftohjes: Me Akull<\/li>\n<li>Kapaciteti total: 200 L<\/li>\n<li>Dimensions (Gj x L x Th) (cm): 90.8 x 84.5 x 55<\/li>\n<li>Materiali i rafteve: &#8211;<\/li>\n<li>Garancia normale: 24 muaj<\/li>\n<li>Ean Code: 7900000164104<\/li>\n<\/ul>\n","protected":false},"featured_media":10936,"comment_status":"closed","ping_status":"closed","template":"","meta":[],"product_brand":[],"product_cat":[195],"product_tag":[],"class_list":{"0":"post-10150","1":"product","2":"type-product","3":"status-publish","4":"has-post-thumbnail","6":"product_cat-frigorifere-banak","8":"first","9":"instock","10":"product-type-simple"},"yoast_head":"<!-- This site is optimized with the Yoast SEO Premium plugin v24.8 (Yoast SEO v24.8.1) - https:\/\/yoast.com\/wordpress\/plugins\/seo\/ -->\n<title>FRIGORIFER FUEGO FGCF9200W - Fuego<\/title>\n<meta name=\"robots\" content=\"index, follow, max-snippet:-1, max-image-preview:large, max-video-preview:-1\" \/>\n<link rel=\"canonical\" href=\"https:\/\/fuego-international.com\/AL\/?product=frigorifer-fuego-fgcf9200w\" \/>\n<meta property=\"og:locale\" content=\"sq_AL\" \/>\n<meta property=\"og:type\" content=\"article\" \/>\n<meta property=\"og:title\" content=\"FRIGORIFER FUEGO FGCF9200W\" \/>\n<meta property=\"og:description\" content=\"Zona e freskis\u00eb: -  Nderrimi i hapjes s\u00eb der\u00ebs: -  Paneli i kontrollit: Mekanik  Opsione Ekstra: Jo  Klasi i energjis\u00eb: A  Mbrojtja e ushqimeve: -  Opsioni i pushimeve: Jo  Ndri\u00e7imi i brendsh\u00ebm: -  Ftohje e shpejt\u00eb: -  Kapaciteti NETO (Ngriresi\/Freskuesi): 200 L  Kompresori: I thjesht\u00eb  Niveli i zhurm\u00ebs (dBa): -  Tipi i vendosjes: Qendrim i lir\u00eb  Garanci Shtes\u00eb: GA0013-3990 LEK  Marka: FUEGO  Gjeresia: 91 cm  Lartesia: 85 cm  Thellesia: 55 cm  Tipi i Frigoriferit: Banak  Ngjyra\/Materiali: E Bardhe  Lloji i ftohjes: Me Akull  Kapaciteti total: 200 L  Dimensions (Gj x L x Th) (cm): 90.8 x 84.5 x 55  Materiali i rafteve: -  Garancia normale: 24 muaj  Ean Code: 7900000164104\" \/>\n<meta property=\"og:url\" content=\"https:\/\/fuego-international.com\/AL\/?product=frigorifer-fuego-fgcf9200w\" \/>\n<meta property=\"og:site_name\" content=\"Fuego\" \/>\n<meta property=\"article:modified_time\" content=\"2025-04-04T21:27:16+00:00\" \/>\n<meta property=\"og:image\" content=\"https:\/\/fuego-international.com\/AL\/wp-content\/uploads\/2025\/03\/FUEGO-FGCF9200W.jpg\" \/>\n\t<meta property=\"og:image:width\" content=\"1000\" \/>\n\t<meta property=\"og:image:height\" content=\"1000\" \/>\n\t<meta property=\"og:image:type\" content=\"image\/jpeg\" \/>\n<meta name=\"twitter:card\" content=\"summary_large_image\" \/>\n<script type=\"application\/ld+json\" class=\"yoast-schema-graph\">{\"@context\":\"https:\/\/schema.org\",\"@graph\":[{\"@type\":\"WebPage\",\"@id\":\"https:\/\/fuego-international.com\/AL\/?product=frigorifer-fuego-fgcf9200w\",\"url\":\"https:\/\/fuego-international.com\/AL\/?product=frigorifer-fuego-fgcf9200w\",\"name\":\"FRIGORIFER FUEGO FGCF9200W - Fuego\",\"isPartOf\":{\"@id\":\"https:\/\/fuego-international.com\/AL\/#website\"},\"primaryImageOfPage\":{\"@id\":\"https:\/\/fuego-international.com\/AL\/?product=frigorifer-fuego-fgcf9200w#primaryimage\"},\"image\":{\"@id\":\"https:\/\/fuego-international.com\/AL\/?product=frigorifer-fuego-fgcf9200w#primaryimage\"},\"thumbnailUrl\":\"https:\/\/fuego-international.com\/AL\/wp-content\/uploads\/2025\/03\/FUEGO-FGCF9200W.jpg\",\"datePublished\":\"2025-03-25T06:24:28+00:00\",\"dateModified\":\"2025-04-04T21:27:16+00:00\",\"breadcrumb\":{\"@id\":\"https:\/\/fuego-international.com\/AL\/?product=frigorifer-fuego-fgcf9200w#breadcrumb\"},\"inLanguage\":\"sq\",\"potentialAction\":[{\"@type\":\"ReadAction\",\"target\":[\"https:\/\/fuego-international.com\/AL\/?product=frigorifer-fuego-fgcf9200w\"]}]},{\"@type\":\"ImageObject\",\"inLanguage\":\"sq\",\"@id\":\"https:\/\/fuego-international.com\/AL\/?product=frigorifer-fuego-fgcf9200w#primaryimage\",\"url\":\"https:\/\/fuego-international.com\/AL\/wp-content\/uploads\/2025\/03\/FUEGO-FGCF9200W.jpg\",\"contentUrl\":\"https:\/\/fuego-international.com\/AL\/wp-content\/uploads\/2025\/03\/FUEGO-FGCF9200W.jpg\",\"width\":1000,\"height\":1000},{\"@type\":\"BreadcrumbList\",\"@id\":\"https:\/\/fuego-international.com\/AL\/?product=frigorifer-fuego-fgcf9200w#breadcrumb\",\"itemListElement\":[{\"@type\":\"ListItem\",\"position\":1,\"name\":\"Home\",\"item\":\"https:\/\/fuego-international.com\/AL\/\"},{\"@type\":\"ListItem\",\"position\":2,\"name\":\"Produktet\",\"item\":\"https:\/\/fuego-international.com\/AL\/?page_id=7\"},{\"@type\":\"ListItem\",\"position\":3,\"name\":\"FRIGORIFER FUEGO FGCF9200W\"}]},{\"@type\":\"WebSite\",\"@id\":\"https:\/\/fuego-international.com\/AL\/#website\",\"url\":\"https:\/\/fuego-international.com\/AL\/\",\"name\":\"Fuego\",\"description\":\"\",\"potentialAction\":[{\"@type\":\"SearchAction\",\"target\":{\"@type\":\"EntryPoint\",\"urlTemplate\":\"https:\/\/fuego-international.com\/AL\/?s={search_term_string}\"},\"query-input\":{\"@type\":\"PropertyValueSpecification\",\"valueRequired\":true,\"valueName\":\"search_term_string\"}}],\"inLanguage\":\"sq\"}]}<\/script>\n<!-- \/ Yoast SEO Premium plugin. -->","yoast_head_json":{"title":"FRIGORIFER FUEGO FGCF9200W - Fuego","robots":{"index":"index","follow":"follow","max-snippet":"max-snippet:-1","max-image-preview":"max-image-preview:large","max-video-preview":"max-video-preview:-1"},"canonical":"https:\/\/fuego-international.com\/AL\/?product=frigorifer-fuego-fgcf9200w","og_locale":"sq_AL","og_type":"article","og_title":"FRIGORIFER FUEGO FGCF9200W","og_description":"Zona e freskis\u00eb: -  Nderrimi i hapjes s\u00eb der\u00ebs: -  Paneli i kontrollit: Mekanik  Opsione Ekstra: Jo  Klasi i energjis\u00eb: A  Mbrojtja e ushqimeve: -  Opsioni i pushimeve: Jo  Ndri\u00e7imi i brendsh\u00ebm: -  Ftohje e shpejt\u00eb: -  Kapaciteti NETO (Ngriresi\/Freskuesi): 200 L  Kompresori: I thjesht\u00eb  Niveli i zhurm\u00ebs (dBa): -  Tipi i vendosjes: Qendrim i lir\u00eb  Garanci Shtes\u00eb: GA0013-3990 LEK  Marka: FUEGO  Gjeresia: 91 cm  Lartesia: 85 cm  Thellesia: 55 cm  Tipi i Frigoriferit: Banak  Ngjyra\/Materiali: E Bardhe  Lloji i ftohjes: Me Akull  Kapaciteti total: 200 L  Dimensions (Gj x L x Th) (cm): 90.8 x 84.5 x 55  Materiali i rafteve: -  Garancia normale: 24 muaj  Ean Code: 7900000164104","og_url":"https:\/\/fuego-international.com\/AL\/?product=frigorifer-fuego-fgcf9200w","og_site_name":"Fuego","article_modified_time":"2025-04-04T21:27:16+00:00","og_image":[{"width":1000,"height":1000,"url":"https:\/\/fuego-international.com\/AL\/wp-content\/uploads\/2025\/03\/FUEGO-FGCF9200W.jpg","type":"image\/jpeg"}],"twitter_card":"summary_large_image","schema":{"@context":"https:\/\/schema.org","@graph":[{"@type":"WebPage","@id":"https:\/\/fuego-international.com\/AL\/?product=frigorifer-fuego-fgcf9200w","url":"https:\/\/fuego-international.com\/AL\/?product=frigorifer-fuego-fgcf9200w","name":"FRIGORIFER FUEGO FGCF9200W - Fuego","isPartOf":{"@id":"https:\/\/fuego-international.com\/AL\/#website"},"primaryImageOfPage":{"@id":"https:\/\/fuego-international.com\/AL\/?product=frigorifer-fuego-fgcf9200w#primaryimage"},"image":{"@id":"https:\/\/fuego-international.com\/AL\/?product=frigorifer-fuego-fgcf9200w#primaryimage"},"thumbnailUrl":"https:\/\/fuego-international.com\/AL\/wp-content\/uploads\/2025\/03\/FUEGO-FGCF9200W.jpg","datePublished":"2025-03-25T06:24:28+00:00","dateModified":"2025-04-04T21:27:16+00:00","breadcrumb":{"@id":"https:\/\/fuego-international.com\/AL\/?product=frigorifer-fuego-fgcf9200w#breadcrumb"},"inLanguage":"sq","potentialAction":[{"@type":"ReadAction","target":["https:\/\/fuego-international.com\/AL\/?product=frigorifer-fuego-fgcf9200w"]}]},{"@type":"ImageObject","inLanguage":"sq","@id":"https:\/\/fuego-international.com\/AL\/?product=frigorifer-fuego-fgcf9200w#primaryimage","url":"https:\/\/fuego-international.com\/AL\/wp-content\/uploads\/2025\/03\/FUEGO-FGCF9200W.jpg","contentUrl":"https:\/\/fuego-international.com\/AL\/wp-content\/uploads\/2025\/03\/FUEGO-FGCF9200W.jpg","width":1000,"height":1000},{"@type":"BreadcrumbList","@id":"https:\/\/fuego-international.com\/AL\/?product=frigorifer-fuego-fgcf9200w#breadcrumb","itemListElement":[{"@type":"ListItem","position":1,"name":"Home","item":"https:\/\/fuego-international.com\/AL\/"},{"@type":"ListItem","position":2,"name":"Produktet","item":"https:\/\/fuego-international.com\/AL\/?page_id=7"},{"@type":"ListItem","position":3,"name":"FRIGORIFER FUEGO FGCF9200W"}]},{"@type":"WebSite","@id":"https:\/\/fuego-international.com\/AL\/#website","url":"https:\/\/fuego-international.com\/AL\/","name":"Fuego","description":"","potentialAction":[{"@type":"SearchAction","target":{"@type":"EntryPoint","urlTemplate":"https:\/\/fuego-international.com\/AL\/?s={search_term_string}"},"query-input":{"@type":"PropertyValueSpecification","valueRequired":true,"valueName":"search_term_string"}}],"inLanguage":"sq"}]}},"_links":{"self":[{"href":"https:\/\/fuego-international.com\/AL\/index.php?rest_route=\/wp\/v2\/product\/10150","targetHints":{"allow":["GET"]}}],"collection":[{"href":"https:\/\/fuego-international.com\/AL\/index.php?rest_route=\/wp\/v2\/product"}],"about":[{"href":"https:\/\/fuego-international.com\/AL\/index.php?rest_route=\/wp\/v2\/types\/product"}],"replies":[{"embeddable":true,"href":"https:\/\/fuego-international.com\/AL\/index.php?rest_route=%2Fwp%2Fv2%2Fcomments&post=10150"}],"wp:featuredmedia":[{"embeddable":true,"href":"https:\/\/fuego-international.com\/AL\/index.php?rest_route=\/wp\/v2\/media\/10936"}],"wp:attachment":[{"href":"https:\/\/fuego-international.com\/AL\/index.php?rest_route=%2Fwp%2Fv2%2Fmedia&parent=10150"}],"wp:term":[{"taxonomy":"product_brand","embeddable":true,"href":"https:\/\/fuego-international.com\/AL\/index.php?rest_route=%2Fwp%2Fv2%2Fproduct_brand&post=10150"},{"taxonomy":"product_cat","embeddable":true,"href":"https:\/\/fuego-international.com\/AL\/index.php?rest_route=%2Fwp%2Fv2%2Fproduct_cat&post=10150"},{"taxonomy":"product_tag","embeddable":true,"href":"https:\/\/fuego-international.com\/AL\/index.php?rest_route=%2Fwp%2Fv2%2Fproduct_tag&post=10150"}],"curies":[{"name":"wp","href":"https:\/\/api.w.org\/{rel}","templated":true}]}}