{"id":10148,"date":"2025-03-25T06:24:28","date_gmt":"2025-03-25T06:24:28","guid":{"rendered":"https:\/\/fuego-international.com\/AL\/produkt\/hekur-fuego-ky-259\/"},"modified":"2025-04-04T20:45:41","modified_gmt":"2025-04-04T19:45:41","slug":"hekur-fuego-ky-259","status":"publish","type":"product","link":"https:\/\/fuego-international.com\/AL\/?product=hekur-fuego-ky-259","title":{"rendered":"HEKUR FUEGO KY-259"},"content":{"rendered":"","protected":false},"excerpt":{"rendered":"<ul>\n<li>Presioni i avullit: Jo<\/li>\n<li>Funksion vet\u00ebpastrues: Jo<\/li>\n<li>Ngjyra: Blu \/ E bardhe \/ Vishnje<\/li>\n<li>Garancia normale: 12 muaj<\/li>\n<li>Ean Code:<\/li>\n<li>Marka: FUEGO<\/li>\n<li>Fuqia (W): 2600 W<\/li>\n<li>Lloji i pllakes s\u00eb hekurosjes: Qeramik<\/li>\n<li>Funksion anti-rrjedhje: Po<\/li>\n<li>Funksion anti-calc: Po<\/li>\n<li>Kapaciteti i depozit\u00ebs: 450 ml<\/li>\n<li>Gjat\u00ebsia e kordonit: &#8211;<\/li>\n<li>Aksesor\u00eb t\u00eb ndrysh\u00ebm: &#8211;<\/li>\n<\/ul>\n","protected":false},"featured_media":10734,"comment_status":"closed","ping_status":"closed","template":"","meta":[],"product_brand":[],"product_cat":[201],"product_tag":[],"class_list":{"0":"post-10148","1":"product","2":"type-product","3":"status-publish","4":"has-post-thumbnail","6":"product_cat-hekura","8":"first","9":"instock","10":"product-type-simple"},"yoast_head":"<!-- This site is optimized with the Yoast SEO Premium plugin v24.8 (Yoast SEO v24.8.1) - https:\/\/yoast.com\/wordpress\/plugins\/seo\/ -->\n<title>HEKUR FUEGO KY-259 - Fuego<\/title>\n<meta name=\"robots\" content=\"index, follow, max-snippet:-1, max-image-preview:large, max-video-preview:-1\" \/>\n<link rel=\"canonical\" href=\"https:\/\/fuego-international.com\/AL\/?product=hekur-fuego-ky-259\" \/>\n<meta property=\"og:locale\" content=\"sq_AL\" \/>\n<meta property=\"og:type\" content=\"article\" \/>\n<meta property=\"og:title\" content=\"HEKUR FUEGO KY-259\" \/>\n<meta property=\"og:description\" content=\"Presioni i avullit: Jo  Funksion vet\u00ebpastrues: Jo  Ngjyra: Blu \/ E bardhe \/ Vishnje  Garancia normale: 12 muaj  Ean Code:  Marka: FUEGO  Fuqia (W): 2600 W  Lloji i pllakes s\u00eb hekurosjes: Qeramik  Funksion anti-rrjedhje: Po  Funksion anti-calc: Po  Kapaciteti i depozit\u00ebs: 450 ml  Gjat\u00ebsia e kordonit: -  Aksesor\u00eb t\u00eb ndrysh\u00ebm: -\" \/>\n<meta property=\"og:url\" content=\"https:\/\/fuego-international.com\/AL\/?product=hekur-fuego-ky-259\" \/>\n<meta property=\"og:site_name\" content=\"Fuego\" \/>\n<meta property=\"article:modified_time\" content=\"2025-04-04T19:45:41+00:00\" \/>\n<meta property=\"og:image\" content=\"https:\/\/fuego-international.com\/AL\/wp-content\/uploads\/2025\/03\/KY-259.jpg\" \/>\n\t<meta property=\"og:image:width\" content=\"1000\" \/>\n\t<meta property=\"og:image:height\" content=\"1000\" \/>\n\t<meta property=\"og:image:type\" content=\"image\/jpeg\" \/>\n<meta name=\"twitter:card\" content=\"summary_large_image\" \/>\n<script type=\"application\/ld+json\" class=\"yoast-schema-graph\">{\"@context\":\"https:\/\/schema.org\",\"@graph\":[{\"@type\":\"WebPage\",\"@id\":\"https:\/\/fuego-international.com\/AL\/?product=hekur-fuego-ky-259\",\"url\":\"https:\/\/fuego-international.com\/AL\/?product=hekur-fuego-ky-259\",\"name\":\"HEKUR FUEGO KY-259 - Fuego\",\"isPartOf\":{\"@id\":\"https:\/\/fuego-international.com\/AL\/#website\"},\"primaryImageOfPage\":{\"@id\":\"https:\/\/fuego-international.com\/AL\/?product=hekur-fuego-ky-259#primaryimage\"},\"image\":{\"@id\":\"https:\/\/fuego-international.com\/AL\/?product=hekur-fuego-ky-259#primaryimage\"},\"thumbnailUrl\":\"https:\/\/fuego-international.com\/AL\/wp-content\/uploads\/2025\/03\/KY-259.jpg\",\"datePublished\":\"2025-03-25T06:24:28+00:00\",\"dateModified\":\"2025-04-04T19:45:41+00:00\",\"breadcrumb\":{\"@id\":\"https:\/\/fuego-international.com\/AL\/?product=hekur-fuego-ky-259#breadcrumb\"},\"inLanguage\":\"sq\",\"potentialAction\":[{\"@type\":\"ReadAction\",\"target\":[\"https:\/\/fuego-international.com\/AL\/?product=hekur-fuego-ky-259\"]}]},{\"@type\":\"ImageObject\",\"inLanguage\":\"sq\",\"@id\":\"https:\/\/fuego-international.com\/AL\/?product=hekur-fuego-ky-259#primaryimage\",\"url\":\"https:\/\/fuego-international.com\/AL\/wp-content\/uploads\/2025\/03\/KY-259.jpg\",\"contentUrl\":\"https:\/\/fuego-international.com\/AL\/wp-content\/uploads\/2025\/03\/KY-259.jpg\",\"width\":1000,\"height\":1000},{\"@type\":\"BreadcrumbList\",\"@id\":\"https:\/\/fuego-international.com\/AL\/?product=hekur-fuego-ky-259#breadcrumb\",\"itemListElement\":[{\"@type\":\"ListItem\",\"position\":1,\"name\":\"Home\",\"item\":\"https:\/\/fuego-international.com\/AL\/\"},{\"@type\":\"ListItem\",\"position\":2,\"name\":\"Produktet\",\"item\":\"https:\/\/fuego-international.com\/AL\/?page_id=7\"},{\"@type\":\"ListItem\",\"position\":3,\"name\":\"HEKUR FUEGO KY-259\"}]},{\"@type\":\"WebSite\",\"@id\":\"https:\/\/fuego-international.com\/AL\/#website\",\"url\":\"https:\/\/fuego-international.com\/AL\/\",\"name\":\"Fuego\",\"description\":\"\",\"potentialAction\":[{\"@type\":\"SearchAction\",\"target\":{\"@type\":\"EntryPoint\",\"urlTemplate\":\"https:\/\/fuego-international.com\/AL\/?s={search_term_string}\"},\"query-input\":{\"@type\":\"PropertyValueSpecification\",\"valueRequired\":true,\"valueName\":\"search_term_string\"}}],\"inLanguage\":\"sq\"}]}<\/script>\n<!-- \/ Yoast SEO Premium plugin. -->","yoast_head_json":{"title":"HEKUR FUEGO KY-259 - Fuego","robots":{"index":"index","follow":"follow","max-snippet":"max-snippet:-1","max-image-preview":"max-image-preview:large","max-video-preview":"max-video-preview:-1"},"canonical":"https:\/\/fuego-international.com\/AL\/?product=hekur-fuego-ky-259","og_locale":"sq_AL","og_type":"article","og_title":"HEKUR FUEGO KY-259","og_description":"Presioni i avullit: Jo  Funksion vet\u00ebpastrues: Jo  Ngjyra: Blu \/ E bardhe \/ Vishnje  Garancia normale: 12 muaj  Ean Code:  Marka: FUEGO  Fuqia (W): 2600 W  Lloji i pllakes s\u00eb hekurosjes: Qeramik  Funksion anti-rrjedhje: Po  Funksion anti-calc: Po  Kapaciteti i depozit\u00ebs: 450 ml  Gjat\u00ebsia e kordonit: -  Aksesor\u00eb t\u00eb ndrysh\u00ebm: -","og_url":"https:\/\/fuego-international.com\/AL\/?product=hekur-fuego-ky-259","og_site_name":"Fuego","article_modified_time":"2025-04-04T19:45:41+00:00","og_image":[{"width":1000,"height":1000,"url":"https:\/\/fuego-international.com\/AL\/wp-content\/uploads\/2025\/03\/KY-259.jpg","type":"image\/jpeg"}],"twitter_card":"summary_large_image","schema":{"@context":"https:\/\/schema.org","@graph":[{"@type":"WebPage","@id":"https:\/\/fuego-international.com\/AL\/?product=hekur-fuego-ky-259","url":"https:\/\/fuego-international.com\/AL\/?product=hekur-fuego-ky-259","name":"HEKUR FUEGO KY-259 - Fuego","isPartOf":{"@id":"https:\/\/fuego-international.com\/AL\/#website"},"primaryImageOfPage":{"@id":"https:\/\/fuego-international.com\/AL\/?product=hekur-fuego-ky-259#primaryimage"},"image":{"@id":"https:\/\/fuego-international.com\/AL\/?product=hekur-fuego-ky-259#primaryimage"},"thumbnailUrl":"https:\/\/fuego-international.com\/AL\/wp-content\/uploads\/2025\/03\/KY-259.jpg","datePublished":"2025-03-25T06:24:28+00:00","dateModified":"2025-04-04T19:45:41+00:00","breadcrumb":{"@id":"https:\/\/fuego-international.com\/AL\/?product=hekur-fuego-ky-259#breadcrumb"},"inLanguage":"sq","potentialAction":[{"@type":"ReadAction","target":["https:\/\/fuego-international.com\/AL\/?product=hekur-fuego-ky-259"]}]},{"@type":"ImageObject","inLanguage":"sq","@id":"https:\/\/fuego-international.com\/AL\/?product=hekur-fuego-ky-259#primaryimage","url":"https:\/\/fuego-international.com\/AL\/wp-content\/uploads\/2025\/03\/KY-259.jpg","contentUrl":"https:\/\/fuego-international.com\/AL\/wp-content\/uploads\/2025\/03\/KY-259.jpg","width":1000,"height":1000},{"@type":"BreadcrumbList","@id":"https:\/\/fuego-international.com\/AL\/?product=hekur-fuego-ky-259#breadcrumb","itemListElement":[{"@type":"ListItem","position":1,"name":"Home","item":"https:\/\/fuego-international.com\/AL\/"},{"@type":"ListItem","position":2,"name":"Produktet","item":"https:\/\/fuego-international.com\/AL\/?page_id=7"},{"@type":"ListItem","position":3,"name":"HEKUR FUEGO KY-259"}]},{"@type":"WebSite","@id":"https:\/\/fuego-international.com\/AL\/#website","url":"https:\/\/fuego-international.com\/AL\/","name":"Fuego","description":"","potentialAction":[{"@type":"SearchAction","target":{"@type":"EntryPoint","urlTemplate":"https:\/\/fuego-international.com\/AL\/?s={search_term_string}"},"query-input":{"@type":"PropertyValueSpecification","valueRequired":true,"valueName":"search_term_string"}}],"inLanguage":"sq"}]}},"_links":{"self":[{"href":"https:\/\/fuego-international.com\/AL\/index.php?rest_route=\/wp\/v2\/product\/10148","targetHints":{"allow":["GET"]}}],"collection":[{"href":"https:\/\/fuego-international.com\/AL\/index.php?rest_route=\/wp\/v2\/product"}],"about":[{"href":"https:\/\/fuego-international.com\/AL\/index.php?rest_route=\/wp\/v2\/types\/product"}],"replies":[{"embeddable":true,"href":"https:\/\/fuego-international.com\/AL\/index.php?rest_route=%2Fwp%2Fv2%2Fcomments&post=10148"}],"wp:featuredmedia":[{"embeddable":true,"href":"https:\/\/fuego-international.com\/AL\/index.php?rest_route=\/wp\/v2\/media\/10734"}],"wp:attachment":[{"href":"https:\/\/fuego-international.com\/AL\/index.php?rest_route=%2Fwp%2Fv2%2Fmedia&parent=10148"}],"wp:term":[{"taxonomy":"product_brand","embeddable":true,"href":"https:\/\/fuego-international.com\/AL\/index.php?rest_route=%2Fwp%2Fv2%2Fproduct_brand&post=10148"},{"taxonomy":"product_cat","embeddable":true,"href":"https:\/\/fuego-international.com\/AL\/index.php?rest_route=%2Fwp%2Fv2%2Fproduct_cat&post=10148"},{"taxonomy":"product_tag","embeddable":true,"href":"https:\/\/fuego-international.com\/AL\/index.php?rest_route=%2Fwp%2Fv2%2Fproduct_tag&post=10148"}],"curies":[{"name":"wp","href":"https:\/\/api.w.org\/{rel}","templated":true}]}}