{"id":10138,"date":"2025-03-25T06:24:28","date_gmt":"2025-03-25T06:24:28","guid":{"rendered":"https:\/\/fuego-international.com\/AL\/produkt\/frigorifer-fuego-fgtm5252wnf\/"},"modified":"2025-04-04T22:30:02","modified_gmt":"2025-04-04T21:30:02","slug":"frigorifer-fuego-fgtm5252wnf","status":"publish","type":"product","link":"https:\/\/fuego-international.com\/AL\/?product=frigorifer-fuego-fgtm5252wnf","title":{"rendered":"FRIGORIFER FUEGO FGTM5252WNF"},"content":{"rendered":"","protected":false},"excerpt":{"rendered":"<ul>\n<li><strong>Kapaciteti NETO (Ngriresi\/Freskuesi):<\/strong> 252 L<\/li>\n<li><strong>Kompresori:<\/strong> I thjesht\u00eb<\/li>\n<li><strong>Niveli i zhurmes (dBa):<\/strong> &#8211;<\/li>\n<li><strong>Tipi i vendosjes:<\/strong> Q\u00ebndrim i lir\u00eb<\/li>\n<li><strong>Garanci Shtes\u00eb:<\/strong> GA0013-3990 LEK<\/li>\n<li><strong>P\u00ebrmasat (Gj x L x Th) (cm):<\/strong> 55 x 167 x 60<\/li>\n<li><strong>Materiali i raft\u00ebve:<\/strong> &#8211;<\/li>\n<li><strong>Marka:<\/strong> FUEGO<\/li>\n<li><strong>Gjer\u00ebsia:<\/strong> 55<\/li>\n<li><strong>Lart\u00ebsia:<\/strong> 167<\/li>\n<li><strong>Thell\u00ebsia:<\/strong> 60<\/li>\n<li><strong>Tipi i Frigoriferit:<\/strong> NGRIR\u00cbS I SIP\u00cbRM<\/li>\n<li><strong>Ngjyra\/Materiali:<\/strong> E BARDH\u00cb<\/li>\n<li><strong>Lloji i ftohjes:<\/strong> No Frost<\/li>\n<li><strong>Kapaciteti total:<\/strong> 252<\/li>\n<li><strong>Zona e freskis\u00eb:<\/strong> &#8211;<\/li>\n<li><strong>Nderrimi i hapjes s\u00eb der\u00ebs:<\/strong> &#8211;<\/li>\n<li><strong>Paneli i kontrollit:<\/strong> &#8211;<\/li>\n<li><strong>Opsione Ekstra:<\/strong> &#8211;<\/li>\n<li><strong>Klasi i energjis\u00eb:<\/strong> A<\/li>\n<li><strong>Mbrojtja e ushqimeve:<\/strong> &#8211;<\/li>\n<li><strong>Opsioni i pushimeve:<\/strong> &#8211;<\/li>\n<li><strong>Ndri\u00e7imi i brendsh\u00ebm:<\/strong> &#8211;<\/li>\n<li><strong>Ftohje e shpejt\u00eb:<\/strong> &#8211;<\/li>\n<li><strong>Garancia normale:<\/strong> 24<\/li>\n<li><strong>Ean Code:<\/strong> 7900000184850<\/li>\n<\/ul>\n","protected":false},"featured_media":10898,"comment_status":"closed","ping_status":"closed","template":"","meta":[],"product_brand":[],"product_cat":[221],"product_tag":[],"class_list":{"0":"post-10138","1":"product","2":"type-product","3":"status-publish","4":"has-post-thumbnail","6":"product_cat-frigorifere","8":"first","9":"instock","10":"product-type-simple"},"yoast_head":"<!-- This site is optimized with the Yoast SEO Premium plugin v24.8 (Yoast SEO v24.8.1) - https:\/\/yoast.com\/wordpress\/plugins\/seo\/ -->\n<title>FRIGORIFER FUEGO FGTM5252WNF - Fuego<\/title>\n<meta name=\"robots\" content=\"index, follow, max-snippet:-1, max-image-preview:large, max-video-preview:-1\" \/>\n<link rel=\"canonical\" href=\"https:\/\/fuego-international.com\/AL\/?product=frigorifer-fuego-fgtm5252wnf\" \/>\n<meta property=\"og:locale\" content=\"sq_AL\" \/>\n<meta property=\"og:type\" content=\"article\" \/>\n<meta property=\"og:title\" content=\"FRIGORIFER FUEGO FGTM5252WNF\" \/>\n<meta property=\"og:description\" content=\"Kapaciteti NETO (Ngriresi\/Freskuesi): 252 L  Kompresori: I thjesht\u00eb  Niveli i zhurmes (dBa): -  Tipi i vendosjes: Q\u00ebndrim i lir\u00eb  Garanci Shtes\u00eb: GA0013-3990 LEK  P\u00ebrmasat (Gj x L x Th) (cm): 55 x 167 x 60  Materiali i raft\u00ebve: -  Marka: FUEGO  Gjer\u00ebsia: 55  Lart\u00ebsia: 167  Thell\u00ebsia: 60  Tipi i Frigoriferit: NGRIR\u00cbS I SIP\u00cbRM  Ngjyra\/Materiali: E BARDH\u00cb  Lloji i ftohjes: No Frost  Kapaciteti total: 252  Zona e freskis\u00eb: -  Nderrimi i hapjes s\u00eb der\u00ebs: -  Paneli i kontrollit: -  Opsione Ekstra: -  Klasi i energjis\u00eb: A  Mbrojtja e ushqimeve: -  Opsioni i pushimeve: -  Ndri\u00e7imi i brendsh\u00ebm: -  Ftohje e shpejt\u00eb: -  Garancia normale: 24  Ean Code: 7900000184850\" \/>\n<meta property=\"og:url\" content=\"https:\/\/fuego-international.com\/AL\/?product=frigorifer-fuego-fgtm5252wnf\" \/>\n<meta property=\"og:site_name\" content=\"Fuego\" \/>\n<meta property=\"article:modified_time\" content=\"2025-04-04T21:30:02+00:00\" \/>\n<meta property=\"og:image\" content=\"https:\/\/fuego-international.com\/AL\/wp-content\/uploads\/2025\/03\/FGTM5252WNF.jpg\" \/>\n\t<meta property=\"og:image:width\" content=\"1000\" \/>\n\t<meta property=\"og:image:height\" content=\"1000\" \/>\n\t<meta property=\"og:image:type\" content=\"image\/jpeg\" \/>\n<meta name=\"twitter:card\" content=\"summary_large_image\" \/>\n<script type=\"application\/ld+json\" class=\"yoast-schema-graph\">{\"@context\":\"https:\/\/schema.org\",\"@graph\":[{\"@type\":\"WebPage\",\"@id\":\"https:\/\/fuego-international.com\/AL\/?product=frigorifer-fuego-fgtm5252wnf\",\"url\":\"https:\/\/fuego-international.com\/AL\/?product=frigorifer-fuego-fgtm5252wnf\",\"name\":\"FRIGORIFER FUEGO FGTM5252WNF - Fuego\",\"isPartOf\":{\"@id\":\"https:\/\/fuego-international.com\/AL\/#website\"},\"primaryImageOfPage\":{\"@id\":\"https:\/\/fuego-international.com\/AL\/?product=frigorifer-fuego-fgtm5252wnf#primaryimage\"},\"image\":{\"@id\":\"https:\/\/fuego-international.com\/AL\/?product=frigorifer-fuego-fgtm5252wnf#primaryimage\"},\"thumbnailUrl\":\"https:\/\/fuego-international.com\/AL\/wp-content\/uploads\/2025\/03\/FGTM5252WNF.jpg\",\"datePublished\":\"2025-03-25T06:24:28+00:00\",\"dateModified\":\"2025-04-04T21:30:02+00:00\",\"breadcrumb\":{\"@id\":\"https:\/\/fuego-international.com\/AL\/?product=frigorifer-fuego-fgtm5252wnf#breadcrumb\"},\"inLanguage\":\"sq\",\"potentialAction\":[{\"@type\":\"ReadAction\",\"target\":[\"https:\/\/fuego-international.com\/AL\/?product=frigorifer-fuego-fgtm5252wnf\"]}]},{\"@type\":\"ImageObject\",\"inLanguage\":\"sq\",\"@id\":\"https:\/\/fuego-international.com\/AL\/?product=frigorifer-fuego-fgtm5252wnf#primaryimage\",\"url\":\"https:\/\/fuego-international.com\/AL\/wp-content\/uploads\/2025\/03\/FGTM5252WNF.jpg\",\"contentUrl\":\"https:\/\/fuego-international.com\/AL\/wp-content\/uploads\/2025\/03\/FGTM5252WNF.jpg\",\"width\":1000,\"height\":1000},{\"@type\":\"BreadcrumbList\",\"@id\":\"https:\/\/fuego-international.com\/AL\/?product=frigorifer-fuego-fgtm5252wnf#breadcrumb\",\"itemListElement\":[{\"@type\":\"ListItem\",\"position\":1,\"name\":\"Home\",\"item\":\"https:\/\/fuego-international.com\/AL\/\"},{\"@type\":\"ListItem\",\"position\":2,\"name\":\"Produktet\",\"item\":\"https:\/\/fuego-international.com\/AL\/?page_id=7\"},{\"@type\":\"ListItem\",\"position\":3,\"name\":\"FRIGORIFER FUEGO FGTM5252WNF\"}]},{\"@type\":\"WebSite\",\"@id\":\"https:\/\/fuego-international.com\/AL\/#website\",\"url\":\"https:\/\/fuego-international.com\/AL\/\",\"name\":\"Fuego\",\"description\":\"\",\"potentialAction\":[{\"@type\":\"SearchAction\",\"target\":{\"@type\":\"EntryPoint\",\"urlTemplate\":\"https:\/\/fuego-international.com\/AL\/?s={search_term_string}\"},\"query-input\":{\"@type\":\"PropertyValueSpecification\",\"valueRequired\":true,\"valueName\":\"search_term_string\"}}],\"inLanguage\":\"sq\"}]}<\/script>\n<!-- \/ Yoast SEO Premium plugin. -->","yoast_head_json":{"title":"FRIGORIFER FUEGO FGTM5252WNF - Fuego","robots":{"index":"index","follow":"follow","max-snippet":"max-snippet:-1","max-image-preview":"max-image-preview:large","max-video-preview":"max-video-preview:-1"},"canonical":"https:\/\/fuego-international.com\/AL\/?product=frigorifer-fuego-fgtm5252wnf","og_locale":"sq_AL","og_type":"article","og_title":"FRIGORIFER FUEGO FGTM5252WNF","og_description":"Kapaciteti NETO (Ngriresi\/Freskuesi): 252 L  Kompresori: I thjesht\u00eb  Niveli i zhurmes (dBa): -  Tipi i vendosjes: Q\u00ebndrim i lir\u00eb  Garanci Shtes\u00eb: GA0013-3990 LEK  P\u00ebrmasat (Gj x L x Th) (cm): 55 x 167 x 60  Materiali i raft\u00ebve: -  Marka: FUEGO  Gjer\u00ebsia: 55  Lart\u00ebsia: 167  Thell\u00ebsia: 60  Tipi i Frigoriferit: NGRIR\u00cbS I SIP\u00cbRM  Ngjyra\/Materiali: E BARDH\u00cb  Lloji i ftohjes: No Frost  Kapaciteti total: 252  Zona e freskis\u00eb: -  Nderrimi i hapjes s\u00eb der\u00ebs: -  Paneli i kontrollit: -  Opsione Ekstra: -  Klasi i energjis\u00eb: A  Mbrojtja e ushqimeve: -  Opsioni i pushimeve: -  Ndri\u00e7imi i brendsh\u00ebm: -  Ftohje e shpejt\u00eb: -  Garancia normale: 24  Ean Code: 7900000184850","og_url":"https:\/\/fuego-international.com\/AL\/?product=frigorifer-fuego-fgtm5252wnf","og_site_name":"Fuego","article_modified_time":"2025-04-04T21:30:02+00:00","og_image":[{"width":1000,"height":1000,"url":"https:\/\/fuego-international.com\/AL\/wp-content\/uploads\/2025\/03\/FGTM5252WNF.jpg","type":"image\/jpeg"}],"twitter_card":"summary_large_image","schema":{"@context":"https:\/\/schema.org","@graph":[{"@type":"WebPage","@id":"https:\/\/fuego-international.com\/AL\/?product=frigorifer-fuego-fgtm5252wnf","url":"https:\/\/fuego-international.com\/AL\/?product=frigorifer-fuego-fgtm5252wnf","name":"FRIGORIFER FUEGO FGTM5252WNF - Fuego","isPartOf":{"@id":"https:\/\/fuego-international.com\/AL\/#website"},"primaryImageOfPage":{"@id":"https:\/\/fuego-international.com\/AL\/?product=frigorifer-fuego-fgtm5252wnf#primaryimage"},"image":{"@id":"https:\/\/fuego-international.com\/AL\/?product=frigorifer-fuego-fgtm5252wnf#primaryimage"},"thumbnailUrl":"https:\/\/fuego-international.com\/AL\/wp-content\/uploads\/2025\/03\/FGTM5252WNF.jpg","datePublished":"2025-03-25T06:24:28+00:00","dateModified":"2025-04-04T21:30:02+00:00","breadcrumb":{"@id":"https:\/\/fuego-international.com\/AL\/?product=frigorifer-fuego-fgtm5252wnf#breadcrumb"},"inLanguage":"sq","potentialAction":[{"@type":"ReadAction","target":["https:\/\/fuego-international.com\/AL\/?product=frigorifer-fuego-fgtm5252wnf"]}]},{"@type":"ImageObject","inLanguage":"sq","@id":"https:\/\/fuego-international.com\/AL\/?product=frigorifer-fuego-fgtm5252wnf#primaryimage","url":"https:\/\/fuego-international.com\/AL\/wp-content\/uploads\/2025\/03\/FGTM5252WNF.jpg","contentUrl":"https:\/\/fuego-international.com\/AL\/wp-content\/uploads\/2025\/03\/FGTM5252WNF.jpg","width":1000,"height":1000},{"@type":"BreadcrumbList","@id":"https:\/\/fuego-international.com\/AL\/?product=frigorifer-fuego-fgtm5252wnf#breadcrumb","itemListElement":[{"@type":"ListItem","position":1,"name":"Home","item":"https:\/\/fuego-international.com\/AL\/"},{"@type":"ListItem","position":2,"name":"Produktet","item":"https:\/\/fuego-international.com\/AL\/?page_id=7"},{"@type":"ListItem","position":3,"name":"FRIGORIFER FUEGO FGTM5252WNF"}]},{"@type":"WebSite","@id":"https:\/\/fuego-international.com\/AL\/#website","url":"https:\/\/fuego-international.com\/AL\/","name":"Fuego","description":"","potentialAction":[{"@type":"SearchAction","target":{"@type":"EntryPoint","urlTemplate":"https:\/\/fuego-international.com\/AL\/?s={search_term_string}"},"query-input":{"@type":"PropertyValueSpecification","valueRequired":true,"valueName":"search_term_string"}}],"inLanguage":"sq"}]}},"_links":{"self":[{"href":"https:\/\/fuego-international.com\/AL\/index.php?rest_route=\/wp\/v2\/product\/10138","targetHints":{"allow":["GET"]}}],"collection":[{"href":"https:\/\/fuego-international.com\/AL\/index.php?rest_route=\/wp\/v2\/product"}],"about":[{"href":"https:\/\/fuego-international.com\/AL\/index.php?rest_route=\/wp\/v2\/types\/product"}],"replies":[{"embeddable":true,"href":"https:\/\/fuego-international.com\/AL\/index.php?rest_route=%2Fwp%2Fv2%2Fcomments&post=10138"}],"wp:featuredmedia":[{"embeddable":true,"href":"https:\/\/fuego-international.com\/AL\/index.php?rest_route=\/wp\/v2\/media\/10898"}],"wp:attachment":[{"href":"https:\/\/fuego-international.com\/AL\/index.php?rest_route=%2Fwp%2Fv2%2Fmedia&parent=10138"}],"wp:term":[{"taxonomy":"product_brand","embeddable":true,"href":"https:\/\/fuego-international.com\/AL\/index.php?rest_route=%2Fwp%2Fv2%2Fproduct_brand&post=10138"},{"taxonomy":"product_cat","embeddable":true,"href":"https:\/\/fuego-international.com\/AL\/index.php?rest_route=%2Fwp%2Fv2%2Fproduct_cat&post=10138"},{"taxonomy":"product_tag","embeddable":true,"href":"https:\/\/fuego-international.com\/AL\/index.php?rest_route=%2Fwp%2Fv2%2Fproduct_tag&post=10138"}],"curies":[{"name":"wp","href":"https:\/\/api.w.org\/{rel}","templated":true}]}}