{"id":10122,"date":"2025-03-25T06:24:28","date_gmt":"2025-03-25T06:24:28","guid":{"rendered":"https:\/\/fuego-international.com\/AL\/produkt\/tv-fuego-32el600t\/"},"modified":"2025-04-04T23:31:55","modified_gmt":"2025-04-04T22:31:55","slug":"tv-fuego-32el600t","status":"publish","type":"product","link":"https:\/\/fuego-international.com\/AL\/?product=tv-fuego-32el600t","title":{"rendered":"TV FUEGO 32EL600T"},"content":{"rendered":"<div class=\"container22\">\n<div class=\"row\">\n<div class=\"col-md-6\">\n<div class=\"shkrimi11\">\n<p style=\"font-size: 15px; color: #fff; margin-top: 20%!important;\">T\u00eb gjith\u00eb parashikojn\u00eb q\u00eb e ardhmja e tyre t\u00eb jet\u00eb e leht\u00eb, e qet\u00eb pa pengesa. T\u00eb kesh nj\u00eb jet\u00eb t\u00eb relaksuar garanton sh\u00ebndet t\u00eb mir\u00eb, m\u00eb pak stres dhe fokus m\u00eb t\u00eb mir\u00eb t\u00eb p\u00ebrgjithsh\u00ebm n\u00eb gj\u00ebrat e r\u00ebnd\u00ebsishme q\u00eb na b\u00ebjn\u00eb t\u00eb lumtur dhe produktiv\u00eb. Ting\u00ebllon si nj\u00eb \u00ebnd\u00ebrr apo jo? Epo q\u00ebllimi yn\u00eb \u00ebsht\u00eb t&#8217;ju ndihmojm\u00eb ta jetoni at\u00eb \u00ebnd\u00ebrr. Zbatimi i thjesht\u00ebsis\u00eb si dhe i besueshm\u00ebris\u00eb n\u00eb dizajnimin e produkteve \u00ebsht\u00eb q\u00ebllimi yn\u00eb kryesor. Asgj\u00eb nuk \u00ebsht\u00eb m\u00eb e r\u00ebnd\u00ebsishme sesa t\u00eb keni nj\u00eb pajisje t\u00eb leht\u00eb p\u00ebr t&#8217;u p\u00ebrdorur n\u00eb sht\u00ebpin\u00eb tuaj q\u00eb i b\u00ebn detyrat e p\u00ebrditshme t\u00eb duken t\u00eb k\u00ebndshme sesa pun\u00ebt e p\u00ebrditshme. Zgjedhja e nj\u00eb produkti p\u00ebr sht\u00ebpin\u00eb tuaj nuk ka qen\u00eb kurr\u00eb kaq e r\u00ebnd\u00ebsishme, por kaq e leht\u00eb.<\/p>\n<h3 style=\"color: #fff;\">FUEGO Zgjedhje e leht\u00eb!<\/h3>\n<\/div>\n<\/div>\n<div class=\"col-md-6\"><\/div>\n<\/div>\n<\/div>\n<h1 style=\"text-align: center; font-size: 25px;\">Shijoni ekranin 32 inc perfekt p\u00ebr dhom\u00ebn tuaj t\u00eb gjumit me ngjyra t\u00eb mprehta dhe rr\u00ebz\u00ebllit\u00ebse<\/h1>\n<div style=\"height: 20px;\"><\/div>\n<p><img decoding=\"async\" style=\"width: 100%;\" src=\"https:\/\/www.neptun.al\/2022\/07\/12\/pexels-pixabay-40799__1_.jpg\" \/><\/p>\n<div style=\"height: 20px;\"><\/div>\n<h1 style=\"text-align: center; font-size: 25px;\">Shikoni filmat m\u00eb t\u00eb fundit si t\u00eb ishit n\u00eb kinema shoq\u00ebruar me nj\u00eb audio t\u00eb qart\u00eb q\u00eb mbush gjith\u00eb hap\u00ebsir\u00ebn<\/h1>\n<div style=\"height: 20px;\"><\/div>\n<p><img decoding=\"async\" style=\"width: 100%;\" src=\"https:\/\/www.neptun.al\/2022\/07\/12\/1_76uj5oGutWsxDFaPEMSm6w__1_.jpeg\" \/><\/p>\n<div style=\"height: 20px;\"><\/div>\n<h1 style=\"text-align: center; font-size: 25px;\">Ndiqni skuadrat tuaja n\u00eb ngjarjet m\u00eb t\u00eb r\u00ebnd\u00ebsishme sportive<\/h1>\n<div style=\"height: 20px;\"><\/div>\n<p><img decoding=\"async\" style=\"width: 100%;\" src=\"https:\/\/www.neptun.al\/2022\/07\/12\/pexels-pixabay-50713__1_.jpg\" \/><\/p>\n<h1 style=\"text-align: center; font-size: 25px;\">Maksimizoni interiorin tuaj<\/h1>\n<p style=\"text-align: center; font-size: 17px;\">Me korniz\u00ebn e holl\u00eb LED Smart 32&#8221; unifikohet leht\u00ebsisht me dizajnin e brendsh\u00ebm t\u00eb sht\u00ebpis\u00eb tuaj<\/p>\n<p><img decoding=\"async\" style=\"width: 100%;\" src=\"https:\/\/www.neptun.al\/2022\/07\/12\/TCL-32-Inch-S615-Android-Smart-LED-TV-32S615-lifestyle-2-high__1_.jpeg\" \/><\/p>\n<div style=\"height: 100px;\"><\/div>\n<h1>Karakteristika t\u00eb p\u00ebrgjithshme<\/h1>\n<div style=\"height: 50px;\"><\/div>\n<div style=\"overflow-x: auto;\">\n<table id=\"kapaciteti\">\n<tbody>\n<tr>\n<td>Permasat<\/td>\n<td>32 inc<\/td>\n<td>Rezolucioni<\/td>\n<td>HD Ready (1366x768px)<\/td>\n<\/tr>\n<tr>\n<td>Tipi i produktit<\/td>\n<td>LED<\/td>\n<td>Marresi<\/td>\n<td>Dixhital Tokesor HD DVB-T2\/C\/T<\/td>\n<\/tr>\n<tr>\n<td>Porta:<\/td>\n<td>HDMI, USB, VGA, 1 port Skart<\/td>\n<td>Modul<\/td>\n<td>CI+<\/td>\n<\/tr>\n<tr>\n<td>Permasat me mbajtese<\/td>\n<td>73.5&#215;47.8&#215;18.5<\/td>\n<\/tr>\n<\/tbody>\n<\/table>\n<\/div>\n<div style=\"height: 50px;\"><\/div>\n<p><img decoding=\"async\" style=\"width: 100%;\" src=\"https:\/\/www.neptun.al\/2022\/07\/12\/Picture5.png\" \/><\/p>\n<style>\n  @media (max-width: 700px) {<br \/>\n  .shkrimi11{<br \/>\n  margin-top:260px!important;<br \/>\n  }<br \/>\n  .shkrimi11 p{<br \/>\n  color:#000!important;<br \/>\n  }<br \/>\n  .shkrimi11 h3{<br \/>\n  color:#000!important;<br \/>\n  }<br \/>\n  }<br \/>\n  td{<br \/>\n  font-size:15px;<br \/>\n  font-weight:bold;<br \/>\n  }<br \/>\n  #kapaciteti {<br \/>\n  font-family: Arial, Helvetica, sans-serif;<br \/>\n  border-collapse: collapse;<br \/>\n  width: 100%;<br \/>\n  }<br \/>\n  #kapaciteti td, #kapaciteti th {<br \/>\n  border: 1px solid #ddd;<br \/>\n  padding: 8px;<br \/>\n  }<br \/>\n  #kapaciteti tr:nth-child(even){background-color: #f2f2f2;}<br \/>\n  #kapaciteti tr:hover {background-color: #ddd;}<br \/>\n  #kapaciteti th {<br \/>\n  padding-top: 12px;<br \/>\n  padding-bottom: 12px;<br \/>\n  text-align: left;<br \/>\n  background-color: #04AA6D;<br \/>\n  color: white;<br \/>\n  }<br \/>\n  .container22{<br \/>\n  background-image:url(\"https:\/\/www.neptun.al\/2022\/07\/12\/Picture2.png\");<br \/>\n  background-size:contain;<br \/>\n  height:1000px;<br \/>\n  background-repeat:no-repeat;<br \/>\n  }<br \/>\n  .tabsDetails .tab-pane {<br \/>\n  padding: 0px;<br \/>\n  }<br \/>\n  .panel-body {<br \/>\n  padding: 0px;<br \/>\n  }<br \/>\n  video {<br \/>\n  max-width: 100%;<br \/>\n  height: auto;<br \/>\n  }<br \/>\n  .video-bg {<br \/>\n  grid-area: var(--fullGrid);<br \/>\n  min-width: 100%;<br \/>\n  min-height: 100%;<br \/>\n  object-fit: cover;<br \/>\n  z-index: -1;<br \/>\n  background-size:cover;<br \/>\n  }<br \/>\n  .video-bg::-webkit-media-controls {<br \/>\n  display: none !important;<br \/>\n  }<br \/>\n  .video-overlay {<br \/>\n  grid-area: var(--fullGrid);<br \/>\n  display: grid;<br \/>\n  justify-content: center;<br \/>\n  align-content: center;<br \/>\n  text-align: center;<br \/>\n  }<br \/>\n<\/style>\n","protected":false},"excerpt":{"rendered":"<ul>\n<li><strong>Dalje Optikale:<\/strong> Coaxial<\/li>\n<li><strong>Konsumi Maksimal (Watt):<\/strong> 56<\/li>\n<li><strong>Konsumi Standby (Watt):<\/strong> 0.5<\/li>\n<li><strong>Stema ekologjike:<\/strong> G<\/li>\n<li><strong>Permasat me mbajtese (GjxLxTh) (cm):<\/strong> 73.2 x 47.7 x 21.2<\/li>\n<li><strong>Permasat pa mbajtese (GjxLxTh) (cm):<\/strong><\/li>\n<li><strong>Pesha me mbajtese (kg):<\/strong> 5.4<\/li>\n<li><strong>Pesha pa mbajtese (kg):<\/strong> 4<\/li>\n<li><strong>Garanci Shtese:<\/strong> GA0038-2990 LEK<\/li>\n<li><strong>Garancia normale:<\/strong> 24<\/li>\n<li><strong>Ean Code:<\/strong> 2074141185900<\/li>\n<li><strong>Sistemi:<\/strong> THJESHTE<\/li>\n<li><strong>Marka:<\/strong> FUEGO<\/li>\n<li><strong>Permasa [inch]:<\/strong> 32&#8243;<\/li>\n<li><strong>Paneli:<\/strong> LED<\/li>\n<li><strong>Definicioni:<\/strong> HD<\/li>\n<li><strong>Frekuenca [Hz]:<\/strong> &#8211;<\/li>\n<li><strong>Kontrasti:<\/strong> 1000 :1<\/li>\n<li><strong>Teknologjia 3D:<\/strong> JO<\/li>\n<li><strong>Smart TV:<\/strong> JO<\/li>\n<li><strong>Sistemi Operativ:<\/strong> &#8211;<\/li>\n<li><strong>DLNA:<\/strong> &#8211;<\/li>\n<li><strong>Wireless:<\/strong> &#8211;<\/li>\n<li><strong>Bluetooth:<\/strong> &#8211;<\/li>\n<li><strong>Audio:<\/strong> 2 x 10 W<\/li>\n<li><strong>Marresi:<\/strong> DVB-T\/T2\/C<\/li>\n<li><strong>Moduli:<\/strong> CI+<\/li>\n<li><strong>HDMI \/ USB:<\/strong> PO<\/li>\n<li><strong>Komponent:<\/strong> &#8211;<\/li>\n<li><strong>Kompozit (AV):<\/strong> PO<\/li>\n<li><strong>Skart:<\/strong> PO<\/li>\n<li><strong>Ethernet:<\/strong> JO<\/li>\n<\/ul>\n","protected":false},"featured_media":11014,"comment_status":"closed","ping_status":"closed","template":"","meta":[],"product_brand":[],"product_cat":[218],"product_tag":[],"class_list":{"0":"post-10122","1":"product","2":"type-product","3":"status-publish","4":"has-post-thumbnail","6":"product_cat-te-gjithe-tv","8":"first","9":"instock","10":"product-type-simple"},"yoast_head":"<!-- This site is optimized with the Yoast SEO Premium plugin v24.8 (Yoast SEO v24.8.1) - https:\/\/yoast.com\/wordpress\/plugins\/seo\/ -->\n<title>TV FUEGO 32EL600T - Fuego<\/title>\n<meta name=\"robots\" content=\"index, follow, max-snippet:-1, max-image-preview:large, max-video-preview:-1\" \/>\n<link rel=\"canonical\" href=\"https:\/\/fuego-international.com\/AL\/?product=tv-fuego-32el600t\" \/>\n<meta property=\"og:locale\" content=\"sq_AL\" \/>\n<meta property=\"og:type\" content=\"article\" \/>\n<meta property=\"og:title\" content=\"TV FUEGO 32EL600T\" \/>\n<meta property=\"og:description\" content=\"Dalje Optikale: Coaxial  Konsumi Maksimal (Watt): 56  Konsumi Standby (Watt): 0.5  Stema ekologjike: G  Permasat me mbajtese (GjxLxTh) (cm): 73.2 x 47.7 x 21.2  Permasat pa mbajtese (GjxLxTh) (cm):  Pesha me mbajtese (kg): 5.4  Pesha pa mbajtese (kg): 4  Garanci Shtese: GA0038-2990 LEK  Garancia normale: 24  Ean Code: 2074141185900  Sistemi: THJESHTE  Marka: FUEGO  Permasa [inch]: 32&quot;  Paneli: LED  Definicioni: HD  Frekuenca [Hz]: -  Kontrasti: 1000 :1  Teknologjia 3D: JO  Smart TV: JO  Sistemi Operativ: -  DLNA: -  Wireless: -  Bluetooth: -  Audio: 2 x 10 W  Marresi: DVB-T\/T2\/C  Moduli: CI+  HDMI \/ USB: PO  Komponent: -  Kompozit (AV): PO  Skart: PO  Ethernet: JO\" \/>\n<meta property=\"og:url\" content=\"https:\/\/fuego-international.com\/AL\/?product=tv-fuego-32el600t\" \/>\n<meta property=\"og:site_name\" content=\"Fuego\" \/>\n<meta property=\"article:modified_time\" content=\"2025-04-04T22:31:55+00:00\" \/>\n<meta property=\"og:image\" content=\"https:\/\/fuego-international.com\/AL\/wp-content\/uploads\/2025\/03\/32EL600T.jpg\" \/>\n\t<meta property=\"og:image:width\" content=\"1000\" \/>\n\t<meta property=\"og:image:height\" content=\"1000\" \/>\n\t<meta property=\"og:image:type\" content=\"image\/jpeg\" \/>\n<meta name=\"twitter:card\" content=\"summary_large_image\" \/>\n<meta name=\"twitter:label1\" content=\"Est. reading time\" \/>\n\t<meta name=\"twitter:data1\" content=\"1 minut\u00eb\" \/>\n<script type=\"application\/ld+json\" class=\"yoast-schema-graph\">{\"@context\":\"https:\/\/schema.org\",\"@graph\":[{\"@type\":\"WebPage\",\"@id\":\"https:\/\/fuego-international.com\/AL\/?product=tv-fuego-32el600t\",\"url\":\"https:\/\/fuego-international.com\/AL\/?product=tv-fuego-32el600t\",\"name\":\"TV FUEGO 32EL600T - Fuego\",\"isPartOf\":{\"@id\":\"https:\/\/fuego-international.com\/AL\/#website\"},\"primaryImageOfPage\":{\"@id\":\"https:\/\/fuego-international.com\/AL\/?product=tv-fuego-32el600t#primaryimage\"},\"image\":{\"@id\":\"https:\/\/fuego-international.com\/AL\/?product=tv-fuego-32el600t#primaryimage\"},\"thumbnailUrl\":\"https:\/\/fuego-international.com\/AL\/wp-content\/uploads\/2025\/03\/32EL600T.jpg\",\"datePublished\":\"2025-03-25T06:24:28+00:00\",\"dateModified\":\"2025-04-04T22:31:55+00:00\",\"breadcrumb\":{\"@id\":\"https:\/\/fuego-international.com\/AL\/?product=tv-fuego-32el600t#breadcrumb\"},\"inLanguage\":\"sq\",\"potentialAction\":[{\"@type\":\"ReadAction\",\"target\":[\"https:\/\/fuego-international.com\/AL\/?product=tv-fuego-32el600t\"]}]},{\"@type\":\"ImageObject\",\"inLanguage\":\"sq\",\"@id\":\"https:\/\/fuego-international.com\/AL\/?product=tv-fuego-32el600t#primaryimage\",\"url\":\"https:\/\/fuego-international.com\/AL\/wp-content\/uploads\/2025\/03\/32EL600T.jpg\",\"contentUrl\":\"https:\/\/fuego-international.com\/AL\/wp-content\/uploads\/2025\/03\/32EL600T.jpg\",\"width\":1000,\"height\":1000},{\"@type\":\"BreadcrumbList\",\"@id\":\"https:\/\/fuego-international.com\/AL\/?product=tv-fuego-32el600t#breadcrumb\",\"itemListElement\":[{\"@type\":\"ListItem\",\"position\":1,\"name\":\"Home\",\"item\":\"https:\/\/fuego-international.com\/AL\/\"},{\"@type\":\"ListItem\",\"position\":2,\"name\":\"Produktet\",\"item\":\"https:\/\/fuego-international.com\/AL\/?page_id=7\"},{\"@type\":\"ListItem\",\"position\":3,\"name\":\"TV FUEGO 32EL600T\"}]},{\"@type\":\"WebSite\",\"@id\":\"https:\/\/fuego-international.com\/AL\/#website\",\"url\":\"https:\/\/fuego-international.com\/AL\/\",\"name\":\"Fuego\",\"description\":\"\",\"potentialAction\":[{\"@type\":\"SearchAction\",\"target\":{\"@type\":\"EntryPoint\",\"urlTemplate\":\"https:\/\/fuego-international.com\/AL\/?s={search_term_string}\"},\"query-input\":{\"@type\":\"PropertyValueSpecification\",\"valueRequired\":true,\"valueName\":\"search_term_string\"}}],\"inLanguage\":\"sq\"}]}<\/script>\n<!-- \/ Yoast SEO Premium plugin. -->","yoast_head_json":{"title":"TV FUEGO 32EL600T - Fuego","robots":{"index":"index","follow":"follow","max-snippet":"max-snippet:-1","max-image-preview":"max-image-preview:large","max-video-preview":"max-video-preview:-1"},"canonical":"https:\/\/fuego-international.com\/AL\/?product=tv-fuego-32el600t","og_locale":"sq_AL","og_type":"article","og_title":"TV FUEGO 32EL600T","og_description":"Dalje Optikale: Coaxial  Konsumi Maksimal (Watt): 56  Konsumi Standby (Watt): 0.5  Stema ekologjike: G  Permasat me mbajtese (GjxLxTh) (cm): 73.2 x 47.7 x 21.2  Permasat pa mbajtese (GjxLxTh) (cm):  Pesha me mbajtese (kg): 5.4  Pesha pa mbajtese (kg): 4  Garanci Shtese: GA0038-2990 LEK  Garancia normale: 24  Ean Code: 2074141185900  Sistemi: THJESHTE  Marka: FUEGO  Permasa [inch]: 32\"  Paneli: LED  Definicioni: HD  Frekuenca [Hz]: -  Kontrasti: 1000 :1  Teknologjia 3D: JO  Smart TV: JO  Sistemi Operativ: -  DLNA: -  Wireless: -  Bluetooth: -  Audio: 2 x 10 W  Marresi: DVB-T\/T2\/C  Moduli: CI+  HDMI \/ USB: PO  Komponent: -  Kompozit (AV): PO  Skart: PO  Ethernet: JO","og_url":"https:\/\/fuego-international.com\/AL\/?product=tv-fuego-32el600t","og_site_name":"Fuego","article_modified_time":"2025-04-04T22:31:55+00:00","og_image":[{"width":1000,"height":1000,"url":"https:\/\/fuego-international.com\/AL\/wp-content\/uploads\/2025\/03\/32EL600T.jpg","type":"image\/jpeg"}],"twitter_card":"summary_large_image","twitter_misc":{"Est. reading time":"1 minut\u00eb"},"schema":{"@context":"https:\/\/schema.org","@graph":[{"@type":"WebPage","@id":"https:\/\/fuego-international.com\/AL\/?product=tv-fuego-32el600t","url":"https:\/\/fuego-international.com\/AL\/?product=tv-fuego-32el600t","name":"TV FUEGO 32EL600T - Fuego","isPartOf":{"@id":"https:\/\/fuego-international.com\/AL\/#website"},"primaryImageOfPage":{"@id":"https:\/\/fuego-international.com\/AL\/?product=tv-fuego-32el600t#primaryimage"},"image":{"@id":"https:\/\/fuego-international.com\/AL\/?product=tv-fuego-32el600t#primaryimage"},"thumbnailUrl":"https:\/\/fuego-international.com\/AL\/wp-content\/uploads\/2025\/03\/32EL600T.jpg","datePublished":"2025-03-25T06:24:28+00:00","dateModified":"2025-04-04T22:31:55+00:00","breadcrumb":{"@id":"https:\/\/fuego-international.com\/AL\/?product=tv-fuego-32el600t#breadcrumb"},"inLanguage":"sq","potentialAction":[{"@type":"ReadAction","target":["https:\/\/fuego-international.com\/AL\/?product=tv-fuego-32el600t"]}]},{"@type":"ImageObject","inLanguage":"sq","@id":"https:\/\/fuego-international.com\/AL\/?product=tv-fuego-32el600t#primaryimage","url":"https:\/\/fuego-international.com\/AL\/wp-content\/uploads\/2025\/03\/32EL600T.jpg","contentUrl":"https:\/\/fuego-international.com\/AL\/wp-content\/uploads\/2025\/03\/32EL600T.jpg","width":1000,"height":1000},{"@type":"BreadcrumbList","@id":"https:\/\/fuego-international.com\/AL\/?product=tv-fuego-32el600t#breadcrumb","itemListElement":[{"@type":"ListItem","position":1,"name":"Home","item":"https:\/\/fuego-international.com\/AL\/"},{"@type":"ListItem","position":2,"name":"Produktet","item":"https:\/\/fuego-international.com\/AL\/?page_id=7"},{"@type":"ListItem","position":3,"name":"TV FUEGO 32EL600T"}]},{"@type":"WebSite","@id":"https:\/\/fuego-international.com\/AL\/#website","url":"https:\/\/fuego-international.com\/AL\/","name":"Fuego","description":"","potentialAction":[{"@type":"SearchAction","target":{"@type":"EntryPoint","urlTemplate":"https:\/\/fuego-international.com\/AL\/?s={search_term_string}"},"query-input":{"@type":"PropertyValueSpecification","valueRequired":true,"valueName":"search_term_string"}}],"inLanguage":"sq"}]}},"_links":{"self":[{"href":"https:\/\/fuego-international.com\/AL\/index.php?rest_route=\/wp\/v2\/product\/10122","targetHints":{"allow":["GET"]}}],"collection":[{"href":"https:\/\/fuego-international.com\/AL\/index.php?rest_route=\/wp\/v2\/product"}],"about":[{"href":"https:\/\/fuego-international.com\/AL\/index.php?rest_route=\/wp\/v2\/types\/product"}],"replies":[{"embeddable":true,"href":"https:\/\/fuego-international.com\/AL\/index.php?rest_route=%2Fwp%2Fv2%2Fcomments&post=10122"}],"wp:featuredmedia":[{"embeddable":true,"href":"https:\/\/fuego-international.com\/AL\/index.php?rest_route=\/wp\/v2\/media\/11014"}],"wp:attachment":[{"href":"https:\/\/fuego-international.com\/AL\/index.php?rest_route=%2Fwp%2Fv2%2Fmedia&parent=10122"}],"wp:term":[{"taxonomy":"product_brand","embeddable":true,"href":"https:\/\/fuego-international.com\/AL\/index.php?rest_route=%2Fwp%2Fv2%2Fproduct_brand&post=10122"},{"taxonomy":"product_cat","embeddable":true,"href":"https:\/\/fuego-international.com\/AL\/index.php?rest_route=%2Fwp%2Fv2%2Fproduct_cat&post=10122"},{"taxonomy":"product_tag","embeddable":true,"href":"https:\/\/fuego-international.com\/AL\/index.php?rest_route=%2Fwp%2Fv2%2Fproduct_tag&post=10122"}],"curies":[{"name":"wp","href":"https:\/\/api.w.org\/{rel}","templated":true}]}}