{"id":10076,"date":"2025-03-25T06:24:15","date_gmt":"2025-03-25T06:24:15","guid":{"rendered":"https:\/\/fuego-international.com\/AL\/produkt\/ngrohese-fuego-fh15\/"},"modified":"2025-04-04T21:33:32","modified_gmt":"2025-04-04T20:33:32","slug":"ngrohese-fuego-fh15","status":"publish","type":"product","link":"https:\/\/fuego-international.com\/AL\/?product=ngrohese-fuego-fh15","title":{"rendered":"NGROHESE FUEGO FH15"},"content":{"rendered":"<p>NGROHESE FUEGO FH15<\/p>\n","protected":false},"excerpt":{"rendered":"<ul>\n<li><strong>Fuqia:<\/strong> 1000W dhe 2000W, me dy nivele t\u00eb rregullueshme t\u00eb nxeht\u00ebsis\u00eb.<\/li>\n<li><strong>Termostat i rregulluesh\u00ebm:<\/strong> mund\u00ebson kontrollin e sakt\u00eb t\u00eb temperatur\u00ebs s\u00eb d\u00ebshiruar.<\/li>\n<li><strong>Funksioni i ventilimit:<\/strong> pajisja mund t\u00eb p\u00ebrdoret edhe p\u00ebr ventilim me aj\u00ebr t\u00eb ftoht\u00eb.<\/li>\n<li><strong>Mbrojtje nga mbinxehja:<\/strong> sistemi i integruar siguron mbrojtje kund\u00ebr mbinxehjes.<\/li>\n<li><strong>Drit\u00eb treguese:<\/strong> tregon statusin e funksionimit t\u00eb pajisjes.<\/li>\n<\/ul>\n","protected":false},"featured_media":10754,"comment_status":"closed","ping_status":"closed","template":"","meta":[],"product_brand":[],"product_cat":[210],"product_tag":[],"class_list":{"0":"post-10076","1":"product","2":"type-product","3":"status-publish","4":"has-post-thumbnail","6":"product_cat-ngrohese","8":"first","9":"instock","10":"product-type-simple"},"yoast_head":"<!-- This site is optimized with the Yoast SEO Premium plugin v24.8 (Yoast SEO v24.8.1) - https:\/\/yoast.com\/wordpress\/plugins\/seo\/ -->\n<title>NGROHESE FUEGO FH15 - Fuego<\/title>\n<meta name=\"robots\" content=\"index, follow, max-snippet:-1, max-image-preview:large, max-video-preview:-1\" \/>\n<link rel=\"canonical\" href=\"https:\/\/fuego-international.com\/AL\/?product=ngrohese-fuego-fh15\" \/>\n<meta property=\"og:locale\" content=\"sq_AL\" \/>\n<meta property=\"og:type\" content=\"article\" \/>\n<meta property=\"og:title\" content=\"NGROHESE FUEGO FH15\" \/>\n<meta property=\"og:description\" content=\"Fuqia: 1000W dhe 2000W, me dy nivele t\u00eb rregullueshme t\u00eb nxeht\u00ebsis\u00eb.  Termostat i rregulluesh\u00ebm: mund\u00ebson kontrollin e sakt\u00eb t\u00eb temperatur\u00ebs s\u00eb d\u00ebshiruar.  Funksioni i ventilimit: pajisja mund t\u00eb p\u00ebrdoret edhe p\u00ebr ventilim me aj\u00ebr t\u00eb ftoht\u00eb.  Mbrojtje nga mbinxehja: sistemi i integruar siguron mbrojtje kund\u00ebr mbinxehjes.  Drit\u00eb treguese: tregon statusin e funksionimit t\u00eb pajisjes.\" \/>\n<meta property=\"og:url\" content=\"https:\/\/fuego-international.com\/AL\/?product=ngrohese-fuego-fh15\" \/>\n<meta property=\"og:site_name\" content=\"Fuego\" \/>\n<meta property=\"article:modified_time\" content=\"2025-04-04T20:33:32+00:00\" \/>\n<meta property=\"og:image\" content=\"https:\/\/fuego-international.com\/AL\/wp-content\/uploads\/2025\/03\/FH-15.jpg\" \/>\n\t<meta property=\"og:image:width\" content=\"1000\" \/>\n\t<meta property=\"og:image:height\" content=\"1000\" \/>\n\t<meta property=\"og:image:type\" content=\"image\/jpeg\" \/>\n<meta name=\"twitter:card\" content=\"summary_large_image\" \/>\n<script type=\"application\/ld+json\" class=\"yoast-schema-graph\">{\"@context\":\"https:\/\/schema.org\",\"@graph\":[{\"@type\":\"WebPage\",\"@id\":\"https:\/\/fuego-international.com\/AL\/?product=ngrohese-fuego-fh15\",\"url\":\"https:\/\/fuego-international.com\/AL\/?product=ngrohese-fuego-fh15\",\"name\":\"NGROHESE FUEGO FH15 - Fuego\",\"isPartOf\":{\"@id\":\"https:\/\/fuego-international.com\/AL\/#website\"},\"primaryImageOfPage\":{\"@id\":\"https:\/\/fuego-international.com\/AL\/?product=ngrohese-fuego-fh15#primaryimage\"},\"image\":{\"@id\":\"https:\/\/fuego-international.com\/AL\/?product=ngrohese-fuego-fh15#primaryimage\"},\"thumbnailUrl\":\"https:\/\/fuego-international.com\/AL\/wp-content\/uploads\/2025\/03\/FH-15.jpg\",\"datePublished\":\"2025-03-25T06:24:15+00:00\",\"dateModified\":\"2025-04-04T20:33:32+00:00\",\"breadcrumb\":{\"@id\":\"https:\/\/fuego-international.com\/AL\/?product=ngrohese-fuego-fh15#breadcrumb\"},\"inLanguage\":\"sq\",\"potentialAction\":[{\"@type\":\"ReadAction\",\"target\":[\"https:\/\/fuego-international.com\/AL\/?product=ngrohese-fuego-fh15\"]}]},{\"@type\":\"ImageObject\",\"inLanguage\":\"sq\",\"@id\":\"https:\/\/fuego-international.com\/AL\/?product=ngrohese-fuego-fh15#primaryimage\",\"url\":\"https:\/\/fuego-international.com\/AL\/wp-content\/uploads\/2025\/03\/FH-15.jpg\",\"contentUrl\":\"https:\/\/fuego-international.com\/AL\/wp-content\/uploads\/2025\/03\/FH-15.jpg\",\"width\":1000,\"height\":1000},{\"@type\":\"BreadcrumbList\",\"@id\":\"https:\/\/fuego-international.com\/AL\/?product=ngrohese-fuego-fh15#breadcrumb\",\"itemListElement\":[{\"@type\":\"ListItem\",\"position\":1,\"name\":\"Home\",\"item\":\"https:\/\/fuego-international.com\/AL\/\"},{\"@type\":\"ListItem\",\"position\":2,\"name\":\"Produktet\",\"item\":\"https:\/\/fuego-international.com\/AL\/?page_id=7\"},{\"@type\":\"ListItem\",\"position\":3,\"name\":\"NGROHESE FUEGO FH15\"}]},{\"@type\":\"WebSite\",\"@id\":\"https:\/\/fuego-international.com\/AL\/#website\",\"url\":\"https:\/\/fuego-international.com\/AL\/\",\"name\":\"Fuego\",\"description\":\"\",\"potentialAction\":[{\"@type\":\"SearchAction\",\"target\":{\"@type\":\"EntryPoint\",\"urlTemplate\":\"https:\/\/fuego-international.com\/AL\/?s={search_term_string}\"},\"query-input\":{\"@type\":\"PropertyValueSpecification\",\"valueRequired\":true,\"valueName\":\"search_term_string\"}}],\"inLanguage\":\"sq\"}]}<\/script>\n<!-- \/ Yoast SEO Premium plugin. -->","yoast_head_json":{"title":"NGROHESE FUEGO FH15 - Fuego","robots":{"index":"index","follow":"follow","max-snippet":"max-snippet:-1","max-image-preview":"max-image-preview:large","max-video-preview":"max-video-preview:-1"},"canonical":"https:\/\/fuego-international.com\/AL\/?product=ngrohese-fuego-fh15","og_locale":"sq_AL","og_type":"article","og_title":"NGROHESE FUEGO FH15","og_description":"Fuqia: 1000W dhe 2000W, me dy nivele t\u00eb rregullueshme t\u00eb nxeht\u00ebsis\u00eb.  Termostat i rregulluesh\u00ebm: mund\u00ebson kontrollin e sakt\u00eb t\u00eb temperatur\u00ebs s\u00eb d\u00ebshiruar.  Funksioni i ventilimit: pajisja mund t\u00eb p\u00ebrdoret edhe p\u00ebr ventilim me aj\u00ebr t\u00eb ftoht\u00eb.  Mbrojtje nga mbinxehja: sistemi i integruar siguron mbrojtje kund\u00ebr mbinxehjes.  Drit\u00eb treguese: tregon statusin e funksionimit t\u00eb pajisjes.","og_url":"https:\/\/fuego-international.com\/AL\/?product=ngrohese-fuego-fh15","og_site_name":"Fuego","article_modified_time":"2025-04-04T20:33:32+00:00","og_image":[{"width":1000,"height":1000,"url":"https:\/\/fuego-international.com\/AL\/wp-content\/uploads\/2025\/03\/FH-15.jpg","type":"image\/jpeg"}],"twitter_card":"summary_large_image","schema":{"@context":"https:\/\/schema.org","@graph":[{"@type":"WebPage","@id":"https:\/\/fuego-international.com\/AL\/?product=ngrohese-fuego-fh15","url":"https:\/\/fuego-international.com\/AL\/?product=ngrohese-fuego-fh15","name":"NGROHESE FUEGO FH15 - Fuego","isPartOf":{"@id":"https:\/\/fuego-international.com\/AL\/#website"},"primaryImageOfPage":{"@id":"https:\/\/fuego-international.com\/AL\/?product=ngrohese-fuego-fh15#primaryimage"},"image":{"@id":"https:\/\/fuego-international.com\/AL\/?product=ngrohese-fuego-fh15#primaryimage"},"thumbnailUrl":"https:\/\/fuego-international.com\/AL\/wp-content\/uploads\/2025\/03\/FH-15.jpg","datePublished":"2025-03-25T06:24:15+00:00","dateModified":"2025-04-04T20:33:32+00:00","breadcrumb":{"@id":"https:\/\/fuego-international.com\/AL\/?product=ngrohese-fuego-fh15#breadcrumb"},"inLanguage":"sq","potentialAction":[{"@type":"ReadAction","target":["https:\/\/fuego-international.com\/AL\/?product=ngrohese-fuego-fh15"]}]},{"@type":"ImageObject","inLanguage":"sq","@id":"https:\/\/fuego-international.com\/AL\/?product=ngrohese-fuego-fh15#primaryimage","url":"https:\/\/fuego-international.com\/AL\/wp-content\/uploads\/2025\/03\/FH-15.jpg","contentUrl":"https:\/\/fuego-international.com\/AL\/wp-content\/uploads\/2025\/03\/FH-15.jpg","width":1000,"height":1000},{"@type":"BreadcrumbList","@id":"https:\/\/fuego-international.com\/AL\/?product=ngrohese-fuego-fh15#breadcrumb","itemListElement":[{"@type":"ListItem","position":1,"name":"Home","item":"https:\/\/fuego-international.com\/AL\/"},{"@type":"ListItem","position":2,"name":"Produktet","item":"https:\/\/fuego-international.com\/AL\/?page_id=7"},{"@type":"ListItem","position":3,"name":"NGROHESE FUEGO FH15"}]},{"@type":"WebSite","@id":"https:\/\/fuego-international.com\/AL\/#website","url":"https:\/\/fuego-international.com\/AL\/","name":"Fuego","description":"","potentialAction":[{"@type":"SearchAction","target":{"@type":"EntryPoint","urlTemplate":"https:\/\/fuego-international.com\/AL\/?s={search_term_string}"},"query-input":{"@type":"PropertyValueSpecification","valueRequired":true,"valueName":"search_term_string"}}],"inLanguage":"sq"}]}},"_links":{"self":[{"href":"https:\/\/fuego-international.com\/AL\/index.php?rest_route=\/wp\/v2\/product\/10076","targetHints":{"allow":["GET"]}}],"collection":[{"href":"https:\/\/fuego-international.com\/AL\/index.php?rest_route=\/wp\/v2\/product"}],"about":[{"href":"https:\/\/fuego-international.com\/AL\/index.php?rest_route=\/wp\/v2\/types\/product"}],"replies":[{"embeddable":true,"href":"https:\/\/fuego-international.com\/AL\/index.php?rest_route=%2Fwp%2Fv2%2Fcomments&post=10076"}],"wp:featuredmedia":[{"embeddable":true,"href":"https:\/\/fuego-international.com\/AL\/index.php?rest_route=\/wp\/v2\/media\/10754"}],"wp:attachment":[{"href":"https:\/\/fuego-international.com\/AL\/index.php?rest_route=%2Fwp%2Fv2%2Fmedia&parent=10076"}],"wp:term":[{"taxonomy":"product_brand","embeddable":true,"href":"https:\/\/fuego-international.com\/AL\/index.php?rest_route=%2Fwp%2Fv2%2Fproduct_brand&post=10076"},{"taxonomy":"product_cat","embeddable":true,"href":"https:\/\/fuego-international.com\/AL\/index.php?rest_route=%2Fwp%2Fv2%2Fproduct_cat&post=10076"},{"taxonomy":"product_tag","embeddable":true,"href":"https:\/\/fuego-international.com\/AL\/index.php?rest_route=%2Fwp%2Fv2%2Fproduct_tag&post=10076"}],"curies":[{"name":"wp","href":"https:\/\/api.w.org\/{rel}","templated":true}]}}