{"id":10058,"date":"2025-03-25T06:24:03","date_gmt":"2025-03-25T06:24:03","guid":{"rendered":"https:\/\/fuego-international.com\/AL\/produkt\/kalorifer-fuego-oh52-13fw\/"},"modified":"2025-04-04T21:21:30","modified_gmt":"2025-04-04T20:21:30","slug":"kalorifer-fuego-oh52-13fw","status":"publish","type":"product","link":"https:\/\/fuego-international.com\/AL\/?product=kalorifer-fuego-oh52-13fw","title":{"rendered":"KALORIFER FUEGO OH52-13FW"},"content":{"rendered":"<p>KALORIFER FUEGO OH52-13FW<\/p>\n","protected":false},"excerpt":{"rendered":"<ul>\n<li><strong>Fuqia:<\/strong> 2500 W<\/li>\n<li><strong>Numri i elementeve:<\/strong> 13<\/li>\n<li><strong>Rregullator i temperatur\u00ebs:<\/strong> Po<\/li>\n<li><strong>Mbrotje nga mbinxehja:<\/strong> Po<\/li>\n<li><strong>Mbajt\u00ebs p\u00ebr bartje m\u00eb t\u00eb leht\u00eb:<\/strong> Po<\/li>\n<li><strong>Dimensionet (H x G x D):<\/strong> 62 x 16 x 65.5 cm<\/li>\n<li><strong>Ngjyra:<\/strong> E bardh\u00eb<\/li>\n<li><strong>Garancia normale:<\/strong> 12 muaj<\/li>\n<li><strong>EAN Code:<\/strong> 7900000140948<\/li>\n<\/ul>\n","protected":false},"featured_media":10761,"comment_status":"closed","ping_status":"closed","template":"","meta":[],"product_brand":[],"product_cat":[205],"product_tag":[],"class_list":{"0":"post-10058","1":"product","2":"type-product","3":"status-publish","4":"has-post-thumbnail","6":"product_cat-kalorifer","8":"first","9":"instock","10":"product-type-simple"},"yoast_head":"<!-- This site is optimized with the Yoast SEO Premium plugin v24.8 (Yoast SEO v24.8.1) - https:\/\/yoast.com\/wordpress\/plugins\/seo\/ -->\n<title>KALORIFER FUEGO OH52-13FW - Fuego<\/title>\n<meta name=\"robots\" content=\"index, follow, max-snippet:-1, max-image-preview:large, max-video-preview:-1\" \/>\n<link rel=\"canonical\" href=\"https:\/\/fuego-international.com\/AL\/?product=kalorifer-fuego-oh52-13fw\" \/>\n<meta property=\"og:locale\" content=\"sq_AL\" \/>\n<meta property=\"og:type\" content=\"article\" \/>\n<meta property=\"og:title\" content=\"KALORIFER FUEGO OH52-13FW\" \/>\n<meta property=\"og:description\" content=\"Fuqia: 2500 W  Numri i elementeve: 13  Rregullator i temperatur\u00ebs: Po  Mbrotje nga mbinxehja: Po  Mbajt\u00ebs p\u00ebr bartje m\u00eb t\u00eb leht\u00eb: Po  Dimensionet (H x G x D): 62 x 16 x 65.5 cm  Ngjyra: E bardh\u00eb  Garancia normale: 12 muaj  EAN Code: 7900000140948\" \/>\n<meta property=\"og:url\" content=\"https:\/\/fuego-international.com\/AL\/?product=kalorifer-fuego-oh52-13fw\" \/>\n<meta property=\"og:site_name\" content=\"Fuego\" \/>\n<meta property=\"article:modified_time\" content=\"2025-04-04T20:21:30+00:00\" \/>\n<meta property=\"og:image\" content=\"https:\/\/fuego-international.com\/AL\/wp-content\/uploads\/2025\/03\/OH52-13FW.jpg\" \/>\n\t<meta property=\"og:image:width\" content=\"1000\" \/>\n\t<meta property=\"og:image:height\" content=\"1000\" \/>\n\t<meta property=\"og:image:type\" content=\"image\/jpeg\" \/>\n<meta name=\"twitter:card\" content=\"summary_large_image\" \/>\n<script type=\"application\/ld+json\" class=\"yoast-schema-graph\">{\"@context\":\"https:\/\/schema.org\",\"@graph\":[{\"@type\":\"WebPage\",\"@id\":\"https:\/\/fuego-international.com\/AL\/?product=kalorifer-fuego-oh52-13fw\",\"url\":\"https:\/\/fuego-international.com\/AL\/?product=kalorifer-fuego-oh52-13fw\",\"name\":\"KALORIFER FUEGO OH52-13FW - Fuego\",\"isPartOf\":{\"@id\":\"https:\/\/fuego-international.com\/AL\/#website\"},\"primaryImageOfPage\":{\"@id\":\"https:\/\/fuego-international.com\/AL\/?product=kalorifer-fuego-oh52-13fw#primaryimage\"},\"image\":{\"@id\":\"https:\/\/fuego-international.com\/AL\/?product=kalorifer-fuego-oh52-13fw#primaryimage\"},\"thumbnailUrl\":\"https:\/\/fuego-international.com\/AL\/wp-content\/uploads\/2025\/03\/OH52-13FW.jpg\",\"datePublished\":\"2025-03-25T06:24:03+00:00\",\"dateModified\":\"2025-04-04T20:21:30+00:00\",\"breadcrumb\":{\"@id\":\"https:\/\/fuego-international.com\/AL\/?product=kalorifer-fuego-oh52-13fw#breadcrumb\"},\"inLanguage\":\"sq\",\"potentialAction\":[{\"@type\":\"ReadAction\",\"target\":[\"https:\/\/fuego-international.com\/AL\/?product=kalorifer-fuego-oh52-13fw\"]}]},{\"@type\":\"ImageObject\",\"inLanguage\":\"sq\",\"@id\":\"https:\/\/fuego-international.com\/AL\/?product=kalorifer-fuego-oh52-13fw#primaryimage\",\"url\":\"https:\/\/fuego-international.com\/AL\/wp-content\/uploads\/2025\/03\/OH52-13FW.jpg\",\"contentUrl\":\"https:\/\/fuego-international.com\/AL\/wp-content\/uploads\/2025\/03\/OH52-13FW.jpg\",\"width\":1000,\"height\":1000},{\"@type\":\"BreadcrumbList\",\"@id\":\"https:\/\/fuego-international.com\/AL\/?product=kalorifer-fuego-oh52-13fw#breadcrumb\",\"itemListElement\":[{\"@type\":\"ListItem\",\"position\":1,\"name\":\"Home\",\"item\":\"https:\/\/fuego-international.com\/AL\/\"},{\"@type\":\"ListItem\",\"position\":2,\"name\":\"Produktet\",\"item\":\"https:\/\/fuego-international.com\/AL\/?page_id=7\"},{\"@type\":\"ListItem\",\"position\":3,\"name\":\"KALORIFER FUEGO OH52-13FW\"}]},{\"@type\":\"WebSite\",\"@id\":\"https:\/\/fuego-international.com\/AL\/#website\",\"url\":\"https:\/\/fuego-international.com\/AL\/\",\"name\":\"Fuego\",\"description\":\"\",\"potentialAction\":[{\"@type\":\"SearchAction\",\"target\":{\"@type\":\"EntryPoint\",\"urlTemplate\":\"https:\/\/fuego-international.com\/AL\/?s={search_term_string}\"},\"query-input\":{\"@type\":\"PropertyValueSpecification\",\"valueRequired\":true,\"valueName\":\"search_term_string\"}}],\"inLanguage\":\"sq\"}]}<\/script>\n<!-- \/ Yoast SEO Premium plugin. -->","yoast_head_json":{"title":"KALORIFER FUEGO OH52-13FW - Fuego","robots":{"index":"index","follow":"follow","max-snippet":"max-snippet:-1","max-image-preview":"max-image-preview:large","max-video-preview":"max-video-preview:-1"},"canonical":"https:\/\/fuego-international.com\/AL\/?product=kalorifer-fuego-oh52-13fw","og_locale":"sq_AL","og_type":"article","og_title":"KALORIFER FUEGO OH52-13FW","og_description":"Fuqia: 2500 W  Numri i elementeve: 13  Rregullator i temperatur\u00ebs: Po  Mbrotje nga mbinxehja: Po  Mbajt\u00ebs p\u00ebr bartje m\u00eb t\u00eb leht\u00eb: Po  Dimensionet (H x G x D): 62 x 16 x 65.5 cm  Ngjyra: E bardh\u00eb  Garancia normale: 12 muaj  EAN Code: 7900000140948","og_url":"https:\/\/fuego-international.com\/AL\/?product=kalorifer-fuego-oh52-13fw","og_site_name":"Fuego","article_modified_time":"2025-04-04T20:21:30+00:00","og_image":[{"width":1000,"height":1000,"url":"https:\/\/fuego-international.com\/AL\/wp-content\/uploads\/2025\/03\/OH52-13FW.jpg","type":"image\/jpeg"}],"twitter_card":"summary_large_image","schema":{"@context":"https:\/\/schema.org","@graph":[{"@type":"WebPage","@id":"https:\/\/fuego-international.com\/AL\/?product=kalorifer-fuego-oh52-13fw","url":"https:\/\/fuego-international.com\/AL\/?product=kalorifer-fuego-oh52-13fw","name":"KALORIFER FUEGO OH52-13FW - Fuego","isPartOf":{"@id":"https:\/\/fuego-international.com\/AL\/#website"},"primaryImageOfPage":{"@id":"https:\/\/fuego-international.com\/AL\/?product=kalorifer-fuego-oh52-13fw#primaryimage"},"image":{"@id":"https:\/\/fuego-international.com\/AL\/?product=kalorifer-fuego-oh52-13fw#primaryimage"},"thumbnailUrl":"https:\/\/fuego-international.com\/AL\/wp-content\/uploads\/2025\/03\/OH52-13FW.jpg","datePublished":"2025-03-25T06:24:03+00:00","dateModified":"2025-04-04T20:21:30+00:00","breadcrumb":{"@id":"https:\/\/fuego-international.com\/AL\/?product=kalorifer-fuego-oh52-13fw#breadcrumb"},"inLanguage":"sq","potentialAction":[{"@type":"ReadAction","target":["https:\/\/fuego-international.com\/AL\/?product=kalorifer-fuego-oh52-13fw"]}]},{"@type":"ImageObject","inLanguage":"sq","@id":"https:\/\/fuego-international.com\/AL\/?product=kalorifer-fuego-oh52-13fw#primaryimage","url":"https:\/\/fuego-international.com\/AL\/wp-content\/uploads\/2025\/03\/OH52-13FW.jpg","contentUrl":"https:\/\/fuego-international.com\/AL\/wp-content\/uploads\/2025\/03\/OH52-13FW.jpg","width":1000,"height":1000},{"@type":"BreadcrumbList","@id":"https:\/\/fuego-international.com\/AL\/?product=kalorifer-fuego-oh52-13fw#breadcrumb","itemListElement":[{"@type":"ListItem","position":1,"name":"Home","item":"https:\/\/fuego-international.com\/AL\/"},{"@type":"ListItem","position":2,"name":"Produktet","item":"https:\/\/fuego-international.com\/AL\/?page_id=7"},{"@type":"ListItem","position":3,"name":"KALORIFER FUEGO OH52-13FW"}]},{"@type":"WebSite","@id":"https:\/\/fuego-international.com\/AL\/#website","url":"https:\/\/fuego-international.com\/AL\/","name":"Fuego","description":"","potentialAction":[{"@type":"SearchAction","target":{"@type":"EntryPoint","urlTemplate":"https:\/\/fuego-international.com\/AL\/?s={search_term_string}"},"query-input":{"@type":"PropertyValueSpecification","valueRequired":true,"valueName":"search_term_string"}}],"inLanguage":"sq"}]}},"_links":{"self":[{"href":"https:\/\/fuego-international.com\/AL\/index.php?rest_route=\/wp\/v2\/product\/10058","targetHints":{"allow":["GET"]}}],"collection":[{"href":"https:\/\/fuego-international.com\/AL\/index.php?rest_route=\/wp\/v2\/product"}],"about":[{"href":"https:\/\/fuego-international.com\/AL\/index.php?rest_route=\/wp\/v2\/types\/product"}],"replies":[{"embeddable":true,"href":"https:\/\/fuego-international.com\/AL\/index.php?rest_route=%2Fwp%2Fv2%2Fcomments&post=10058"}],"wp:featuredmedia":[{"embeddable":true,"href":"https:\/\/fuego-international.com\/AL\/index.php?rest_route=\/wp\/v2\/media\/10761"}],"wp:attachment":[{"href":"https:\/\/fuego-international.com\/AL\/index.php?rest_route=%2Fwp%2Fv2%2Fmedia&parent=10058"}],"wp:term":[{"taxonomy":"product_brand","embeddable":true,"href":"https:\/\/fuego-international.com\/AL\/index.php?rest_route=%2Fwp%2Fv2%2Fproduct_brand&post=10058"},{"taxonomy":"product_cat","embeddable":true,"href":"https:\/\/fuego-international.com\/AL\/index.php?rest_route=%2Fwp%2Fv2%2Fproduct_cat&post=10058"},{"taxonomy":"product_tag","embeddable":true,"href":"https:\/\/fuego-international.com\/AL\/index.php?rest_route=%2Fwp%2Fv2%2Fproduct_tag&post=10058"}],"curies":[{"name":"wp","href":"https:\/\/api.w.org\/{rel}","templated":true}]}}