{"id":10036,"date":"2025-03-25T06:24:03","date_gmt":"2025-03-25T06:24:03","guid":{"rendered":"https:\/\/fuego-international.com\/AL\/produkt\/ibrik-fuego-t-807\/"},"modified":"2025-04-04T21:57:51","modified_gmt":"2025-04-04T20:57:51","slug":"ibrik-fuego-t-807","status":"publish","type":"product","link":"https:\/\/fuego-international.com\/AL\/?product=ibrik-fuego-t-807","title":{"rendered":"IBRIK FUEGO T-807"},"content":{"rendered":"<p>IBRIK FUEGO T-807<\/p>\n","protected":false},"excerpt":{"rendered":"<ul>\n<li><strong>Fuqia:<\/strong> 2200 W<\/li>\n<li><strong>Kapaciteti:<\/strong> 1.7 L<\/li>\n<li><strong>Materiali:<\/strong> Plastik\u00eb<\/li>\n<li><strong>Pa kabell:<\/strong> Po<\/li>\n<li><strong>Indikator p\u00ebr nivelin e ujit:<\/strong> Po<\/li>\n<li><strong>Baz\u00eb e rrotullueshme:<\/strong> Po<\/li>\n<li><strong>Garancia normale:<\/strong> 12 muaj<\/li>\n<li><strong>EAN Code:<\/strong> 7900000133346<\/li>\n<\/ul>\n","protected":false},"featured_media":10791,"comment_status":"closed","ping_status":"closed","template":"","meta":[],"product_brand":[],"product_cat":[202],"product_tag":[],"class_list":{"0":"post-10036","1":"product","2":"type-product","3":"status-publish","4":"has-post-thumbnail","6":"product_cat-ibrike","8":"first","9":"instock","10":"product-type-simple"},"yoast_head":"<!-- This site is optimized with the Yoast SEO Premium plugin v24.8 (Yoast SEO v24.8.1) - https:\/\/yoast.com\/wordpress\/plugins\/seo\/ -->\n<title>IBRIK FUEGO T-807 - Fuego<\/title>\n<meta name=\"robots\" content=\"index, follow, max-snippet:-1, max-image-preview:large, max-video-preview:-1\" \/>\n<link rel=\"canonical\" href=\"https:\/\/fuego-international.com\/AL\/?product=ibrik-fuego-t-807\" \/>\n<meta property=\"og:locale\" content=\"sq_AL\" \/>\n<meta property=\"og:type\" content=\"article\" \/>\n<meta property=\"og:title\" content=\"IBRIK FUEGO T-807\" \/>\n<meta property=\"og:description\" content=\"Fuqia: 2200 W  Kapaciteti: 1.7 L  Materiali: Plastik\u00eb  Pa kabell: Po  Indikator p\u00ebr nivelin e ujit: Po  Baz\u00eb e rrotullueshme: Po  Garancia normale: 12 muaj  EAN Code: 7900000133346\" \/>\n<meta property=\"og:url\" content=\"https:\/\/fuego-international.com\/AL\/?product=ibrik-fuego-t-807\" \/>\n<meta property=\"og:site_name\" content=\"Fuego\" \/>\n<meta property=\"article:modified_time\" content=\"2025-04-04T20:57:51+00:00\" \/>\n<meta property=\"og:image\" content=\"https:\/\/fuego-international.com\/AL\/wp-content\/uploads\/2025\/03\/T-807.jpg\" \/>\n\t<meta property=\"og:image:width\" content=\"1000\" \/>\n\t<meta property=\"og:image:height\" content=\"1000\" \/>\n\t<meta property=\"og:image:type\" content=\"image\/jpeg\" \/>\n<meta name=\"twitter:card\" content=\"summary_large_image\" \/>\n<script type=\"application\/ld+json\" class=\"yoast-schema-graph\">{\"@context\":\"https:\/\/schema.org\",\"@graph\":[{\"@type\":\"WebPage\",\"@id\":\"https:\/\/fuego-international.com\/AL\/?product=ibrik-fuego-t-807\",\"url\":\"https:\/\/fuego-international.com\/AL\/?product=ibrik-fuego-t-807\",\"name\":\"IBRIK FUEGO T-807 - Fuego\",\"isPartOf\":{\"@id\":\"https:\/\/fuego-international.com\/AL\/#website\"},\"primaryImageOfPage\":{\"@id\":\"https:\/\/fuego-international.com\/AL\/?product=ibrik-fuego-t-807#primaryimage\"},\"image\":{\"@id\":\"https:\/\/fuego-international.com\/AL\/?product=ibrik-fuego-t-807#primaryimage\"},\"thumbnailUrl\":\"https:\/\/fuego-international.com\/AL\/wp-content\/uploads\/2025\/03\/T-807.jpg\",\"datePublished\":\"2025-03-25T06:24:03+00:00\",\"dateModified\":\"2025-04-04T20:57:51+00:00\",\"breadcrumb\":{\"@id\":\"https:\/\/fuego-international.com\/AL\/?product=ibrik-fuego-t-807#breadcrumb\"},\"inLanguage\":\"sq\",\"potentialAction\":[{\"@type\":\"ReadAction\",\"target\":[\"https:\/\/fuego-international.com\/AL\/?product=ibrik-fuego-t-807\"]}]},{\"@type\":\"ImageObject\",\"inLanguage\":\"sq\",\"@id\":\"https:\/\/fuego-international.com\/AL\/?product=ibrik-fuego-t-807#primaryimage\",\"url\":\"https:\/\/fuego-international.com\/AL\/wp-content\/uploads\/2025\/03\/T-807.jpg\",\"contentUrl\":\"https:\/\/fuego-international.com\/AL\/wp-content\/uploads\/2025\/03\/T-807.jpg\",\"width\":1000,\"height\":1000},{\"@type\":\"BreadcrumbList\",\"@id\":\"https:\/\/fuego-international.com\/AL\/?product=ibrik-fuego-t-807#breadcrumb\",\"itemListElement\":[{\"@type\":\"ListItem\",\"position\":1,\"name\":\"Home\",\"item\":\"https:\/\/fuego-international.com\/AL\/\"},{\"@type\":\"ListItem\",\"position\":2,\"name\":\"Produktet\",\"item\":\"https:\/\/fuego-international.com\/AL\/?page_id=7\"},{\"@type\":\"ListItem\",\"position\":3,\"name\":\"IBRIK FUEGO T-807\"}]},{\"@type\":\"WebSite\",\"@id\":\"https:\/\/fuego-international.com\/AL\/#website\",\"url\":\"https:\/\/fuego-international.com\/AL\/\",\"name\":\"Fuego\",\"description\":\"\",\"potentialAction\":[{\"@type\":\"SearchAction\",\"target\":{\"@type\":\"EntryPoint\",\"urlTemplate\":\"https:\/\/fuego-international.com\/AL\/?s={search_term_string}\"},\"query-input\":{\"@type\":\"PropertyValueSpecification\",\"valueRequired\":true,\"valueName\":\"search_term_string\"}}],\"inLanguage\":\"sq\"}]}<\/script>\n<!-- \/ Yoast SEO Premium plugin. -->","yoast_head_json":{"title":"IBRIK FUEGO T-807 - Fuego","robots":{"index":"index","follow":"follow","max-snippet":"max-snippet:-1","max-image-preview":"max-image-preview:large","max-video-preview":"max-video-preview:-1"},"canonical":"https:\/\/fuego-international.com\/AL\/?product=ibrik-fuego-t-807","og_locale":"sq_AL","og_type":"article","og_title":"IBRIK FUEGO T-807","og_description":"Fuqia: 2200 W  Kapaciteti: 1.7 L  Materiali: Plastik\u00eb  Pa kabell: Po  Indikator p\u00ebr nivelin e ujit: Po  Baz\u00eb e rrotullueshme: Po  Garancia normale: 12 muaj  EAN Code: 7900000133346","og_url":"https:\/\/fuego-international.com\/AL\/?product=ibrik-fuego-t-807","og_site_name":"Fuego","article_modified_time":"2025-04-04T20:57:51+00:00","og_image":[{"width":1000,"height":1000,"url":"https:\/\/fuego-international.com\/AL\/wp-content\/uploads\/2025\/03\/T-807.jpg","type":"image\/jpeg"}],"twitter_card":"summary_large_image","schema":{"@context":"https:\/\/schema.org","@graph":[{"@type":"WebPage","@id":"https:\/\/fuego-international.com\/AL\/?product=ibrik-fuego-t-807","url":"https:\/\/fuego-international.com\/AL\/?product=ibrik-fuego-t-807","name":"IBRIK FUEGO T-807 - Fuego","isPartOf":{"@id":"https:\/\/fuego-international.com\/AL\/#website"},"primaryImageOfPage":{"@id":"https:\/\/fuego-international.com\/AL\/?product=ibrik-fuego-t-807#primaryimage"},"image":{"@id":"https:\/\/fuego-international.com\/AL\/?product=ibrik-fuego-t-807#primaryimage"},"thumbnailUrl":"https:\/\/fuego-international.com\/AL\/wp-content\/uploads\/2025\/03\/T-807.jpg","datePublished":"2025-03-25T06:24:03+00:00","dateModified":"2025-04-04T20:57:51+00:00","breadcrumb":{"@id":"https:\/\/fuego-international.com\/AL\/?product=ibrik-fuego-t-807#breadcrumb"},"inLanguage":"sq","potentialAction":[{"@type":"ReadAction","target":["https:\/\/fuego-international.com\/AL\/?product=ibrik-fuego-t-807"]}]},{"@type":"ImageObject","inLanguage":"sq","@id":"https:\/\/fuego-international.com\/AL\/?product=ibrik-fuego-t-807#primaryimage","url":"https:\/\/fuego-international.com\/AL\/wp-content\/uploads\/2025\/03\/T-807.jpg","contentUrl":"https:\/\/fuego-international.com\/AL\/wp-content\/uploads\/2025\/03\/T-807.jpg","width":1000,"height":1000},{"@type":"BreadcrumbList","@id":"https:\/\/fuego-international.com\/AL\/?product=ibrik-fuego-t-807#breadcrumb","itemListElement":[{"@type":"ListItem","position":1,"name":"Home","item":"https:\/\/fuego-international.com\/AL\/"},{"@type":"ListItem","position":2,"name":"Produktet","item":"https:\/\/fuego-international.com\/AL\/?page_id=7"},{"@type":"ListItem","position":3,"name":"IBRIK FUEGO T-807"}]},{"@type":"WebSite","@id":"https:\/\/fuego-international.com\/AL\/#website","url":"https:\/\/fuego-international.com\/AL\/","name":"Fuego","description":"","potentialAction":[{"@type":"SearchAction","target":{"@type":"EntryPoint","urlTemplate":"https:\/\/fuego-international.com\/AL\/?s={search_term_string}"},"query-input":{"@type":"PropertyValueSpecification","valueRequired":true,"valueName":"search_term_string"}}],"inLanguage":"sq"}]}},"_links":{"self":[{"href":"https:\/\/fuego-international.com\/AL\/index.php?rest_route=\/wp\/v2\/product\/10036","targetHints":{"allow":["GET"]}}],"collection":[{"href":"https:\/\/fuego-international.com\/AL\/index.php?rest_route=\/wp\/v2\/product"}],"about":[{"href":"https:\/\/fuego-international.com\/AL\/index.php?rest_route=\/wp\/v2\/types\/product"}],"replies":[{"embeddable":true,"href":"https:\/\/fuego-international.com\/AL\/index.php?rest_route=%2Fwp%2Fv2%2Fcomments&post=10036"}],"wp:featuredmedia":[{"embeddable":true,"href":"https:\/\/fuego-international.com\/AL\/index.php?rest_route=\/wp\/v2\/media\/10791"}],"wp:attachment":[{"href":"https:\/\/fuego-international.com\/AL\/index.php?rest_route=%2Fwp%2Fv2%2Fmedia&parent=10036"}],"wp:term":[{"taxonomy":"product_brand","embeddable":true,"href":"https:\/\/fuego-international.com\/AL\/index.php?rest_route=%2Fwp%2Fv2%2Fproduct_brand&post=10036"},{"taxonomy":"product_cat","embeddable":true,"href":"https:\/\/fuego-international.com\/AL\/index.php?rest_route=%2Fwp%2Fv2%2Fproduct_cat&post=10036"},{"taxonomy":"product_tag","embeddable":true,"href":"https:\/\/fuego-international.com\/AL\/index.php?rest_route=%2Fwp%2Fv2%2Fproduct_tag&post=10036"}],"curies":[{"name":"wp","href":"https:\/\/api.w.org\/{rel}","templated":true}]}}