{"id":10022,"date":"2025-03-25T06:23:45","date_gmt":"2025-03-25T06:23:45","guid":{"rendered":"https:\/\/fuego-international.com\/AL\/produkt\/grile-fuego-zm-902b\/"},"modified":"2025-04-04T21:38:28","modified_gmt":"2025-04-04T20:38:28","slug":"grile-fuego-zm-902b","status":"publish","type":"product","link":"https:\/\/fuego-international.com\/AL\/?product=grile-fuego-zm-902b","title":{"rendered":"GRILE FUEGO ZM-902B"},"content":{"rendered":"","protected":false},"excerpt":{"rendered":"<ul>\n<li><strong>Fuqia:<\/strong> 2200W<\/li>\n<li><strong>Temperatura maksimale:<\/strong> 180\u00b0C<\/li>\n<li><strong>P\u00ebrmasat e sip\u00ebrfaqes s\u00eb gatimit:<\/strong> 29 x 24 cm<\/li>\n<li><strong>Sip\u00ebrfaqja e gatimit:<\/strong> Me veshje jo ngjit\u00ebse<\/li>\n<li><strong>Materiali i trupit:<\/strong> \u00c7elik inox<\/li>\n<li><strong>Kontrolli i temperatur\u00ebs:<\/strong> I rregulluesh\u00ebm<\/li>\n<li><strong>Drit\u00eb treguese:<\/strong> Po<\/li>\n<li><strong>Dor\u00ebza izoluese nga nxeht\u00ebsia:<\/strong> Po<\/li>\n<li><strong>Tensioni:<\/strong> 220-240V<\/li>\n<li><strong>Frekvenca:<\/strong> 50\/60Hz<\/li>\n<li><strong>Garancia normale:<\/strong> 12 muaj<\/li>\n<\/ul>\n","protected":false},"featured_media":10787,"comment_status":"closed","ping_status":"closed","template":"","meta":[],"product_brand":[],"product_cat":[199],"product_tag":[],"class_list":{"0":"post-10022","1":"product","2":"type-product","3":"status-publish","4":"has-post-thumbnail","6":"product_cat-zgare-elektrike","8":"first","9":"instock","10":"product-type-simple"},"yoast_head":"<!-- This site is optimized with the Yoast SEO Premium plugin v24.8 (Yoast SEO v24.8.1) - https:\/\/yoast.com\/wordpress\/plugins\/seo\/ -->\n<title>GRILE FUEGO ZM-902B - Fuego<\/title>\n<meta name=\"robots\" content=\"index, follow, max-snippet:-1, max-image-preview:large, max-video-preview:-1\" \/>\n<link rel=\"canonical\" href=\"https:\/\/fuego-international.com\/AL\/?product=grile-fuego-zm-902b\" \/>\n<meta property=\"og:locale\" content=\"sq_AL\" \/>\n<meta property=\"og:type\" content=\"article\" \/>\n<meta property=\"og:title\" content=\"GRILE FUEGO ZM-902B\" \/>\n<meta property=\"og:description\" content=\"Fuqia: 2200W  Temperatura maksimale: 180\u00b0C  P\u00ebrmasat e sip\u00ebrfaqes s\u00eb gatimit: 29 x 24 cm  Sip\u00ebrfaqja e gatimit: Me veshje jo ngjit\u00ebse  Materiali i trupit: \u00c7elik inox  Kontrolli i temperatur\u00ebs: I rregulluesh\u00ebm  Drit\u00eb treguese: Po  Dor\u00ebza izoluese nga nxeht\u00ebsia: Po  Tensioni: 220-240V  Frekvenca: 50\/60Hz  Garancia normale: 12 muaj\" \/>\n<meta property=\"og:url\" content=\"https:\/\/fuego-international.com\/AL\/?product=grile-fuego-zm-902b\" \/>\n<meta property=\"og:site_name\" content=\"Fuego\" \/>\n<meta property=\"article:modified_time\" content=\"2025-04-04T20:38:28+00:00\" \/>\n<meta property=\"og:image\" content=\"https:\/\/fuego-international.com\/AL\/wp-content\/uploads\/2025\/03\/ZM-902B.jpg\" \/>\n\t<meta property=\"og:image:width\" content=\"1000\" \/>\n\t<meta property=\"og:image:height\" content=\"1000\" \/>\n\t<meta property=\"og:image:type\" content=\"image\/jpeg\" \/>\n<meta name=\"twitter:card\" content=\"summary_large_image\" \/>\n<script type=\"application\/ld+json\" class=\"yoast-schema-graph\">{\"@context\":\"https:\/\/schema.org\",\"@graph\":[{\"@type\":\"WebPage\",\"@id\":\"https:\/\/fuego-international.com\/AL\/?product=grile-fuego-zm-902b\",\"url\":\"https:\/\/fuego-international.com\/AL\/?product=grile-fuego-zm-902b\",\"name\":\"GRILE FUEGO ZM-902B - Fuego\",\"isPartOf\":{\"@id\":\"https:\/\/fuego-international.com\/AL\/#website\"},\"primaryImageOfPage\":{\"@id\":\"https:\/\/fuego-international.com\/AL\/?product=grile-fuego-zm-902b#primaryimage\"},\"image\":{\"@id\":\"https:\/\/fuego-international.com\/AL\/?product=grile-fuego-zm-902b#primaryimage\"},\"thumbnailUrl\":\"https:\/\/fuego-international.com\/AL\/wp-content\/uploads\/2025\/03\/ZM-902B.jpg\",\"datePublished\":\"2025-03-25T06:23:45+00:00\",\"dateModified\":\"2025-04-04T20:38:28+00:00\",\"breadcrumb\":{\"@id\":\"https:\/\/fuego-international.com\/AL\/?product=grile-fuego-zm-902b#breadcrumb\"},\"inLanguage\":\"sq\",\"potentialAction\":[{\"@type\":\"ReadAction\",\"target\":[\"https:\/\/fuego-international.com\/AL\/?product=grile-fuego-zm-902b\"]}]},{\"@type\":\"ImageObject\",\"inLanguage\":\"sq\",\"@id\":\"https:\/\/fuego-international.com\/AL\/?product=grile-fuego-zm-902b#primaryimage\",\"url\":\"https:\/\/fuego-international.com\/AL\/wp-content\/uploads\/2025\/03\/ZM-902B.jpg\",\"contentUrl\":\"https:\/\/fuego-international.com\/AL\/wp-content\/uploads\/2025\/03\/ZM-902B.jpg\",\"width\":1000,\"height\":1000},{\"@type\":\"BreadcrumbList\",\"@id\":\"https:\/\/fuego-international.com\/AL\/?product=grile-fuego-zm-902b#breadcrumb\",\"itemListElement\":[{\"@type\":\"ListItem\",\"position\":1,\"name\":\"Home\",\"item\":\"https:\/\/fuego-international.com\/AL\/\"},{\"@type\":\"ListItem\",\"position\":2,\"name\":\"Produktet\",\"item\":\"https:\/\/fuego-international.com\/AL\/?page_id=7\"},{\"@type\":\"ListItem\",\"position\":3,\"name\":\"GRILE FUEGO ZM-902B\"}]},{\"@type\":\"WebSite\",\"@id\":\"https:\/\/fuego-international.com\/AL\/#website\",\"url\":\"https:\/\/fuego-international.com\/AL\/\",\"name\":\"Fuego\",\"description\":\"\",\"potentialAction\":[{\"@type\":\"SearchAction\",\"target\":{\"@type\":\"EntryPoint\",\"urlTemplate\":\"https:\/\/fuego-international.com\/AL\/?s={search_term_string}\"},\"query-input\":{\"@type\":\"PropertyValueSpecification\",\"valueRequired\":true,\"valueName\":\"search_term_string\"}}],\"inLanguage\":\"sq\"}]}<\/script>\n<!-- \/ Yoast SEO Premium plugin. -->","yoast_head_json":{"title":"GRILE FUEGO ZM-902B - Fuego","robots":{"index":"index","follow":"follow","max-snippet":"max-snippet:-1","max-image-preview":"max-image-preview:large","max-video-preview":"max-video-preview:-1"},"canonical":"https:\/\/fuego-international.com\/AL\/?product=grile-fuego-zm-902b","og_locale":"sq_AL","og_type":"article","og_title":"GRILE FUEGO ZM-902B","og_description":"Fuqia: 2200W  Temperatura maksimale: 180\u00b0C  P\u00ebrmasat e sip\u00ebrfaqes s\u00eb gatimit: 29 x 24 cm  Sip\u00ebrfaqja e gatimit: Me veshje jo ngjit\u00ebse  Materiali i trupit: \u00c7elik inox  Kontrolli i temperatur\u00ebs: I rregulluesh\u00ebm  Drit\u00eb treguese: Po  Dor\u00ebza izoluese nga nxeht\u00ebsia: Po  Tensioni: 220-240V  Frekvenca: 50\/60Hz  Garancia normale: 12 muaj","og_url":"https:\/\/fuego-international.com\/AL\/?product=grile-fuego-zm-902b","og_site_name":"Fuego","article_modified_time":"2025-04-04T20:38:28+00:00","og_image":[{"width":1000,"height":1000,"url":"https:\/\/fuego-international.com\/AL\/wp-content\/uploads\/2025\/03\/ZM-902B.jpg","type":"image\/jpeg"}],"twitter_card":"summary_large_image","schema":{"@context":"https:\/\/schema.org","@graph":[{"@type":"WebPage","@id":"https:\/\/fuego-international.com\/AL\/?product=grile-fuego-zm-902b","url":"https:\/\/fuego-international.com\/AL\/?product=grile-fuego-zm-902b","name":"GRILE FUEGO ZM-902B - Fuego","isPartOf":{"@id":"https:\/\/fuego-international.com\/AL\/#website"},"primaryImageOfPage":{"@id":"https:\/\/fuego-international.com\/AL\/?product=grile-fuego-zm-902b#primaryimage"},"image":{"@id":"https:\/\/fuego-international.com\/AL\/?product=grile-fuego-zm-902b#primaryimage"},"thumbnailUrl":"https:\/\/fuego-international.com\/AL\/wp-content\/uploads\/2025\/03\/ZM-902B.jpg","datePublished":"2025-03-25T06:23:45+00:00","dateModified":"2025-04-04T20:38:28+00:00","breadcrumb":{"@id":"https:\/\/fuego-international.com\/AL\/?product=grile-fuego-zm-902b#breadcrumb"},"inLanguage":"sq","potentialAction":[{"@type":"ReadAction","target":["https:\/\/fuego-international.com\/AL\/?product=grile-fuego-zm-902b"]}]},{"@type":"ImageObject","inLanguage":"sq","@id":"https:\/\/fuego-international.com\/AL\/?product=grile-fuego-zm-902b#primaryimage","url":"https:\/\/fuego-international.com\/AL\/wp-content\/uploads\/2025\/03\/ZM-902B.jpg","contentUrl":"https:\/\/fuego-international.com\/AL\/wp-content\/uploads\/2025\/03\/ZM-902B.jpg","width":1000,"height":1000},{"@type":"BreadcrumbList","@id":"https:\/\/fuego-international.com\/AL\/?product=grile-fuego-zm-902b#breadcrumb","itemListElement":[{"@type":"ListItem","position":1,"name":"Home","item":"https:\/\/fuego-international.com\/AL\/"},{"@type":"ListItem","position":2,"name":"Produktet","item":"https:\/\/fuego-international.com\/AL\/?page_id=7"},{"@type":"ListItem","position":3,"name":"GRILE FUEGO ZM-902B"}]},{"@type":"WebSite","@id":"https:\/\/fuego-international.com\/AL\/#website","url":"https:\/\/fuego-international.com\/AL\/","name":"Fuego","description":"","potentialAction":[{"@type":"SearchAction","target":{"@type":"EntryPoint","urlTemplate":"https:\/\/fuego-international.com\/AL\/?s={search_term_string}"},"query-input":{"@type":"PropertyValueSpecification","valueRequired":true,"valueName":"search_term_string"}}],"inLanguage":"sq"}]}},"_links":{"self":[{"href":"https:\/\/fuego-international.com\/AL\/index.php?rest_route=\/wp\/v2\/product\/10022","targetHints":{"allow":["GET"]}}],"collection":[{"href":"https:\/\/fuego-international.com\/AL\/index.php?rest_route=\/wp\/v2\/product"}],"about":[{"href":"https:\/\/fuego-international.com\/AL\/index.php?rest_route=\/wp\/v2\/types\/product"}],"replies":[{"embeddable":true,"href":"https:\/\/fuego-international.com\/AL\/index.php?rest_route=%2Fwp%2Fv2%2Fcomments&post=10022"}],"wp:featuredmedia":[{"embeddable":true,"href":"https:\/\/fuego-international.com\/AL\/index.php?rest_route=\/wp\/v2\/media\/10787"}],"wp:attachment":[{"href":"https:\/\/fuego-international.com\/AL\/index.php?rest_route=%2Fwp%2Fv2%2Fmedia&parent=10022"}],"wp:term":[{"taxonomy":"product_brand","embeddable":true,"href":"https:\/\/fuego-international.com\/AL\/index.php?rest_route=%2Fwp%2Fv2%2Fproduct_brand&post=10022"},{"taxonomy":"product_cat","embeddable":true,"href":"https:\/\/fuego-international.com\/AL\/index.php?rest_route=%2Fwp%2Fv2%2Fproduct_cat&post=10022"},{"taxonomy":"product_tag","embeddable":true,"href":"https:\/\/fuego-international.com\/AL\/index.php?rest_route=%2Fwp%2Fv2%2Fproduct_tag&post=10022"}],"curies":[{"name":"wp","href":"https:\/\/api.w.org\/{rel}","templated":true}]}}