{"id":10020,"date":"2025-03-25T06:23:45","date_gmt":"2025-03-25T06:23:45","guid":{"rendered":"https:\/\/fuego-international.com\/AL\/produkt\/toster-fuego-zm-707c\/"},"modified":"2025-04-04T21:40:37","modified_gmt":"2025-04-04T20:40:37","slug":"toster-fuego-zm-707c","status":"publish","type":"product","link":"https:\/\/fuego-international.com\/AL\/?product=toster-fuego-zm-707c","title":{"rendered":"TOSTER FUEGO ZM-707C"},"content":{"rendered":"","protected":false},"excerpt":{"rendered":"<ul>\n<li><strong>Fuqia:<\/strong> 750W<\/li>\n<li><strong>Materiali i pllakave:<\/strong> Pllak\u00eb q\u00eb nuk ngjet<\/li>\n<li><strong>Drit\u00eb treguese:<\/strong> Po<\/li>\n<li><strong>Dor\u00ebza t\u00eb izoluara:<\/strong> Po<\/li>\n<li><strong>Ngjyra:<\/strong> E zez\u00eb &amp; Inox<\/li>\n<\/ul>\n","protected":false},"featured_media":10833,"comment_status":"closed","ping_status":"closed","template":"","meta":[],"product_brand":[],"product_cat":[199],"product_tag":[],"class_list":{"0":"post-10020","1":"product","2":"type-product","3":"status-publish","4":"has-post-thumbnail","6":"product_cat-zgare-elektrike","8":"first","9":"instock","10":"product-type-simple"},"yoast_head":"<!-- This site is optimized with the Yoast SEO Premium plugin v24.8 (Yoast SEO v24.8.1) - https:\/\/yoast.com\/wordpress\/plugins\/seo\/ -->\n<title>TOSTER FUEGO ZM-707C - Fuego<\/title>\n<meta name=\"robots\" content=\"index, follow, max-snippet:-1, max-image-preview:large, max-video-preview:-1\" \/>\n<link rel=\"canonical\" href=\"https:\/\/fuego-international.com\/AL\/?product=toster-fuego-zm-707c\" \/>\n<meta property=\"og:locale\" content=\"sq_AL\" \/>\n<meta property=\"og:type\" content=\"article\" \/>\n<meta property=\"og:title\" content=\"TOSTER FUEGO ZM-707C\" \/>\n<meta property=\"og:description\" content=\"Fuqia: 750W  Materiali i pllakave: Pllak\u00eb q\u00eb nuk ngjet  Drit\u00eb treguese: Po  Dor\u00ebza t\u00eb izoluara: Po  Ngjyra: E zez\u00eb &amp; Inox\" \/>\n<meta property=\"og:url\" content=\"https:\/\/fuego-international.com\/AL\/?product=toster-fuego-zm-707c\" \/>\n<meta property=\"og:site_name\" content=\"Fuego\" \/>\n<meta property=\"article:modified_time\" content=\"2025-04-04T20:40:37+00:00\" \/>\n<meta property=\"og:image\" content=\"https:\/\/fuego-international.com\/AL\/wp-content\/uploads\/2025\/03\/Y-8801.jpg\" \/>\n\t<meta property=\"og:image:width\" content=\"1000\" \/>\n\t<meta property=\"og:image:height\" content=\"1000\" \/>\n\t<meta property=\"og:image:type\" content=\"image\/jpeg\" \/>\n<meta name=\"twitter:card\" content=\"summary_large_image\" \/>\n<script type=\"application\/ld+json\" class=\"yoast-schema-graph\">{\"@context\":\"https:\/\/schema.org\",\"@graph\":[{\"@type\":\"WebPage\",\"@id\":\"https:\/\/fuego-international.com\/AL\/?product=toster-fuego-zm-707c\",\"url\":\"https:\/\/fuego-international.com\/AL\/?product=toster-fuego-zm-707c\",\"name\":\"TOSTER FUEGO ZM-707C - Fuego\",\"isPartOf\":{\"@id\":\"https:\/\/fuego-international.com\/AL\/#website\"},\"primaryImageOfPage\":{\"@id\":\"https:\/\/fuego-international.com\/AL\/?product=toster-fuego-zm-707c#primaryimage\"},\"image\":{\"@id\":\"https:\/\/fuego-international.com\/AL\/?product=toster-fuego-zm-707c#primaryimage\"},\"thumbnailUrl\":\"https:\/\/fuego-international.com\/AL\/wp-content\/uploads\/2025\/03\/Y-8801.jpg\",\"datePublished\":\"2025-03-25T06:23:45+00:00\",\"dateModified\":\"2025-04-04T20:40:37+00:00\",\"breadcrumb\":{\"@id\":\"https:\/\/fuego-international.com\/AL\/?product=toster-fuego-zm-707c#breadcrumb\"},\"inLanguage\":\"sq\",\"potentialAction\":[{\"@type\":\"ReadAction\",\"target\":[\"https:\/\/fuego-international.com\/AL\/?product=toster-fuego-zm-707c\"]}]},{\"@type\":\"ImageObject\",\"inLanguage\":\"sq\",\"@id\":\"https:\/\/fuego-international.com\/AL\/?product=toster-fuego-zm-707c#primaryimage\",\"url\":\"https:\/\/fuego-international.com\/AL\/wp-content\/uploads\/2025\/03\/Y-8801.jpg\",\"contentUrl\":\"https:\/\/fuego-international.com\/AL\/wp-content\/uploads\/2025\/03\/Y-8801.jpg\",\"width\":1000,\"height\":1000},{\"@type\":\"BreadcrumbList\",\"@id\":\"https:\/\/fuego-international.com\/AL\/?product=toster-fuego-zm-707c#breadcrumb\",\"itemListElement\":[{\"@type\":\"ListItem\",\"position\":1,\"name\":\"Home\",\"item\":\"https:\/\/fuego-international.com\/AL\/\"},{\"@type\":\"ListItem\",\"position\":2,\"name\":\"Produktet\",\"item\":\"https:\/\/fuego-international.com\/AL\/?page_id=7\"},{\"@type\":\"ListItem\",\"position\":3,\"name\":\"TOSTER FUEGO ZM-707C\"}]},{\"@type\":\"WebSite\",\"@id\":\"https:\/\/fuego-international.com\/AL\/#website\",\"url\":\"https:\/\/fuego-international.com\/AL\/\",\"name\":\"Fuego\",\"description\":\"\",\"potentialAction\":[{\"@type\":\"SearchAction\",\"target\":{\"@type\":\"EntryPoint\",\"urlTemplate\":\"https:\/\/fuego-international.com\/AL\/?s={search_term_string}\"},\"query-input\":{\"@type\":\"PropertyValueSpecification\",\"valueRequired\":true,\"valueName\":\"search_term_string\"}}],\"inLanguage\":\"sq\"}]}<\/script>\n<!-- \/ Yoast SEO Premium plugin. -->","yoast_head_json":{"title":"TOSTER FUEGO ZM-707C - Fuego","robots":{"index":"index","follow":"follow","max-snippet":"max-snippet:-1","max-image-preview":"max-image-preview:large","max-video-preview":"max-video-preview:-1"},"canonical":"https:\/\/fuego-international.com\/AL\/?product=toster-fuego-zm-707c","og_locale":"sq_AL","og_type":"article","og_title":"TOSTER FUEGO ZM-707C","og_description":"Fuqia: 750W  Materiali i pllakave: Pllak\u00eb q\u00eb nuk ngjet  Drit\u00eb treguese: Po  Dor\u00ebza t\u00eb izoluara: Po  Ngjyra: E zez\u00eb &amp; Inox","og_url":"https:\/\/fuego-international.com\/AL\/?product=toster-fuego-zm-707c","og_site_name":"Fuego","article_modified_time":"2025-04-04T20:40:37+00:00","og_image":[{"width":1000,"height":1000,"url":"https:\/\/fuego-international.com\/AL\/wp-content\/uploads\/2025\/03\/Y-8801.jpg","type":"image\/jpeg"}],"twitter_card":"summary_large_image","schema":{"@context":"https:\/\/schema.org","@graph":[{"@type":"WebPage","@id":"https:\/\/fuego-international.com\/AL\/?product=toster-fuego-zm-707c","url":"https:\/\/fuego-international.com\/AL\/?product=toster-fuego-zm-707c","name":"TOSTER FUEGO ZM-707C - Fuego","isPartOf":{"@id":"https:\/\/fuego-international.com\/AL\/#website"},"primaryImageOfPage":{"@id":"https:\/\/fuego-international.com\/AL\/?product=toster-fuego-zm-707c#primaryimage"},"image":{"@id":"https:\/\/fuego-international.com\/AL\/?product=toster-fuego-zm-707c#primaryimage"},"thumbnailUrl":"https:\/\/fuego-international.com\/AL\/wp-content\/uploads\/2025\/03\/Y-8801.jpg","datePublished":"2025-03-25T06:23:45+00:00","dateModified":"2025-04-04T20:40:37+00:00","breadcrumb":{"@id":"https:\/\/fuego-international.com\/AL\/?product=toster-fuego-zm-707c#breadcrumb"},"inLanguage":"sq","potentialAction":[{"@type":"ReadAction","target":["https:\/\/fuego-international.com\/AL\/?product=toster-fuego-zm-707c"]}]},{"@type":"ImageObject","inLanguage":"sq","@id":"https:\/\/fuego-international.com\/AL\/?product=toster-fuego-zm-707c#primaryimage","url":"https:\/\/fuego-international.com\/AL\/wp-content\/uploads\/2025\/03\/Y-8801.jpg","contentUrl":"https:\/\/fuego-international.com\/AL\/wp-content\/uploads\/2025\/03\/Y-8801.jpg","width":1000,"height":1000},{"@type":"BreadcrumbList","@id":"https:\/\/fuego-international.com\/AL\/?product=toster-fuego-zm-707c#breadcrumb","itemListElement":[{"@type":"ListItem","position":1,"name":"Home","item":"https:\/\/fuego-international.com\/AL\/"},{"@type":"ListItem","position":2,"name":"Produktet","item":"https:\/\/fuego-international.com\/AL\/?page_id=7"},{"@type":"ListItem","position":3,"name":"TOSTER FUEGO ZM-707C"}]},{"@type":"WebSite","@id":"https:\/\/fuego-international.com\/AL\/#website","url":"https:\/\/fuego-international.com\/AL\/","name":"Fuego","description":"","potentialAction":[{"@type":"SearchAction","target":{"@type":"EntryPoint","urlTemplate":"https:\/\/fuego-international.com\/AL\/?s={search_term_string}"},"query-input":{"@type":"PropertyValueSpecification","valueRequired":true,"valueName":"search_term_string"}}],"inLanguage":"sq"}]}},"_links":{"self":[{"href":"https:\/\/fuego-international.com\/AL\/index.php?rest_route=\/wp\/v2\/product\/10020","targetHints":{"allow":["GET"]}}],"collection":[{"href":"https:\/\/fuego-international.com\/AL\/index.php?rest_route=\/wp\/v2\/product"}],"about":[{"href":"https:\/\/fuego-international.com\/AL\/index.php?rest_route=\/wp\/v2\/types\/product"}],"replies":[{"embeddable":true,"href":"https:\/\/fuego-international.com\/AL\/index.php?rest_route=%2Fwp%2Fv2%2Fcomments&post=10020"}],"wp:featuredmedia":[{"embeddable":true,"href":"https:\/\/fuego-international.com\/AL\/index.php?rest_route=\/wp\/v2\/media\/10833"}],"wp:attachment":[{"href":"https:\/\/fuego-international.com\/AL\/index.php?rest_route=%2Fwp%2Fv2%2Fmedia&parent=10020"}],"wp:term":[{"taxonomy":"product_brand","embeddable":true,"href":"https:\/\/fuego-international.com\/AL\/index.php?rest_route=%2Fwp%2Fv2%2Fproduct_brand&post=10020"},{"taxonomy":"product_cat","embeddable":true,"href":"https:\/\/fuego-international.com\/AL\/index.php?rest_route=%2Fwp%2Fv2%2Fproduct_cat&post=10020"},{"taxonomy":"product_tag","embeddable":true,"href":"https:\/\/fuego-international.com\/AL\/index.php?rest_route=%2Fwp%2Fv2%2Fproduct_tag&post=10020"}],"curies":[{"name":"wp","href":"https:\/\/api.w.org\/{rel}","templated":true}]}}