{"id":10016,"date":"2025-03-25T06:23:45","date_gmt":"2025-03-25T06:23:45","guid":{"rendered":"https:\/\/fuego-international.com\/AL\/produkt\/fshese-fuego-xd3811a\/"},"modified":"2025-04-04T18:21:27","modified_gmt":"2025-04-04T17:21:27","slug":"fshese-fuego-xd3811a","status":"publish","type":"product","link":"https:\/\/fuego-international.com\/AL\/?product=fshese-fuego-xd3811a","title":{"rendered":"FSHESE FUEGO XD3811A"},"content":{"rendered":"<p>FSHESE FUEGO XD3811A<\/p>\n","protected":false},"excerpt":{"rendered":"<ul>\n<li><strong>Marka:<\/strong> FUEGO<\/li>\n<li><strong>Tipi:<\/strong> Fshes\u00eb Elektrike<\/li>\n<li><strong>Fuqia e motorrit:<\/strong> 2000 W<\/li>\n<li><strong>Kapaciteti i depozit\u00ebs:<\/strong> 2.5 L<\/li>\n<li><strong>Gjatesia e kordonit:<\/strong> 5 m<\/li>\n<li><strong>Lloji i depozit\u00ebs s\u00eb pluhurit:<\/strong> Qese<\/li>\n<li><strong>Niveli i zhurm\u00ebs:<\/strong> 80 dB<\/li>\n<li><strong>Rregullator i fuqis\u00eb:<\/strong> Po<\/li>\n<li><strong>Tregues p\u00ebr mbushjen e thesit:<\/strong> Po<\/li>\n<li><strong>Ngjyra:<\/strong> Blu<\/li>\n<li><strong>Garancia normale:<\/strong> 12 muaj<\/li>\n<li><strong>Funksion larje:<\/strong> Jo<\/li>\n<li><strong>Mbledhje e kordonit:<\/strong> Po<\/li>\n<\/ul>\n","protected":false},"featured_media":10723,"comment_status":"closed","ping_status":"closed","template":"","meta":[],"product_brand":[],"product_cat":[198],"product_tag":[],"class_list":{"0":"post-10016","1":"product","2":"type-product","3":"status-publish","4":"has-post-thumbnail","6":"product_cat-fshesa","8":"first","9":"instock","10":"product-type-simple"},"yoast_head":"<!-- This site is optimized with the Yoast SEO Premium plugin v24.8 (Yoast SEO v24.8.1) - https:\/\/yoast.com\/wordpress\/plugins\/seo\/ -->\n<title>FSHESE FUEGO XD3811A - Fuego<\/title>\n<meta name=\"robots\" content=\"index, follow, max-snippet:-1, max-image-preview:large, max-video-preview:-1\" \/>\n<link rel=\"canonical\" href=\"https:\/\/fuego-international.com\/AL\/?product=fshese-fuego-xd3811a\" \/>\n<meta property=\"og:locale\" content=\"sq_AL\" \/>\n<meta property=\"og:type\" content=\"article\" \/>\n<meta property=\"og:title\" content=\"FSHESE FUEGO XD3811A\" \/>\n<meta property=\"og:description\" content=\"Marka: FUEGO  Tipi: Fshes\u00eb Elektrike  Fuqia e motorrit: 2000 W  Kapaciteti i depozit\u00ebs: 2.5 L  Gjatesia e kordonit: 5 m  Lloji i depozit\u00ebs s\u00eb pluhurit: Qese  Niveli i zhurm\u00ebs: 80 dB  Rregullator i fuqis\u00eb: Po  Tregues p\u00ebr mbushjen e thesit: Po  Ngjyra: Blu  Garancia normale: 12 muaj  Funksion larje: Jo  Mbledhje e kordonit: Po\" \/>\n<meta property=\"og:url\" content=\"https:\/\/fuego-international.com\/AL\/?product=fshese-fuego-xd3811a\" \/>\n<meta property=\"og:site_name\" content=\"Fuego\" \/>\n<meta property=\"article:modified_time\" content=\"2025-04-04T17:21:27+00:00\" \/>\n<meta property=\"og:image\" content=\"https:\/\/fuego-international.com\/AL\/wp-content\/uploads\/2025\/03\/XD3811A.jpg\" \/>\n\t<meta property=\"og:image:width\" content=\"1000\" \/>\n\t<meta property=\"og:image:height\" content=\"1000\" \/>\n\t<meta property=\"og:image:type\" content=\"image\/jpeg\" \/>\n<meta name=\"twitter:card\" content=\"summary_large_image\" \/>\n<script type=\"application\/ld+json\" class=\"yoast-schema-graph\">{\"@context\":\"https:\/\/schema.org\",\"@graph\":[{\"@type\":\"WebPage\",\"@id\":\"https:\/\/fuego-international.com\/AL\/?product=fshese-fuego-xd3811a\",\"url\":\"https:\/\/fuego-international.com\/AL\/?product=fshese-fuego-xd3811a\",\"name\":\"FSHESE FUEGO XD3811A - Fuego\",\"isPartOf\":{\"@id\":\"https:\/\/fuego-international.com\/AL\/#website\"},\"primaryImageOfPage\":{\"@id\":\"https:\/\/fuego-international.com\/AL\/?product=fshese-fuego-xd3811a#primaryimage\"},\"image\":{\"@id\":\"https:\/\/fuego-international.com\/AL\/?product=fshese-fuego-xd3811a#primaryimage\"},\"thumbnailUrl\":\"https:\/\/fuego-international.com\/AL\/wp-content\/uploads\/2025\/03\/XD3811A.jpg\",\"datePublished\":\"2025-03-25T06:23:45+00:00\",\"dateModified\":\"2025-04-04T17:21:27+00:00\",\"breadcrumb\":{\"@id\":\"https:\/\/fuego-international.com\/AL\/?product=fshese-fuego-xd3811a#breadcrumb\"},\"inLanguage\":\"sq\",\"potentialAction\":[{\"@type\":\"ReadAction\",\"target\":[\"https:\/\/fuego-international.com\/AL\/?product=fshese-fuego-xd3811a\"]}]},{\"@type\":\"ImageObject\",\"inLanguage\":\"sq\",\"@id\":\"https:\/\/fuego-international.com\/AL\/?product=fshese-fuego-xd3811a#primaryimage\",\"url\":\"https:\/\/fuego-international.com\/AL\/wp-content\/uploads\/2025\/03\/XD3811A.jpg\",\"contentUrl\":\"https:\/\/fuego-international.com\/AL\/wp-content\/uploads\/2025\/03\/XD3811A.jpg\",\"width\":1000,\"height\":1000},{\"@type\":\"BreadcrumbList\",\"@id\":\"https:\/\/fuego-international.com\/AL\/?product=fshese-fuego-xd3811a#breadcrumb\",\"itemListElement\":[{\"@type\":\"ListItem\",\"position\":1,\"name\":\"Home\",\"item\":\"https:\/\/fuego-international.com\/AL\/\"},{\"@type\":\"ListItem\",\"position\":2,\"name\":\"Produktet\",\"item\":\"https:\/\/fuego-international.com\/AL\/?page_id=7\"},{\"@type\":\"ListItem\",\"position\":3,\"name\":\"FSHESE FUEGO XD3811A\"}]},{\"@type\":\"WebSite\",\"@id\":\"https:\/\/fuego-international.com\/AL\/#website\",\"url\":\"https:\/\/fuego-international.com\/AL\/\",\"name\":\"Fuego\",\"description\":\"\",\"potentialAction\":[{\"@type\":\"SearchAction\",\"target\":{\"@type\":\"EntryPoint\",\"urlTemplate\":\"https:\/\/fuego-international.com\/AL\/?s={search_term_string}\"},\"query-input\":{\"@type\":\"PropertyValueSpecification\",\"valueRequired\":true,\"valueName\":\"search_term_string\"}}],\"inLanguage\":\"sq\"}]}<\/script>\n<!-- \/ Yoast SEO Premium plugin. -->","yoast_head_json":{"title":"FSHESE FUEGO XD3811A - Fuego","robots":{"index":"index","follow":"follow","max-snippet":"max-snippet:-1","max-image-preview":"max-image-preview:large","max-video-preview":"max-video-preview:-1"},"canonical":"https:\/\/fuego-international.com\/AL\/?product=fshese-fuego-xd3811a","og_locale":"sq_AL","og_type":"article","og_title":"FSHESE FUEGO XD3811A","og_description":"Marka: FUEGO  Tipi: Fshes\u00eb Elektrike  Fuqia e motorrit: 2000 W  Kapaciteti i depozit\u00ebs: 2.5 L  Gjatesia e kordonit: 5 m  Lloji i depozit\u00ebs s\u00eb pluhurit: Qese  Niveli i zhurm\u00ebs: 80 dB  Rregullator i fuqis\u00eb: Po  Tregues p\u00ebr mbushjen e thesit: Po  Ngjyra: Blu  Garancia normale: 12 muaj  Funksion larje: Jo  Mbledhje e kordonit: Po","og_url":"https:\/\/fuego-international.com\/AL\/?product=fshese-fuego-xd3811a","og_site_name":"Fuego","article_modified_time":"2025-04-04T17:21:27+00:00","og_image":[{"width":1000,"height":1000,"url":"https:\/\/fuego-international.com\/AL\/wp-content\/uploads\/2025\/03\/XD3811A.jpg","type":"image\/jpeg"}],"twitter_card":"summary_large_image","schema":{"@context":"https:\/\/schema.org","@graph":[{"@type":"WebPage","@id":"https:\/\/fuego-international.com\/AL\/?product=fshese-fuego-xd3811a","url":"https:\/\/fuego-international.com\/AL\/?product=fshese-fuego-xd3811a","name":"FSHESE FUEGO XD3811A - Fuego","isPartOf":{"@id":"https:\/\/fuego-international.com\/AL\/#website"},"primaryImageOfPage":{"@id":"https:\/\/fuego-international.com\/AL\/?product=fshese-fuego-xd3811a#primaryimage"},"image":{"@id":"https:\/\/fuego-international.com\/AL\/?product=fshese-fuego-xd3811a#primaryimage"},"thumbnailUrl":"https:\/\/fuego-international.com\/AL\/wp-content\/uploads\/2025\/03\/XD3811A.jpg","datePublished":"2025-03-25T06:23:45+00:00","dateModified":"2025-04-04T17:21:27+00:00","breadcrumb":{"@id":"https:\/\/fuego-international.com\/AL\/?product=fshese-fuego-xd3811a#breadcrumb"},"inLanguage":"sq","potentialAction":[{"@type":"ReadAction","target":["https:\/\/fuego-international.com\/AL\/?product=fshese-fuego-xd3811a"]}]},{"@type":"ImageObject","inLanguage":"sq","@id":"https:\/\/fuego-international.com\/AL\/?product=fshese-fuego-xd3811a#primaryimage","url":"https:\/\/fuego-international.com\/AL\/wp-content\/uploads\/2025\/03\/XD3811A.jpg","contentUrl":"https:\/\/fuego-international.com\/AL\/wp-content\/uploads\/2025\/03\/XD3811A.jpg","width":1000,"height":1000},{"@type":"BreadcrumbList","@id":"https:\/\/fuego-international.com\/AL\/?product=fshese-fuego-xd3811a#breadcrumb","itemListElement":[{"@type":"ListItem","position":1,"name":"Home","item":"https:\/\/fuego-international.com\/AL\/"},{"@type":"ListItem","position":2,"name":"Produktet","item":"https:\/\/fuego-international.com\/AL\/?page_id=7"},{"@type":"ListItem","position":3,"name":"FSHESE FUEGO XD3811A"}]},{"@type":"WebSite","@id":"https:\/\/fuego-international.com\/AL\/#website","url":"https:\/\/fuego-international.com\/AL\/","name":"Fuego","description":"","potentialAction":[{"@type":"SearchAction","target":{"@type":"EntryPoint","urlTemplate":"https:\/\/fuego-international.com\/AL\/?s={search_term_string}"},"query-input":{"@type":"PropertyValueSpecification","valueRequired":true,"valueName":"search_term_string"}}],"inLanguage":"sq"}]}},"_links":{"self":[{"href":"https:\/\/fuego-international.com\/AL\/index.php?rest_route=\/wp\/v2\/product\/10016","targetHints":{"allow":["GET"]}}],"collection":[{"href":"https:\/\/fuego-international.com\/AL\/index.php?rest_route=\/wp\/v2\/product"}],"about":[{"href":"https:\/\/fuego-international.com\/AL\/index.php?rest_route=\/wp\/v2\/types\/product"}],"replies":[{"embeddable":true,"href":"https:\/\/fuego-international.com\/AL\/index.php?rest_route=%2Fwp%2Fv2%2Fcomments&post=10016"}],"wp:featuredmedia":[{"embeddable":true,"href":"https:\/\/fuego-international.com\/AL\/index.php?rest_route=\/wp\/v2\/media\/10723"}],"wp:attachment":[{"href":"https:\/\/fuego-international.com\/AL\/index.php?rest_route=%2Fwp%2Fv2%2Fmedia&parent=10016"}],"wp:term":[{"taxonomy":"product_brand","embeddable":true,"href":"https:\/\/fuego-international.com\/AL\/index.php?rest_route=%2Fwp%2Fv2%2Fproduct_brand&post=10016"},{"taxonomy":"product_cat","embeddable":true,"href":"https:\/\/fuego-international.com\/AL\/index.php?rest_route=%2Fwp%2Fv2%2Fproduct_cat&post=10016"},{"taxonomy":"product_tag","embeddable":true,"href":"https:\/\/fuego-international.com\/AL\/index.php?rest_route=%2Fwp%2Fv2%2Fproduct_tag&post=10016"}],"curies":[{"name":"wp","href":"https:\/\/api.w.org\/{rel}","templated":true}]}}