{"id":10012,"date":"2025-03-25T06:23:45","date_gmt":"2025-03-25T06:23:45","guid":{"rendered":"https:\/\/fuego-international.com\/AL\/produkt\/frigorifer-fuego-fgtm5205xnf\/"},"modified":"2025-04-04T22:31:55","modified_gmt":"2025-04-04T21:31:55","slug":"frigorifer-fuego-fgtm5205xnf","status":"publish","type":"product","link":"https:\/\/fuego-international.com\/AL\/?product=frigorifer-fuego-fgtm5205xnf","title":{"rendered":"FRIGORIFER FUEGO FGTM5205XNF"},"content":{"rendered":"<p>REFRIGERATOR FUEGO FGTM5205XNF<\/p>\n<div class=\"container\" style=\"width: 100%;\">\n<div class=\"row\">\n<div class=\"col-md-6\"><\/div>\n<div class=\"col-md-6\">\n<div class=\"text\">\n<p style=\"font-size: 17px;\">Ky frigorifer elegant dhe me kapacitet t\u00eb lart\u00eb \u00ebsht\u00eb projektuar p\u00ebr t\u00eb transformuar p\u00ebrvoj\u00ebn tuaj t\u00eb kuzhin\u00ebs me ve\u00e7orit\u00eb e tij t\u00eb avancuara dhe dizajnin elegant.<\/p>\n<p style=\"font-size: 17px;\">I pajisur me teknologjin\u00eb m\u00eb t\u00eb fundit t\u00eb ftohjes, FGTM5205XNF siguron menaxhim optimal t\u00eb temperatur\u00ebs p\u00ebr t\u00eb ruajtur freskin\u00eb e ushqimit m\u00eb gjat\u00eb. Sistemi i tij i avancuar me shum\u00eb fluks ajri ruan ftohje uniforme n\u00eb t\u00eb gjith\u00eb frigoriferin, duke i mbajtur frutat, perimet dhe pijet tuaja fresk\u00ebt m\u00eb gjat\u00eb.<\/p>\n<p style=\"font-size: 17px;\">Karakteristikat inovative si ndri\u00e7imi LED ndri\u00e7ojn\u00eb brend\u00ebsin\u00eb p\u00ebr shikueshm\u00ebri t\u00eb leht\u00eb, nd\u00ebrsa kontrollet dixhitale t\u00eb temperatur\u00ebs ofrojn\u00eb rregullime t\u00eb sakta t\u00eb temperatur\u00ebs.<\/p>\n<p style=\"font-size: 17px;\">I krijuar me nj\u00eb p\u00ebrfundim modern \u00e7elik inox dhe doreza t\u00eb hijshme, ky frigorifer shton nj\u00eb prekje t\u00eb sofistikimit n\u00eb \u00e7do dekor kuzhine. Funksionimi i tij i qet\u00eb dhe nd\u00ebrtimi i q\u00ebndruesh\u00ebm e b\u00ebjn\u00eb at\u00eb nj\u00eb zgjedhje t\u00eb besueshme p\u00ebr familjet q\u00eb k\u00ebrkojn\u00eb stil dhe funksionalitet.<\/p>\n<\/div>\n<\/div>\n<\/div>\n<\/div>\n","protected":false},"excerpt":{"rendered":"<ul>\n<li><strong>Thellesia:<\/strong> 55<\/li>\n<li><strong>Tipi i Frigoriferit:<\/strong> NGRIRES I SIPERM<\/li>\n<li><strong>Ngjyra\/Materiali:<\/strong> GRI \/ INOKS<\/li>\n<li><strong>Lloji i ftohjes:<\/strong> ME AJER<\/li>\n<li><strong>Kapaciteti total:<\/strong> 200<\/li>\n<li><strong>Zona e freskise:<\/strong> PO<\/li>\n<li><strong>Nderrimi i hapjes se deres:<\/strong> JO<\/li>\n<li><strong>Paneli i kontrollit:<\/strong> Mekanik<\/li>\n<li><strong>Opsione Ekstra:<\/strong> JO<\/li>\n<li><strong>Klasi i energjise:<\/strong> A<\/li>\n<li><strong>Mbrojtja e ushqimeve:<\/strong><\/li>\n<li><strong>Opsioni i pushimeve:<\/strong> JO<\/li>\n<li><strong>Ndricimi i brendshem:<\/strong> PO<\/li>\n<li><strong>Ftohje e shpejte:<\/strong><\/li>\n<li><strong>Kapaciteti NETO (Ngriresi\/Freskuesi):<\/strong> 205 litra<\/li>\n<li><strong>Kompresori:<\/strong> I thjeshte<\/li>\n<li><strong>Niveli i zhurmes (dBa):<\/strong><\/li>\n<li><strong>Tipi i vendosjes:<\/strong> Qendrim i lire<\/li>\n<li><strong>Garanci Shtese:<\/strong> GA0013-3990 LEK<\/li>\n<li><strong>Permasat (Gj x L x Th) (cm):<\/strong> 59.5 x 141.7 x 54.5<\/li>\n<li><strong>Materiali i rafteve:<\/strong> Xham<\/li>\n<li><strong>Garancia normale:<\/strong> 24<\/li>\n<li><strong>Ean Code:<\/strong> 7900000176183<\/li>\n<li><strong>Marka:<\/strong> FUEGO<\/li>\n<li><strong>Gjeresia:<\/strong> 60<\/li>\n<li><strong>Lartesia:<\/strong> 142<\/li>\n<\/ul>\n","protected":false},"featured_media":10897,"comment_status":"closed","ping_status":"closed","template":"","meta":[],"product_brand":[],"product_cat":[221],"product_tag":[],"class_list":{"0":"post-10012","1":"product","2":"type-product","3":"status-publish","4":"has-post-thumbnail","6":"product_cat-frigorifere","8":"first","9":"instock","10":"product-type-simple"},"yoast_head":"<!-- This site is optimized with the Yoast SEO Premium plugin v24.8 (Yoast SEO v24.8.1) - https:\/\/yoast.com\/wordpress\/plugins\/seo\/ -->\n<title>FRIGORIFER FUEGO FGTM5205XNF - Fuego<\/title>\n<meta name=\"robots\" content=\"index, follow, max-snippet:-1, max-image-preview:large, max-video-preview:-1\" \/>\n<link rel=\"canonical\" href=\"https:\/\/fuego-international.com\/AL\/?product=frigorifer-fuego-fgtm5205xnf\" \/>\n<meta property=\"og:locale\" content=\"sq_AL\" \/>\n<meta property=\"og:type\" content=\"article\" \/>\n<meta property=\"og:title\" content=\"FRIGORIFER FUEGO FGTM5205XNF\" \/>\n<meta property=\"og:description\" content=\"Thellesia: 55  Tipi i Frigoriferit: NGRIRES I SIPERM  Ngjyra\/Materiali: GRI \/ INOKS  Lloji i ftohjes: ME AJER  Kapaciteti total: 200  Zona e freskise: PO  Nderrimi i hapjes se deres: JO  Paneli i kontrollit: Mekanik  Opsione Ekstra: JO  Klasi i energjise: A  Mbrojtja e ushqimeve:  Opsioni i pushimeve: JO  Ndricimi i brendshem: PO  Ftohje e shpejte:  Kapaciteti NETO (Ngriresi\/Freskuesi): 205 litra  Kompresori: I thjeshte  Niveli i zhurmes (dBa):  Tipi i vendosjes: Qendrim i lire  Garanci Shtese: GA0013-3990 LEK  Permasat (Gj x L x Th) (cm): 59.5 x 141.7 x 54.5  Materiali i rafteve: Xham  Garancia normale: 24  Ean Code: 7900000176183  Marka: FUEGO  Gjeresia: 60  Lartesia: 142\" \/>\n<meta property=\"og:url\" content=\"https:\/\/fuego-international.com\/AL\/?product=frigorifer-fuego-fgtm5205xnf\" \/>\n<meta property=\"og:site_name\" content=\"Fuego\" \/>\n<meta property=\"article:modified_time\" content=\"2025-04-04T21:31:55+00:00\" \/>\n<meta property=\"og:image\" content=\"https:\/\/fuego-international.com\/AL\/wp-content\/uploads\/2025\/03\/FGTM5205XNF.jpg\" \/>\n\t<meta property=\"og:image:width\" content=\"1000\" \/>\n\t<meta property=\"og:image:height\" content=\"1000\" \/>\n\t<meta property=\"og:image:type\" content=\"image\/jpeg\" \/>\n<meta name=\"twitter:card\" content=\"summary_large_image\" \/>\n<meta name=\"twitter:label1\" content=\"Est. reading time\" \/>\n\t<meta name=\"twitter:data1\" content=\"1 minut\u00eb\" \/>\n<script type=\"application\/ld+json\" class=\"yoast-schema-graph\">{\"@context\":\"https:\/\/schema.org\",\"@graph\":[{\"@type\":\"WebPage\",\"@id\":\"https:\/\/fuego-international.com\/AL\/?product=frigorifer-fuego-fgtm5205xnf\",\"url\":\"https:\/\/fuego-international.com\/AL\/?product=frigorifer-fuego-fgtm5205xnf\",\"name\":\"FRIGORIFER FUEGO FGTM5205XNF - Fuego\",\"isPartOf\":{\"@id\":\"https:\/\/fuego-international.com\/AL\/#website\"},\"primaryImageOfPage\":{\"@id\":\"https:\/\/fuego-international.com\/AL\/?product=frigorifer-fuego-fgtm5205xnf#primaryimage\"},\"image\":{\"@id\":\"https:\/\/fuego-international.com\/AL\/?product=frigorifer-fuego-fgtm5205xnf#primaryimage\"},\"thumbnailUrl\":\"https:\/\/fuego-international.com\/AL\/wp-content\/uploads\/2025\/03\/FGTM5205XNF.jpg\",\"datePublished\":\"2025-03-25T06:23:45+00:00\",\"dateModified\":\"2025-04-04T21:31:55+00:00\",\"breadcrumb\":{\"@id\":\"https:\/\/fuego-international.com\/AL\/?product=frigorifer-fuego-fgtm5205xnf#breadcrumb\"},\"inLanguage\":\"sq\",\"potentialAction\":[{\"@type\":\"ReadAction\",\"target\":[\"https:\/\/fuego-international.com\/AL\/?product=frigorifer-fuego-fgtm5205xnf\"]}]},{\"@type\":\"ImageObject\",\"inLanguage\":\"sq\",\"@id\":\"https:\/\/fuego-international.com\/AL\/?product=frigorifer-fuego-fgtm5205xnf#primaryimage\",\"url\":\"https:\/\/fuego-international.com\/AL\/wp-content\/uploads\/2025\/03\/FGTM5205XNF.jpg\",\"contentUrl\":\"https:\/\/fuego-international.com\/AL\/wp-content\/uploads\/2025\/03\/FGTM5205XNF.jpg\",\"width\":1000,\"height\":1000},{\"@type\":\"BreadcrumbList\",\"@id\":\"https:\/\/fuego-international.com\/AL\/?product=frigorifer-fuego-fgtm5205xnf#breadcrumb\",\"itemListElement\":[{\"@type\":\"ListItem\",\"position\":1,\"name\":\"Home\",\"item\":\"https:\/\/fuego-international.com\/AL\/\"},{\"@type\":\"ListItem\",\"position\":2,\"name\":\"Produktet\",\"item\":\"https:\/\/fuego-international.com\/AL\/?page_id=7\"},{\"@type\":\"ListItem\",\"position\":3,\"name\":\"FRIGORIFER FUEGO FGTM5205XNF\"}]},{\"@type\":\"WebSite\",\"@id\":\"https:\/\/fuego-international.com\/AL\/#website\",\"url\":\"https:\/\/fuego-international.com\/AL\/\",\"name\":\"Fuego\",\"description\":\"\",\"potentialAction\":[{\"@type\":\"SearchAction\",\"target\":{\"@type\":\"EntryPoint\",\"urlTemplate\":\"https:\/\/fuego-international.com\/AL\/?s={search_term_string}\"},\"query-input\":{\"@type\":\"PropertyValueSpecification\",\"valueRequired\":true,\"valueName\":\"search_term_string\"}}],\"inLanguage\":\"sq\"}]}<\/script>\n<!-- \/ Yoast SEO Premium plugin. -->","yoast_head_json":{"title":"FRIGORIFER FUEGO FGTM5205XNF - Fuego","robots":{"index":"index","follow":"follow","max-snippet":"max-snippet:-1","max-image-preview":"max-image-preview:large","max-video-preview":"max-video-preview:-1"},"canonical":"https:\/\/fuego-international.com\/AL\/?product=frigorifer-fuego-fgtm5205xnf","og_locale":"sq_AL","og_type":"article","og_title":"FRIGORIFER FUEGO FGTM5205XNF","og_description":"Thellesia: 55  Tipi i Frigoriferit: NGRIRES I SIPERM  Ngjyra\/Materiali: GRI \/ INOKS  Lloji i ftohjes: ME AJER  Kapaciteti total: 200  Zona e freskise: PO  Nderrimi i hapjes se deres: JO  Paneli i kontrollit: Mekanik  Opsione Ekstra: JO  Klasi i energjise: A  Mbrojtja e ushqimeve:  Opsioni i pushimeve: JO  Ndricimi i brendshem: PO  Ftohje e shpejte:  Kapaciteti NETO (Ngriresi\/Freskuesi): 205 litra  Kompresori: I thjeshte  Niveli i zhurmes (dBa):  Tipi i vendosjes: Qendrim i lire  Garanci Shtese: GA0013-3990 LEK  Permasat (Gj x L x Th) (cm): 59.5 x 141.7 x 54.5  Materiali i rafteve: Xham  Garancia normale: 24  Ean Code: 7900000176183  Marka: FUEGO  Gjeresia: 60  Lartesia: 142","og_url":"https:\/\/fuego-international.com\/AL\/?product=frigorifer-fuego-fgtm5205xnf","og_site_name":"Fuego","article_modified_time":"2025-04-04T21:31:55+00:00","og_image":[{"width":1000,"height":1000,"url":"https:\/\/fuego-international.com\/AL\/wp-content\/uploads\/2025\/03\/FGTM5205XNF.jpg","type":"image\/jpeg"}],"twitter_card":"summary_large_image","twitter_misc":{"Est. reading time":"1 minut\u00eb"},"schema":{"@context":"https:\/\/schema.org","@graph":[{"@type":"WebPage","@id":"https:\/\/fuego-international.com\/AL\/?product=frigorifer-fuego-fgtm5205xnf","url":"https:\/\/fuego-international.com\/AL\/?product=frigorifer-fuego-fgtm5205xnf","name":"FRIGORIFER FUEGO FGTM5205XNF - Fuego","isPartOf":{"@id":"https:\/\/fuego-international.com\/AL\/#website"},"primaryImageOfPage":{"@id":"https:\/\/fuego-international.com\/AL\/?product=frigorifer-fuego-fgtm5205xnf#primaryimage"},"image":{"@id":"https:\/\/fuego-international.com\/AL\/?product=frigorifer-fuego-fgtm5205xnf#primaryimage"},"thumbnailUrl":"https:\/\/fuego-international.com\/AL\/wp-content\/uploads\/2025\/03\/FGTM5205XNF.jpg","datePublished":"2025-03-25T06:23:45+00:00","dateModified":"2025-04-04T21:31:55+00:00","breadcrumb":{"@id":"https:\/\/fuego-international.com\/AL\/?product=frigorifer-fuego-fgtm5205xnf#breadcrumb"},"inLanguage":"sq","potentialAction":[{"@type":"ReadAction","target":["https:\/\/fuego-international.com\/AL\/?product=frigorifer-fuego-fgtm5205xnf"]}]},{"@type":"ImageObject","inLanguage":"sq","@id":"https:\/\/fuego-international.com\/AL\/?product=frigorifer-fuego-fgtm5205xnf#primaryimage","url":"https:\/\/fuego-international.com\/AL\/wp-content\/uploads\/2025\/03\/FGTM5205XNF.jpg","contentUrl":"https:\/\/fuego-international.com\/AL\/wp-content\/uploads\/2025\/03\/FGTM5205XNF.jpg","width":1000,"height":1000},{"@type":"BreadcrumbList","@id":"https:\/\/fuego-international.com\/AL\/?product=frigorifer-fuego-fgtm5205xnf#breadcrumb","itemListElement":[{"@type":"ListItem","position":1,"name":"Home","item":"https:\/\/fuego-international.com\/AL\/"},{"@type":"ListItem","position":2,"name":"Produktet","item":"https:\/\/fuego-international.com\/AL\/?page_id=7"},{"@type":"ListItem","position":3,"name":"FRIGORIFER FUEGO FGTM5205XNF"}]},{"@type":"WebSite","@id":"https:\/\/fuego-international.com\/AL\/#website","url":"https:\/\/fuego-international.com\/AL\/","name":"Fuego","description":"","potentialAction":[{"@type":"SearchAction","target":{"@type":"EntryPoint","urlTemplate":"https:\/\/fuego-international.com\/AL\/?s={search_term_string}"},"query-input":{"@type":"PropertyValueSpecification","valueRequired":true,"valueName":"search_term_string"}}],"inLanguage":"sq"}]}},"_links":{"self":[{"href":"https:\/\/fuego-international.com\/AL\/index.php?rest_route=\/wp\/v2\/product\/10012","targetHints":{"allow":["GET"]}}],"collection":[{"href":"https:\/\/fuego-international.com\/AL\/index.php?rest_route=\/wp\/v2\/product"}],"about":[{"href":"https:\/\/fuego-international.com\/AL\/index.php?rest_route=\/wp\/v2\/types\/product"}],"replies":[{"embeddable":true,"href":"https:\/\/fuego-international.com\/AL\/index.php?rest_route=%2Fwp%2Fv2%2Fcomments&post=10012"}],"wp:featuredmedia":[{"embeddable":true,"href":"https:\/\/fuego-international.com\/AL\/index.php?rest_route=\/wp\/v2\/media\/10897"}],"wp:attachment":[{"href":"https:\/\/fuego-international.com\/AL\/index.php?rest_route=%2Fwp%2Fv2%2Fmedia&parent=10012"}],"wp:term":[{"taxonomy":"product_brand","embeddable":true,"href":"https:\/\/fuego-international.com\/AL\/index.php?rest_route=%2Fwp%2Fv2%2Fproduct_brand&post=10012"},{"taxonomy":"product_cat","embeddable":true,"href":"https:\/\/fuego-international.com\/AL\/index.php?rest_route=%2Fwp%2Fv2%2Fproduct_cat&post=10012"},{"taxonomy":"product_tag","embeddable":true,"href":"https:\/\/fuego-international.com\/AL\/index.php?rest_route=%2Fwp%2Fv2%2Fproduct_tag&post=10012"}],"curies":[{"name":"wp","href":"https:\/\/api.w.org\/{rel}","templated":true}]}}