{"id":332,"date":"2023-10-31T14:56:51","date_gmt":"2023-10-31T14:56:51","guid":{"rendered":"http:\/\/sw-themes.com\/porto_dummy\/?page_id=332"},"modified":"2025-03-25T08:32:41","modified_gmt":"2025-03-25T07:32:41","slug":"about-us","status":"publish","type":"page","link":"https:\/\/fuego-international.com\/AL\/?page_id=332","title":{"rendered":"RRETH NESH"},"content":{"rendered":"<div class=\"wpb-content-wrapper\"><p>[vc_row wrap_container=&#8221;yes&#8221; el_class=&#8221;z-index-1 position-relative&#8221; css=&#8221;.vc_custom_1732274138284{margin-top: 30px !important;}&#8221; conditional_render=&#8221;%5B%7B%22value_role%22%3A%22administrator%22%7D%5D&#8221; woodmart_css_id=&#8221;674067d0b482b&#8221; responsive_spacing=&#8221;eyJwYXJhbV90eXBlIjoid29vZG1hcnRfcmVzcG9uc2l2ZV9zcGFjaW5nIiwic2VsZWN0b3JfaWQiOiI2NzQwNjdkMGI0ODJiIiwic2hvcnRjb2RlIjoidmNfcm93IiwiZGF0YSI6eyJ0YWJsZXQiOnt9LCJtb2JpbGUiOnt9fX0=&#8221; mobile_bg_img_hidden=&#8221;no&#8221; tablet_bg_img_hidden=&#8221;no&#8221; woodmart_parallax=&#8221;0&#8243; woodmart_gradient_switch=&#8221;no&#8221; woodmart_box_shadow=&#8221;no&#8221; wd_z_index=&#8221;no&#8221; woodmart_disable_overflow=&#8221;0&#8243; row_reverse_mobile=&#8221;0&#8243; row_reverse_tablet=&#8221;0&#8243;][vc_column css=&#8221;.vc_custom_1732274092080{padding-top: 70px !important;padding-bottom: 70px !important;background-color: #ffffff !important;}&#8221; conditional_render=&#8221;%5B%7B%22value_role%22%3A%22administrator%22%7D%5D&#8221; el_class=&#8221;px-lg-5 mb-1&#8243; woodmart_css_id=&#8221;674067a694fb2&#8243; parallax_scroll=&#8221;no&#8221; woodmart_sticky_column=&#8221;false&#8221; wd_collapsible_content_switcher=&#8221;no&#8221; wd_column_role_offcanvas_desktop=&#8221;no&#8221; wd_column_role_offcanvas_tablet=&#8221;no&#8221; wd_column_role_offcanvas_mobile=&#8221;no&#8221; wd_column_role_content_desktop=&#8221;no&#8221; wd_column_role_content_tablet=&#8221;no&#8221; wd_column_role_content_mobile=&#8221;no&#8221; mobile_bg_img_hidden=&#8221;no&#8221; tablet_bg_img_hidden=&#8221;no&#8221; woodmart_parallax=&#8221;0&#8243; woodmart_box_shadow=&#8221;no&#8221; responsive_spacing=&#8221;eyJwYXJhbV90eXBlIjoid29vZG1hcnRfcmVzcG9uc2l2ZV9zcGFjaW5nIiwic2VsZWN0b3JfaWQiOiI2NzQwNjdhNjk0ZmIyIiwic2hvcnRjb2RlIjoidmNfY29sdW1uIiwiZGF0YSI6eyJ0YWJsZXQiOnt9LCJtb2JpbGUiOnt9fX0=&#8221; mobile_reset_margin=&#8221;no&#8221; tablet_reset_margin=&#8221;no&#8221; wd_z_index=&#8221;no&#8221;][vc_row_inner el_class=&#8221;px-lg-3 py-4&#8243;][vc_column_inner el_class=&#8221;mb-5 mb-lg-0&#8243; offset=&#8221;vc_col-md-6&#8243;][vc_single_image image=&#8221;1138&#8243; img_size=&#8221;full&#8221; css=&#8221;&#8221; el_class=&#8221;custom-border-radius-1 overflow-hidden mb-0&#8243; label=&#8221;&#8221; css_params=&#8221;&#8221;][\/vc_column_inner][vc_column_inner el_class=&#8221;ps-lg-4&#8243; offset=&#8221;vc_col-md-6&#8243;][vc_custom_heading text=&#8221;T\u00eb udh\u00ebhequr nga nevoja p\u00ebr inovacion dhe p\u00ebr t\u00eb ruajtur nj\u00eb lidhje t\u00eb ngusht\u00eb me klient\u00ebt tan\u00eb, ne p\u00ebrpiqemi t\u00eb flasim n\u00eb nj\u00eb gjuh\u00eb t\u00eb ngroht\u00eb dhe njer\u00ebzore\u2014pa u dukur teknik\u00eb, t\u00eb larguar ose tep\u00ebr t\u00eb komplikuar p\u00ebr t&#8217;u kuptuar.<\/p>\n<p>Ne besojm\u00eb n\u00eb mark\u00ebn ton\u00eb, thjesht\u00ebsin\u00eb dhe sigurin\u00eb e saj, por m\u00eb e r\u00ebnd\u00ebsishmja, besojm\u00eb n\u00eb aft\u00ebsin\u00eb e produkteve tona p\u00ebr t\u00eb b\u00ebr\u00eb jet\u00ebn tuaj dhe jet\u00ebn e familjes tuaj m\u00eb t\u00eb k\u00ebndshme dhe m\u00eb t\u00eb leht\u00eb.<\/p>\n<p>Pavar\u00ebsisht n\u00ebse b\u00ebhet fjal\u00eb p\u00ebr gatimin e nj\u00eb vakti t\u00eb shijsh\u00ebm p\u00ebr nj\u00eb grumbullim familjar, larjen e disa rrobave p\u00ebr nj\u00eb rast t\u00eb ve\u00e7ant\u00eb, ruajtjen e higjien\u00ebs s\u00eb p\u00ebrsosur n\u00eb sht\u00ebpin\u00eb tuaj, ose thjesht d\u00ebshironi t\u00eb relaksoheni nd\u00ebrsa shikoni shfaqjen tuaj t\u00eb preferuar televizive, ne do t\u00eb jemi aty pran\u00eb jush, do t&#8217;ju mbajm\u00eb p\u00ebr dore dhe do t&#8217;ju udh\u00ebheqim n\u00eb \u00e7do hap t\u00eb rrug\u00ebs. Mund t\u00eb uleni, t\u00eb relaksoheni dhe t\u00eb mb\u00ebshteteni n\u00eb kujdesin dhe cil\u00ebsin\u00eb ton\u00eb p\u00ebr t\u00eb b\u00ebr\u00eb dit\u00ebn tuaj t\u00eb p\u00ebrsosur.&#8221; font_container=&#8221;tag:p|font_size:1.2em|text_align:left|color:%23777777|line_height:1.7&#8243; use_theme_fonts=&#8221;yes&#8221; css=&#8221;&#8221; letter_spacing=&#8221;0&#8243; css_params=&#8221;&#8221;][vc_btn title=&#8221;Kontaktoni Na!&#8221; shape=&#8221;square&#8221; align=&#8221;left&#8221; i_align=&#8221;right&#8221; i_icon_fontawesome=&#8221;&#8221; css=&#8221;&#8221; add_icon=&#8221;true&#8221; skin=&#8221;primary&#8221; btn_fs=&#8221;14px&#8221; btn_fw=&#8221;600&#8243; btn_ls=&#8221;0&#8243; el_cls=&#8221;px-2 py-1 text-dark text-capitalize&#8221; animation_delay=&#8221;300&#8243; link=&#8221;url:https%3A%2F%2Ffuego-international.com%2FAL%2F%3Fpage_id%3D391|title:%D0%9A%D0%BE%D0%BD%D1%82%D0%B0%D0%BA%D1%82&#8243; btn_icon_size=&#8221;{&#8220;xl&#8220;:&#8220;14&#8220;,&#8220;unit&#8220;:&#8220;&#8220;,&#8220;xs&#8220;:&#8220;&#8220;,&#8220;sm&#8220;:&#8220;&#8220;,&#8220;md&#8220;:&#8220;&#8220;,&#8220;lg&#8220;:&#8220;&#8220;}&#8221; btn_icon_spacing=&#8221;{&#8220;xl&#8220;:&#8220;8&#8220;,&#8220;unit&#8220;:&#8220;&#8220;,&#8220;xs&#8220;:&#8220;&#8220;,&#8220;sm&#8220;:&#8220;&#8220;,&#8220;md&#8220;:&#8220;&#8220;,&#8220;lg&#8220;:&#8220;&#8220;}&#8221; el_class=&#8221;mb-0 rotate-45-icon pt-4&#8243; animation_type=&#8221;fadeIn&#8221; css_params=&#8221;&#8221;][\/vc_column_inner][\/vc_row_inner][vc_custom_heading text=&#8221;FUEGO \u2013 Zgjedhja e Leht\u00eb.&#8221; font_container=&#8221;tag:h1|font_size:4em|text_align:center|color:var(&#8211;porto-secondary-color)|line_height:1.7&#8243; use_theme_fonts=&#8221;yes&#8221; css=&#8221;&#8221; letter_spacing=&#8221;0&#8243; css_params=&#8221;&#8221;][\/vc_column][\/vc_row]<\/p>\n<\/div>","protected":false},"excerpt":{"rendered":"<p>[vc_row wrap_container=&#8221;yes&#8221; el_class=&#8221;z-index-1 position-relative&#8221; css=&#8221;.vc_custom_1732274138284{margin-top: 30px !important;}&#8221; conditional_render=&#8221;%5B%7B%22value_role%22%3A%22administrator%22%7D%5D&#8221; woodmart_css_id=&#8221;674067d0b482b&#8221; responsive_spacing=&#8221;eyJwYXJhbV90eXBlIjoid29vZG1hcnRfcmVzcG9uc2l2ZV9zcGFjaW5nIiwic2VsZWN0b3JfaWQiOiI2NzQwNjdkMGI0ODJiIiwic2hvcnRjb2RlIjoidmNfcm93IiwiZGF0YSI6eyJ0YWJsZXQiOnt9LCJtb2JpbGUiOnt9fX0=&#8221; mobile_bg_img_hidden=&#8221;no&#8221; tablet_bg_img_hidden=&#8221;no&#8221; woodmart_parallax=&#8221;0&#8243; woodmart_gradient_switch=&#8221;no&#8221; woodmart_box_shadow=&#8221;no&#8221; wd_z_index=&#8221;no&#8221; woodmart_disable_overflow=&#8221;0&#8243; row_reverse_mobile=&#8221;0&#8243; row_reverse_tablet=&#8221;0&#8243;][vc_column css=&#8221;.vc_custom_1732274092080{padding-top:<\/p>\n","protected":false},"author":1,"featured_media":0,"parent":0,"menu_order":0,"comment_status":"closed","ping_status":"closed","template":"","meta":{"footnotes":""},"class_list":["post-332","page","type-page","status-publish","hentry"],"yoast_head":"<!-- This site is optimized with the Yoast SEO Premium plugin v24.8 (Yoast SEO v24.8.1) - https:\/\/yoast.com\/wordpress\/plugins\/seo\/ -->\n<title>RRETH NESH - Fuego<\/title>\n<meta name=\"robots\" content=\"index, follow, max-snippet:-1, max-image-preview:large, max-video-preview:-1\" \/>\n<link rel=\"canonical\" href=\"https:\/\/fuego-international.com\/AL\/?page_id=332\" \/>\n<meta property=\"og:locale\" content=\"sq_AL\" \/>\n<meta property=\"og:type\" content=\"article\" \/>\n<meta property=\"og:title\" content=\"RRETH NESH\" \/>\n<meta property=\"og:description\" content=\"[vc_row wrap_container=&#8221;yes&#8221; el_class=&#8221;z-index-1 position-relative&#8221; css=&#8221;.vc_custom_1732274138284{margin-top: 30px !important;}&#8221; conditional_render=&#8221;%5B%7B%22value_role%22%3A%22administrator%22%7D%5D&#8221; woodmart_css_id=&#8221;674067d0b482b&#8221; responsive_spacing=&#8221;eyJwYXJhbV90eXBlIjoid29vZG1hcnRfcmVzcG9uc2l2ZV9zcGFjaW5nIiwic2VsZWN0b3JfaWQiOiI2NzQwNjdkMGI0ODJiIiwic2hvcnRjb2RlIjoidmNfcm93IiwiZGF0YSI6eyJ0YWJsZXQiOnt9LCJtb2JpbGUiOnt9fX0=&#8221; mobile_bg_img_hidden=&#8221;no&#8221; tablet_bg_img_hidden=&#8221;no&#8221; woodmart_parallax=&#8221;0&#8243; woodmart_gradient_switch=&#8221;no&#8221; woodmart_box_shadow=&#8221;no&#8221; wd_z_index=&#8221;no&#8221; woodmart_disable_overflow=&#8221;0&#8243; row_reverse_mobile=&#8221;0&#8243; row_reverse_tablet=&#8221;0&#8243;][vc_column css=&#8221;.vc_custom_1732274092080{padding-top:\" \/>\n<meta property=\"og:url\" content=\"https:\/\/fuego-international.com\/AL\/?page_id=332\" \/>\n<meta property=\"og:site_name\" content=\"Fuego\" \/>\n<meta property=\"article:modified_time\" content=\"2025-03-25T07:32:41+00:00\" \/>\n<meta property=\"og:image\" content=\"https:\/\/fuego-international.com\/AL\/wp-content\/uploads\/2025\/03\/viber_image_2025-04-08_14-37-25-813.png\" \/>\n\t<meta property=\"og:image:width\" content=\"1600\" \/>\n\t<meta property=\"og:image:height\" content=\"900\" \/>\n\t<meta property=\"og:image:type\" content=\"image\/png\" \/>\n<meta name=\"twitter:card\" content=\"summary_large_image\" \/>\n<meta name=\"twitter:label1\" content=\"Est. reading time\" \/>\n\t<meta name=\"twitter:data1\" content=\"3 minuta\" \/>\n<script type=\"application\/ld+json\" class=\"yoast-schema-graph\">{\"@context\":\"https:\/\/schema.org\",\"@graph\":[{\"@type\":\"WebPage\",\"@id\":\"https:\/\/fuego-international.com\/AL\/?page_id=332\",\"url\":\"https:\/\/fuego-international.com\/AL\/?page_id=332\",\"name\":\"RRETH NESH - Fuego\",\"isPartOf\":{\"@id\":\"https:\/\/fuego-international.com\/AL\/#website\"},\"datePublished\":\"2023-10-31T14:56:51+00:00\",\"dateModified\":\"2025-03-25T07:32:41+00:00\",\"breadcrumb\":{\"@id\":\"https:\/\/fuego-international.com\/AL\/?page_id=332#breadcrumb\"},\"inLanguage\":\"sq\",\"potentialAction\":[{\"@type\":\"ReadAction\",\"target\":[\"https:\/\/fuego-international.com\/AL\/?page_id=332\"]}]},{\"@type\":\"BreadcrumbList\",\"@id\":\"https:\/\/fuego-international.com\/AL\/?page_id=332#breadcrumb\",\"itemListElement\":[{\"@type\":\"ListItem\",\"position\":1,\"name\":\"Home\",\"item\":\"https:\/\/fuego-international.com\/AL\/\"},{\"@type\":\"ListItem\",\"position\":2,\"name\":\"RRETH NESH\"}]},{\"@type\":\"WebSite\",\"@id\":\"https:\/\/fuego-international.com\/AL\/#website\",\"url\":\"https:\/\/fuego-international.com\/AL\/\",\"name\":\"Fuego\",\"description\":\"\",\"potentialAction\":[{\"@type\":\"SearchAction\",\"target\":{\"@type\":\"EntryPoint\",\"urlTemplate\":\"https:\/\/fuego-international.com\/AL\/?s={search_term_string}\"},\"query-input\":{\"@type\":\"PropertyValueSpecification\",\"valueRequired\":true,\"valueName\":\"search_term_string\"}}],\"inLanguage\":\"sq\"}]}<\/script>\n<!-- \/ Yoast SEO Premium plugin. -->","yoast_head_json":{"title":"RRETH NESH - Fuego","robots":{"index":"index","follow":"follow","max-snippet":"max-snippet:-1","max-image-preview":"max-image-preview:large","max-video-preview":"max-video-preview:-1"},"canonical":"https:\/\/fuego-international.com\/AL\/?page_id=332","og_locale":"sq_AL","og_type":"article","og_title":"RRETH NESH","og_description":"[vc_row wrap_container=&#8221;yes&#8221; el_class=&#8221;z-index-1 position-relative&#8221; css=&#8221;.vc_custom_1732274138284{margin-top: 30px !important;}&#8221; conditional_render=&#8221;%5B%7B%22value_role%22%3A%22administrator%22%7D%5D&#8221; woodmart_css_id=&#8221;674067d0b482b&#8221; responsive_spacing=&#8221;eyJwYXJhbV90eXBlIjoid29vZG1hcnRfcmVzcG9uc2l2ZV9zcGFjaW5nIiwic2VsZWN0b3JfaWQiOiI2NzQwNjdkMGI0ODJiIiwic2hvcnRjb2RlIjoidmNfcm93IiwiZGF0YSI6eyJ0YWJsZXQiOnt9LCJtb2JpbGUiOnt9fX0=&#8221; mobile_bg_img_hidden=&#8221;no&#8221; tablet_bg_img_hidden=&#8221;no&#8221; woodmart_parallax=&#8221;0&#8243; woodmart_gradient_switch=&#8221;no&#8221; woodmart_box_shadow=&#8221;no&#8221; wd_z_index=&#8221;no&#8221; woodmart_disable_overflow=&#8221;0&#8243; row_reverse_mobile=&#8221;0&#8243; row_reverse_tablet=&#8221;0&#8243;][vc_column css=&#8221;.vc_custom_1732274092080{padding-top:","og_url":"https:\/\/fuego-international.com\/AL\/?page_id=332","og_site_name":"Fuego","article_modified_time":"2025-03-25T07:32:41+00:00","og_image":[{"width":1600,"height":900,"url":"https:\/\/fuego-international.com\/AL\/wp-content\/uploads\/2025\/03\/viber_image_2025-04-08_14-37-25-813.png","type":"image\/png"}],"twitter_card":"summary_large_image","twitter_misc":{"Est. reading time":"3 minuta"},"schema":{"@context":"https:\/\/schema.org","@graph":[{"@type":"WebPage","@id":"https:\/\/fuego-international.com\/AL\/?page_id=332","url":"https:\/\/fuego-international.com\/AL\/?page_id=332","name":"RRETH NESH - Fuego","isPartOf":{"@id":"https:\/\/fuego-international.com\/AL\/#website"},"datePublished":"2023-10-31T14:56:51+00:00","dateModified":"2025-03-25T07:32:41+00:00","breadcrumb":{"@id":"https:\/\/fuego-international.com\/AL\/?page_id=332#breadcrumb"},"inLanguage":"sq","potentialAction":[{"@type":"ReadAction","target":["https:\/\/fuego-international.com\/AL\/?page_id=332"]}]},{"@type":"BreadcrumbList","@id":"https:\/\/fuego-international.com\/AL\/?page_id=332#breadcrumb","itemListElement":[{"@type":"ListItem","position":1,"name":"Home","item":"https:\/\/fuego-international.com\/AL\/"},{"@type":"ListItem","position":2,"name":"RRETH NESH"}]},{"@type":"WebSite","@id":"https:\/\/fuego-international.com\/AL\/#website","url":"https:\/\/fuego-international.com\/AL\/","name":"Fuego","description":"","potentialAction":[{"@type":"SearchAction","target":{"@type":"EntryPoint","urlTemplate":"https:\/\/fuego-international.com\/AL\/?s={search_term_string}"},"query-input":{"@type":"PropertyValueSpecification","valueRequired":true,"valueName":"search_term_string"}}],"inLanguage":"sq"}]}},"_links":{"self":[{"href":"https:\/\/fuego-international.com\/AL\/index.php?rest_route=\/wp\/v2\/pages\/332","targetHints":{"allow":["GET"]}}],"collection":[{"href":"https:\/\/fuego-international.com\/AL\/index.php?rest_route=\/wp\/v2\/pages"}],"about":[{"href":"https:\/\/fuego-international.com\/AL\/index.php?rest_route=\/wp\/v2\/types\/page"}],"author":[{"embeddable":true,"href":"https:\/\/fuego-international.com\/AL\/index.php?rest_route=\/wp\/v2\/users\/1"}],"replies":[{"embeddable":true,"href":"https:\/\/fuego-international.com\/AL\/index.php?rest_route=%2Fwp%2Fv2%2Fcomments&post=332"}],"version-history":[{"count":4,"href":"https:\/\/fuego-international.com\/AL\/index.php?rest_route=\/wp\/v2\/pages\/332\/revisions"}],"predecessor-version":[{"id":10460,"href":"https:\/\/fuego-international.com\/AL\/index.php?rest_route=\/wp\/v2\/pages\/332\/revisions\/10460"}],"wp:attachment":[{"href":"https:\/\/fuego-international.com\/AL\/index.php?rest_route=%2Fwp%2Fv2%2Fmedia&parent=332"}],"curies":[{"name":"wp","href":"https:\/\/api.w.org\/{rel}","templated":true}]}}