{"id":3,"date":"2024-10-07T14:35:54","date_gmt":"2024-10-07T14:35:54","guid":{"rendered":"http:\/\/fuego.mk\/?page_id=3"},"modified":"2025-03-25T09:13:43","modified_gmt":"2025-03-25T08:13:43","slug":"privacy-policy","status":"publish","type":"page","link":"https:\/\/fuego-international.com\/AL\/?page_id=3","title":{"rendered":"POLITIKA E PRIVAT\u00cbSIS\u00cb"},"content":{"rendered":"<h1>Hyrje<\/h1>\n<p>Me k\u00ebt\u00eb Politik\u00eb t\u00eb Privat\u00ebsis\u00eb, do t&#8217;ju shpjegojm\u00eb se ku dhe si ruhen t\u00eb dh\u00ebnat personale t\u00eb t\u00eb gjith\u00eb bler\u00ebsve t\u00eb regjistruar n\u00eb faqen ton\u00eb t\u00eb internetit. Kjo politik\u00eb e privat\u00ebsis\u00eb vlen vet\u00ebm p\u00ebr <a href=\"http:\/\/www.fuego-international.com\/\"><strong>www.fuego-international.com<\/strong><\/a> dhe n\u00ebn-domenet e saj.<\/p>\n<p>N\u00ebse ekziston nj\u00eb lidhje (link) q\u00eb ju \u00e7on n\u00eb faqe t\u00eb tjera, ne nuk marrim asnj\u00eb p\u00ebrgjegj\u00ebsi p\u00ebr mbrojtjen e t\u00eb dh\u00ebnave personale q\u00eb ato faqe t\u00eb internetit mund t\u00eb ofrojn\u00eb.<\/p>\n<p>\u00c7do p\u00ebrdorues, gjat\u00eb regjistrimit dhe blerjes, deklaron se \u00ebsht\u00eb i informuar dhe pajtohet me k\u00ebt\u00eb Politik\u00eb t\u00eb Privat\u00ebsis\u00eb.<\/p>\n<p>&nbsp;<\/p>\n<h1>\u00c7far\u00eb informacioni mbledhim?<\/h1>\n<p>Gjat\u00eb vizit\u00ebs suaj n\u00eb faqen ton\u00eb t\u00eb internetit, privat\u00ebsia juaj respektohet plot\u00ebsisht. Gjat\u00eb vizit\u00ebs suaj n\u00eb <a href=\"http:\/\/www.fuego-international.com\/\"><strong>www.fuego-international.com<\/strong><\/a> dhe faqet e tjera t\u00eb lidhura me t\u00eb, ne i p\u00ebrpunojm\u00eb t\u00eb dh\u00ebnat tuaja personale vet\u00ebm n\u00ebse i jepni vullnetarisht p\u00ebrmes regjistrimit ose n\u00ebse aplikoni p\u00ebr nj\u00eb pozicion pune.<\/p>\n<p>N\u00ebse jeni regjistruar, t\u00eb gjitha t\u00eb dh\u00ebnat personale q\u00eb vendosni n\u00eb formularin e regjistrimit do t\u00eb p\u00ebrdoren p\u00ebr nevojat e dor\u00ebzimit t\u00eb produktit, realizimin e pages\u00ebs dhe reklamimin e produkteve dhe sh\u00ebrbimeve t\u00eb ofruara nga ne (n\u00ebse keni zgjedhur k\u00ebt\u00eb opsion). T\u00eb dh\u00ebnat ruhen n\u00eb p\u00ebrputhje me dispozitat e Ligjit p\u00ebr Mbrojtjen e t\u00eb Dh\u00ebnave Personale dhe nuk u transferohen pal\u00ebve t\u00eb treta.<\/p>\n<p>Nga informacionet e nevojshme p\u00ebr regjistrim, porosi ose realizimin e nj\u00eb urdhri pune, p\u00ebrfshijm\u00eb:<\/p>\n<ul>\n<li>Emrin dhe mbiemrin<\/li>\n<li>Adres\u00ebn e email-it<\/li>\n<li>Adres\u00ebn e dor\u00ebzimit t\u00eb porosis\u00eb<\/li>\n<li>Numrin e telefonit p\u00ebr kontakt<\/li>\n<\/ul>\n<p>Kompania mund t\u00eb mbledh\u00eb dhe p\u00ebrpunoj\u00eb t\u00eb dh\u00ebna personale p\u00ebr q\u00ebllimet e m\u00ebposhtme:<\/p>\n<ul>\n<li>Njoftimet p\u00ebr intervistat e pun\u00ebsimit<\/li>\n<li>Pun\u00ebsim ose praktik\u00eb profesionale<\/li>\n<li>Anketa p\u00ebr k\u00ebnaq\u00ebsin\u00eb e klient\u00ebve;<\/li>\n<li>P\u00ebr d\u00ebrgimin e nj\u00eb fature ose profature;<\/li>\n<li>P\u00ebr t&#8217;ju kontaktuar me email, telefonata, mesazhe SMS ose forma t\u00eb tjera ekuivalente t\u00eb komunikimit elektronik p\u00ebr t&#8217;ju informuar p\u00ebr ndonj\u00eb borxh t\u00eb papaguar;<\/li>\n<li>P\u00ebr ndjekjen dhe realizimin e nj\u00eb porosie;<\/li>\n<li>P\u00ebr t&#8217;ju d\u00ebrguar lajme t\u00eb lidhura me Fuego International;<\/li>\n<li>P\u00ebr komunikim me institucionet shtet\u00ebrore kompetente (p.sh. Ministria e Pun\u00ebve t\u00eb Brendshme ose organet inspektuese p\u00ebrkat\u00ebse);<\/li>\n<li>P\u00ebr ndarjen e informacionit me shoq\u00ebrit\u00eb e<\/li>\n<\/ul>\n<h4><\/h4>\n<h1>Kategorit\u00eb e t\u00eb dh\u00ebnave personale q\u00eb p\u00ebrpunojm\u00eb:<\/h1>\n<ul>\n<li><strong>Aplikime p\u00ebr pun\u00ebsim: <\/strong>em\u00ebr, mbiem\u00ebr, dat\u00eblindje, vendlindje, adres\u00eb banimi, shtet\u00ebsi, gjini, numri personal i identifikimit, niveli dhe lloji i arsimit, p\u00ebrvoja e pun\u00ebs, email, num\u00ebr kontakti.<\/li>\n<li><strong>Pun\u00ebsim: <\/strong>em\u00ebr dhe mbiem\u00ebr, dat\u00eblindje, numri personal i identifikimit, vendlindje, adres\u00eb banimi, shtet\u00ebsi, gjini, niveli dhe lloji i arsimit, komb\u00ebsi, llogari bankare, email, num\u00ebr kontakti.<\/li>\n<li><strong>Dor\u00ebzimi i nj\u00eb produkti t\u00eb porositur: <\/strong>em\u00ebr, mbiem\u00ebr, telefon, email, vendndodhje, kod postar, shtet, kod promocional, sh\u00ebnim p\u00ebr porosin\u00eb.<\/li>\n<\/ul>\n<p>&nbsp;<\/p>\n<h1>Kategorit\u00eb e p\u00ebrdoruesve t\u00eb t\u00eb dh\u00ebnave ose marr\u00ebsve t\u00eb mundsh\u00ebm t\u00eb t\u00eb dh\u00ebnave personale:<\/h1>\n<ul>\n<li>Shoq\u00ebri sigurimesh<\/li>\n<li>Shoq\u00ebri sigurimesh q\u00eb siguron produkte<\/li>\n<li>Banka<\/li>\n<li>Administrata Tatimore<\/li>\n<li>Administrata Doganore e Republik\u00ebs s\u00eb Maqedonis\u00eb s\u00eb Veriut<\/li>\n<li>Ministria e Pun\u00ebve t\u00eb Brendshme<\/li>\n<li>Inspektoratet p\u00ebrkat\u00ebse<\/li>\n<li>Gjykatat<\/li>\n<li>Noter\u00eb dhe p\u00ebrmbarues<\/li>\n<li>Avokat\u00eb<\/li>\n<li>Dhe institucionet shtet\u00ebrore t\u00eb autorizuara<\/li>\n<\/ul>\n<p>&nbsp;<\/p>\n<h1>Kompania mund t\u00eb zbuloj\u00eb t\u00eb dh\u00ebnat tuaja personale n\u00ebse nj\u00eb veprim i till\u00eb \u00ebsht\u00eb i nevojsh\u00ebm p\u00ebr:<\/h1>\n<ul>\n<li>Pajtimi me ndonj\u00eb rregullore ligjore<\/li>\n<li>Parandalimi ose hetimi i mund\u00ebsive p\u00ebr gabime n\u00eb ofrimin e sh\u00ebrbimeve nga ana e kompanis\u00eb<\/li>\n<li>Mbrojtja e siguris\u00eb personale t\u00eb p\u00ebrdoruesve t\u00eb sh\u00ebrbimit ose t\u00eb publikut P\u00ebrpunuesit q\u00eb mund t\u00eb ken\u00eb qasje n\u00eb t\u00eb dh\u00ebnat personale:<\/li>\n<li>Agjencit\u00eb p\u00ebr mbledhjen e k\u00ebrkesave, p\u00ebr t\u00eb ofruar sh\u00ebrbime p\u00ebr mbledhjen e k\u00ebrkesave<\/li>\n<li>Shoq\u00ebrit\u00eb e sigurimit<\/li>\n<li>Bankat<\/li>\n<li>Avokat\u00ebt<\/li>\n<li>Agjencit\u00eb e marketingut, p\u00ebr t\u00eb realizuar aktivitete t\u00eb lidhura me realizimin e aktiviteteve t\u00eb marketingut dhe njoftimet e p\u00ebrdoruesve<\/li>\n<li>Ekzekutues t\u00eb jasht\u00ebm t\u00eb sh\u00ebrbimeve IT, p\u00ebr t\u00eb ofruar sh\u00ebrbime p\u00ebr mir\u00ebmbajtjen e sistemeve, administrimin dhe zhvillimin e sistemeve dhe aplikacioneve<\/li>\n<li>Kontabilist\u00ebt, p\u00ebr t\u00eb kryer aktivitete t\u00eb fush\u00ebs s\u00eb kontabilitetit<\/li>\n<li>Ofrues t\u00eb jasht\u00ebm t\u00eb sh\u00ebrbimeve t\u00eb lidhura me arkivimin e t\u00eb dh\u00ebnave<\/li>\n<li>Kompanit\u00eb q\u00eb ofrojn\u00eb dor\u00ebzimin e produkteve<\/li>\n<li>Sh\u00ebrbimi q\u00eb ofron mir\u00ebmbajtjen e produkteve<\/li>\n<\/ul>\n<p>T\u00eb dh\u00ebnat q\u00eb mbledhim dhe ruajm\u00eb tek ne, nuk do t\u00eb publikohen, shiten ose dor\u00ebzohen pal\u00ebve t\u00eb treta, p\u00ebrve\u00e7 autoriteteve kompetente, n\u00eb p\u00ebrputhje me rregulloret ligjore t\u00eb Republik\u00ebs s\u00eb Maqedonis\u00eb s\u00eb Veriut.<\/p>\n<p>Fuego International Doo mban t\u00eb drejt\u00ebn p\u00ebr t\u00eb p\u00ebrdorur adresat IP dhe t\u00eb dh\u00ebnat e tjera t\u00eb p\u00ebrdoruesve p\u00ebr t\u00eb zbuluar identitetin e tyre n\u00eb rast t\u00eb zbatimit t\u00eb ligjit dhe procedurave ligjore.<\/p>\n<p><strong>6.7. T\u00eb drejtat tuaja si subjekte t\u00eb t\u00eb dh\u00ebnave personale:<\/strong><\/p>\n<p>N\u00eb p\u00ebrputhje me Ligjin p\u00ebr mbrojtjen e t\u00eb dh\u00ebnave personale, si subjekt i t\u00eb dh\u00ebnave personale q\u00eb p\u00ebrpunojm\u00eb, ju keni t\u00eb drejtat e m\u00ebposhtme:<\/p>\n<ul>\n<li>T\u00eb informoheni nga Fuego International Doo mbi m\u00ebnyr\u00ebn e p\u00ebrpunimit t\u00eb t\u00eb dh\u00ebnave personale, p\u00ebrfshir\u00eb n\u00ebse t\u00eb dh\u00ebnat personale p\u00ebrdoren n\u00eb p\u00ebrputhje me q\u00ebllimin p\u00ebr t\u00eb cilin jan\u00eb dh\u00ebn\u00eb;<\/li>\n<li>T\u00eb k\u00ebrkoni nga Fuego International Doo q\u00eb t\u00eb plot\u00ebsoj\u00eb, ndryshoj\u00eb dhe\/ose p\u00ebrdit\u00ebsoj\u00eb t\u00eb dh\u00ebnat tuaja personale, n\u00ebse ato jan\u00eb t\u00eb paplota, t\u00eb pasakta ose t\u00eb pap\u00ebrdit\u00ebsuara, duke paraqitur nj\u00eb k\u00ebrkes\u00eb;<\/li>\n<li>T\u00eb k\u00ebrkoni nga Fuego International Doo q\u00eb t\u00eb kufizoj\u00eb p\u00ebrpunimin e t\u00eb dh\u00ebnave personale me p\u00ebrkufizimin e duhur se cilat t\u00eb dh\u00ebna personale do t\u00eb ruhen;<\/li>\n<li>T\u00eb k\u00ebrkoni nga Fuego International Doo q\u00eb t\u00eb fshij\u00eb t\u00eb dh\u00ebnat tuaja personale;<\/li>\n<li>T\u00eb dor\u00ebzoni nj\u00eb k\u00ebrkes\u00eb te Fuego International Doo me t\u00eb cil\u00ebn do t\u00eb t\u00ebrhiqni p\u00eblqimin e dh\u00ebn\u00eb p\u00ebr q\u00ebllimet e p\u00ebrpunimit t\u00eb t\u00eb dh\u00ebnave personale;<\/li>\n<li>T\u00eb dor\u00ebzoni nj\u00eb ankes\u00eb mbi m\u00ebnyr\u00ebn e p\u00ebrpunimit t\u00eb t\u00eb dh\u00ebnave tuaja personale. K\u00ebto t\u00eb drejta mund t&#8217;i realizoni p\u00ebrmes informacionit dhe dokumenteve q\u00eb jan\u00eb t\u00eb disponueshme n\u00eb linkun vijues: <a href=\"http:\/\/www.fuego-international.com\/\">fuego-international.com<\/a>.<\/li>\n<\/ul>\n<p>P\u00ebrve\u00e7 t\u00eb dh\u00ebnave financiare, t\u00eb gjitha informacionet q\u00eb mbledhim nga faqja e internetit jan\u00eb ekskluzivisht p\u00ebr p\u00ebrdorimin ton\u00eb (relacioni me p\u00ebrdoruesit, ndjekja e porosive t\u00eb pun\u00ebs, porosit\u00eb, etj.) dhe ato nuk do t\u00eb dor\u00ebzohen te pal\u00ebt e treta p\u00ebr ndonj\u00eb arsye.<\/p>\n<p>Ne nuk mbledhim ndonj\u00eb informacion financiar, si numri i kartel\u00ebs, etj. T\u00eb dh\u00ebnat rreth kartel\u00ebs s\u00eb kreditit dhe llogaris\u00eb bankare do t\u00eb ruhen dhe p\u00ebrdoren ekskluzivisht nga banka p\u00ebr t\u00eb mund\u00ebsuar pages\u00ebn e produkteve\/porosive p\u00ebrmes realizimit t\u00eb nj\u00eb transaksioni.<\/p>\n<p>Transaksioni p\u00ebr pages\u00ebn e produktit \u00ebsht\u00eb redirektuar dhe procesuar p\u00ebrmes portali p\u00ebr pages\u00eb me kartel\u00eb kreditore t\u00eb Bank\u00ebs. Portali p\u00ebrdor mbrojtje moderne t\u00eb t\u00eb dh\u00ebnave dhe t\u00eb gjitha proceset zhvillohen p\u00ebrmes nj\u00eb lidhjeje t\u00eb sigurt me bank\u00ebn.<\/p>\n<p>F\u00ebmij\u00ebt n\u00ebn mosh\u00ebn 18 vje\u00e7are nuk mund t\u00eb ofrojn\u00eb t\u00eb dh\u00ebna personale pa miratimin e prind\u00ebrve ose kujdestar\u00ebve dhe ne angazhohemi q\u00eb nuk do t\u00eb mbledhim ose p\u00ebrdorim t\u00eb dh\u00ebna nga f\u00ebmij\u00ebt. Ne marrim t\u00eb gjitha masat mbrojt\u00ebse p\u00ebr ruajtjen e t\u00eb dh\u00ebnave personale t\u00eb bler\u00ebsve, me q\u00ebllim minimizimin e rrezikut nga qasja e paautorizuar dhe keqp\u00ebrdorimi i k\u00ebtyre t\u00eb dh\u00ebnave.<\/p>\n<p>Fuego International Doo ju informon se ky sajt p\u00ebrdor skedar\u00eb tekstual\u00eb t\u00eb quajtur &#8220;cookies&#8221;. Pa to, sajtit nuk do t\u00eb funksionoj\u00eb si\u00e7 duhet dhe shum\u00eb nga opsionet nuk do t\u00eb jen\u00eb t\u00eb dukshme p\u00ebr ju. &#8220;Cookies&#8221; jan\u00eb skedar\u00eb t\u00eb vegj\u00ebl tekstual\u00eb q\u00eb shkruhen n\u00eb kompjuterin ose pajisjen tuaj mobile kur vizitoni nj\u00eb faqe interneti. Cookies mbajn\u00eb informacione rreth cil\u00ebsimeve tuaja n\u00eb shfletuesin tuaj, si p.sh. gjuh\u00ebn, madh\u00ebsin\u00eb e fontit dhe faktin q\u00eb keni vizituar disa faqe. K\u00ebshtu, kur t\u00eb vizitoni p\u00ebrs\u00ebri t\u00eb nj\u00ebjt\u00ebn faqe, nuk \u00ebsht\u00eb e nevojshme t&#8217;i vendosni p\u00ebrs\u00ebri. Disa nga cookies jan\u00eb t\u00eb nevojshme p\u00ebr funksionimin e faqeve, nd\u00ebrsa disa p\u00ebrdoren p\u00ebr mbledhjen e t\u00eb dh\u00ebnave statistikore.<\/p>\n<p>Me ndihm\u00ebn e k\u00ebtyre skedar\u00ebve, ndjekim l\u00ebvizjet e vizitor\u00ebve n\u00eb faqe dhe mbledhim t\u00eb dh\u00ebna si mund t\u00eb optimizohet dhe p\u00ebrmir\u00ebsohet funksionaliteti i faqes. K\u00ebta skedar\u00eb nuk lidhen me t\u00eb dh\u00ebnat tuaja personale.<\/p>\n<p>T\u00eb gjitha informacionet q\u00eb regjistrohen n\u00eb cookies, Fuego International Doo do t&#8217;i p\u00ebrdor\u00eb ekskluzivisht p\u00ebr nevojat e sh\u00ebrbimit n\u00eb internet ose p\u00ebr q\u00ebllime statistike dhe n\u00eb m\u00ebnyr\u00eb q\u00eb\u00a0 privat\u00ebsia juaj t\u00eb mos rrezikohet. N\u00ebse t\u00eb dh\u00ebnat tuaja personale duhet t\u00eb regjistrohen n\u00eb cookies, kjo do t\u00eb b\u00ebhet vet\u00ebm me miratimin tuaj paraprak.<\/p>\n<p>&nbsp;<\/p>\n<p><strong>POLITIKA E PRIVATITETIT<\/strong><\/p>\n<p><strong>Kontakti<\/strong><\/p>\n<p>N\u00ebse d\u00ebshironi q\u00eb t\u00eb dh\u00ebnat tuaja t\u00eb korrigjohen ose fshihen, ose n\u00ebse keni ndonj\u00eb pyetje ose sugjerim n\u00eb lidhje me mbrojtjen e t\u00eb dh\u00ebnave personale, mund t\u00eb na kontaktoni n\u00eb adres\u00ebn elektronike: <a href=\"mailto:data_protection@fuego-international.com\">data_protection@fuego-international.com.<\/a><\/p>\n<p>D\u00ebshirojm\u00eb t\u00eb theksojm\u00eb se adresa elektronike nga e cila do t\u00eb na kontaktoni dhe t\u00eb dh\u00ebnat tuaja personale, si dhe p\u00ebrmbajtja e k\u00ebrkesave ose sugjerimeve tuaja, nuk do t\u00eb p\u00ebrdoren p\u00ebr asnj\u00eb q\u00ebllim tjet\u00ebr p\u00ebrve\u00e7 p\u00ebr t&#8217;ju p\u00ebrgjigjur k\u00ebrkes\u00ebs, pyetjes ose sugjerimit tuaj t\u00eb d\u00ebrguar tek ne.<\/p>\n","protected":false},"excerpt":{"rendered":"<p>Hyrje Me k\u00ebt\u00eb Politik\u00eb t\u00eb Privat\u00ebsis\u00eb, do t&#8217;ju shpjegojm\u00eb se ku dhe si ruhen t\u00eb dh\u00ebnat personale t\u00eb t\u00eb gjith\u00eb<\/p>\n","protected":false},"author":1,"featured_media":0,"parent":0,"menu_order":0,"comment_status":"closed","ping_status":"open","template":"","meta":{"footnotes":""},"class_list":["post-3","page","type-page","status-publish","hentry"],"yoast_head":"<!-- This site is optimized with the Yoast SEO Premium plugin v24.8 (Yoast SEO v24.8.1) - https:\/\/yoast.com\/wordpress\/plugins\/seo\/ -->\n<title>POLITIKA E PRIVAT\u00cbSIS\u00cb - Fuego<\/title>\n<meta name=\"robots\" content=\"index, follow, max-snippet:-1, max-image-preview:large, max-video-preview:-1\" \/>\n<link rel=\"canonical\" href=\"https:\/\/fuego-international.com\/AL\/?page_id=3\" \/>\n<meta property=\"og:locale\" content=\"sq_AL\" \/>\n<meta property=\"og:type\" content=\"article\" \/>\n<meta property=\"og:title\" content=\"POLITIKA E PRIVAT\u00cbSIS\u00cb\" \/>\n<meta property=\"og:description\" content=\"Hyrje Me k\u00ebt\u00eb Politik\u00eb t\u00eb Privat\u00ebsis\u00eb, do t&#8217;ju shpjegojm\u00eb se ku dhe si ruhen t\u00eb dh\u00ebnat personale t\u00eb t\u00eb gjith\u00eb\" \/>\n<meta property=\"og:url\" content=\"https:\/\/fuego-international.com\/AL\/?page_id=3\" \/>\n<meta property=\"og:site_name\" content=\"Fuego\" \/>\n<meta property=\"article:modified_time\" content=\"2025-03-25T08:13:43+00:00\" \/>\n<meta property=\"og:image\" content=\"https:\/\/fuego-international.com\/AL\/wp-content\/uploads\/2025\/03\/viber_image_2025-04-08_14-37-25-813.png\" \/>\n\t<meta property=\"og:image:width\" content=\"1600\" \/>\n\t<meta property=\"og:image:height\" content=\"900\" \/>\n\t<meta property=\"og:image:type\" content=\"image\/png\" \/>\n<meta name=\"twitter:card\" content=\"summary_large_image\" \/>\n<meta name=\"twitter:label1\" content=\"Est. reading time\" \/>\n\t<meta name=\"twitter:data1\" content=\"9 minuta\" \/>\n<script type=\"application\/ld+json\" class=\"yoast-schema-graph\">{\"@context\":\"https:\/\/schema.org\",\"@graph\":[{\"@type\":\"WebPage\",\"@id\":\"https:\/\/fuego-international.com\/AL\/?page_id=3\",\"url\":\"https:\/\/fuego-international.com\/AL\/?page_id=3\",\"name\":\"POLITIKA E PRIVAT\u00cbSIS\u00cb - Fuego\",\"isPartOf\":{\"@id\":\"https:\/\/fuego-international.com\/AL\/#website\"},\"datePublished\":\"2024-10-07T14:35:54+00:00\",\"dateModified\":\"2025-03-25T08:13:43+00:00\",\"breadcrumb\":{\"@id\":\"https:\/\/fuego-international.com\/AL\/?page_id=3#breadcrumb\"},\"inLanguage\":\"sq\",\"potentialAction\":[{\"@type\":\"ReadAction\",\"target\":[\"https:\/\/fuego-international.com\/AL\/?page_id=3\"]}]},{\"@type\":\"BreadcrumbList\",\"@id\":\"https:\/\/fuego-international.com\/AL\/?page_id=3#breadcrumb\",\"itemListElement\":[{\"@type\":\"ListItem\",\"position\":1,\"name\":\"Home\",\"item\":\"https:\/\/fuego-international.com\/AL\/\"},{\"@type\":\"ListItem\",\"position\":2,\"name\":\"POLITIKA E PRIVAT\u00cbSIS\u00cb\"}]},{\"@type\":\"WebSite\",\"@id\":\"https:\/\/fuego-international.com\/AL\/#website\",\"url\":\"https:\/\/fuego-international.com\/AL\/\",\"name\":\"Fuego\",\"description\":\"\",\"potentialAction\":[{\"@type\":\"SearchAction\",\"target\":{\"@type\":\"EntryPoint\",\"urlTemplate\":\"https:\/\/fuego-international.com\/AL\/?s={search_term_string}\"},\"query-input\":{\"@type\":\"PropertyValueSpecification\",\"valueRequired\":true,\"valueName\":\"search_term_string\"}}],\"inLanguage\":\"sq\"}]}<\/script>\n<!-- \/ Yoast SEO Premium plugin. -->","yoast_head_json":{"title":"POLITIKA E PRIVAT\u00cbSIS\u00cb - Fuego","robots":{"index":"index","follow":"follow","max-snippet":"max-snippet:-1","max-image-preview":"max-image-preview:large","max-video-preview":"max-video-preview:-1"},"canonical":"https:\/\/fuego-international.com\/AL\/?page_id=3","og_locale":"sq_AL","og_type":"article","og_title":"POLITIKA E PRIVAT\u00cbSIS\u00cb","og_description":"Hyrje Me k\u00ebt\u00eb Politik\u00eb t\u00eb Privat\u00ebsis\u00eb, do t&#8217;ju shpjegojm\u00eb se ku dhe si ruhen t\u00eb dh\u00ebnat personale t\u00eb t\u00eb gjith\u00eb","og_url":"https:\/\/fuego-international.com\/AL\/?page_id=3","og_site_name":"Fuego","article_modified_time":"2025-03-25T08:13:43+00:00","og_image":[{"width":1600,"height":900,"url":"https:\/\/fuego-international.com\/AL\/wp-content\/uploads\/2025\/03\/viber_image_2025-04-08_14-37-25-813.png","type":"image\/png"}],"twitter_card":"summary_large_image","twitter_misc":{"Est. reading time":"9 minuta"},"schema":{"@context":"https:\/\/schema.org","@graph":[{"@type":"WebPage","@id":"https:\/\/fuego-international.com\/AL\/?page_id=3","url":"https:\/\/fuego-international.com\/AL\/?page_id=3","name":"POLITIKA E PRIVAT\u00cbSIS\u00cb - Fuego","isPartOf":{"@id":"https:\/\/fuego-international.com\/AL\/#website"},"datePublished":"2024-10-07T14:35:54+00:00","dateModified":"2025-03-25T08:13:43+00:00","breadcrumb":{"@id":"https:\/\/fuego-international.com\/AL\/?page_id=3#breadcrumb"},"inLanguage":"sq","potentialAction":[{"@type":"ReadAction","target":["https:\/\/fuego-international.com\/AL\/?page_id=3"]}]},{"@type":"BreadcrumbList","@id":"https:\/\/fuego-international.com\/AL\/?page_id=3#breadcrumb","itemListElement":[{"@type":"ListItem","position":1,"name":"Home","item":"https:\/\/fuego-international.com\/AL\/"},{"@type":"ListItem","position":2,"name":"POLITIKA E PRIVAT\u00cbSIS\u00cb"}]},{"@type":"WebSite","@id":"https:\/\/fuego-international.com\/AL\/#website","url":"https:\/\/fuego-international.com\/AL\/","name":"Fuego","description":"","potentialAction":[{"@type":"SearchAction","target":{"@type":"EntryPoint","urlTemplate":"https:\/\/fuego-international.com\/AL\/?s={search_term_string}"},"query-input":{"@type":"PropertyValueSpecification","valueRequired":true,"valueName":"search_term_string"}}],"inLanguage":"sq"}]}},"_links":{"self":[{"href":"https:\/\/fuego-international.com\/AL\/index.php?rest_route=\/wp\/v2\/pages\/3","targetHints":{"allow":["GET"]}}],"collection":[{"href":"https:\/\/fuego-international.com\/AL\/index.php?rest_route=\/wp\/v2\/pages"}],"about":[{"href":"https:\/\/fuego-international.com\/AL\/index.php?rest_route=\/wp\/v2\/types\/page"}],"author":[{"embeddable":true,"href":"https:\/\/fuego-international.com\/AL\/index.php?rest_route=\/wp\/v2\/users\/1"}],"replies":[{"embeddable":true,"href":"https:\/\/fuego-international.com\/AL\/index.php?rest_route=%2Fwp%2Fv2%2Fcomments&post=3"}],"version-history":[{"count":2,"href":"https:\/\/fuego-international.com\/AL\/index.php?rest_route=\/wp\/v2\/pages\/3\/revisions"}],"predecessor-version":[{"id":10472,"href":"https:\/\/fuego-international.com\/AL\/index.php?rest_route=\/wp\/v2\/pages\/3\/revisions\/10472"}],"wp:attachment":[{"href":"https:\/\/fuego-international.com\/AL\/index.php?rest_route=%2Fwp%2Fv2%2Fmedia&parent=3"}],"curies":[{"name":"wp","href":"https:\/\/api.w.org\/{rel}","templated":true}]}}