{"id":1146,"date":"2024-10-08T10:07:43","date_gmt":"2024-10-08T10:07:43","guid":{"rendered":"http:\/\/fuego.mk\/?page_id=1146"},"modified":"2025-03-29T21:42:10","modified_gmt":"2025-03-29T20:42:10","slug":"%d0%b1%d0%bb%d0%be%d0%b3","status":"publish","type":"page","link":"https:\/\/fuego-international.com\/AL\/?page_id=1146","title":{"rendered":"Blog"},"content":{"rendered":"<div class=\"wpb-content-wrapper\"><p>[vc_row css=&#8221;.vc_custom_1732274185019{margin-top: 30px !important;padding-top: 30px !important;padding-right: 30px !important;padding-bottom: 30px !important;padding-left: 30px !important;background-color: #ffffff !important;}&#8221; conditional_render=&#8221;%5B%7B%22value_role%22%3A%22administrator%22%7D%5D&#8221; css_params=&#8221;&#8221; woodmart_css_id=&#8221;674068044ffa8&#8243; responsive_spacing=&#8221;eyJwYXJhbV90eXBlIjoid29vZG1hcnRfcmVzcG9uc2l2ZV9zcGFjaW5nIiwic2VsZWN0b3JfaWQiOiI2NzQwNjgwNDRmZmE4Iiwic2hvcnRjb2RlIjoidmNfcm93IiwiZGF0YSI6eyJ0YWJsZXQiOnt9LCJtb2JpbGUiOnt9fX0=&#8221; mobile_bg_img_hidden=&#8221;no&#8221; tablet_bg_img_hidden=&#8221;no&#8221; woodmart_parallax=&#8221;0&#8243; woodmart_gradient_switch=&#8221;no&#8221; woodmart_box_shadow=&#8221;no&#8221; wd_z_index=&#8221;no&#8221; woodmart_disable_overflow=&#8221;0&#8243; row_reverse_mobile=&#8221;0&#8243; row_reverse_tablet=&#8221;0&#8243;][vc_column]<div id=\"wd-69e64e33b6f56\" class=\"wd-blog-element wd-rs-67e85b02c5d78 wd-wpb\"><div class=\"wd-posts wd-blog-holder  wd-masonry wd-grid-f-col\" data-paged=\"1\" data-atts=\"{&quot;carousel_id&quot;:&quot;5000&quot;,&quot;speed&quot;:&quot;5000&quot;,&quot;slides_per_view&quot;:&quot;3&quot;,&quot;slides_per_view_tablet&quot;:&quot;auto&quot;,&quot;slides_per_view_mobile&quot;:&quot;auto&quot;,&quot;wrap&quot;:&quot;&quot;,&quot;loop&quot;:false,&quot;autoplay&quot;:&quot;no&quot;,&quot;autoheight&quot;:&quot;no&quot;,&quot;hide_pagination_control&quot;:&quot;&quot;,&quot;hide_pagination_control_tablet&quot;:&quot;yes&quot;,&quot;hide_pagination_control_mobile&quot;:&quot;yes&quot;,&quot;dynamic_pagination_control&quot;:&quot;no&quot;,&quot;hide_prev_next_buttons&quot;:&quot;&quot;,&quot;hide_prev_next_buttons_tablet&quot;:&quot;&quot;,&quot;hide_prev_next_buttons_mobile&quot;:&quot;&quot;,&quot;carousel_arrows_position&quot;:&quot;&quot;,&quot;hide_scrollbar&quot;:&quot;yes&quot;,&quot;hide_scrollbar_tablet&quot;:&quot;yes&quot;,&quot;hide_scrollbar_mobile&quot;:&quot;yes&quot;,&quot;scroll_per_page&quot;:&quot;yes&quot;,&quot;dragEndSpeed&quot;:200,&quot;center_mode&quot;:&quot;no&quot;,&quot;custom_sizes&quot;:&quot;&quot;,&quot;sliding_speed&quot;:false,&quot;animation&quot;:false,&quot;content_animation&quot;:false,&quot;post_type&quot;:&quot;post&quot;,&quot;slider&quot;:&quot;&quot;,&quot;library&quot;:&quot;&quot;,&quot;css&quot;:&quot;&quot;,&quot;effect&quot;:&quot;&quot;,&quot;spacing&quot;:&quot;&quot;,&quot;spacing_tablet&quot;:&quot;&quot;,&quot;spacing_mobile&quot;:&quot;&quot;,&quot;carousel_sync&quot;:&quot;&quot;,&quot;sync_parent_id&quot;:&quot;&quot;,&quot;sync_child_id&quot;:&quot;&quot;,&quot;scroll_carousel_init&quot;:&quot;no&quot;,&quot;disable_overflow_carousel&quot;:&quot;no&quot;,&quot;include&quot;:&quot;&quot;,&quot;custom_query&quot;:&quot;&quot;,&quot;taxonomies&quot;:&quot;&quot;,&quot;pagination&quot;:&quot;&quot;,&quot;parts_media&quot;:true,&quot;parts_title&quot;:&quot;1&quot;,&quot;parts_meta&quot;:&quot;0&quot;,&quot;parts_text&quot;:&quot;1&quot;,&quot;parts_btn&quot;:&quot;0&quot;,&quot;parts_published_date&quot;:&quot;1&quot;,&quot;items_per_page&quot;:12,&quot;offset&quot;:&quot;&quot;,&quot;orderby&quot;:&quot;date&quot;,&quot;order&quot;:&quot;DESC&quot;,&quot;meta_key&quot;:&quot;&quot;,&quot;exclude&quot;:&quot;&quot;,&quot;class&quot;:&quot;&quot;,&quot;ajax_page&quot;:&quot;&quot;,&quot;img_size&quot;:&quot;medium&quot;,&quot;img_size_custom&quot;:[],&quot;blog_design&quot;:&quot;masonry&quot;,&quot;blog_carousel_design&quot;:&quot;masonry&quot;,&quot;blog_columns&quot;:3,&quot;blog_columns_tablet&quot;:&quot;auto&quot;,&quot;blog_columns_mobile&quot;:&quot;auto&quot;,&quot;blog_spacing&quot;:&quot;20&quot;,&quot;blog_spacing_tablet&quot;:&quot;&quot;,&quot;blog_spacing_mobile&quot;:&quot;&quot;,&quot;lazy_loading&quot;:&quot;no&quot;,&quot;search&quot;:&quot;&quot;,&quot;woodmart_css_id&quot;:&quot;67e85b02c5d78&quot;,&quot;el_id&quot;:&quot;wd-69e64e33b6f56&quot;,&quot;el_class&quot;:&quot;&quot;,&quot;wrapper_classes&quot;:&quot;&quot;}\" data-source=\"shortcode\" style=\"--wd-col-lg:3;--wd-col-md:3;--wd-col-sm:1;--wd-gap-lg:20px;--wd-gap-sm:10px;\">\n<article id=\"post-11114\" class=\"wd-post blog-design-masonry blog-post-loop blog-style-flat wd-col post-11114 post type-post status-publish format-standard has-post-thumbnail hentry category-news_al\">\n\t<div class=\"article-inner\">\n\t\t<header class=\"entry-header\">\n\t\t\t\t\t\t\t<figure class=\"entry-thumbnail\">\n\t\t\t\t\t\t\t\t\t\t\t<div class=\"post-img-wrapp\">\n\t\t\t\t\t\t\t<a href=\"https:\/\/fuego-international.com\/AL\/?p=11114\">\n\t\t\t\t\t\t\t\t<img loading=\"lazy\" decoding=\"async\" width=\"400\" height=\"217\" src=\"https:\/\/fuego-international.com\/AL\/wp-content\/uploads\/2026\/03\/1200x650-Blog-post-400x217.jpg\" class=\"attachment-medium size-medium\" alt=\"\" srcset=\"https:\/\/fuego-international.com\/AL\/wp-content\/uploads\/2026\/03\/1200x650-Blog-post-400x217.jpg 400w, https:\/\/fuego-international.com\/AL\/wp-content\/uploads\/2026\/03\/1200x650-Blog-post-768x416.jpg 768w, https:\/\/fuego-international.com\/AL\/wp-content\/uploads\/2026\/03\/1200x650-Blog-post-430x233.jpg 430w, https:\/\/fuego-international.com\/AL\/wp-content\/uploads\/2026\/03\/1200x650-Blog-post-700x379.jpg 700w, https:\/\/fuego-international.com\/AL\/wp-content\/uploads\/2026\/03\/1200x650-Blog-post-150x81.jpg 150w, https:\/\/fuego-international.com\/AL\/wp-content\/uploads\/2026\/03\/1200x650-Blog-post.jpg 1200w\" sizes=\"auto, (max-width: 400px) 100vw, 400px\" \/>\t\t\t\t\t\t\t<\/a>\n\t\t\t\t\t\t<\/div>\n\t\t\t\t\t\t<div class=\"post-image-mask\">\n\t\t\t\t\t\t\t<span><\/span>\n\t\t\t\t\t\t<\/div>\n\t\t\t\t\t\t\t\t\t<\/figure>\n\t\t\t\n\t\t\t\t\t\t<div class=\"wd-post-date wd-style-with-bg\">\n\t\t\t\t<span class=\"post-date-day\">\n\t\t\t\t\t02\t\t\t\t<\/span>\n\t\t\t\t<span class=\"post-date-month\">\n\t\t\t\t\tMar\t\t\t\t<\/span>\n\t\t\t<\/div>\n\t\t\t\t<\/header>\n\n\t\t<div class=\"article-body-container\">\n\t\t\t\n\t\t\t\t\t\t\t<h3 class=\"wd-entities-title title post-title\">\n\t\t\t\t\t<a href=\"https:\/\/fuego-international.com\/AL\/?p=11114\" rel=\"bookmark\">Fuqi, precizion dhe stil, thar\u00ebsja e flok\u00ebve &#8211; FUEGO POWER HDFGCO4BRB<\/a>\n\t\t\t\t<\/h3>\n\t\t\t\n\t\t\t\n\t\t\t\t\t\t\t\t\t\t\t\t<div class=\"entry-content wd-post-desc\">\n\t\t\t\t\t\tTharja e p\u00ebrditshme e flok\u00ebve nuk duhet t\u00eb komprometoj\u00eb mbrojtjen dhe shpejt\u00ebsin\u00eb. FUEGO POWER HDFGCO4BRB ofron performanc\u00eb profesional...\t\t\t\t\t<\/div>\n\t\t\t\t\n\t\t\t\t\t\t\t\t\t<\/div>\n\t<\/div>\n<\/article>\n\n\n<article id=\"post-11084\" class=\"wd-post blog-design-masonry blog-post-loop blog-style-flat wd-col post-11084 post type-post status-publish format-standard has-post-thumbnail hentry category-news_al\">\n\t<div class=\"article-inner\">\n\t\t<header class=\"entry-header\">\n\t\t\t\t\t\t\t<figure class=\"entry-thumbnail\">\n\t\t\t\t\t\t\t\t\t\t\t<div class=\"post-img-wrapp\">\n\t\t\t\t\t\t\t<a href=\"https:\/\/fuego-international.com\/AL\/?p=11084\">\n\t\t\t\t\t\t\t\t<img loading=\"lazy\" decoding=\"async\" width=\"400\" height=\"209\" src=\"https:\/\/fuego-international.com\/AL\/wp-content\/uploads\/2025\/11\/Fuego-AC-400x209.jpg\" class=\"attachment-medium size-medium\" alt=\"\" srcset=\"https:\/\/fuego-international.com\/AL\/wp-content\/uploads\/2025\/11\/Fuego-AC-400x209.jpg 400w, https:\/\/fuego-international.com\/AL\/wp-content\/uploads\/2025\/11\/Fuego-AC-768x402.jpg 768w, https:\/\/fuego-international.com\/AL\/wp-content\/uploads\/2025\/11\/Fuego-AC-430x225.jpg 430w, https:\/\/fuego-international.com\/AL\/wp-content\/uploads\/2025\/11\/Fuego-AC-700x366.jpg 700w, https:\/\/fuego-international.com\/AL\/wp-content\/uploads\/2025\/11\/Fuego-AC-150x79.jpg 150w, https:\/\/fuego-international.com\/AL\/wp-content\/uploads\/2025\/11\/Fuego-AC.jpg 1200w\" sizes=\"auto, (max-width: 400px) 100vw, 400px\" \/>\t\t\t\t\t\t\t<\/a>\n\t\t\t\t\t\t<\/div>\n\t\t\t\t\t\t<div class=\"post-image-mask\">\n\t\t\t\t\t\t\t<span><\/span>\n\t\t\t\t\t\t<\/div>\n\t\t\t\t\t\t\t\t\t<\/figure>\n\t\t\t\n\t\t\t\t\t\t<div class=\"wd-post-date wd-style-with-bg\">\n\t\t\t\t<span class=\"post-date-day\">\n\t\t\t\t\t07\t\t\t\t<\/span>\n\t\t\t\t<span class=\"post-date-month\">\n\t\t\t\t\tN\u00ebn\t\t\t\t<\/span>\n\t\t\t<\/div>\n\t\t\t\t<\/header>\n\n\t\t<div class=\"article-body-container\">\n\t\t\t\n\t\t\t\t\t\t\t<h3 class=\"wd-entities-title title post-title\">\n\t\t\t\t\t<a href=\"https:\/\/fuego-international.com\/AL\/?p=11084\" rel=\"bookmark\">Q\u00ebndroni ngroht\u00eb, kurseni me men\u00e7uri: Pse FUEGO Inverter \u00ebsht\u00eb zgjedhja ideale p\u00ebr dimrin tuaj<\/a>\n\t\t\t\t<\/h3>\n\t\t\t\n\t\t\t\n\t\t\t\t\t\t\t\t\t\t\t\t<div class=\"entry-content wd-post-desc\">\n\t\t\t\t\t\tKur dimri troket dhe i ftohti fillon t\u00eb ndjehet n\u00eb \u00e7do cep t\u00eb sht\u00ebpis\u00eb, ngrohja b\u00ebhet prioritet. FUEGO Inverter FGTC24INV-WIFI-WMSE7 nu...\t\t\t\t\t<\/div>\n\t\t\t\t\n\t\t\t\t\t\t\t\t\t<\/div>\n\t<\/div>\n<\/article>\n\n\n<article id=\"post-9813\" class=\"wd-post blog-design-masonry blog-post-loop blog-style-flat wd-col post-9813 post type-post status-publish format-standard has-post-thumbnail hentry category-news_al\">\n\t<div class=\"article-inner\">\n\t\t<header class=\"entry-header\">\n\t\t\t\t\t\t\t<figure class=\"entry-thumbnail\">\n\t\t\t\t\t\t\t\t\t\t\t<div class=\"post-img-wrapp\">\n\t\t\t\t\t\t\t<a href=\"https:\/\/fuego-international.com\/AL\/?p=9813\">\n\t\t\t\t\t\t\t\t<img loading=\"lazy\" decoding=\"async\" width=\"400\" height=\"225\" src=\"https:\/\/fuego-international.com\/AL\/wp-content\/uploads\/2025\/03\/tv-slika-400x225.png\" class=\"attachment-medium size-medium\" alt=\"\" srcset=\"https:\/\/fuego-international.com\/AL\/wp-content\/uploads\/2025\/03\/tv-slika-400x225.png 400w, https:\/\/fuego-international.com\/AL\/wp-content\/uploads\/2025\/03\/tv-slika-1300x731.png 1300w, https:\/\/fuego-international.com\/AL\/wp-content\/uploads\/2025\/03\/tv-slika-768x432.png 768w, https:\/\/fuego-international.com\/AL\/wp-content\/uploads\/2025\/03\/tv-slika-1536x864.png 1536w, https:\/\/fuego-international.com\/AL\/wp-content\/uploads\/2025\/03\/tv-slika-430x242.png 430w, https:\/\/fuego-international.com\/AL\/wp-content\/uploads\/2025\/03\/tv-slika-700x394.png 700w, https:\/\/fuego-international.com\/AL\/wp-content\/uploads\/2025\/03\/tv-slika-150x84.png 150w, https:\/\/fuego-international.com\/AL\/wp-content\/uploads\/2025\/03\/tv-slika.png 1600w\" sizes=\"auto, (max-width: 400px) 100vw, 400px\" \/>\t\t\t\t\t\t\t<\/a>\n\t\t\t\t\t\t<\/div>\n\t\t\t\t\t\t<div class=\"post-image-mask\">\n\t\t\t\t\t\t\t<span><\/span>\n\t\t\t\t\t\t<\/div>\n\t\t\t\t\t\t\t\t\t<\/figure>\n\t\t\t\n\t\t\t\t\t\t<div class=\"wd-post-date wd-style-with-bg\">\n\t\t\t\t<span class=\"post-date-day\">\n\t\t\t\t\t04\t\t\t\t<\/span>\n\t\t\t\t<span class=\"post-date-month\">\n\t\t\t\t\tMar\t\t\t\t<\/span>\n\t\t\t<\/div>\n\t\t\t\t<\/header>\n\n\t\t<div class=\"article-body-container\">\n\t\t\t\n\t\t\t\t\t\t\t<h3 class=\"wd-entities-title title post-title\">\n\t\t\t\t\t<a href=\"https:\/\/fuego-international.com\/AL\/?p=9813\" rel=\"bookmark\">Kinema n\u00eb sht\u00ebpin t\u00ebnde, n\u00eb p\u00ebll\u00ebmb\u00ebn e dor\u00ebs me FUEGO 85 ELU 720 GTV 85 4K!<\/a>\n\t\t\t\t<\/h3>\n\t\t\t\n\t\t\t\n\t\t\t\t\t\t\t\t\t\t\t\t<div class=\"entry-content wd-post-desc\">\n\t\t\t\t\t\tFUEGO 85 ELU 720 GTV 85\" \u00ebsht\u00eb nj\u00eb televizor me ekran 85 in\u00e7 dhe rezolucion 4K q\u00eb do ta transformoj\u00eb dhom\u00ebn tuaj t\u00eb ndenjes n\u00eb nj\u00eb kine...\t\t\t\t\t<\/div>\n\t\t\t\t\n\t\t\t\t\t\t\t\t\t<\/div>\n\t<\/div>\n<\/article>\n\n\n<article id=\"post-9806\" class=\"wd-post blog-design-masonry blog-post-loop blog-style-flat wd-col post-9806 post type-post status-publish format-standard has-post-thumbnail hentry category-news_al\">\n\t<div class=\"article-inner\">\n\t\t<header class=\"entry-header\">\n\t\t\t\t\t\t\t<figure class=\"entry-thumbnail\">\n\t\t\t\t\t\t\t\t\t\t\t<div class=\"post-img-wrapp\">\n\t\t\t\t\t\t\t<a href=\"https:\/\/fuego-international.com\/AL\/?p=9806\">\n\t\t\t\t\t\t\t\t<img loading=\"lazy\" decoding=\"async\" width=\"400\" height=\"209\" src=\"https:\/\/fuego-international.com\/AL\/wp-content\/uploads\/2025\/03\/viber_image_2025-03-04_14-34-19-984-400x209.png\" class=\"attachment-medium size-medium\" alt=\"\" srcset=\"https:\/\/fuego-international.com\/AL\/wp-content\/uploads\/2025\/03\/viber_image_2025-03-04_14-34-19-984-400x209.png 400w, https:\/\/fuego-international.com\/AL\/wp-content\/uploads\/2025\/03\/viber_image_2025-03-04_14-34-19-984-768x402.png 768w, https:\/\/fuego-international.com\/AL\/wp-content\/uploads\/2025\/03\/viber_image_2025-03-04_14-34-19-984-430x225.png 430w, https:\/\/fuego-international.com\/AL\/wp-content\/uploads\/2025\/03\/viber_image_2025-03-04_14-34-19-984-700x366.png 700w, https:\/\/fuego-international.com\/AL\/wp-content\/uploads\/2025\/03\/viber_image_2025-03-04_14-34-19-984-150x79.png 150w, https:\/\/fuego-international.com\/AL\/wp-content\/uploads\/2025\/03\/viber_image_2025-03-04_14-34-19-984.png 1200w\" sizes=\"auto, (max-width: 400px) 100vw, 400px\" \/>\t\t\t\t\t\t\t<\/a>\n\t\t\t\t\t\t<\/div>\n\t\t\t\t\t\t<div class=\"post-image-mask\">\n\t\t\t\t\t\t\t<span><\/span>\n\t\t\t\t\t\t<\/div>\n\t\t\t\t\t\t\t\t\t<\/figure>\n\t\t\t\n\t\t\t\t\t\t<div class=\"wd-post-date wd-style-with-bg\">\n\t\t\t\t<span class=\"post-date-day\">\n\t\t\t\t\t04\t\t\t\t<\/span>\n\t\t\t\t<span class=\"post-date-month\">\n\t\t\t\t\tMar\t\t\t\t<\/span>\n\t\t\t<\/div>\n\t\t\t\t<\/header>\n\n\t\t<div class=\"article-body-container\">\n\t\t\t\n\t\t\t\t\t\t\t<h3 class=\"wd-entities-title title post-title\">\n\t\t\t\t\t<a href=\"https:\/\/fuego-international.com\/AL\/?p=9806\" rel=\"bookmark\">Kondicioner inverter Fuego FGTC24INV-WIFI-WMSE3<\/a>\n\t\t\t\t<\/h3>\n\t\t\t\n\t\t\t\n\t\t\t\t\t\t\t\t\t\t\t\t<div class=\"entry-content wd-post-desc\">\n\t\t\t\t\t\tFuego FGTC24INV-WIFI-WMSE3 \u00ebsht\u00eb nj\u00eb kondicioner inverter me cil\u00ebsi t\u00eb lart\u00eb i krijuar p\u00ebr t\u00eb ofruar performanc\u00eb t\u00eb shk\u00eblqyer dhe efika...\t\t\t\t\t<\/div>\n\t\t\t\t\n\t\t\t\t\t\t\t\t\t<\/div>\n\t<\/div>\n<\/article>\n\n<\/div><\/div>[\/vc_column][\/vc_row]<\/p>\n<\/div>","protected":false},"excerpt":{"rendered":"<p>[vc_row css=&#8221;.vc_custom_1732274185019{margin-top: 30px !important;padding-top: 30px !important;padding-right: 30px !important;padding-bottom: 30px !important;padding-left: 30px !important;background-color: #ffffff !important;}&#8221; conditional_render=&#8221;%5B%7B%22value_role%22%3A%22administrator%22%7D%5D&#8221; css_params=&#8221;&#8221; woodmart_css_id=&#8221;674068044ffa8&#8243; responsive_spacing=&#8221;eyJwYXJhbV90eXBlIjoid29vZG1hcnRfcmVzcG9uc2l2ZV9zcGFjaW5nIiwic2VsZWN0b3JfaWQiOiI2NzQwNjgwNDRmZmE4Iiwic2hvcnRjb2RlIjoidmNfcm93IiwiZGF0YSI6eyJ0YWJsZXQiOnt9LCJtb2JpbGUiOnt9fX0=&#8221; mobile_bg_img_hidden=&#8221;no&#8221; tablet_bg_img_hidden=&#8221;no&#8221;<\/p>\n","protected":false},"author":1,"featured_media":0,"parent":0,"menu_order":0,"comment_status":"closed","ping_status":"closed","template":"","meta":{"footnotes":""},"class_list":["post-1146","page","type-page","status-publish","hentry"],"yoast_head":"<!-- This site is optimized with the Yoast SEO Premium plugin v24.8 (Yoast SEO v24.8.1) - https:\/\/yoast.com\/wordpress\/plugins\/seo\/ -->\n<title>Blog - Fuego<\/title>\n<meta name=\"robots\" content=\"index, follow, max-snippet:-1, max-image-preview:large, max-video-preview:-1\" \/>\n<link rel=\"canonical\" href=\"https:\/\/fuego-international.com\/AL\/?page_id=1146\" \/>\n<meta property=\"og:locale\" content=\"sq_AL\" \/>\n<meta property=\"og:type\" content=\"article\" \/>\n<meta property=\"og:title\" content=\"Blog\" \/>\n<meta property=\"og:description\" content=\"[vc_row css=&#8221;.vc_custom_1732274185019{margin-top: 30px !important;padding-top: 30px !important;padding-right: 30px !important;padding-bottom: 30px !important;padding-left: 30px !important;background-color: #ffffff !important;}&#8221; conditional_render=&#8221;%5B%7B%22value_role%22%3A%22administrator%22%7D%5D&#8221; css_params=&#8221;&#8221; woodmart_css_id=&#8221;674068044ffa8&#8243; responsive_spacing=&#8221;eyJwYXJhbV90eXBlIjoid29vZG1hcnRfcmVzcG9uc2l2ZV9zcGFjaW5nIiwic2VsZWN0b3JfaWQiOiI2NzQwNjgwNDRmZmE4Iiwic2hvcnRjb2RlIjoidmNfcm93IiwiZGF0YSI6eyJ0YWJsZXQiOnt9LCJtb2JpbGUiOnt9fX0=&#8221; mobile_bg_img_hidden=&#8221;no&#8221; tablet_bg_img_hidden=&#8221;no&#8221;\" \/>\n<meta property=\"og:url\" content=\"https:\/\/fuego-international.com\/AL\/?page_id=1146\" \/>\n<meta property=\"og:site_name\" content=\"Fuego\" \/>\n<meta property=\"article:modified_time\" content=\"2025-03-29T20:42:10+00:00\" \/>\n<meta property=\"og:image\" content=\"https:\/\/fuego-international.com\/AL\/wp-content\/uploads\/2025\/03\/viber_image_2025-04-08_14-37-25-813.png\" \/>\n\t<meta property=\"og:image:width\" content=\"1600\" \/>\n\t<meta property=\"og:image:height\" content=\"900\" \/>\n\t<meta property=\"og:image:type\" content=\"image\/png\" \/>\n<meta name=\"twitter:card\" content=\"summary_large_image\" \/>\n<meta name=\"twitter:label1\" content=\"Est. reading time\" \/>\n\t<meta name=\"twitter:data1\" content=\"1 minut\u00eb\" \/>\n<script type=\"application\/ld+json\" class=\"yoast-schema-graph\">{\"@context\":\"https:\/\/schema.org\",\"@graph\":[{\"@type\":\"WebPage\",\"@id\":\"https:\/\/fuego-international.com\/AL\/?page_id=1146\",\"url\":\"https:\/\/fuego-international.com\/AL\/?page_id=1146\",\"name\":\"Blog - Fuego\",\"isPartOf\":{\"@id\":\"https:\/\/fuego-international.com\/AL\/#website\"},\"datePublished\":\"2024-10-08T10:07:43+00:00\",\"dateModified\":\"2025-03-29T20:42:10+00:00\",\"breadcrumb\":{\"@id\":\"https:\/\/fuego-international.com\/AL\/?page_id=1146#breadcrumb\"},\"inLanguage\":\"sq\",\"potentialAction\":[{\"@type\":\"ReadAction\",\"target\":[\"https:\/\/fuego-international.com\/AL\/?page_id=1146\"]}]},{\"@type\":\"BreadcrumbList\",\"@id\":\"https:\/\/fuego-international.com\/AL\/?page_id=1146#breadcrumb\",\"itemListElement\":[{\"@type\":\"ListItem\",\"position\":1,\"name\":\"Home\",\"item\":\"https:\/\/fuego-international.com\/AL\/\"},{\"@type\":\"ListItem\",\"position\":2,\"name\":\"Blog\"}]},{\"@type\":\"WebSite\",\"@id\":\"https:\/\/fuego-international.com\/AL\/#website\",\"url\":\"https:\/\/fuego-international.com\/AL\/\",\"name\":\"Fuego\",\"description\":\"\",\"potentialAction\":[{\"@type\":\"SearchAction\",\"target\":{\"@type\":\"EntryPoint\",\"urlTemplate\":\"https:\/\/fuego-international.com\/AL\/?s={search_term_string}\"},\"query-input\":{\"@type\":\"PropertyValueSpecification\",\"valueRequired\":true,\"valueName\":\"search_term_string\"}}],\"inLanguage\":\"sq\"}]}<\/script>\n<!-- \/ Yoast SEO Premium plugin. -->","yoast_head_json":{"title":"Blog - Fuego","robots":{"index":"index","follow":"follow","max-snippet":"max-snippet:-1","max-image-preview":"max-image-preview:large","max-video-preview":"max-video-preview:-1"},"canonical":"https:\/\/fuego-international.com\/AL\/?page_id=1146","og_locale":"sq_AL","og_type":"article","og_title":"Blog","og_description":"[vc_row css=&#8221;.vc_custom_1732274185019{margin-top: 30px !important;padding-top: 30px !important;padding-right: 30px !important;padding-bottom: 30px !important;padding-left: 30px !important;background-color: #ffffff !important;}&#8221; conditional_render=&#8221;%5B%7B%22value_role%22%3A%22administrator%22%7D%5D&#8221; css_params=&#8221;&#8221; woodmart_css_id=&#8221;674068044ffa8&#8243; responsive_spacing=&#8221;eyJwYXJhbV90eXBlIjoid29vZG1hcnRfcmVzcG9uc2l2ZV9zcGFjaW5nIiwic2VsZWN0b3JfaWQiOiI2NzQwNjgwNDRmZmE4Iiwic2hvcnRjb2RlIjoidmNfcm93IiwiZGF0YSI6eyJ0YWJsZXQiOnt9LCJtb2JpbGUiOnt9fX0=&#8221; mobile_bg_img_hidden=&#8221;no&#8221; tablet_bg_img_hidden=&#8221;no&#8221;","og_url":"https:\/\/fuego-international.com\/AL\/?page_id=1146","og_site_name":"Fuego","article_modified_time":"2025-03-29T20:42:10+00:00","og_image":[{"width":1600,"height":900,"url":"https:\/\/fuego-international.com\/AL\/wp-content\/uploads\/2025\/03\/viber_image_2025-04-08_14-37-25-813.png","type":"image\/png"}],"twitter_card":"summary_large_image","twitter_misc":{"Est. reading time":"1 minut\u00eb"},"schema":{"@context":"https:\/\/schema.org","@graph":[{"@type":"WebPage","@id":"https:\/\/fuego-international.com\/AL\/?page_id=1146","url":"https:\/\/fuego-international.com\/AL\/?page_id=1146","name":"Blog - Fuego","isPartOf":{"@id":"https:\/\/fuego-international.com\/AL\/#website"},"datePublished":"2024-10-08T10:07:43+00:00","dateModified":"2025-03-29T20:42:10+00:00","breadcrumb":{"@id":"https:\/\/fuego-international.com\/AL\/?page_id=1146#breadcrumb"},"inLanguage":"sq","potentialAction":[{"@type":"ReadAction","target":["https:\/\/fuego-international.com\/AL\/?page_id=1146"]}]},{"@type":"BreadcrumbList","@id":"https:\/\/fuego-international.com\/AL\/?page_id=1146#breadcrumb","itemListElement":[{"@type":"ListItem","position":1,"name":"Home","item":"https:\/\/fuego-international.com\/AL\/"},{"@type":"ListItem","position":2,"name":"Blog"}]},{"@type":"WebSite","@id":"https:\/\/fuego-international.com\/AL\/#website","url":"https:\/\/fuego-international.com\/AL\/","name":"Fuego","description":"","potentialAction":[{"@type":"SearchAction","target":{"@type":"EntryPoint","urlTemplate":"https:\/\/fuego-international.com\/AL\/?s={search_term_string}"},"query-input":{"@type":"PropertyValueSpecification","valueRequired":true,"valueName":"search_term_string"}}],"inLanguage":"sq"}]}},"_links":{"self":[{"href":"https:\/\/fuego-international.com\/AL\/index.php?rest_route=\/wp\/v2\/pages\/1146","targetHints":{"allow":["GET"]}}],"collection":[{"href":"https:\/\/fuego-international.com\/AL\/index.php?rest_route=\/wp\/v2\/pages"}],"about":[{"href":"https:\/\/fuego-international.com\/AL\/index.php?rest_route=\/wp\/v2\/types\/page"}],"author":[{"embeddable":true,"href":"https:\/\/fuego-international.com\/AL\/index.php?rest_route=\/wp\/v2\/users\/1"}],"replies":[{"embeddable":true,"href":"https:\/\/fuego-international.com\/AL\/index.php?rest_route=%2Fwp%2Fv2%2Fcomments&post=1146"}],"version-history":[{"count":2,"href":"https:\/\/fuego-international.com\/AL\/index.php?rest_route=\/wp\/v2\/pages\/1146\/revisions"}],"predecessor-version":[{"id":10527,"href":"https:\/\/fuego-international.com\/AL\/index.php?rest_route=\/wp\/v2\/pages\/1146\/revisions\/10527"}],"wp:attachment":[{"href":"https:\/\/fuego-international.com\/AL\/index.php?rest_route=%2Fwp%2Fv2%2Fmedia&parent=1146"}],"curies":[{"name":"wp","href":"https:\/\/api.w.org\/{rel}","templated":true}]}}