{"id":11164,"date":"2026-04-22T13:14:53","date_gmt":"2026-04-22T11:14:53","guid":{"rendered":"https:\/\/fuego-international.com\/AL\/?page_id=11164"},"modified":"2026-04-22T13:14:53","modified_gmt":"2026-04-22T11:14:53","slug":"kataloget","status":"publish","type":"page","link":"https:\/\/fuego-international.com\/AL\/?page_id=11164","title":{"rendered":"Katalog\u00ebt"},"content":{"rendered":"<div class=\"wpb-content-wrapper\"><p>[vc_row full_width=&#8221;stretch_row&#8221; gap=&#8221;20&#8243; woodmart_stretch_content=&#8221;section-stretch&#8221; woodmart_bg_position=&#8221;left-bottom&#8221; woodmart_disable_overflow=&#8221;1&#8243; css=&#8221;.vc_custom_1776690565063{margin-top: 0px !important;margin-bottom: 0px !important;padding-top: 0px !important;padding-bottom: 30px !important;background-color: #FFFFFF !important;background-position: 0 0 !important;background-repeat: no-repeat !important;}&#8221; woodmart_parallax=&#8221;0&#8243; woodmart_gradient_switch=&#8221;no&#8221; row_reverse_mobile=&#8221;0&#8243; row_reverse_tablet=&#8221;0&#8243; woodmart_css_id=&#8221;69e6257d6def3&#8243; responsive_spacing=&#8221;eyJwYXJhbV90eXBlIjoid29vZG1hcnRfcmVzcG9uc2l2ZV9zcGFjaW5nIiwic2VsZWN0b3JfaWQiOiI2OWU2MjU3ZDZkZWYzIiwic2hvcnRjb2RlIjoidmNfcm93IiwiZGF0YSI6eyJ0YWJsZXQiOnt9LCJtb2JpbGUiOnt9fX0=&#8221; mobile_bg_img_hidden=&#8221;no&#8221; tablet_bg_img_hidden=&#8221;no&#8221; woodmart_box_shadow=&#8221;no&#8221; wd_z_index=&#8221;no&#8221;][vc_column width=&#8221;1\/4&#8243; css=&#8221;.vc_custom_1496220834961{padding-top: 0px !important;}&#8221;][vc_single_image image=&#8221;11160&#8243; img_size=&#8221;full&#8221; onclick=&#8221;custom_link&#8221; img_link_target=&#8221;_blank&#8221; css=&#8221;.vc_custom_1776693043247{margin-top: 0px !important;margin-bottom: 20px !important;padding-top: 0px !important;padding-bottom: 0px !important;}&#8221; link=&#8221;https:\/\/fuego-international.com\/AL\/wp-content\/uploads\/2026\/04\/MDA-ALB_02.04.26.pdf&#8221; parallax_scroll=&#8221;no&#8221; woodmart_inline=&#8221;no&#8221;][vc_custom_heading text=&#8221;ELEKTROSHT\u00cbPIAKE T\u00cb M\u00cbDHA KATALOG&#8221; font_container=&#8221;tag:h4|font_size:18px|text_align:center&#8221; google_fonts=&#8221;font_family:Montserrat%3Aregular%2C700|font_style:700%20bold%20regular%3A700%3Anormal&#8221; css=&#8221;&#8221; link=&#8221;url:https%3A%2F%2Ffuego-international.com%2FAL%2Fwp-content%2Fuploads%2F2026%2F04%2FMDA-ALB_02.04.26.pdf|target:_blank&#8221;][\/vc_column][vc_column width=&#8221;1\/4&#8243; css=&#8221;.vc_custom_1776687902868{padding-top: 0px !important;}&#8221; woodmart_css_id=&#8221;69e61b0d38e44&#8243; parallax_scroll=&#8221;no&#8221; woodmart_sticky_column=&#8221;false&#8221; wd_collapsible_content_switcher=&#8221;no&#8221; wd_column_role_offcanvas_desktop=&#8221;no&#8221; wd_column_role_offcanvas_tablet=&#8221;no&#8221; wd_column_role_offcanvas_mobile=&#8221;no&#8221; wd_column_role_content_desktop=&#8221;no&#8221; wd_column_role_content_tablet=&#8221;no&#8221; wd_column_role_content_mobile=&#8221;no&#8221; mobile_bg_img_hidden=&#8221;no&#8221; tablet_bg_img_hidden=&#8221;no&#8221; woodmart_parallax=&#8221;0&#8243; woodmart_box_shadow=&#8221;no&#8221; responsive_spacing=&#8221;eyJwYXJhbV90eXBlIjoid29vZG1hcnRfcmVzcG9uc2l2ZV9zcGFjaW5nIiwic2VsZWN0b3JfaWQiOiI2OWU2MWIwZDM4ZTQ0Iiwic2hvcnRjb2RlIjoidmNfY29sdW1uIiwiZGF0YSI6eyJ0YWJsZXQiOnt9LCJtb2JpbGUiOnt9fX0=&#8221; mobile_reset_margin=&#8221;no&#8221; tablet_reset_margin=&#8221;no&#8221; wd_z_index=&#8221;no&#8221;][vc_single_image image=&#8221;11159&#8243; img_size=&#8221;full&#8221; onclick=&#8221;custom_link&#8221; img_link_target=&#8221;_blank&#8221; css=&#8221;.vc_custom_1776693058797{margin-bottom: 20px !important;}&#8221; link=&#8221;https:\/\/fuego-international.com\/AL\/wp-content\/uploads\/2026\/04\/WaterHeaters-15.04_ALB.pdf&#8221; parallax_scroll=&#8221;no&#8221; woodmart_inline=&#8221;no&#8221;][vc_custom_heading text=&#8221;KATALOGU I NGROH\u00cbSIT T\u00cb UJIT&#8221; font_container=&#8221;tag:h4|font_size:18px|text_align:center&#8221; google_fonts=&#8221;font_family:Montserrat%3Aregular%2C700|font_style:700%20bold%20regular%3A700%3Anormal&#8221; css=&#8221;&#8221; link=&#8221;url:https%3A%2F%2Ffuego-international.com%2FAL%2Fwp-content%2Fuploads%2F2026%2F04%2FWaterHeaters-15.04_ALB.pdf|target:_blank&#8221;][\/vc_column][vc_column width=&#8221;1\/4&#8243; css=&#8221;.vc_custom_1776687908453{padding-top: 0px !important;}&#8221; woodmart_css_id=&#8221;69e61b2034c9d&#8221; parallax_scroll=&#8221;no&#8221; woodmart_sticky_column=&#8221;false&#8221; wd_collapsible_content_switcher=&#8221;no&#8221; wd_column_role_offcanvas_desktop=&#8221;no&#8221; wd_column_role_offcanvas_tablet=&#8221;no&#8221; wd_column_role_offcanvas_mobile=&#8221;no&#8221; wd_column_role_content_desktop=&#8221;no&#8221; wd_column_role_content_tablet=&#8221;no&#8221; wd_column_role_content_mobile=&#8221;no&#8221; mobile_bg_img_hidden=&#8221;no&#8221; tablet_bg_img_hidden=&#8221;no&#8221; woodmart_parallax=&#8221;0&#8243; woodmart_box_shadow=&#8221;no&#8221; responsive_spacing=&#8221;eyJwYXJhbV90eXBlIjoid29vZG1hcnRfcmVzcG9uc2l2ZV9zcGFjaW5nIiwic2VsZWN0b3JfaWQiOiI2OWU2MWIyMDM0YzlkIiwic2hvcnRjb2RlIjoidmNfY29sdW1uIiwiZGF0YSI6eyJ0YWJsZXQiOnt9LCJtb2JpbGUiOnt9fX0=&#8221; mobile_reset_margin=&#8221;no&#8221; tablet_reset_margin=&#8221;no&#8221; wd_z_index=&#8221;no&#8221;][vc_single_image image=&#8221;11161&#8243; img_size=&#8221;full&#8221; onclick=&#8221;custom_link&#8221; img_link_target=&#8221;_blank&#8221; css=&#8221;.vc_custom_1776693069187{margin-bottom: 20px !important;}&#8221; link=&#8221;https:\/\/fuego-international.com\/AL\/wp-content\/uploads\/2026\/04\/AC-Catalogue_ALB-2026.pdf&#8221; parallax_scroll=&#8221;no&#8221; woodmart_inline=&#8221;no&#8221;][vc_custom_heading text=&#8221;KATALOG P\u00cbR KONDICIONER\u00cb&#8221; font_container=&#8221;tag:h4|font_size:18px|text_align:center&#8221; google_fonts=&#8221;font_family:Montserrat%3Aregular%2C700|font_style:700%20bold%20regular%3A700%3Anormal&#8221; css=&#8221;&#8221; link=&#8221;url:https%3A%2F%2Ffuego-international.com%2FAL%2Fwp-content%2Fuploads%2F2026%2F04%2FAC-Catalogue_ALB-2026.pdf|target:_blank&#8221;][\/vc_column][vc_column width=&#8221;1\/4&#8243; css=&#8221;.vc_custom_1776687915092{padding-top: 0px !important;}&#8221; woodmart_css_id=&#8221;69e61b275ee9a&#8221; parallax_scroll=&#8221;no&#8221; woodmart_sticky_column=&#8221;false&#8221; wd_collapsible_content_switcher=&#8221;no&#8221; wd_column_role_offcanvas_desktop=&#8221;no&#8221; wd_column_role_offcanvas_tablet=&#8221;no&#8221; wd_column_role_offcanvas_mobile=&#8221;no&#8221; wd_column_role_content_desktop=&#8221;no&#8221; wd_column_role_content_tablet=&#8221;no&#8221; wd_column_role_content_mobile=&#8221;no&#8221; mobile_bg_img_hidden=&#8221;no&#8221; tablet_bg_img_hidden=&#8221;no&#8221; woodmart_parallax=&#8221;0&#8243; woodmart_box_shadow=&#8221;no&#8221; responsive_spacing=&#8221;eyJwYXJhbV90eXBlIjoid29vZG1hcnRfcmVzcG9uc2l2ZV9zcGFjaW5nIiwic2VsZWN0b3JfaWQiOiI2OWU2MWIyNzVlZTlhIiwic2hvcnRjb2RlIjoidmNfY29sdW1uIiwiZGF0YSI6eyJ0YWJsZXQiOnt9LCJtb2JpbGUiOnt9fX0=&#8221; mobile_reset_margin=&#8221;no&#8221; tablet_reset_margin=&#8221;no&#8221; wd_z_index=&#8221;no&#8221;][\/vc_column][\/vc_row]<\/p>\n<\/div>","protected":false},"excerpt":{"rendered":"<p>[vc_row full_width=&#8221;stretch_row&#8221; gap=&#8221;20&#8243; woodmart_stretch_content=&#8221;section-stretch&#8221; woodmart_bg_position=&#8221;left-bottom&#8221; woodmart_disable_overflow=&#8221;1&#8243; css=&#8221;.vc_custom_1776690565063{margin-top: 0px !important;margin-bottom: 0px !important;padding-top: 0px !important;padding-bottom: 30px !important;background-color: #FFFFFF !important;background-position: 0 0 !important;background-repeat:<\/p>\n","protected":false},"author":1,"featured_media":0,"parent":0,"menu_order":0,"comment_status":"closed","ping_status":"closed","template":"","meta":{"footnotes":""},"class_list":["post-11164","page","type-page","status-publish","hentry"],"yoast_head":"<!-- This site is optimized with the Yoast SEO Premium plugin v24.8 (Yoast SEO v24.8.1) - https:\/\/yoast.com\/wordpress\/plugins\/seo\/ -->\n<title>Katalog\u00ebt - Fuego<\/title>\n<meta name=\"robots\" content=\"index, follow, max-snippet:-1, max-image-preview:large, max-video-preview:-1\" \/>\n<link rel=\"canonical\" href=\"https:\/\/fuego-international.com\/AL\/?page_id=11164\" \/>\n<meta property=\"og:locale\" content=\"sq_AL\" \/>\n<meta property=\"og:type\" content=\"article\" \/>\n<meta property=\"og:title\" content=\"Katalog\u00ebt\" \/>\n<meta property=\"og:description\" content=\"[vc_row full_width=&#8221;stretch_row&#8221; gap=&#8221;20&#8243; woodmart_stretch_content=&#8221;section-stretch&#8221; woodmart_bg_position=&#8221;left-bottom&#8221; woodmart_disable_overflow=&#8221;1&#8243; css=&#8221;.vc_custom_1776690565063{margin-top: 0px !important;margin-bottom: 0px !important;padding-top: 0px !important;padding-bottom: 30px !important;background-color: #FFFFFF !important;background-position: 0 0 !important;background-repeat:\" \/>\n<meta property=\"og:url\" content=\"https:\/\/fuego-international.com\/AL\/?page_id=11164\" \/>\n<meta property=\"og:site_name\" content=\"Fuego\" \/>\n<meta property=\"og:image\" content=\"https:\/\/fuego-international.com\/AL\/wp-content\/uploads\/2025\/03\/viber_image_2025-04-08_14-37-25-813.png\" \/>\n\t<meta property=\"og:image:width\" content=\"1600\" \/>\n\t<meta property=\"og:image:height\" content=\"900\" \/>\n\t<meta property=\"og:image:type\" content=\"image\/png\" \/>\n<meta name=\"twitter:card\" content=\"summary_large_image\" \/>\n<meta name=\"twitter:label1\" content=\"Est. reading time\" \/>\n\t<meta name=\"twitter:data1\" content=\"1 minut\u00eb\" \/>\n<script type=\"application\/ld+json\" class=\"yoast-schema-graph\">{\"@context\":\"https:\/\/schema.org\",\"@graph\":[{\"@type\":\"WebPage\",\"@id\":\"https:\/\/fuego-international.com\/AL\/?page_id=11164\",\"url\":\"https:\/\/fuego-international.com\/AL\/?page_id=11164\",\"name\":\"Katalog\u00ebt - Fuego\",\"isPartOf\":{\"@id\":\"https:\/\/fuego-international.com\/AL\/#website\"},\"datePublished\":\"2026-04-22T11:14:53+00:00\",\"breadcrumb\":{\"@id\":\"https:\/\/fuego-international.com\/AL\/?page_id=11164#breadcrumb\"},\"inLanguage\":\"sq\",\"potentialAction\":[{\"@type\":\"ReadAction\",\"target\":[\"https:\/\/fuego-international.com\/AL\/?page_id=11164\"]}]},{\"@type\":\"BreadcrumbList\",\"@id\":\"https:\/\/fuego-international.com\/AL\/?page_id=11164#breadcrumb\",\"itemListElement\":[{\"@type\":\"ListItem\",\"position\":1,\"name\":\"Home\",\"item\":\"https:\/\/fuego-international.com\/AL\/\"},{\"@type\":\"ListItem\",\"position\":2,\"name\":\"Katalog\u00ebt\"}]},{\"@type\":\"WebSite\",\"@id\":\"https:\/\/fuego-international.com\/AL\/#website\",\"url\":\"https:\/\/fuego-international.com\/AL\/\",\"name\":\"Fuego\",\"description\":\"\",\"potentialAction\":[{\"@type\":\"SearchAction\",\"target\":{\"@type\":\"EntryPoint\",\"urlTemplate\":\"https:\/\/fuego-international.com\/AL\/?s={search_term_string}\"},\"query-input\":{\"@type\":\"PropertyValueSpecification\",\"valueRequired\":true,\"valueName\":\"search_term_string\"}}],\"inLanguage\":\"sq\"}]}<\/script>\n<!-- \/ Yoast SEO Premium plugin. -->","yoast_head_json":{"title":"Katalog\u00ebt - Fuego","robots":{"index":"index","follow":"follow","max-snippet":"max-snippet:-1","max-image-preview":"max-image-preview:large","max-video-preview":"max-video-preview:-1"},"canonical":"https:\/\/fuego-international.com\/AL\/?page_id=11164","og_locale":"sq_AL","og_type":"article","og_title":"Katalog\u00ebt","og_description":"[vc_row full_width=&#8221;stretch_row&#8221; gap=&#8221;20&#8243; woodmart_stretch_content=&#8221;section-stretch&#8221; woodmart_bg_position=&#8221;left-bottom&#8221; woodmart_disable_overflow=&#8221;1&#8243; css=&#8221;.vc_custom_1776690565063{margin-top: 0px !important;margin-bottom: 0px !important;padding-top: 0px !important;padding-bottom: 30px !important;background-color: #FFFFFF !important;background-position: 0 0 !important;background-repeat:","og_url":"https:\/\/fuego-international.com\/AL\/?page_id=11164","og_site_name":"Fuego","og_image":[{"width":1600,"height":900,"url":"https:\/\/fuego-international.com\/AL\/wp-content\/uploads\/2025\/03\/viber_image_2025-04-08_14-37-25-813.png","type":"image\/png"}],"twitter_card":"summary_large_image","twitter_misc":{"Est. reading time":"1 minut\u00eb"},"schema":{"@context":"https:\/\/schema.org","@graph":[{"@type":"WebPage","@id":"https:\/\/fuego-international.com\/AL\/?page_id=11164","url":"https:\/\/fuego-international.com\/AL\/?page_id=11164","name":"Katalog\u00ebt - Fuego","isPartOf":{"@id":"https:\/\/fuego-international.com\/AL\/#website"},"datePublished":"2026-04-22T11:14:53+00:00","breadcrumb":{"@id":"https:\/\/fuego-international.com\/AL\/?page_id=11164#breadcrumb"},"inLanguage":"sq","potentialAction":[{"@type":"ReadAction","target":["https:\/\/fuego-international.com\/AL\/?page_id=11164"]}]},{"@type":"BreadcrumbList","@id":"https:\/\/fuego-international.com\/AL\/?page_id=11164#breadcrumb","itemListElement":[{"@type":"ListItem","position":1,"name":"Home","item":"https:\/\/fuego-international.com\/AL\/"},{"@type":"ListItem","position":2,"name":"Katalog\u00ebt"}]},{"@type":"WebSite","@id":"https:\/\/fuego-international.com\/AL\/#website","url":"https:\/\/fuego-international.com\/AL\/","name":"Fuego","description":"","potentialAction":[{"@type":"SearchAction","target":{"@type":"EntryPoint","urlTemplate":"https:\/\/fuego-international.com\/AL\/?s={search_term_string}"},"query-input":{"@type":"PropertyValueSpecification","valueRequired":true,"valueName":"search_term_string"}}],"inLanguage":"sq"}]}},"_links":{"self":[{"href":"https:\/\/fuego-international.com\/AL\/index.php?rest_route=\/wp\/v2\/pages\/11164","targetHints":{"allow":["GET"]}}],"collection":[{"href":"https:\/\/fuego-international.com\/AL\/index.php?rest_route=\/wp\/v2\/pages"}],"about":[{"href":"https:\/\/fuego-international.com\/AL\/index.php?rest_route=\/wp\/v2\/types\/page"}],"author":[{"embeddable":true,"href":"https:\/\/fuego-international.com\/AL\/index.php?rest_route=\/wp\/v2\/users\/1"}],"replies":[{"embeddable":true,"href":"https:\/\/fuego-international.com\/AL\/index.php?rest_route=%2Fwp%2Fv2%2Fcomments&post=11164"}],"version-history":[{"count":1,"href":"https:\/\/fuego-international.com\/AL\/index.php?rest_route=\/wp\/v2\/pages\/11164\/revisions"}],"predecessor-version":[{"id":11165,"href":"https:\/\/fuego-international.com\/AL\/index.php?rest_route=\/wp\/v2\/pages\/11164\/revisions\/11165"}],"wp:attachment":[{"href":"https:\/\/fuego-international.com\/AL\/index.php?rest_route=%2Fwp%2Fv2%2Fmedia&parent=11164"}],"curies":[{"name":"wp","href":"https:\/\/api.w.org\/{rel}","templated":true}]}}