{"id":11,"date":"2025-03-21T09:17:24","date_gmt":"2025-03-21T09:17:24","guid":{"rendered":"http:\/\/fuego.mk\/?page_id=11"},"modified":"2025-03-25T09:15:56","modified_gmt":"2025-03-25T08:15:56","slug":"refund_returns","status":"publish","type":"page","link":"https:\/\/fuego-international.com\/AL\/?page_id=11","title":{"rendered":"Politika e Cookies"},"content":{"rendered":"<h1><strong>Politika e Cookies gjat\u00eb vizit\u00ebs n\u00eb faqen e internetit t\u00eb Fuego International Doo<\/strong><\/h1>\r\n<p><strong>\u00a0<\/strong><\/p>\r\n<h1>Hyrje<\/h1>\r\n<p><strong>\u00a0<\/strong>Kur vizitoni faqen ton\u00eb ose p\u00ebrdorni sh\u00ebrbimet tona, Fuego International Doo, si dhe pal\u00eb t\u00eb treta t\u00eb autorizuara nga ne, mbledhin cookies q\u00eb p\u00ebrmbajn\u00eb t\u00eb dh\u00ebna p\u00ebr ju. M\u00eb posht\u00eb do t\u00eb gjeni nj\u00eb shpjegim mbi politik\u00ebn ton\u00eb p\u00ebr p\u00ebrdorimin e cookies.<\/p>\r\n<p>Ne i p\u00ebrdorim cookies p\u00ebr t\u00eb administruar faqen ton\u00eb t\u00eb internetit, p\u00ebr t\u00eb analizuar tendencat, p\u00ebr t\u00eb ndjekur aktivitetet e p\u00ebrdoruesve dhe p\u00ebr t\u00eb mund\u00ebsuar mesazhe dhe reklama t\u00eb personalizuara promovuese.<\/p>\r\n<p>Kur vizitoni p\u00ebr her\u00eb t\u00eb par\u00eb faqen e internetit t\u00eb Fuego International Doo, mund t\u00eb merrni nj\u00eb mesazh q\u00eb ju njofton se p\u00ebrdorim &#8220;cookies&#8221;. Duke klikuar &#8220;Pranoj&#8221;, duke mbyllur dritaren pop-up ose duke vazhduar t\u00eb p\u00ebrdorni faqen e internetit, ju deklaroni se e keni kuptuar dhe jeni dakord me p\u00ebrdorimin e k\u00ebtyre teknologjive, si\u00e7 shpjegohet n\u00eb k\u00ebt\u00eb Politik\u00eb t\u00eb Cookies.<\/p>\r\n<p>N\u00eb njoftim do t\u00eb ket\u00eb nj\u00eb buton &#8220;Cil\u00ebsimet e Cookies&#8221; q\u00eb ju lejon t\u00eb zgjidhni se cilat cookies me informacion p\u00ebr vizit\u00ebn tuaj do t\u00eb ruhen. P\u00ebr secilin lloj cookie ofrohet nj\u00eb shpjegim dhe nj\u00eb p\u00ebrshkrim i detajuar mbi llojet e cookies mund t\u00eb gjeni m\u00eb posht\u00eb n\u00eb k\u00ebt\u00eb politik\u00eb t\u00eb cookies. Nuk \u00ebsht\u00eb e detyrueshme t\u00eb pranoni cookies dhe mund ta revokoni p\u00eblqimin n\u00eb \u00e7do koh\u00eb (Si t\u00eb kontrolloni cookies \u00ebsht\u00eb shpjeguar m\u00eb posht\u00eb n\u00eb tekst).<\/p>\r\n<p>Ju mund t\u00eb ndryshoni cil\u00ebsimet e shfletuesit tuaj p\u00ebr t\u00eb kufizuar ose ndaluar cookies dhe mund t\u2019i fshini ato nga \u00e7do pajisje n\u00eb \u00e7do koh\u00eb. N\u00ebse nuk pranoni ose fshini cookies, disa pjes\u00eb t\u00eb faqes son\u00eb mund t\u00eb mos funksionojn\u00eb si\u00e7 duhet ose t\u00eb duhen m\u00eb shum\u00eb koh\u00eb p\u00ebr t&#8217;u hapur.<\/p>\r\n<p>&nbsp;<\/p>\r\n<h1>\u00c7far\u00eb jan\u00eb cookies?<\/h1>\r\n<p><strong>\u00a0<\/strong>Cookies jan\u00eb skedar\u00eb t\u00eb vegj\u00ebl tekstual\u00eb, pjes\u00eb t\u00eb kodit, t\u00eb cil\u00ebt mund t\u00eb p\u00ebrdoren nga faqet e internetit p\u00ebr t\u00eb p\u00ebrmir\u00ebsuar p\u00ebrvoj\u00ebn e p\u00ebrdoruesit. Cookies ruhen n\u00eb kompjuterin ose pajisjen tuaj mobile kur vizitoni nj\u00eb faqe interneti. Kur e vizitoni p\u00ebrs\u00ebri t\u00eb nj\u00ebjt\u00ebn faqe, cookies na lejojn\u00eb t\u00eb njohim shfletuesin tuaj.<\/p>\r\n<p>Cookies mund t\u00eb ruajn\u00eb preferencat tuaja dhe informacione t\u00eb tjera, por nuk mund t\u00eb lexojn\u00eb t\u00eb dh\u00ebnat ose informacionet tuaja nga hard disku juaj dhe as nuk mund t\u00eb lexojn\u00eb skedar\u00eb t\u00eb tjer\u00eb t\u00eb ruajtur nga faqet e tjera t\u00eb internetit.<\/p>\r\n<p>Cookies q\u00eb vendosen drejtp\u00ebrdrejt nga faqja <a href=\"http:\/\/www.fuego-international.com\/\">www.fuego-international.com<\/a> quhen &#8220;cookies t\u00eb pal\u00ebs s\u00eb par\u00eb&#8221;. Cookies e vendosura nga pal\u00eb t\u00eb treta quhen &#8220;cookies t\u00eb pal\u00ebs s\u00eb tret\u00eb&#8221;.<\/p>\r\n<p>Cookies e pal\u00ebs s\u00eb tret\u00eb mund\u00ebsojn\u00eb funksione t\u00eb ndryshme n\u00eb faqen ton\u00eb, si (reklamim, funksione t\u00eb rrjeteve sociale, analiza). K\u00ebto cookies nuk jan\u00eb n\u00eb pron\u00ebsi t\u00eb Fuego International Doo dhe Fuego International Doo nuk ka kontroll mbi to dhe m\u00ebnyr\u00ebn se si do t\u00eb p\u00ebrdoren.<\/p>\r\n<h1>Politika e Cookies gjat\u00eb vizit\u00ebs n\u00eb faqen e internetit t\u00eb Fuego International Doo<\/h1>\r\n<p><strong>\u00a0<\/strong>Pse p\u00ebrdoren cookies?<\/p>\r\n<p>Cookies p\u00ebrdoren p\u00ebr t\u00eb kuptuar m\u00eb mir\u00eb m\u00ebnyr\u00ebn se si vizitor\u00ebt e p\u00ebrdorin faqen e internetit dhe p\u00ebr t\u00eb optimizuar p\u00ebrvoj\u00ebn e tyre. Cookies i mund\u00ebsojn\u00eb faqes q\u00eb i ka vendosur ato t\u00eb njoh\u00eb pajisjet e p\u00ebrdoruesve bazuar n\u00eb hyrjet dhe vizitat e m\u00ebparshme, me q\u00ebllim personalizimin e reklamave p\u00ebr m\u00eb shum\u00eb r\u00ebnd\u00ebsi p\u00ebr p\u00ebrdoruesit.<\/p>\r\n<p>K\u00ebto informacione mund t\u00eb mblidhen n\u00eb t\u00eb gjith\u00eb shfletuesit dhe pajisjet (kompjuter, laptop, telefon inteligjent, tablet, etj.), por cookies e marketingut nuk p\u00ebrmbajn\u00eb t\u00eb dh\u00ebna personale t\u00eb p\u00ebrdoruesve. Kjo faqe interneti p\u00ebrdor lloje t\u00eb ndryshme t\u00eb cookies:<\/p>\r\n<p>Llojet e cookies q\u00eb ne p\u00ebrdorim:<\/p>\r\n<ul>\r\n<li><strong>Cookies t\u00eb domosdoshme (necessary cookies) <\/strong>\u2013 K\u00ebto cookies ndihmojn\u00eb faqen e internetit t\u00eb jet\u00eb e p\u00ebrdorshme duke aktivizuar funksione baz\u00eb, si Pa k\u00ebto cookies, faqja nuk mund t\u00eb funksionoj\u00eb si\u00e7 duhet.<\/li>\r\n<li><strong>Cookies t\u00eb preferencave (preference cookies) <\/strong>\u2013 K\u00ebto cookies e lejojn\u00eb faqen t\u00eb mbaj\u00eb mend informacionet q\u00eb ndryshojn\u00eb m\u00ebnyr\u00ebn se si duket ose sillet, si gjuha juaj e preferuar ose rajoni ku ndodheni.<\/li>\r\n<li><strong>Cookies t\u00eb performanc\u00ebs dhe funksionalitetit <\/strong>\u2013 Ky lloj cookies gjurmon vizitat tuaja t\u00eb p\u00ebrs\u00ebritura n\u00eb faqen ton\u00eb. P\u00ebrmbajn\u00eb informacione t\u00eb r\u00ebnd\u00ebsishme, si sh., nga cili qytet keni aksesuar faqen ton\u00eb. \u00cbsht\u00eb e r\u00ebnd\u00ebsishme t\u00eb theksohet se k\u00ebto cookies nuk jan\u00eb t\u00eb domosdoshme dhe nuk ndikojn\u00eb n\u00eb p\u00ebrvoj\u00ebn tuaj gjat\u00eb vizit\u00ebs n\u00eb faqen ton\u00eb.<\/li>\r\n<\/ul>\r\n<p>&nbsp;<\/p>\r\n<h1>Si t\u00eb kontrolloni cookies?<\/h1>\r\n<p>Kur hyni p\u00ebr her\u00eb t\u00eb par\u00eb n\u00eb <a href=\"http:\/\/www.fuego-international.com\/\">www.fuego-international.com,<\/a> mund t\u00eb merrni nj\u00eb mesazh q\u00eb ju njofton se p\u00ebrdorim cookies. Ju keni mund\u00ebsin\u00eb t\u00eb zgjidhni: &#8220;Nuk pranoj cookies&#8221;, &#8220;Cil\u00ebsimet e cookies&#8221; ose &#8220;Pranoj&#8221;.<\/p>\r\n<p>Duke klikuar &#8220;Pranoj&#8221;, duke mbyllur dritaren pop-up ose duke vazhduar p\u00ebrdorimin e faqes, ju deklaroni se e keni kuptuar dhe pranoni p\u00ebrdorimin e k\u00ebtyre teknologjive, si\u00e7 shpjegohet n\u00eb k\u00ebt\u00eb politik\u00eb.<\/p>\r\n<p>N\u00eb njoftim do t\u00eb gjeni butonin \u201cCil\u00ebsimet e cookies\u201d, i cili ju mund\u00ebson t\u00eb zgjidhni cilat cookies me informacion mbi vizit\u00ebn tuaj do t\u00eb ruhen.<\/p>\r\n<p>Pranimi i cookies nuk \u00ebsht\u00eb i detyruesh\u00ebm dhe mund ta t\u00ebrhiqni p\u00eblqimin tuaj n\u00eb \u00e7do koh\u00eb. P\u00ebrmes cil\u00ebsimeve t\u00eb shfletuesit tuaj, mund t\u00eb p\u00ebrcaktoni se cilat cookies d\u00ebshironi t\u00eb ruani dhe cilat jo. Gjithashtu, mund t\u00eb kontaktoni kompanin\u00eb q\u00eb i ka vendosur dhe i kontrollon ato. P\u00ebr m\u00eb shum\u00eb informacion, kontrolloni cil\u00ebsimet e shfletuesit tuaj t\u00eb internetit.<\/p>\r\n<h1>Politika e Cookies gjat\u00eb vizit\u00ebs n\u00eb faqen e internetit t\u00eb Fuego International Doo Si t\u00eb \u00e7aktivizoni cookies<\/h1>\r\n<p>Cil\u00ebsimet e cookies mund t\u00eb b\u00ebhen p\u00ebrmes opsionit &#8220;Cil\u00ebsimet e cookies&#8221;, ku mund t\u00eb konfiguroni cookies q\u00eb nuk jan\u00eb t\u00eb detyrueshme. Duke klikuar butonin &#8220;Nuk pranoj cookies&#8221;, cookies analitike dhe t\u00eb marketingut do t\u00eb \u00e7aktivizohen, nd\u00ebrsa cookies e domosdoshme do t\u00eb mbeten aktive, pasi ato jan\u00eb t\u00eb nevojshme p\u00ebr funksionimin e faqes s\u00eb internetit.<\/p>\r\n<p>Cookies e domosdoshme mund t\u00eb \u00e7aktivizohen p\u00ebrmes shfletuesit t\u00eb internetit. Gjithashtu, menuja &#8220;Ndihm\u00eb&#8221; (&#8220;Help&#8221;) n\u00eb shiritin e veglave t\u00eb shfletuesit tuaj t\u00eb internetit ofron informacionin e m\u00ebposht\u00ebm p\u00ebr p\u00ebrdoruesit:<\/p>\r\n<ul>\r\n<li>Si t\u00eb pranoni t\u00eb gjitha cookies<\/li>\r\n<li>Si t\u00eb \u00e7aktivizoni cookies nga pal\u00ebt e treta<\/li>\r\n<li>Si t\u00eb vendosni shfletuesin t\u00eb ju njoftoj\u00eb kur merrni nj\u00eb cookie t\u00eb re<\/li>\r\n<li>Si t\u00eb \u00e7aktivizoni plot\u00ebsisht cookies<\/li>\r\n<\/ul>\r\n<p>\u00c7aktivizimi i cookies n\u00eb k\u00ebt\u00eb m\u00ebnyr\u00eb do t\u00eb ndaloj\u00eb vendosjen e cookies t\u00eb reja, por nuk do t\u00eb ndaloj\u00eb funksionimin e cookies ekzistuese n\u00eb pajisjen tuaj, p\u00ebrve\u00e7 n\u00ebse i fshini manualisht t\u00eb gjitha cookies nga cil\u00ebsimet e shfletuesit. N\u00ebse i \u00e7aktivizoni plot\u00ebsisht cookies, faqja e internetit mund t\u00eb mos funksionoj\u00eb si\u00e7 e prisni. P\u00ebr t\u00eb shmangur k\u00ebt\u00eb, ju rekomandojm\u00eb t\u00eb pranoni cookies.<\/p>\r\n<h1>Afati i ruajtjes s\u00eb cookies<\/h1>\r\n<p><strong>\u00a0<\/strong>Koh\u00ebzgjatja e ruajtjes s\u00eb cookies varet nga lloji i cookies dhe n\u00ebse ato vendosen nga Fuego International Doo ose nga pal\u00eb t\u00eb treta. Cookies funksionale dhe statistikore ruhen p\u00ebr nj\u00eb periudh\u00eb prej 30 minutash deri n\u00eb 2 vjet, nd\u00ebrsa cookies e marketingut ruhen nga 15 minuta deri n\u00eb 1 vit.<\/p>\r\n<p>T\u00eb gjitha cookies e ruajtura nga Fuego International Doo nuk identifikojn\u00eb p\u00ebrdoruesin p\u00ebrfundimtar dhe\/ose p\u00ebrdoren ekskluzivisht p\u00ebr t\u00eb ofruar nj\u00eb sh\u00ebrbim t\u00eb k\u00ebrkuar nga p\u00ebrdoruesi q\u00eb ka vizituar faqen e internetit t\u00eb Fuego International Doo.<\/p>\r\n<h1>Informata t\u00eb p\u00ebrgjithshme<\/h1>\r\n<p><strong>\u00a0<\/strong>Politika e cookies \u00ebsht\u00eb pjes\u00eb e sistemit t\u00eb mbrojtjes s\u00eb t\u00eb dh\u00ebnave personale. P\u00ebr m\u00eb shum\u00eb informacion, ju lutemi shikoni Politik\u00ebn ton\u00eb t\u00eb Privat\u00ebsis\u00eb ose dokumentet e tjera t\u00eb disponueshme publikisht n\u00eb faqen ton\u00eb t\u00eb internetit: <a href=\"https:\/\/www.fuegoelectronics.com\/\">https:\/\/www.fuegoelectronics.com<\/a><\/p>\r\n<p>Politikat mund t\u00eb ndryshohen dhe p\u00ebrdit\u00ebsohen her\u00eb pas here. Ju lutemi vizitoni politik\u00ebn p\u00ebr t\u00eb q\u00ebndruar t\u00eb informuar mbi ndryshimet e mundshme.<\/p>\r\n<p>Fuego International Doo mban t\u00eb drejt\u00ebn p\u00ebr t\u00eb ndryshuar politik\u00ebn e privat\u00ebsis\u00eb. Ndryshimet n\u00eb politik\u00ebn e privat\u00ebsis\u00eb do t\u00eb publikohen n\u00eb faqen e internetit <a href=\"https:\/\/www.fuegoelectronics.com\/\">https:\/\/www.fuegoelectronics.com<\/a> t\u00eb pakt\u00ebn 10 dit\u00eb p\u00ebrpara se t\u00eb hyjn\u00eb n\u00eb fuqi.<\/p>\r\n<h1>\u00a0<\/h1>\r\n<p>&nbsp;<\/p>","protected":false},"excerpt":{"rendered":"<p>Politika e Cookies gjat\u00eb vizit\u00ebs n\u00eb faqen e internetit t\u00eb Fuego International Doo \u00a0 Hyrje \u00a0Kur vizitoni faqen ton\u00eb ose<\/p>\n","protected":false},"author":1,"featured_media":0,"parent":0,"menu_order":0,"comment_status":"closed","ping_status":"closed","template":"","meta":{"footnotes":""},"class_list":["post-11","page","type-page","status-publish","hentry"],"yoast_head":"<!-- This site is optimized with the Yoast SEO Premium plugin v24.8 (Yoast SEO v24.8.1) - https:\/\/yoast.com\/wordpress\/plugins\/seo\/ -->\n<title>Politika e Cookies - Fuego<\/title>\n<meta name=\"robots\" content=\"index, follow, max-snippet:-1, max-image-preview:large, max-video-preview:-1\" \/>\n<link rel=\"canonical\" href=\"https:\/\/fuego-international.com\/AL\/?page_id=11\" \/>\n<meta property=\"og:locale\" content=\"sq_AL\" \/>\n<meta property=\"og:type\" content=\"article\" \/>\n<meta property=\"og:title\" content=\"Politika e Cookies\" \/>\n<meta property=\"og:description\" content=\"Politika e Cookies gjat\u00eb vizit\u00ebs n\u00eb faqen e internetit t\u00eb Fuego International Doo \u00a0 Hyrje \u00a0Kur vizitoni faqen ton\u00eb ose\" \/>\n<meta property=\"og:url\" content=\"https:\/\/fuego-international.com\/AL\/?page_id=11\" \/>\n<meta property=\"og:site_name\" content=\"Fuego\" \/>\n<meta property=\"article:modified_time\" content=\"2025-03-25T08:15:56+00:00\" \/>\n<meta property=\"og:image\" content=\"https:\/\/fuego-international.com\/AL\/wp-content\/uploads\/2025\/03\/viber_image_2025-04-08_14-37-25-813.png\" \/>\n\t<meta property=\"og:image:width\" content=\"1600\" \/>\n\t<meta property=\"og:image:height\" content=\"900\" \/>\n\t<meta property=\"og:image:type\" content=\"image\/png\" \/>\n<meta name=\"twitter:card\" content=\"summary_large_image\" \/>\n<meta name=\"twitter:label1\" content=\"Est. reading time\" \/>\n\t<meta name=\"twitter:data1\" content=\"7 minuta\" \/>\n<script type=\"application\/ld+json\" class=\"yoast-schema-graph\">{\"@context\":\"https:\/\/schema.org\",\"@graph\":[{\"@type\":\"WebPage\",\"@id\":\"https:\/\/fuego-international.com\/AL\/?page_id=11\",\"url\":\"https:\/\/fuego-international.com\/AL\/?page_id=11\",\"name\":\"Politika e Cookies - Fuego\",\"isPartOf\":{\"@id\":\"https:\/\/fuego-international.com\/AL\/#website\"},\"datePublished\":\"2025-03-21T09:17:24+00:00\",\"dateModified\":\"2025-03-25T08:15:56+00:00\",\"breadcrumb\":{\"@id\":\"https:\/\/fuego-international.com\/AL\/?page_id=11#breadcrumb\"},\"inLanguage\":\"sq\",\"potentialAction\":[{\"@type\":\"ReadAction\",\"target\":[\"https:\/\/fuego-international.com\/AL\/?page_id=11\"]}]},{\"@type\":\"BreadcrumbList\",\"@id\":\"https:\/\/fuego-international.com\/AL\/?page_id=11#breadcrumb\",\"itemListElement\":[{\"@type\":\"ListItem\",\"position\":1,\"name\":\"Home\",\"item\":\"https:\/\/fuego-international.com\/AL\/\"},{\"@type\":\"ListItem\",\"position\":2,\"name\":\"Politika e Cookies\"}]},{\"@type\":\"WebSite\",\"@id\":\"https:\/\/fuego-international.com\/AL\/#website\",\"url\":\"https:\/\/fuego-international.com\/AL\/\",\"name\":\"Fuego\",\"description\":\"\",\"potentialAction\":[{\"@type\":\"SearchAction\",\"target\":{\"@type\":\"EntryPoint\",\"urlTemplate\":\"https:\/\/fuego-international.com\/AL\/?s={search_term_string}\"},\"query-input\":{\"@type\":\"PropertyValueSpecification\",\"valueRequired\":true,\"valueName\":\"search_term_string\"}}],\"inLanguage\":\"sq\"}]}<\/script>\n<!-- \/ Yoast SEO Premium plugin. -->","yoast_head_json":{"title":"Politika e Cookies - Fuego","robots":{"index":"index","follow":"follow","max-snippet":"max-snippet:-1","max-image-preview":"max-image-preview:large","max-video-preview":"max-video-preview:-1"},"canonical":"https:\/\/fuego-international.com\/AL\/?page_id=11","og_locale":"sq_AL","og_type":"article","og_title":"Politika e Cookies","og_description":"Politika e Cookies gjat\u00eb vizit\u00ebs n\u00eb faqen e internetit t\u00eb Fuego International Doo \u00a0 Hyrje \u00a0Kur vizitoni faqen ton\u00eb ose","og_url":"https:\/\/fuego-international.com\/AL\/?page_id=11","og_site_name":"Fuego","article_modified_time":"2025-03-25T08:15:56+00:00","og_image":[{"width":1600,"height":900,"url":"https:\/\/fuego-international.com\/AL\/wp-content\/uploads\/2025\/03\/viber_image_2025-04-08_14-37-25-813.png","type":"image\/png"}],"twitter_card":"summary_large_image","twitter_misc":{"Est. reading time":"7 minuta"},"schema":{"@context":"https:\/\/schema.org","@graph":[{"@type":"WebPage","@id":"https:\/\/fuego-international.com\/AL\/?page_id=11","url":"https:\/\/fuego-international.com\/AL\/?page_id=11","name":"Politika e Cookies - Fuego","isPartOf":{"@id":"https:\/\/fuego-international.com\/AL\/#website"},"datePublished":"2025-03-21T09:17:24+00:00","dateModified":"2025-03-25T08:15:56+00:00","breadcrumb":{"@id":"https:\/\/fuego-international.com\/AL\/?page_id=11#breadcrumb"},"inLanguage":"sq","potentialAction":[{"@type":"ReadAction","target":["https:\/\/fuego-international.com\/AL\/?page_id=11"]}]},{"@type":"BreadcrumbList","@id":"https:\/\/fuego-international.com\/AL\/?page_id=11#breadcrumb","itemListElement":[{"@type":"ListItem","position":1,"name":"Home","item":"https:\/\/fuego-international.com\/AL\/"},{"@type":"ListItem","position":2,"name":"Politika e Cookies"}]},{"@type":"WebSite","@id":"https:\/\/fuego-international.com\/AL\/#website","url":"https:\/\/fuego-international.com\/AL\/","name":"Fuego","description":"","potentialAction":[{"@type":"SearchAction","target":{"@type":"EntryPoint","urlTemplate":"https:\/\/fuego-international.com\/AL\/?s={search_term_string}"},"query-input":{"@type":"PropertyValueSpecification","valueRequired":true,"valueName":"search_term_string"}}],"inLanguage":"sq"}]}},"_links":{"self":[{"href":"https:\/\/fuego-international.com\/AL\/index.php?rest_route=\/wp\/v2\/pages\/11","targetHints":{"allow":["GET"]}}],"collection":[{"href":"https:\/\/fuego-international.com\/AL\/index.php?rest_route=\/wp\/v2\/pages"}],"about":[{"href":"https:\/\/fuego-international.com\/AL\/index.php?rest_route=\/wp\/v2\/types\/page"}],"author":[{"embeddable":true,"href":"https:\/\/fuego-international.com\/AL\/index.php?rest_route=\/wp\/v2\/users\/1"}],"replies":[{"embeddable":true,"href":"https:\/\/fuego-international.com\/AL\/index.php?rest_route=%2Fwp%2Fv2%2Fcomments&post=11"}],"version-history":[{"count":2,"href":"https:\/\/fuego-international.com\/AL\/index.php?rest_route=\/wp\/v2\/pages\/11\/revisions"}],"predecessor-version":[{"id":10474,"href":"https:\/\/fuego-international.com\/AL\/index.php?rest_route=\/wp\/v2\/pages\/11\/revisions\/10474"}],"wp:attachment":[{"href":"https:\/\/fuego-international.com\/AL\/index.php?rest_route=%2Fwp%2Fv2%2Fmedia&parent=11"}],"curies":[{"name":"wp","href":"https:\/\/api.w.org\/{rel}","templated":true}]}}